{"id":101,"date":"2019-04-04T10:06:20","date_gmt":"2019-04-04T08:06:20","guid":{"rendered":"https:\/\/beta.suma-ev.de\/?page_id=101"},"modified":"2023-07-06T12:03:00","modified_gmt":"2023-07-06T10:03:00","slug":"metager","status":"publish","type":"page","link":"https:\/\/suma-ev.de\/en\/aktivitaeten\/metager\/","title":{"rendered":"MetaGer &#038; MetaGer Maps"},"content":{"rendered":"<figure class=\"wp-block-image stl-block-7ea9e17\"><img loading=\"lazy\" decoding=\"async\" width=\"1024\" height=\"372\" src=\"https:\/\/suma-ev.de\/wp-content\/uploads\/2019\/07\/fernglas-1024x372.png\" alt=\"\" class=\"wp-image-1761\" srcset=\"https:\/\/suma-ev.de\/wp-content\/uploads\/2019\/07\/fernglas-1024x372.png 1024w, https:\/\/suma-ev.de\/wp-content\/uploads\/2019\/07\/fernglas-300x109.png 300w, https:\/\/suma-ev.de\/wp-content\/uploads\/2019\/07\/fernglas-768x279.png 768w, https:\/\/suma-ev.de\/wp-content\/uploads\/2019\/07\/fernglas.png 1920w\" sizes=\"auto, (max-width: 1024px) 100vw, 1024px\" \/><\/figure>\n\n\n\n<p class=\"has-drop-cap stl-block-727e537\" style=\"font-size:17px\">Die datensichere Suchmaschine <strong><a href=\"https:\/\/metager.org\">MetaGer<\/a><\/strong><a href=\"https:\/\/metager.org\"> <\/a>ist unser wichtigstes Projekt. An der Universit\u00e4t Hannover seit April 1996 entwickelt, wird die <a href=\"https:\/\/de.wikipedia.org\/wiki\/Metasuchmaschine\" target=\"_blank\" rel=\"noopener noreferrer\">Metasuchmaschine<\/a> seit 2012 im Rahmen des SUMA-EV gepflegt und weiter optimiert. Der SUMA-EV hat sich in dem Zusammenhang zum <a href=\"\/index.php\/alternative-sumas-im-suma-ev\/\">Dachverband<\/a> alternativer Suchmaschinen entwickelt. Die Besonderheit unserer Suchmaschine besteht in ihrem Fokus auf Anonymit\u00e4t und Sicherheit. Dazu tr\u00e4gt auch bei, dass sich unsere Server ausnahmslos in Deutschland befinden, wo sie den strengen deutschen Datenschutzgesetzen unterstehen.<\/p>\n\n\n\n<hr class=\"wp-block-separator has-css-opacity stl-block-708f687\"\/>\n\n\n\n<h2 class=\"wp-block-heading stl-block-7dc0be7\">Die anonyme Suche sch\u00fctzt Ihre Privatsph\u00e4re <\/h2>\n\n\n\n<p class=\"stl-block-77332f7\" style=\"font-size:17px\"><strong><a href=\"https:\/\/metager.org\">MetaGer<\/a><\/strong> (sowie <a href=\"http:\/\/maps.metager.de\">MetaGer Maps<\/a>) sammelt keine personenbezogenen Daten. Wir bieten jedoch nicht nur eine sichere Suche, sondern machen auch Ihre Besuche auf Webseiten sicherer. Im Normalfall nimmt man mit dem Besuch einer Website die Schn\u00fcffelaktionen der Websitebetreiber in Kauf. Der angesteuerte Server erf\u00e4hrt nicht nur die Internetadresse, sondern sammelt dar\u00fcber hinaus alles, was technisch m\u00f6glich ist, wie zum Beispiel Informationen \u00fcber H\u00e4ufigkeit und Art des Websitebesuchs. Das dient vor allem dem Wunsch vieler Websitebetreiber, personalisierte Werbung aufzuspielen. <\/p>\n\n\n\n<p class=\"stl-block-7f03a47\" style=\"font-size:17px\">Neben der sicheren Suche bietet MetaGer daher auch die M\u00f6glichkeit eines <strong>anonymen Websitebesuches <\/strong>an. Diese Anonymit\u00e4t wird durch die Nutzung eines eigenen daf\u00fcr entwickelten Proxys erm\u00f6glicht.<\/p>\n\n\n\n<hr class=\"wp-block-separator has-css-opacity stl-block-77cfc07\"\/>\n\n\n\n<figure class=\"wp-block-image stl-block-7e7d587\"><img loading=\"lazy\" decoding=\"async\" width=\"1024\" height=\"372\" src=\"https:\/\/suma-ev.de\/wp-content\/uploads\/2019\/09\/work-1024x372.png\" alt=\"\" class=\"wp-image-2637\" srcset=\"https:\/\/suma-ev.de\/wp-content\/uploads\/2019\/09\/work-1024x372.png 1024w, https:\/\/suma-ev.de\/wp-content\/uploads\/2019\/09\/work-300x109.png 300w, https:\/\/suma-ev.de\/wp-content\/uploads\/2019\/09\/work-768x279.png 768w, https:\/\/suma-ev.de\/wp-content\/uploads\/2019\/09\/work.png 1920w\" sizes=\"auto, (max-width: 1024px) 100vw, 1024px\" \/><\/figure>\n\n\n\n<h2 class=\"wp-block-heading stl-block-78464c7\">Wir sind transparent und offen: durch Open-Source<\/h2>\n\n\n\n<p class=\"stl-block-7920297\" style=\"font-size:17px\">Eine weitere Besonderheit <strong>MetaGers <\/strong>ist die seit 2016 realisierte Ver\u00f6ffentlichung des Quellcodes der Suchabfrage. Die MetaGer zugrunde liegende Software ist seitdem also Open-Source. Dies hat unter anderem den Vorteil, dass der Datenschutz bei MetaGer jederzeit nachpr\u00fcfbar ist. Unseres Wissens nach ist diese Nachpr\u00fcfbarkeit bei keiner anderen Suchmaschine m\u00f6glich.<\/p>\n\n\n\n<p class=\"stl-block-78085f7\" style=\"font-size:17px\">Ein weiterer Vorteil der Nutzung ergibt sich durch die Tatsache, dass <strong>MetaGer<\/strong> als Metasuchmaschine mehrere Suchmaschinen abfragt. Dadurch kann die Anzahl relevanter Ergebnisse steigen und sich die Sucherfahrung verbessern. Mit der gr\u00f6\u00dferen Ergebnisbandbreite wird auch der Bildung von sog. Filterblasen und Echokammern vorgebeugt, in denen man durch die auf die eigenen Vorlieben zugeschnittenen Ergebnisvorschl\u00e4ge \u00fcberwiegend die eigene Meinung best\u00e4tigt findet.<\/p>\n\n\n\n<hr class=\"wp-block-separator has-css-opacity stl-block-7bc9267\"\/>\n\n\n\n<h2 class=\"wp-block-heading\">Ergebnisvielfalt<\/h2>\n\n\n\n<p style=\"font-size:17px\">Ein wichtiges Alleinstellungsmerkmal MetaGers resultiert aus der Tatsache, dass es sich bei MetaGer um eine Meta-Suchmaschine handelt. Unseres Wissens nach um die deutschlandweit einzige echte Meta-Suchmaschine, die tats\u00e4chlich mehrere, auch kleinere Suchmaschinen abfragt. So wird zum beispiel auch das Projekt <strong>YaCy <\/strong>abgefragt, das durch dezentrale, von Nutzerinnen und Nutzern zur Verf\u00fcgung gestellte eigene kleine Indizes auch Ergebnisse in den Fokus r\u00fccken kann, die mit einer Suche mit &#8222;den Gro\u00dfen&#8220; unter den Tisch fallen. Daraus resultiert eine gr\u00f6\u00dfere Ergebnisvielfalt.<\/p>\n\n\n\n<hr class=\"wp-block-separator has-alpha-channel-opacity\"\/>\n\n\n\n<h2 class=\"wp-block-heading\">Werbefreie Suche<\/h2>\n\n\n\n<p>Bei MetaGer ist es inzwischen auch f\u00fcr Nichtvereinsmitglieder m\u00f6glich, werbefrei &#8211; und damit auch maximal trackingfrei &#8211; zu suchen: mit unserer Bezahlsuche. <a href=\"https:\/\/metager.de\/keys\/\" data-type=\"URL\" data-id=\"https:\/\/metager.de\/keys\/\" target=\"_blank\" rel=\"noreferrer noopener\">Here<\/a> finden Sie mehr Informationen. <\/p>\n\n\n\n<figure class=\"wp-block-image stl-block-729cd47\"><img loading=\"lazy\" decoding=\"async\" width=\"1024\" height=\"372\" src=\"https:\/\/suma-ev.de\/wp-content\/uploads\/2019\/09\/web-saveplanet-1024x372.png\" alt=\"\" class=\"wp-image-2524\" srcset=\"https:\/\/suma-ev.de\/wp-content\/uploads\/2019\/09\/web-saveplanet-1024x372.png 1024w, https:\/\/suma-ev.de\/wp-content\/uploads\/2019\/09\/web-saveplanet-300x109.png 300w, https:\/\/suma-ev.de\/wp-content\/uploads\/2019\/09\/web-saveplanet-768x279.png 768w, https:\/\/suma-ev.de\/wp-content\/uploads\/2019\/09\/web-saveplanet.png 1920w\" sizes=\"auto, (max-width: 1024px) 100vw, 1024px\" \/><\/figure>\n\n\n\n<h2 class=\"wp-block-heading stl-block-7dd78f7\">Gr\u00fcne Suche: wir achten auf unseren CO2-Fu\u00dfabdruck<\/h2>\n\n\n\n<p class=\"stl-block-76e6f57\" style=\"font-size:17px\">Uns ist bewusst, dass eine Suche nat\u00fcrliche Ressourcen verbraucht.  Unsere Server arbeiten klimaneutral. Die Server der abgefragten Suchmaschinen jedoch nicht unbedingt, das k\u00f6nnen wir zumindest nicht beeinflussen. Bei einer Metasuchmaschine ist der CO2-Fu\u00dfabdruck daher m\u00f6glicherweise etwas h\u00f6her, da mehrere Suchen parallel durchgef\u00fchrt werden. Wir setzen uns aus diesem Grund mit den klimarelevanten Aspekten der Suche auseinander und werden k\u00fcnftig Konzepte erarbeiten, mit deren Hilfe wir nicht nur klimaneutral, sondern sozusagen &#8222;klimapositiv&#8220; arbeiten k\u00f6nnen. <\/p>\n\n\n\n<p class=\"stl-block-75c5c47\" style=\"font-size:17px\">Schon heute ist es so: Unsere Server stehen in Deutschland und werden vom Provider Hetzner mit <strong>100% \u00d6kostrom<\/strong> betrieben! <\/p>\n\n\n\n<hr class=\"wp-block-separator has-css-opacity stl-block-7824c17\"\/>\n\n\n\n<figure class=\"wp-block-image size-large stl-block-77747e7\"><img loading=\"lazy\" decoding=\"async\" width=\"1024\" height=\"372\" src=\"https:\/\/suma-ev.de\/wp-content\/uploads\/2020\/01\/maps-1024x372.png\" alt=\"\" class=\"wp-image-3113\" srcset=\"https:\/\/suma-ev.de\/wp-content\/uploads\/2020\/01\/maps-1024x372.png 1024w, https:\/\/suma-ev.de\/wp-content\/uploads\/2020\/01\/maps-300x109.png 300w, https:\/\/suma-ev.de\/wp-content\/uploads\/2020\/01\/maps-768x279.png 768w, https:\/\/suma-ev.de\/wp-content\/uploads\/2020\/01\/maps-1536x558.png 1536w, https:\/\/suma-ev.de\/wp-content\/uploads\/2020\/01\/maps.png 1920w\" sizes=\"auto, (max-width: 1024px) 100vw, 1024px\" \/><\/figure>\n\n\n\n<h2 class=\"wp-block-heading stl-block-73a18d7\">Unser anonymer Kartendienst MetaGer Maps<\/h2>\n\n\n\n<p class=\"stl-block-7ad7ac7\" style=\"font-size:17px\">Seit 2016 gibt es den Routenplaner <a href=\"http:\/\/maps.metager.de\">maps.metager.de<\/a>, dessen Karten auf dem freien Projekt <strong><a rel=\"noopener noreferrer\" href=\"http:\/\/openstreetmap.org\" target=\"_blank\">OpenStreetMap<\/a><\/strong> basieren. Die Map erm\u00f6glicht eine Nutzung von Kartenmaterial ohne Abfrage der Standortdaten und nat\u00fcrlich <strong>ohne Speicherung von Bewegungsprofilen<\/strong>. Das Kartenmaterial eignet sich gut zum Wandern und Radfahren. Derzeit wird unser Kartendienst nicht weiter entwickelt.<\/p>","protected":false},"excerpt":{"rendered":"<p>Die datensichere Suchmaschine MetaGer ist unser wichtigstes Projekt. An der Universit\u00e4t Hannover seit April 1996 entwickelt, wird die Metasuchmaschine seit 2012 im Rahmen des&#8230;<\/p>","protected":false},"author":4,"featured_media":0,"parent":343,"menu_order":0,"comment_status":"closed","ping_status":"closed","template":"","meta":{"footnotes":""},"class_list":["post-101","page","type-page","status-publish","hentry"],"_links":{"self":[{"href":"https:\/\/suma-ev.de\/en\/wp-json\/wp\/v2\/pages\/101","targetHints":{"allow":["GET"]}}],"collection":[{"href":"https:\/\/suma-ev.de\/en\/wp-json\/wp\/v2\/pages"}],"about":[{"href":"https:\/\/suma-ev.de\/en\/wp-json\/wp\/v2\/types\/page"}],"author":[{"embeddable":true,"href":"https:\/\/suma-ev.de\/en\/wp-json\/wp\/v2\/users\/4"}],"replies":[{"embeddable":true,"href":"https:\/\/suma-ev.de\/en\/wp-json\/wp\/v2\/comments?post=101"}],"version-history":[{"count":99,"href":"https:\/\/suma-ev.de\/en\/wp-json\/wp\/v2\/pages\/101\/revisions"}],"predecessor-version":[{"id":4444,"href":"https:\/\/suma-ev.de\/en\/wp-json\/wp\/v2\/pages\/101\/revisions\/4444"}],"up":[{"embeddable":true,"href":"https:\/\/suma-ev.de\/en\/wp-json\/wp\/v2\/pages\/343"}],"wp:attachment":[{"href":"https:\/\/suma-ev.de\/en\/wp-json\/wp\/v2\/media?parent=101"}],"curies":[{"name":"wp","href":"https:\/\/api.w.org\/{rel}","templated":true}]}}