{"id":107,"date":"2019-04-04T10:10:56","date_gmt":"2019-04-04T09:10:56","guid":{"rendered":"https:\/\/beta.suma-ev.de\/?page_id=107"},"modified":"2025-05-08T11:08:41","modified_gmt":"2025-05-08T09:08:41","slug":"suma-stipendien","status":"publish","type":"page","link":"https:\/\/suma-ev.de\/en\/aktivitaeten\/suma-stipendien\/","title":{"rendered":"Unsere SUMA-Stipendien"},"content":{"rendered":"<figure class=\"wp-block-image\"><img loading=\"lazy\" decoding=\"async\" width=\"1024\" height=\"372\" src=\"https:\/\/suma-ev.de\/wp-content\/uploads\/2019\/06\/bulb-1024x372.png\" alt=\"\" class=\"wp-image-1343\" srcset=\"https:\/\/suma-ev.de\/wp-content\/uploads\/2019\/06\/bulb-1024x372.png 1024w, https:\/\/suma-ev.de\/wp-content\/uploads\/2019\/06\/bulb-300x109.png 300w, https:\/\/suma-ev.de\/wp-content\/uploads\/2019\/06\/bulb-768x279.png 768w, https:\/\/suma-ev.de\/wp-content\/uploads\/2019\/06\/bulb.png 1920w\" sizes=\"auto, (max-width: 1024px) 100vw, 1024px\" \/><\/figure>\n\n\n\n<p class=\"has-drop-cap\" style=\"font-size:17px\">Wir wollen, dass digitaler Fortschritt nicht nur unter dem Schirm gro\u00dfer High-Tech-Unternehmen stattfindet, sondern digitale Innovationen an m\u00f6glichst vielen Wissensorten entstehen. Denn jede Entwicklung mit Auswirkung auf die Lebenswirklichkeit sollte im Dienste der Gesellschaft und  <strong>frei von kommerziellen Interessen<\/strong> sein. Die Verf\u00fcgbarkeit und Freiheit von Information und Wissen bilden das Fundament einer demokratischen Gesellschaft. <\/p>\n\n\n\n<hr class=\"wp-block-separator has-css-opacity\"\/>\n\n\n\n<h2 class=\"wp-block-heading\">Forschung und Stipendium <\/h2>\n\n\n\n<p style=\"font-size:17px\">Die Forschung im Suchmaschinenbereich ist ein wichtiges Anliegen. Deshalb vergeben wir seit 2018 unsere <strong>SUMA-Scholarships<\/strong>. Ziel war und ist, durch die konsequente Weiterentwicklung der Suchmaschinentechnologie in Bezug auf die Vielfalt in der Informationsgewinnung wesentliche Impulse zu erhalten.<\/p>\n\n\n\n<p class=\"has-very-light-gray-background-color has-background\" style=\"font-size:17px\">Bislang sind schon mehrere Arbeiten vom SUMA-EV gef\u00f6rdert worden. Einen \u00dcberblick \u00fcber die gef\u00f6rderten Arbeiten finden Sie auf der folgenden Seite: <a href=\"https:\/\/suma-ev.de\/en\/aktivitaeten\/suma-stipendien\/gefoerderte-arbeiten\/\" data-type=\"page\" data-id=\"321\">Gef\u00f6rderte Arbeiten<\/a><\/p>\n\n\n\n<hr class=\"wp-block-separator has-css-opacity\"\/>\n\n\n\n<figure class=\"wp-block-image\"><img loading=\"lazy\" decoding=\"async\" width=\"1024\" height=\"341\" src=\"https:\/\/suma-ev.de\/wp-content\/uploads\/2019\/06\/exclamation-point-2620923_1920-1024x341.jpg\" alt=\"\" class=\"wp-image-1454\" srcset=\"https:\/\/suma-ev.de\/wp-content\/uploads\/2019\/06\/exclamation-point-2620923_1920-1024x341.jpg 1024w, https:\/\/suma-ev.de\/wp-content\/uploads\/2019\/06\/exclamation-point-2620923_1920-300x100.jpg 300w, https:\/\/suma-ev.de\/wp-content\/uploads\/2019\/06\/exclamation-point-2620923_1920-768x256.jpg 768w, https:\/\/suma-ev.de\/wp-content\/uploads\/2019\/06\/exclamation-point-2620923_1920.jpg 1920w\" sizes=\"auto, (max-width: 1024px) 100vw, 1024px\" \/><\/figure>\n\n\n\n<h2 class=\"wp-block-heading\">Bewerbung<\/h2>\n\n\n\n<p style=\"font-size:17px\">Der SUMA-EV f\u00f6rdert Abschlussarbeiten, die sich mit Suchmaschinentechnologie besch\u00e4ftigen. Wenn Sie eine Bachelor- oder Masterarbeit mit diesem Schwerpunkt verfassen, k\u00f6nnen Sie sich <a href=\"https:\/\/suma-ev.de\/wp-content\/uploads\/2025\/05\/vergaberichtlinien.pdf\" data-type=\"attachment\" data-id=\"4701\">hier<\/a> \u00fcber unsere Vergaberichtlinien informieren und sich dann ggf. bei uns bewerben.<\/p>","protected":false},"excerpt":{"rendered":"<p>Wir wollen, dass digitaler Fortschritt nicht nur unter dem Schirm gro\u00dfer High-Tech-Unternehmen stattfindet, sondern digitale Innovationen an m\u00f6glichst vielen Wissensorten entstehen. Denn jede Entwicklung&#8230;<\/p>","protected":false},"author":4,"featured_media":0,"parent":343,"menu_order":0,"comment_status":"closed","ping_status":"closed","template":"","meta":{"footnotes":""},"class_list":["post-107","page","type-page","status-publish","hentry"],"_links":{"self":[{"href":"https:\/\/suma-ev.de\/en\/wp-json\/wp\/v2\/pages\/107","targetHints":{"allow":["GET"]}}],"collection":[{"href":"https:\/\/suma-ev.de\/en\/wp-json\/wp\/v2\/pages"}],"about":[{"href":"https:\/\/suma-ev.de\/en\/wp-json\/wp\/v2\/types\/page"}],"author":[{"embeddable":true,"href":"https:\/\/suma-ev.de\/en\/wp-json\/wp\/v2\/users\/4"}],"replies":[{"embeddable":true,"href":"https:\/\/suma-ev.de\/en\/wp-json\/wp\/v2\/comments?post=107"}],"version-history":[{"count":63,"href":"https:\/\/suma-ev.de\/en\/wp-json\/wp\/v2\/pages\/107\/revisions"}],"predecessor-version":[{"id":4704,"href":"https:\/\/suma-ev.de\/en\/wp-json\/wp\/v2\/pages\/107\/revisions\/4704"}],"up":[{"embeddable":true,"href":"https:\/\/suma-ev.de\/en\/wp-json\/wp\/v2\/pages\/343"}],"wp:attachment":[{"href":"https:\/\/suma-ev.de\/en\/wp-json\/wp\/v2\/media?parent=107"}],"curies":[{"name":"wp","href":"https:\/\/api.w.org\/{rel}","templated":true}]}}