{"id":1098,"date":"2019-06-20T10:38:43","date_gmt":"2019-06-20T08:38:43","guid":{"rendered":"https:\/\/beta.suma-ev.de\/?page_id=1098"},"modified":"2019-06-20T11:05:20","modified_gmt":"2019-06-20T09:05:20","slug":"suchmaschinen-foerderverein-in-hannover-gegruendet","status":"publish","type":"page","link":"https:\/\/suma-ev.de\/en\/pressemitteilungen\/suchmaschinen-foerderverein-in-hannover-gegruendet\/","title":{"rendered":"Suchmaschinen-F\u00f6rderverein in Hannover gegr\u00fcndet"},"content":{"rendered":"<h2>Suchmaschinen-F\u00f6rderverein in Hannover gegr\u00fcndet<\/h2>\n<p>Pressemitteilung zur Gr\u00fcndung des SUMA-EV<\/p>\n<p><strong>Verein will freien Wissenszugang sichern<\/strong><\/p>\n<p>St\u00e4rkung freier Suchmaschinen im Internet: Die Gr\u00fcndungsmitglieder des<br \/>\nF\u00f6rdervereins f\u00fcr Suchmaschinen trafen sich zur ersten Versammlung im<br \/>\nNeuen Rathaus in Hannover. Zu den ersten Mitgliedern z\u00e4hlen u.a. so<br \/>\nprominente Pers\u00f6nlichkeiten wie der MP3-Erfinder und Direktor des<br \/>\nInstituts f\u00fcr Medientechnik Karlheinz Brandenburg von der TU-Ilmenau,<br \/>\nsowie der Vizepr\u00e4sident f\u00fcr Forschung der Uni-Hannover, Wolfgang Ertmer.<\/p>\n<p>Der &#8222;Verein zur F\u00f6rderung der Suchmaschinentechnologie und des freien<br \/>\nWissenszugangs&#8220; sieht in der Machtposition einzelner weniger Unternehmen<br \/>\neine Gef\u00e4hrdung des freien Zugangs zum Wissen. Denn dieser Zugang<br \/>\nerfolge heutzutage zu einem gro\u00dfen Teil \u00fcber die Suchmaschinen des<br \/>\nInternets, sagt Wolfgang Sander-Beuermann, Leiter des<br \/>\nSuchmaschinenlabors am Regionalen Rechenzentrum, Uni-Hannover und<br \/>\nebenfalls Gr\u00fcndungsmitglied des Vereins. Diese Suchmaschinen h\u00e4tten<br \/>\ndamit eine Schl\u00fcsselrolle in der Informationsgesellschaft \u00fcbernommen.<\/p>\n<p>Suchmaschinen kontrollieren unter anderem:<br \/>\n*welche Informationen verf\u00fcgbar sind,<br \/>\n*welche Informationen, wann und von welchem Rechner aus abgerufen wurden,<br \/>\n*in welcher Reihenfolge und damit Bewertung die Ergebnisse einer Recherche beim Nutzer angezeigt werden (Ranking).<br \/>\nGerade die Reihenfolge der Ergebnisse ist von au\u00dferordentlich hohem<br \/>\nkommerziellen Interesse. Diese Bewertung sollte jedoch an der Sache<br \/>\norientiert und dem gesellschaftlichem Interesse verpflichtet sein. Sie<br \/>\nh\u00e4tte vor allem unabh\u00e4ngig von Interessen einzelner Unternehmen und<br \/>\nParteien zu erfolgen, so die Idee des neuen Vereins.<\/p>\n<p>Wenn sich in einer solchen Machtposition ein Monopol bildet, k\u00f6nnte<br \/>\nobendrein ein derzeit noch kostenlos verf\u00fcgbarer Dienst kostenpflichtig<br \/>\ngemacht werden. W\u00fcnschenswerte Weiterentwicklungen werden mangels<br \/>\nKonkurrenz verhindert.<\/p>\n<p>Diese Situation ist gef\u00e4hrlich f\u00fcr die Informationsgesellschaft. Hier<br \/>\nm\u00fcssen Alternativen offen gehalten werden, die bereits allein durch ihre<br \/>\nStruktur und Organisation Monopolbildung unm\u00f6glich machen.<\/p>\n<p>Die Brisanz dieser Problematik hat auch in den Deutschen Bundestag<br \/>\nEinzug gehalten. Der Ausschuss &#8222;Neue Medien&#8220; des Parlaments besch\u00e4ftigt<br \/>\nsich mit dem Thema &#8222;Suchmaschinen und Vielfaltsicherung&#8220;. Zu einem<br \/>\nHearing waren Vertreter des Vereins nach Berlin eingeladen.<\/p>\n<p>Die Website des Vereins (www.suma-ev.de) wird in K\u00fcrze zus\u00e4tzliche<br \/>\nAuskunft \u00fcber Ziele, Vorstellungen und konkrete Projekte des Vereins<br \/>\ngeben. Auch ein ganz konkretes Projekt des SuMa-eV nimmt bereits Gestalt<br \/>\nan: in Zusammenarbeit mit dem Bundesverband Deutscher Internetportale<br \/>\n(www.bdip.de) soll der Prototyp einer neuen, regionalen Suchmaschine<br \/>\nentwickelt und implementiert werden.<\/p>\n<p>Kontakt: Dr.-Ing. Wolfgang Sander-Beuermann,<br \/>\nemail: info@suma-ev.de<\/p>\n<p>Medienecho zur Vereinsgr\u00fcndung am 5.7.2004<\/p>\n<p>* FOCUS Nr. 30, 19.7.2004, S.88 ([suma-lab.de\/suma-ev\/images\/focus.jpg|Scan des Artikels])<br \/>\n* iX, 8\/2004, S. 28<br \/>\n* Neue Presse (NP), Nr. 179, 3.8.2004, S.15<br \/>\n* http:\/\/www.golem.de\/0407\/32185.html<br \/>\n* http:\/\/www.heise.de\/newsticker\/meldung\/48881<br \/>\n* http:\/\/de.internet.com\/index.php?id=2029519<br \/>\n* http:\/\/www.netzkritik.de\/art\/216.shtml<\/p>\n","protected":false},"excerpt":{"rendered":"<p>Suchmaschinen-F\u00f6rderverein in Hannover gegr\u00fcndet Pressemitteilung zur Gr\u00fcndung des SUMA-EV Verein will freien Wissenszugang sichern St\u00e4rkung freier Suchmaschinen im Internet: Die Gr\u00fcndungsmitglieder des F\u00f6rdervereins f\u00fcr&#8230;<\/p>","protected":false},"author":4,"featured_media":0,"parent":265,"menu_order":0,"comment_status":"closed","ping_status":"closed","template":"","meta":{"footnotes":""},"class_list":["post-1098","page","type-page","status-publish","hentry"],"_links":{"self":[{"href":"https:\/\/suma-ev.de\/en\/wp-json\/wp\/v2\/pages\/1098","targetHints":{"allow":["GET"]}}],"collection":[{"href":"https:\/\/suma-ev.de\/en\/wp-json\/wp\/v2\/pages"}],"about":[{"href":"https:\/\/suma-ev.de\/en\/wp-json\/wp\/v2\/types\/page"}],"author":[{"embeddable":true,"href":"https:\/\/suma-ev.de\/en\/wp-json\/wp\/v2\/users\/4"}],"replies":[{"embeddable":true,"href":"https:\/\/suma-ev.de\/en\/wp-json\/wp\/v2\/comments?post=1098"}],"version-history":[{"count":4,"href":"https:\/\/suma-ev.de\/en\/wp-json\/wp\/v2\/pages\/1098\/revisions"}],"predecessor-version":[{"id":1128,"href":"https:\/\/suma-ev.de\/en\/wp-json\/wp\/v2\/pages\/1098\/revisions\/1128"}],"up":[{"embeddable":true,"href":"https:\/\/suma-ev.de\/en\/wp-json\/wp\/v2\/pages\/265"}],"wp:attachment":[{"href":"https:\/\/suma-ev.de\/en\/wp-json\/wp\/v2\/media?parent=1098"}],"curies":[{"name":"wp","href":"https:\/\/api.w.org\/{rel}","templated":true}]}}