{"id":1105,"date":"2019-06-20T10:42:32","date_gmt":"2019-06-20T08:42:32","guid":{"rendered":"https:\/\/beta.suma-ev.de\/?page_id=1105"},"modified":"2019-06-20T11:05:44","modified_gmt":"2019-06-20T09:05:44","slug":"erste-schritte-der-europaeischen-suchmaschine-quaero-nach-deutschland","status":"publish","type":"page","link":"https:\/\/suma-ev.de\/en\/pressemitteilungen\/erste-schritte-der-europaeischen-suchmaschine-quaero-nach-deutschland\/","title":{"rendered":"Erste Schritte der europ\u00e4ischen Suchmaschine &#8222;Quaero&#8220; nach Deutschland"},"content":{"rendered":"<p>Pressemitteilung SUMA-EV, 16.3.2006:<\/p>\n\n\n\n<h2 class=\"wp-block-heading\">Erste Schritte der europ\u00e4ischen Suchmaschine &#8222;Quaero&#8220; nach Deutschland<\/h2>\n\n\n\n<p>Auf franz\u00f6sisch-deutscher Regierungsebene wurde sie im vorigen Jahr bereits beschlossen: die eigene europ\u00e4ische Suchmaschine Quaero als Gegengewicht zu den Marktf\u00fchrern aus \u00dcbersee. In Deutschland kam zuerst der Regierungswechsel dazwischen, der das Projekt zur\u00fcckwarf. Danach gab es noch einiges Hin und Her deutscher Unternehmen, welches weitere Verz\u00f6gerungen verursachte.<\/p>\n\n\n\n<p>In Frankreich hingegen gibt es bereits funktionierende Technologie aus diesem Projekt: die Suchmaschine Exalead. 4 Milliarden Webseiten sind erfasst, und demn\u00e4chst wird Exalead mit 8 Milliarden in Googlesche Dimensionen vorstossen.<\/p>\n\n\n\n<p>Diese Suchmaschine aus dem Quaero-Projekt ist unter den Adressen exalead.com und exalead.de f\u00fcr deutschsprachige Webseiten schon am Netz. Und als erster Schritt von Quaero nach Deutschland ist zwischen der Metasuchmaschine metager.de der Universit\u00e4t Hannover und Exalead\/Quaero eine Kooperation bereits realisiert: die Integration der Exalead-Suchmaschine in metager.de Als n\u00e4chster Schritt soll die Integration von Exalead\/Quaero in die vom SUMA-EV betriebene Suchmaschine metager2.de erfolgen.<\/p>\n\n\n\n<p>Meldung im Heise-Newsticker dazu: <\/p>\n\n\n<p><a href=\"http:\/\/www.heise.de\/newsticker\/meldung\/70922\">http:\/\/www.heise.de\/newsticker\/meldung\/70922<\/a><\/p>\n\n\n<p>27.3.2006:<\/p>\n\n\n\n<p>Exalead\/Quaero ist ebenfalls in die SUMA-EV Suchmaschine metager2.de integriert. <\/p>","protected":false},"excerpt":{"rendered":"<p>Pressemitteilung SUMA-EV, 16.3.2006: Erste Schritte der europ\u00e4ischen Suchmaschine &#8222;Quaero&#8220; nach Deutschland Auf franz\u00f6sisch-deutscher Regierungsebene wurde sie im vorigen Jahr bereits beschlossen: die eigene europ\u00e4ische&#8230;<\/p>","protected":false},"author":4,"featured_media":0,"parent":265,"menu_order":0,"comment_status":"closed","ping_status":"closed","template":"","meta":{"footnotes":""},"class_list":["post-1105","page","type-page","status-publish","hentry"],"_links":{"self":[{"href":"https:\/\/suma-ev.de\/en\/wp-json\/wp\/v2\/pages\/1105","targetHints":{"allow":["GET"]}}],"collection":[{"href":"https:\/\/suma-ev.de\/en\/wp-json\/wp\/v2\/pages"}],"about":[{"href":"https:\/\/suma-ev.de\/en\/wp-json\/wp\/v2\/types\/page"}],"author":[{"embeddable":true,"href":"https:\/\/suma-ev.de\/en\/wp-json\/wp\/v2\/users\/4"}],"replies":[{"embeddable":true,"href":"https:\/\/suma-ev.de\/en\/wp-json\/wp\/v2\/comments?post=1105"}],"version-history":[{"count":7,"href":"https:\/\/suma-ev.de\/en\/wp-json\/wp\/v2\/pages\/1105\/revisions"}],"predecessor-version":[{"id":1130,"href":"https:\/\/suma-ev.de\/en\/wp-json\/wp\/v2\/pages\/1105\/revisions\/1130"}],"up":[{"embeddable":true,"href":"https:\/\/suma-ev.de\/en\/wp-json\/wp\/v2\/pages\/265"}],"wp:attachment":[{"href":"https:\/\/suma-ev.de\/en\/wp-json\/wp\/v2\/media?parent=1105"}],"curies":[{"name":"wp","href":"https:\/\/api.w.org\/{rel}","templated":true}]}}