{"id":1117,"date":"2019-06-20T10:53:13","date_gmt":"2019-06-20T08:53:13","guid":{"rendered":"https:\/\/beta.suma-ev.de\/?page_id=1117"},"modified":"2019-06-20T11:01:50","modified_gmt":"2019-06-20T09:01:50","slug":"presseerklaerung-des-suma-ev-zum-theseus-projekt","status":"publish","type":"page","link":"https:\/\/suma-ev.de\/en\/pressemitteilungen\/presseerklaerung-des-suma-ev-zum-theseus-projekt\/","title":{"rendered":"Presseerkl\u00e4rung des SUMA-EV zum Theseus-Projekt"},"content":{"rendered":"<h2>Presseerkl\u00e4rung des SUMA-EV zum Theseus-Projekt<\/h2>\n<p>20.7.2007<\/p>\n<p>Am 19.7.07 wurde die offizielle Mitteilung bekannt, dass die EU-Kommission die deutsche 120 Millionen Euro Beihilfe f\u00fcr das Theseus-Projekt bewilligt hat. Theseus, bzw. sein Vorl\u00e4ufer Quaero, war urspr\u00fcnglich angetreten, neue Internet-Suchtechnologien zu entwickeln, um die Abh\u00e4ngigkeit Europas von einer Quasi-Monopolstellung der Marktf\u00fchrer zu verringern.<\/p>\n<p>Mittlerweile liest sich das jedoch v\u00f6llig anders (Zitate aus Internet- Newstickern):<\/p>\n<p>* Theseus soll semantische Techniken weiterentwickeln,<br \/>\n* Bundesregierung will am semantischen Suchinstrument Theseus festhalten,<br \/>\n* Deutschland wolle nicht in Konkurrenz zu etablierten Anbietern treten und lieber Basistechnologien f\u00fcr das semantische Web entwickeln.<br \/>\n&#8220;&#8217;SUMA-EV h\u00e4lt diese Entwicklung f\u00fcr den falschen Weg:&#8220;&#8216;<\/p>\n<p>* Hiermit wird die letzte Chance verspielt, die es in Deutschland gegeben h\u00e4tte, um den massiven technologischen R\u00fcckstand zu verringern.<br \/>\n* Hiermit wird die deutsche IT-Wirtschaft, Politik und Gesellschaft weiterhin auf unabsehbare Zeit unm\u00fcndig dem Spiel der Global-Player ausgeliefert bleiben.<br \/>\nEine gro\u00dfartige Chance ist vertan.<\/p>\n<p>Theseus pflegt die Illusion, dass mit dem semantischen Web der \u00fcbern\u00e4chsten Generation deutsche IT wieder chancengleich w\u00fcrde. Leider fehlen dazu die Basistechnologien: man kann keinen Porsche bauen, wenn die Kenntnisse fehlen, wie eine Z\u00fcndkerze funktioniert.<\/p>\n<p>SUMA-EV hat seit langem vor diesem Weg gewarnt, konkrete Alternativen aufgezeigt, und wird sich an diesen Fehlentwicklungen nicht beteiligen.<\/p>","protected":false},"excerpt":{"rendered":"<p>Presseerkl\u00e4rung des SUMA-EV zum Theseus-Projekt 20.7.2007 Am 19.7.07 wurde die offizielle Mitteilung bekannt, dass die EU-Kommission die deutsche 120 Millionen Euro Beihilfe f\u00fcr das&#8230;<\/p>","protected":false},"author":4,"featured_media":0,"parent":265,"menu_order":0,"comment_status":"closed","ping_status":"closed","template":"","meta":{"footnotes":""},"class_list":["post-1117","page","type-page","status-publish","hentry"],"_links":{"self":[{"href":"https:\/\/suma-ev.de\/en\/wp-json\/wp\/v2\/pages\/1117","targetHints":{"allow":["GET"]}}],"collection":[{"href":"https:\/\/suma-ev.de\/en\/wp-json\/wp\/v2\/pages"}],"about":[{"href":"https:\/\/suma-ev.de\/en\/wp-json\/wp\/v2\/types\/page"}],"author":[{"embeddable":true,"href":"https:\/\/suma-ev.de\/en\/wp-json\/wp\/v2\/users\/4"}],"replies":[{"embeddable":true,"href":"https:\/\/suma-ev.de\/en\/wp-json\/wp\/v2\/comments?post=1117"}],"version-history":[{"count":3,"href":"https:\/\/suma-ev.de\/en\/wp-json\/wp\/v2\/pages\/1117\/revisions"}],"predecessor-version":[{"id":1121,"href":"https:\/\/suma-ev.de\/en\/wp-json\/wp\/v2\/pages\/1117\/revisions\/1121"}],"up":[{"embeddable":true,"href":"https:\/\/suma-ev.de\/en\/wp-json\/wp\/v2\/pages\/265"}],"wp:attachment":[{"href":"https:\/\/suma-ev.de\/en\/wp-json\/wp\/v2\/media?parent=1117"}],"curies":[{"name":"wp","href":"https:\/\/api.w.org\/{rel}","templated":true}]}}