{"id":1147,"date":"2019-06-20T11:32:15","date_gmt":"2019-06-20T09:32:15","guid":{"rendered":"https:\/\/beta.suma-ev.de\/?page_id=1147"},"modified":"2019-06-20T11:32:15","modified_gmt":"2019-06-20T09:32:15","slug":"merkels-maerchenstunden-in-hannover","status":"publish","type":"page","link":"https:\/\/suma-ev.de\/en\/pressemitteilungen\/merkels-maerchenstunden-in-hannover\/","title":{"rendered":"Merkels M\u00e4rchenstunden in Hannover"},"content":{"rendered":"<h2 class=\"wp-block-heading\">Merkels M\u00e4rchenstunden in Hannover<\/h2>\n\n\n\n<p>11.12.2007,<br>\nPresseerkl\u00e4rung des SuMa-eV zum zweiten IT-Gipfel der Bundesregierung:<\/p>\n\n\n\n<p>Am 10.12.07 fand in Hannover der zweite IT-Gipfel der Bundesregierung statt. Im Abschlussdokument des Gipfels k\u00f6nnen wir nachlesen: \u00fcber Deutschland an der &#8222;Weltspitze der Informations- und Kommunikationstechnologien&#8220; \u2026 &#8222;neue Zukunftsm\u00e4rkte werden erschlossen&#8220; \u2026 &#8222;das Internet der Dienste wird entwickelt&#8220;.<\/p>\n\n\n\n<p>Dann lesen wir die aktuellen Zahlen \u00fcber Marktanteile vom selben Tag:<\/p>\n\n\n\n<p>Google:  92,7%  (inkl. Clones wie T-Online usw.)<br> Yahoo:   3,0<br> MSN:     1,9 \n<br>Ask: 0,3<\/p>\n\n\n\n<p style=\"text-align:left\">Summe:  97,9%<\/p>\n\n\n\n<p>Nach den amerikanischen Big4 bleiben verschwindend geringe Marktanteile f\u00fcr ein paar kleine deutsche Suchmaschinen. Haben die Verfasser des Abschlussdokuments des Gipfels jeglichen Kontakt zur Realit\u00e4t verloren? Wieviele Parallelwelten gibt es eigentlich noch? Oder wie k\u00f6nnen wir die Tr\u00e4umenden aus ihrem Dornr\u00f6schenschlaf wecken und wer k\u00fcsst Frau Merkel wach? <\/p>","protected":false},"excerpt":{"rendered":"<p>Merkels M\u00e4rchenstunden in Hannover 11.12.2007, Presseerkl\u00e4rung des SuMa-eV zum zweiten IT-Gipfel der Bundesregierung: Am 10.12.07 fand in Hannover der zweite IT-Gipfel der Bundesregierung statt&#8230;.<\/p>","protected":false},"author":4,"featured_media":0,"parent":265,"menu_order":0,"comment_status":"closed","ping_status":"closed","template":"","meta":{"footnotes":""},"class_list":["post-1147","page","type-page","status-publish","hentry"],"_links":{"self":[{"href":"https:\/\/suma-ev.de\/en\/wp-json\/wp\/v2\/pages\/1147","targetHints":{"allow":["GET"]}}],"collection":[{"href":"https:\/\/suma-ev.de\/en\/wp-json\/wp\/v2\/pages"}],"about":[{"href":"https:\/\/suma-ev.de\/en\/wp-json\/wp\/v2\/types\/page"}],"author":[{"embeddable":true,"href":"https:\/\/suma-ev.de\/en\/wp-json\/wp\/v2\/users\/4"}],"replies":[{"embeddable":true,"href":"https:\/\/suma-ev.de\/en\/wp-json\/wp\/v2\/comments?post=1147"}],"version-history":[{"count":2,"href":"https:\/\/suma-ev.de\/en\/wp-json\/wp\/v2\/pages\/1147\/revisions"}],"predecessor-version":[{"id":1151,"href":"https:\/\/suma-ev.de\/en\/wp-json\/wp\/v2\/pages\/1147\/revisions\/1151"}],"up":[{"embeddable":true,"href":"https:\/\/suma-ev.de\/en\/wp-json\/wp\/v2\/pages\/265"}],"wp:attachment":[{"href":"https:\/\/suma-ev.de\/en\/wp-json\/wp\/v2\/media?parent=1147"}],"curies":[{"name":"wp","href":"https:\/\/api.w.org\/{rel}","templated":true}]}}