{"id":1161,"date":"2019-06-20T11:51:21","date_gmt":"2019-06-20T09:51:21","guid":{"rendered":"https:\/\/beta.suma-ev.de\/?page_id=1161"},"modified":"2019-06-20T11:51:33","modified_gmt":"2019-06-20T09:51:33","slug":"die-gewinner-der-suma-awards-2009","status":"publish","type":"page","link":"https:\/\/suma-ev.de\/en\/pressemitteilungen\/die-gewinner-der-suma-awards-2009\/","title":{"rendered":"Die Gewinner der &#8222;SUMA Awards 2009&#8220;"},"content":{"rendered":"<h2 class=\"wp-block-heading\">Die Gewinner der &#8222;SUMA Awards 2009&#8220;<\/h2>\n\n\n\n<p>Pressemitteilung des <a href=\"http:\/\/suma-ev.de\/en\/\">SuMa-eV<\/a> &nbsp; &nbsp; &nbsp; &nbsp; &nbsp; &nbsp; &nbsp; 27.8.2009<\/p>\n\n\n\n<h3 class=\"wp-block-heading\">Von Jalalabad \u00fcber M\u00fcnster bis Berlin &#8211; SUMA Awards belohnen Projekte f\u00fcr freien und globalen Wissenszugang; <a href=\"http:\/\/suma-ev.de\/en\/forum09\/\"> SuMa-eV Kongress<\/a> am 10.9.2009<\/h3>\n\n\n\n<p>Von einer Schule in Jalalabad \u00fcber ein Labor f\u00fcr Neuroinformatik in M\u00fcnster bis zu einer Wissensmaschine in Berlin &#8211; wie facettenreich die Welt der digitalen Wissensstr\u00f6me gestaltet werden kann, zeigen ein weiteres Mal die <a href=\"http:\/\/suma-awards.de\/\">SuMa Awards<\/a> 2009. \u00dcber 40 Projeke aus aller Welt haben sich f\u00fcr die F\u00f6rderpreise beworben. Der gemeinsame Nenner: Wer steuert die Wissensstr\u00f6me, und wie l\u00e4sst sich der Zugang zu Wissen demokratischer, freier und effektiver organisieren? Die Jury hat die drei besten Projekte ausgew\u00e4hlt: eine visuelle Wissensmaschine, ein Medienkunstprojekt, das die Zukunft der Gedanken\u00fcberwachung vor Augen f\u00fchrt, sowie ein Projekt, dass auch in nicht-industrialisierten Regionen den gemeinsamen Zugang zu Wissensressourcen erm\u00f6glicht.<\/p>\n\n\n\n<p>&#8222;Wesentlich ist es, dass wir nicht bei der Technologie &#8211; die durchaus wichtig ist &#8211; stehenbleiben, sondern die Wirkung der digitalen Informationsstr\u00f6me auf die globale Wissensgesellschaft insgesamt bewerten&#8220;, sagt Dr. Wolfgang Sander-Beuermann, Gesch\u00e4ftsf\u00fchrer des SUMA-EV.<\/p>\n\n\n\n<p>Die <a href=\"http:\/\/suma-awards.de\/\">SUMA Awards<\/a> sind F\u00f6rderpreise f\u00fcr den freien Wissenszugang, die in diesem Jahr zum zweiten Mal verliehen werden. Sie zeichnen Arbeiten oder Projekte aus, die praktische oder theoretische Aufgabenstellungen, L\u00f6sungen oder Probleme im Umgang mit dem digitalen Weltwissen aufgreifen und einer breiten \u00d6ffentlichkeit anschaulich pr\u00e4sentieren. Die <a href=\"http:\/\/suma-awards.de\/\">SuMa Awards<\/a> werden vom SUMA-EV zusammen mit dem <a href=\"http:\/\/www.bdip.de\/\"> Bundesverband Deutscher Internet-Portale (BDIP)<\/a> als F\u00f6rderpreise f\u00fcr Suchmaschinen und ihr gesamtes Umfeld verliehen. Sie werden auch f\u00fcr 2010 wieder ausgelobt werden. Die Preise sind mit jeweils 2.500,-EUR dotiert.<\/p>\n\n\n\n<p>Die Verleihung der &#8222;<a href=\"http:\/\/suma-awards.de\/\">SUMA Awards<\/a> 2009&#8243; wird von <a href=\"http:\/\/de.wikipedia.org\/wiki\/Wolfgang Coy\"> Prof. Wolfgang Coy<\/a> beim SUMA-EV Kongress am Donnerstag, den 10. September 2009 in Berlin vorgenommen. <a href=\"http:\/\/de.wikipedia.org\/wiki\/Wolfgang Coy\"> Prof. Coy<\/a> ist u.a. Vorsitzender der Medienkommission des Akademischen Senats der Humboldt-Universit\u00e4t zu Berlin und deutscher Delegierter in der Sektion Computer and Society der International Federation for Information Processing (IFIP). Der diesj\u00e4hrige SUMA-EV Kongress steht unter dem Motto &#8222;F\u00fcr Pluralismus im Internet! Information und Wissen &#8211; Erd\u00f6l des 21-ten Jahrhunderts&#8220; und bietet neben der Verleihung der &#8222;<a href=\"http:\/\/suma-awards.de\/\">SUMA Awards<\/a> 2009&#8243; ein reichhaltiges Programm zu den Themen der Wissensgsellschaft &#8211; nicht nur aus technologischer Sicht; Programm und Anmeldung unter: <a href=\"http:\/\/suma-ev.de\/en\/forum09\/\">http:\/\/suma-ev.de\/forum09\/<\/a>.<\/p>\n\n\n\n<p>Die Preistr\u00e4ger der &#8222;<a href=\"http:\/\/suma-awards.de\/\">SUMA Awards<\/a> 2009&#8243; sind:<\/p>\n\n\n\n<ul class=\"wp-block-list\"><li>In der Suchmaschinentechnik:<br><a href=\"http:\/\/de.eyeplorer.com\/\">http:\/\/de.eyeplorer.com\/<\/a> eine visuelle Wissensmaschine von der vionto GmbH. eyePlorer ist eine Suchmaschine der n\u00e4chsten Generation, eine visuelle und semantische Wissensmaschine.\n&nbsp;\n<\/li><li>Informationszugang in nicht-industrialisierten L\u00e4ndern:<br><a href=\"http:\/\/fdmbx.org\/\">http:\/\/fdmbx.org\/<\/a> &#8211; &#8222;Freedombox Search Project&#8220;, eingereicht von Mario Behling. Erstes Ziel ist es, einfache und professionelle Suchwerkzeuge f\u00fcr lokale Netze in Afghanistan zu schaffen.\n&nbsp;\n<\/li><li>Medienkunst:<br><a href=\"http:\/\/www.neocer.de\/\">http:\/\/www.neocer.de\/<\/a> von Marc L\u00f6he und Pascal Bovee. Das Projekt neocer beschreibt die Vision einer Zukunft, die wesentlich subtilere globale Machtaus\u00fcbung als die im ber\u00fchmten 1984 er\u00f6ffnet.<\/li><\/ul>\n\n\n\n<p>Die Preistr\u00e4ger werden ihre Arbeiten zum SuMa-eV Kongress (<a href=\"http:\/\/suma-ev.de\/en\/forum09\/\">http:\/\/suma-ev.de\/forum09\/<\/a>) vorstellen. F\u00fcr Journalisten ist die Teilnahme am Kongress kostenfrei (Anmeldung erbeten: <a href=\"mailto:anmeldung@suma-ev.de\">anmeldung@suma-ev.de<\/a>) &#8211; Interviews sind selbstverst\u00e4ndlich m\u00f6glich.<\/p>\n\n\n\n<p>Der Vorstand des SUMA-EV: Dr. Bernhard Biedermann, Michael Nebel, Dr. Wolfgang Sander-Beuermann<\/p>\n\n\n\n<p><a href=\"http:\/\/suma-awards.de\/\">SUMA Awards<\/a> Koordinator: Theo R\u00f6hle<\/p>\n\n\n\n<p>SuMa-eV: <a href=\"http:\/\/suma-ev.de\/en\/\">http:\/\/suma-ev.de<\/a><\/p>\n\n\n\n<p>Kontakt: Dr. Wolfgang Sander-Beuermann (Gesch\u00e4ftsf\u00fchrer SUMA-EV) EMail: wsb@suma-ev.de Tel: 01520-2883048<\/p>","protected":false},"excerpt":{"rendered":"<p>Die Gewinner der &#8222;SUMA Awards 2009&#8220; Pressemitteilung des SuMa-eV &nbsp; &nbsp; &nbsp; &nbsp; &nbsp; &nbsp; &nbsp; 27.8.2009 Von Jalalabad \u00fcber M\u00fcnster bis Berlin &#8211;&#8230;<\/p>","protected":false},"author":4,"featured_media":0,"parent":265,"menu_order":0,"comment_status":"closed","ping_status":"closed","template":"","meta":{"footnotes":""},"class_list":["post-1161","page","type-page","status-publish","hentry"],"_links":{"self":[{"href":"https:\/\/suma-ev.de\/en\/wp-json\/wp\/v2\/pages\/1161","targetHints":{"allow":["GET"]}}],"collection":[{"href":"https:\/\/suma-ev.de\/en\/wp-json\/wp\/v2\/pages"}],"about":[{"href":"https:\/\/suma-ev.de\/en\/wp-json\/wp\/v2\/types\/page"}],"author":[{"embeddable":true,"href":"https:\/\/suma-ev.de\/en\/wp-json\/wp\/v2\/users\/4"}],"replies":[{"embeddable":true,"href":"https:\/\/suma-ev.de\/en\/wp-json\/wp\/v2\/comments?post=1161"}],"version-history":[{"count":1,"href":"https:\/\/suma-ev.de\/en\/wp-json\/wp\/v2\/pages\/1161\/revisions"}],"predecessor-version":[{"id":1162,"href":"https:\/\/suma-ev.de\/en\/wp-json\/wp\/v2\/pages\/1161\/revisions\/1162"}],"up":[{"embeddable":true,"href":"https:\/\/suma-ev.de\/en\/wp-json\/wp\/v2\/pages\/265"}],"wp:attachment":[{"href":"https:\/\/suma-ev.de\/en\/wp-json\/wp\/v2\/media?parent=1161"}],"curies":[{"name":"wp","href":"https:\/\/api.w.org\/{rel}","templated":true}]}}