{"id":1165,"date":"2019-06-20T11:53:25","date_gmt":"2019-06-20T09:53:25","guid":{"rendered":"https:\/\/beta.suma-ev.de\/?page_id=1165"},"modified":"2019-06-20T11:57:07","modified_gmt":"2019-06-20T09:57:07","slug":"nominierungen-fuer-die-suma-awards-2010-nicht-nur-technik-die-begeistert","status":"publish","type":"page","link":"https:\/\/suma-ev.de\/en\/pressemitteilungen\/nominierungen-fuer-die-suma-awards-2010-nicht-nur-technik-die-begeistert\/","title":{"rendered":"Nominierungen f\u00fcr die SUMA Awards 2010: Nicht nur Technik, die begeistert"},"content":{"rendered":"<h2 class=\"wp-block-heading\">Nominierungen f\u00fcr die SUMA Awards 2010: Nicht nur Technik, die begeistert<\/h2>\n\n\n\n<h5 class=\"wp-block-heading\">Pressemitteilung, 6.7.2010<br> Nicht nur Technik, die begeistert<br> <a href=\"http:\/\/suma-awards.de\">SUMA Awards 2010<\/a> machen gesellschaftliche Konsequenzen der Internet-Oligopole zum Thema<\/h5>\n\n\n\n<p>Mit 36 Einreichungen kann der SUMA-EV die dreij\u00e4hrige Erfolgsgeschichte<br>\nseines Awards fortschreiben. &#8222;Der SUMA Award spricht sich herum&#8220;, freut<br>\nsich SUMA-EV Gesch\u00e4ftsf\u00fchrer und Vorstandssprecher Wolfgang<br>\nSander-Beuermann. Und: &#8222;Die vielen Innovationen sind beeindruckend und<br>\nmachen es uns wirklich schwer, Sieger auszuw\u00e4hlen&#8220;, unterstreicht der<br>\nHannoveraner. Neben neuen technischen L\u00f6sungen sind zahlreiche Projekte<br>\nmit gesellschaftlicher Relevanz unter den zehn Nominierten. Auch um<br>\nihre Leistungen auszuzeichnen, werden die Nominierten in diesem Jahr<br>\nerstmals vorab bekannt gegeben.<\/p>\n\n\n\n<p>Die eigentlichen Gewinner gibt der Verein zum SUMA-Kongress am<br> 6.10.2010 bekannt. Der Kongress unter dem Titel &#8222;Was zu tun ist! Wie<br> die Deutsche und Europ\u00e4ische Zivilgesellschaft das WWW von morgen<br> pr\u00e4gt&#8220; will zu einer Vernetzung der Webcommunity beitragen. Er findet<br> am Mittwoch, den 6. Oktober 2010, ab 10.00 bis 19 Uhr in der Vertretung<br> des Landes Niedersachsen beim Bund, in den Ministerg\u00e4rten 10, 10117<br> Berlin statt. Mit einem Thesenpapier <a href=\"http:\/\/bit.ly\/cGSCxZ\">Thesenpapier<\/a> hat der<br> SUMA-EV zu einer \u00f6ffentlichen Diskussion aufgerufen.<\/p>\n\n\n\n<p>&#8220;&#8217;Nominierungen f\u00fcr die SUMA Awards 2010&#8220;&#8216;<\/p>\n\n\n\n<p>Preise f\u00fcr die Zukunft des digitalen Wissens<\/p>\n\n\n\n<p>Folgende Arbeiten wurden nominiert:<\/p>\n\n\n\n<ul class=\"wp-block-list\"><li>Die OpenGovernment Suchmaschine <a href=\"http:\/\/newsclub.de\/bundestag\/\">Newsclub im Bundestag<\/a><\/li><li>Das innovative Online W\u00f6rterbuch <a href=\"http:\/\/www.linguee.de\">Linguee<\/a><\/li><li>Die Satire <a href=\"http:\/\/www.youtube.com\/watch?v=gYMGkQTpODY\">Google Home View<\/a> von Martin Sonneborn im Rahmen der &#8222;Heute Show&#8220;<\/li><li>Der wegweisende Blog <a href=\"http:\/\/www.netzpolitik.org\">Netzpolitik.Org<\/a><\/li><li>Die Such-Hilfe f\u00fcr Suchmaschinen <a href=\"http:\/\/metathek.com\">Methatek<\/a><\/li><li>Die beeindruckende Dissertation <a href=\"http:\/\/sciencestudies.univie.ac.at\/fileadmin\/user_upload\/dep_sciencestudies\/pdf_files\/publikationen\/thesis\/Mager_Diss_2010.pdf\">Sociotechnical practices of communicating medical knowledge via the web and their epistemic  implications<\/a> von Dr. Astrid Mager <\/li><li>Das K\u00fcnstlerprojekt <a href=\"http:\/\/fffff.at\/google-street-view-car\">How to build a Google Street View Car<\/a><\/li><li>Die wissenschaftliche Suchmaschine f\u00fcr OpenAccess Dokumente <a href=\"http:\/\/www.base-search.net\">BASE<\/a><\/li><li>Die Suchmaschine <a href=\"http:\/\/earlybird.uni-koeln.de\">Earlybird<\/a> <\/li><li>Die Suchmaschine <a href=\"http:\/\/www.alernia.de\">Alernia<\/a> <br> SuMa-eV dankt den Sponsoren, die durch gro\u00dfz\u00fcgige Spenden diesen Award m\u00f6glich machen:<\/li><li>Initiative for a Competitive Online Marketplace (ICOMP), und<\/li><li>TripleDoubleU GmbH (TDU)<\/li><\/ul>\n\n\n\n<p>Die SUMA Awards 2010 werden zum SUMA-EV Kongress am Mittwoch, den 6. Oktober 2010 in Berlin verliehen; Einzelheiten und Anmeldung zum SUMA-EV Kongress unter <a href=\"http:\/\/suma-ev.de\/en\/forum2010\/\"><a href=\"http:\/\/suma-ev.de\/en\/forum2010\/\">http:\/\/suma-ev.de\/forum2010<\/a><\/a><\/p>\n\n\n\n<p><\/p>","protected":false},"excerpt":{"rendered":"<p>Nominierungen f\u00fcr die SUMA Awards 2010: Nicht nur Technik, die begeistert Pressemitteilung, 6.7.2010 Nicht nur Technik, die begeistert SUMA Awards 2010 machen gesellschaftliche Konsequenzen&#8230;<\/p>","protected":false},"author":4,"featured_media":0,"parent":265,"menu_order":0,"comment_status":"closed","ping_status":"closed","template":"","meta":{"footnotes":""},"class_list":["post-1165","page","type-page","status-publish","hentry"],"_links":{"self":[{"href":"https:\/\/suma-ev.de\/en\/wp-json\/wp\/v2\/pages\/1165","targetHints":{"allow":["GET"]}}],"collection":[{"href":"https:\/\/suma-ev.de\/en\/wp-json\/wp\/v2\/pages"}],"about":[{"href":"https:\/\/suma-ev.de\/en\/wp-json\/wp\/v2\/types\/page"}],"author":[{"embeddable":true,"href":"https:\/\/suma-ev.de\/en\/wp-json\/wp\/v2\/users\/4"}],"replies":[{"embeddable":true,"href":"https:\/\/suma-ev.de\/en\/wp-json\/wp\/v2\/comments?post=1165"}],"version-history":[{"count":3,"href":"https:\/\/suma-ev.de\/en\/wp-json\/wp\/v2\/pages\/1165\/revisions"}],"predecessor-version":[{"id":1169,"href":"https:\/\/suma-ev.de\/en\/wp-json\/wp\/v2\/pages\/1165\/revisions\/1169"}],"up":[{"embeddable":true,"href":"https:\/\/suma-ev.de\/en\/wp-json\/wp\/v2\/pages\/265"}],"wp:attachment":[{"href":"https:\/\/suma-ev.de\/en\/wp-json\/wp\/v2\/media?parent=1165"}],"curies":[{"name":"wp","href":"https:\/\/api.w.org\/{rel}","templated":true}]}}