{"id":1188,"date":"2019-06-24T10:18:48","date_gmt":"2019-06-24T08:18:48","guid":{"rendered":"https:\/\/beta.suma-ev.de\/?page_id=1188"},"modified":"2019-06-24T10:18:48","modified_gmt":"2019-06-24T08:18:48","slug":"aus-fuer-den-jugendmedienschutz-staatsvertrag","status":"publish","type":"page","link":"https:\/\/suma-ev.de\/en\/pressemitteilungen\/aus-fuer-den-jugendmedienschutz-staatsvertrag\/","title":{"rendered":"Aus f\u00fcr den Jugendmedienschutz-Staatsvertrag"},"content":{"rendered":"<h2 class=\"wp-block-heading\">Aus f\u00fcr den Jugendmedienschutz-Staatsvertrag<\/h2>\n\n\n\n<p><strong>Das Aus f\u00fcr den Jugendmedienschutz-Staatsvertrag ist ein Sieg der Vernunft gegen erneute Gesetzgebungsplazebos<\/strong><\/p>\n\n\n\n<h5 class=\"wp-block-heading\">SUMA-EV sieht Erfolg der digitalen Zivilgesellschaft<\/h5>\n\n\n\n<p>Einen Sieg der Vernunft gegen ein weiteres &#8222;Gesetzgebungsplazebo mit erheblichen sch\u00e4dlichen Nebenwirkungen&#8220;, sieht Wolfgang Sander-Beuermann, Vorsitzender des SUMA-EV, Verein f\u00fcr freien Wissenszugang, in Sachen Jugendmedienschutz-Staatsvertrag. &#8222;Der untaugliche Entwurf konnte gestoppt werden. Dieser aus der Denke des TV-Zeitalters entlehnte Vorschlag hat nichts mit der Realit\u00e4t des Internet zu tun und ist an vielen Stellen v\u00f6llig unklar formuliert&#8220;, so Suchmaschinenexperte Sander-Beuermann. &#8222;Der Versuch, Fernsehen, Rundfunk und Internet mit den gleichen Methoden zu regulieren, kann nicht funktionieren&#8220;.<\/p>\n\n\n\n<p>Mit einem Online-Appell an die b\u00fcndnisgr\u00fcnen Abgeordneten des nordrhein-westf\u00e4lischen Landtags konnte SUMA-EV in letzter Minute mit dazu beitragen, zu verhindern, dass die NRW-Gr\u00fcnen aus Koalitionsraison und gegen ihre eigene \u00dcberzeugung dem Staatsvertrag zustimmen. Damit war der Vertrag endg\u00fcltig gescheitert.<\/p>\n\n\n\n<p>SUMA-Vorsitzender Sander-Beuermann fordert die Politik auf, jetzt die &#8222;Denke des TV-Zeitalters zu den Akten zu legen und sich auf die Realit\u00e4t des Internets einzulassen. Das Netz ist global, da nutzt es nichts, wenn die deutsche Politik Aktivit\u00e4ten auf nationalstaatlichem Niveau simuliert. Die wirklichen Kriminellen wird das nicht schrecken&#8220;.<\/p>\n\n\n\n<p>Crowdsourcing und die Entwicklung von Medienkompetenz sieht<br>Sander-Beuermann als entscheidende Hebel f\u00fcr ein neues<br>Jugendschutzverst\u00e4ndnis im Internet: &#8222;Kinder und Jugendliche wissen heute schon oft mehr als Eltern und Erzieher. Wir sollten sie als heranwachsende, m\u00fcndige Netzb\u00fcrger ernst nehmen.&#8220;<\/p>\n\n\n\n<p>Im Kern sieht Sander-Beuermann einen Jugendschutz Bookmarkingdienst als zentrales Medium, der &#8211; \u00e4hnlich Delicious.com oder Mister-Wong.de &#8211; plattformunabh\u00e4ngig bereit gestellt und gemeinschaftlich entwickelt wird. Das Beispiel Wikipedia zeigt, dass so etwas gut funktionieren kann. Wichtigster Vorteil: Webseiten k\u00f6nnen positiv und negativ bewertet werden. Vorteil zwei: Die Entscheidung, welche Seiten Kinder und Jugendliche frequentieren, wird von den Eltern und den Erziehern, nicht von Providern und Diensteanbietern vorgenommen. Und die Einbeziehung der Nutzerintelligenz f\u00fchrt zu schnellen Bewertungen und Aktualisierungen.<\/p>\n\n\n\n<p>&#8222;Der Staat und Anbieter der technischen Infrastruktur&#8220;, so Sander-Beuermann weiterhin, &#8222;k\u00f6nnen nicht die alleinigen Adressaten f\u00fcr Jugendschutzma\u00dfnahmen sein. Gefragt sind Jugendliche, Eltern und die Gesellschaft. Der aus fr\u00fcheren Zeiten stammende F\u00fcrsorgegedanke funktioniert nicht mehr, die Verantwortung der Nutzergemeinde kann das besser&#8220;, fasst der zweifache Vater Sander-Beuermann zusammen. Der SUMA-EV wird in der Diskussion engagiert bleiben und mitwirken, einen vern\u00fcnftigen Jugendschutz im Internet zu realisieren.<\/p>\n\n\n\n<p>&#8222;Dieses Beispiel eines gescheiterten Versuchs, das Internet mit einem untauglichen Gesetz regulieren zu wollen, zeigt wiederum, dass die digitale Zivilgesellschaft, wenn sie sich einig ist, sehr viel erreichen kann,&#8220; so Sander-Beuermann abschlie\u00dfend.<\/p>\n\n\n\n<p>Ansprechpartner:<\/p>\n\n\n\n<p>Dr. Wolfgang Sander-Beuermann<br>Tel: 01520-2883048, EMail: wsb@suma-ev.de<br>SuMa-eV, Postfach 5361, 30053 Hannover<br>http:\/\/suma-ev.de\/ <\/p>\n\n\n\n<p>Nikolaus Huss<br>Gneisenaustr. 8<br>10961 Berlin<br>Tel: 030-8182-7194<br>Mobil: 01577-1944544<br>eMail: huss@suma-ev.de<\/p>","protected":false},"excerpt":{"rendered":"<p>Aus f\u00fcr den Jugendmedienschutz-Staatsvertrag Das Aus f\u00fcr den Jugendmedienschutz-Staatsvertrag ist ein Sieg der Vernunft gegen erneute Gesetzgebungsplazebos SUMA-EV sieht Erfolg der digitalen Zivilgesellschaft Einen&#8230;<\/p>","protected":false},"author":4,"featured_media":0,"parent":265,"menu_order":0,"comment_status":"closed","ping_status":"closed","template":"","meta":{"footnotes":""},"class_list":["post-1188","page","type-page","status-publish","hentry"],"_links":{"self":[{"href":"https:\/\/suma-ev.de\/en\/wp-json\/wp\/v2\/pages\/1188","targetHints":{"allow":["GET"]}}],"collection":[{"href":"https:\/\/suma-ev.de\/en\/wp-json\/wp\/v2\/pages"}],"about":[{"href":"https:\/\/suma-ev.de\/en\/wp-json\/wp\/v2\/types\/page"}],"author":[{"embeddable":true,"href":"https:\/\/suma-ev.de\/en\/wp-json\/wp\/v2\/users\/4"}],"replies":[{"embeddable":true,"href":"https:\/\/suma-ev.de\/en\/wp-json\/wp\/v2\/comments?post=1188"}],"version-history":[{"count":3,"href":"https:\/\/suma-ev.de\/en\/wp-json\/wp\/v2\/pages\/1188\/revisions"}],"predecessor-version":[{"id":1192,"href":"https:\/\/suma-ev.de\/en\/wp-json\/wp\/v2\/pages\/1188\/revisions\/1192"}],"up":[{"embeddable":true,"href":"https:\/\/suma-ev.de\/en\/wp-json\/wp\/v2\/pages\/265"}],"wp:attachment":[{"href":"https:\/\/suma-ev.de\/en\/wp-json\/wp\/v2\/media?parent=1188"}],"curies":[{"name":"wp","href":"https:\/\/api.w.org\/{rel}","templated":true}]}}