{"id":1197,"date":"2019-06-24T10:40:02","date_gmt":"2019-06-24T08:40:02","guid":{"rendered":"https:\/\/beta.suma-ev.de\/?page_id=1197"},"modified":"2019-06-24T10:40:08","modified_gmt":"2019-06-24T08:40:08","slug":"suma-ev-sieht-luecke-im-arbeitsprogramm-der-bundestags-enquetekommission-internet-und-digitale-gesellschaft","status":"publish","type":"page","link":"https:\/\/suma-ev.de\/en\/pressemitteilungen\/suma-ev-sieht-luecke-im-arbeitsprogramm-der-bundestags-enquetekommission-internet-und-digitale-gesellschaft\/","title":{"rendered":"SUMA-EV sieht L\u00fccke im Arbeitsprogramm der Bundestags-Enquetekommission &#8222;Internet und digitale Gesellschaft&#8220;"},"content":{"rendered":"\n<h2 class=\"wp-block-heading\">SUMA-EV sieht L\u00fccke im Arbeitsprogramm der Bundestags-Enquetekommission &#8222;Internet und digitale Gesellschaft&#8220;<\/h2>\n\n\n\n<p><strong>Nationale Strategien gegen internationale Monopole gefordert<\/strong><\/p>\n\n\n\n<p>Die Vereinnahmung des Internets durch globale Online Konzerne wird, so der SUMA-EV, Verein f\u00fcr freien Wissenszugang, in der Arbeit des Enquetekommission nicht hinreichend ber\u00fccksichtigt. Darauf hat er jetzt in einem Brief an die Enquete-Kommission hingewiesen (der Brief ist [http:\/\/blog.suma-ev.de\/content\/brief-die-enquete-kommission-internet-digitale-gesellschaft-des-deutschen-bundestags-interne|im SUMA-EV Blog ver\u00f6ffentlicht]).<\/p>\n\n\n\n<p>Besonderen Handlungsbedarf erkennt der Verein in Sachen Suchmaschinen. &#8222;Dem Quasi-Monopol von Google steht die v\u00f6llige Machtlosigkeit von Politik und Zivilgesellschaft gegen\u00fcber&#8220; heisst es dazu in dem Brief. Hintergrund der Bef\u00fcrchtungen sind Kartellbeschwerden in Deutschland und Untersuchungen der Europ\u00e4ischen Kommission, der Konzern manipuliere die Bewertung der Suchergebnisse und ihre Ausgabereihenfolge (Rankings) missbr\u00e4uchlich zum eigenen Vorteil.<\/p>\n\n\n\n<p>&#8222;Selbstverst\u00e4ndlich wissen wir um das berechtigte Geheimhaltungsinteresse des Rankingalgorithmus. Trotzdem fordern wir, dass die Sachgerechtigkeit kontrollierbar bleiben muss. Die Idee der Open Society geht vor&#8220;, so Wolfgang Sander-Beuermann, Vorsitzender des Verbandes.<\/p>\n\n\n\n<p>Als L\u00f6sungsansatz schl\u00e4gt der Verband stichprobenartige Kontrollen durch auf Vertraulichkeit verpflichtete Organisationen vor. Das Bundeskartellamt oder die Internationale Atomenergiebeh\u00f6rde k\u00f6nnten daf\u00fcr Modell stehen. Der SuMa-eV bietet dazu weitere Unterst\u00fctzung an.<\/p>\n\n\n\n<p>Hinweis: Am 28.1. wird an der Uni G\u00f6ttingen eine Tagung stattfinden, die sich mit der Frage besch\u00e4ftigt, wie unsere Rechtssysteme auf die zunehmende Monopolisierung der digitalen Gesellschaft reagieren k\u00f6nnen.<br>\n([http:\/\/www.uni-goettingen.de\/de\/198986.html|http:\/\/www.uni-goettingen.de\/de\/198986.html]).<\/p>\n\n\n\n<p>F\u00fcr R\u00fcckfragen wenden Sie sich bitte an:<\/p>\n\n\n\n<p>Dr. Wolfgang Sander-Beuermann<br>\nSUMA-EV, Postfach 5361, 30053 Hannover<br>\neMail: wsb@suma-ev.de, Tel 01520-2883048<br>\nwww.suma-ev.de<\/p>\n\n\n\n<p>Nikolaus Huss<br>\nGneisenaustr. 8, 10961 Berlin<br>\nTel: 01577-1944544<br>\neMail: huss@suma-ev.de<\/p>\n","protected":false},"excerpt":{"rendered":"<p>SUMA-EV sieht L\u00fccke im Arbeitsprogramm der Bundestags-Enquetekommission &#8222;Internet und digitale Gesellschaft&#8220; Nationale Strategien gegen internationale Monopole gefordert Die Vereinnahmung des Internets durch globale Online&#8230;<\/p>","protected":false},"author":4,"featured_media":0,"parent":265,"menu_order":0,"comment_status":"closed","ping_status":"closed","template":"","meta":{"footnotes":""},"class_list":["post-1197","page","type-page","status-publish","hentry"],"_links":{"self":[{"href":"https:\/\/suma-ev.de\/en\/wp-json\/wp\/v2\/pages\/1197","targetHints":{"allow":["GET"]}}],"collection":[{"href":"https:\/\/suma-ev.de\/en\/wp-json\/wp\/v2\/pages"}],"about":[{"href":"https:\/\/suma-ev.de\/en\/wp-json\/wp\/v2\/types\/page"}],"author":[{"embeddable":true,"href":"https:\/\/suma-ev.de\/en\/wp-json\/wp\/v2\/users\/4"}],"replies":[{"embeddable":true,"href":"https:\/\/suma-ev.de\/en\/wp-json\/wp\/v2\/comments?post=1197"}],"version-history":[{"count":2,"href":"https:\/\/suma-ev.de\/en\/wp-json\/wp\/v2\/pages\/1197\/revisions"}],"predecessor-version":[{"id":1199,"href":"https:\/\/suma-ev.de\/en\/wp-json\/wp\/v2\/pages\/1197\/revisions\/1199"}],"up":[{"embeddable":true,"href":"https:\/\/suma-ev.de\/en\/wp-json\/wp\/v2\/pages\/265"}],"wp:attachment":[{"href":"https:\/\/suma-ev.de\/en\/wp-json\/wp\/v2\/media?parent=1197"}],"curies":[{"name":"wp","href":"https:\/\/api.w.org\/{rel}","templated":true}]}}