{"id":1201,"date":"2019-06-24T10:45:50","date_gmt":"2019-06-24T08:45:50","guid":{"rendered":"https:\/\/beta.suma-ev.de\/?page_id=1201"},"modified":"2019-06-24T10:45:50","modified_gmt":"2019-06-24T08:45:50","slug":"menschheitstraum-wissensbasierte-entwicklung-suma-ev-vergibt-awards-zur-zukunft-digitalen-wissens","status":"publish","type":"page","link":"https:\/\/suma-ev.de\/en\/pressemitteilungen\/menschheitstraum-wissensbasierte-entwicklung-suma-ev-vergibt-awards-zur-zukunft-digitalen-wissens\/","title":{"rendered":"Menschheitstraum: wissensbasierte Entwicklung &#8211; SUMA-EV vergibt Awards zur Zukunft digitalen Wissens"},"content":{"rendered":"\n<h2 class=\"wp-block-heading\">Menschheitstraum: wissensbasierte Entwicklung &#8211; SUMA-EV vergibt Awards zur Zukunft digitalen Wissens<\/h2>\n\n\n\n<p>Pressemitteilung 24.6.2011<\/p>\n\n\n\n<p>Der SUMA-EV \u2013 Verein f\u00fcr freien Wissenszugang, hat in diesem Jahr zum vierten Mal die SUMA Awards ausgelobt: Vergeben werden die Preise f\u00fcr Arbeiten, die sich der Vision widmen,wissensbasierte Entwicklungen voranzutreiben. Die Ausschreibung ist offen f\u00fcr alle &#8211; ob Einzelpersonen, Personengruppen, Vereine, Unternehmen oder sonstige Institutionen.<\/p>\n\n\n\n<p>Einzige Voraussetzung: Die eingereichten oder vorgeschlagenen Arbeiten oder Projekte sollten eine wissensbasierte Entwicklung durch den freien Zugang zum Wissen f\u00f6rdern. F\u00fcr die Bewerbung um einen Award gen\u00fcgt es, eine Webadresse\/URL vorzuschlagen, auf der das Projekt beschrieben oder realisiert ist. Wird eine eigene Arbeit vorgeschlagen, sollte diese ebenfalls m\u00f6glichst \u00fcber das Internet erreichbar sein. Als Preisgelder stehen dem Verein bislang 4.000 Euro zur Verf\u00fcgung \u2013 diese Summe kann durch weitere Sponsoren noch erh\u00f6ht werden.<\/p>\n\n\n\n<p>Um die Offenheit seines Anliegens zu unterstreichen, setzt der SUMA-EV der Kreativit\u00e4t bewusst keine Grenzen. Die einzureichenden oder vorzuschlagenden Projekte \/ Arbeiten unterliegen daher keiner thematischen oder formalen Einschr\u00e4nkung. Sie k\u00f6nnen ihre Botschaft beispielsweise in k\u00fcnstlerischer, wissenschaftlicher, programmierter, literarischer, juristischer oder medialer Form ausdr\u00fccken &#8211; aufkl\u00e4rend, provokativ, veranschaulichend &#8211; was immer den Machern sinnvoll und zielf\u00fchrend erscheint.<\/p>\n\n\n\n<pre class=\"wp-block-preformatted\"><a href=\"http:\/\/www.suma-awards.de\/\">http:\/\/www.suma-awards.de\/<\/a><\/pre>\n\n\n\n<p>Anmeldungen und Vorschl\u00e4ge f\u00fcr die SuMa-Awards 2011 nimmt der Verein per E-Mail an awards@suma-ev.de an. <\/p>\n\n\n\n<p>Einsendeschlu\u00df ist der 31. August 2011. <\/p>\n\n\n\n<p>Die Preise werden beim [[#A406|SUMA-EV Kongress]] am 28. September 2011 verliehen.<\/p>\n\n\n\n<p>Kooperationspartner: Die Berliner &#8222;Landesinitiative Projekt Zukunft&#8220;,<\/p>\n\n\n\n<p><a href=\"http:\/\/www.berlin.de\/projektzukunft\">http:\/\/www.berlin.de\/projektzukunft\/<\/a><br> Hintergrund:<\/p>\n\n\n\n<p>Ein gro\u00dfer Teil unseres Wissens ist bereits in digitaler Form durch das Internet Allgemeingut geworden. Der erste, vielleicht entscheidende Schritt zur globalen Wissensallmende ist getan. Ein Menschheitstraum r\u00fcckt damit n\u00e4her: es entsteht das Potenzial einer wissensbasierten Entwicklung der Menschheit. Diese Vision zu f\u00f6rdern, ist das Anliegen des SUMA-EV &#8211; Verein f\u00fcr freien Wissenszugang.<\/p>\n\n\n\n<p>Kontakt:                                                             <\/p>\n\n\n\n<p>Dr. Theo R\u00f6hle<br>\nSuMa Awards Koordinator<br>\nawards@suma-ev.de<\/p>\n\n\n\n<p>Dr. Wolfgang Sander-Beuermann<br>\nGesch\u00e4ftsf\u00fchrer und Vorstand SuMa-eV<br>\nTel: 01520-2883048 <br>\nEMail: wsb@suma-ev.de<\/p>\n","protected":false},"excerpt":{"rendered":"<p>Menschheitstraum: wissensbasierte Entwicklung &#8211; SUMA-EV vergibt Awards zur Zukunft digitalen Wissens Pressemitteilung 24.6.2011 Der SUMA-EV \u2013 Verein f\u00fcr freien Wissenszugang, hat in diesem Jahr&#8230;<\/p>","protected":false},"author":4,"featured_media":0,"parent":265,"menu_order":0,"comment_status":"closed","ping_status":"closed","template":"","meta":{"footnotes":""},"class_list":["post-1201","page","type-page","status-publish","hentry"],"_links":{"self":[{"href":"https:\/\/suma-ev.de\/en\/wp-json\/wp\/v2\/pages\/1201","targetHints":{"allow":["GET"]}}],"collection":[{"href":"https:\/\/suma-ev.de\/en\/wp-json\/wp\/v2\/pages"}],"about":[{"href":"https:\/\/suma-ev.de\/en\/wp-json\/wp\/v2\/types\/page"}],"author":[{"embeddable":true,"href":"https:\/\/suma-ev.de\/en\/wp-json\/wp\/v2\/users\/4"}],"replies":[{"embeddable":true,"href":"https:\/\/suma-ev.de\/en\/wp-json\/wp\/v2\/comments?post=1201"}],"version-history":[{"count":2,"href":"https:\/\/suma-ev.de\/en\/wp-json\/wp\/v2\/pages\/1201\/revisions"}],"predecessor-version":[{"id":1203,"href":"https:\/\/suma-ev.de\/en\/wp-json\/wp\/v2\/pages\/1201\/revisions\/1203"}],"up":[{"embeddable":true,"href":"https:\/\/suma-ev.de\/en\/wp-json\/wp\/v2\/pages\/265"}],"wp:attachment":[{"href":"https:\/\/suma-ev.de\/en\/wp-json\/wp\/v2\/media?parent=1201"}],"curies":[{"name":"wp","href":"https:\/\/api.w.org\/{rel}","templated":true}]}}