{"id":1205,"date":"2019-06-24T10:50:00","date_gmt":"2019-06-24T08:50:00","guid":{"rendered":"https:\/\/beta.suma-ev.de\/?page_id=1205"},"modified":"2019-06-24T10:50:00","modified_gmt":"2019-06-24T08:50:00","slug":"nominierungen-der-suma-awards-2011-fuer-die-wissensgesellschaft","status":"publish","type":"page","link":"https:\/\/suma-ev.de\/en\/pressemitteilungen\/nominierungen-der-suma-awards-2011-fuer-die-wissensgesellschaft\/","title":{"rendered":"Nominierungen der SUMA Awards 2011: F\u00fcr die Wissensgesellschaft"},"content":{"rendered":"\n<h2 class=\"wp-block-heading\">Nominierungen der SUMA Awards 2011: F\u00fcr die Wissensgesellschaft<\/h2>\n\n\n\n<p>Pressemitteilung, 20.9.2011<\/p>\n\n\n\n<p>Die SUMA Awards pr\u00e4mieren Projekte und Arbeiten, die f\u00fcr die Zukunft<br>\ndes digitalen Wissens von herausragender Bedeutung sind: Neue Ideen,<br>\nneue Sichtweisen und Einsichten. Darstellungen, Programme,<br>\nInformations- und Wissensstr\u00f6me, die es bisher noch nicht gab.<\/p>\n\n\n\n<p>In diesem Jahr werden drei Preise a 2000 Euro verliehen. Sie werden beim [[#A406|SUMA-EV Kongress am 28.9.2011 in Berlin]] in einer Feierstunde \u00fcbergeben, zu der die Projekte und Arbeiten auch pr\u00e4sentiert werden.<\/p>\n\n\n\n<p>Nach einer langen Sitzung hat die Jury aus zahlreichen Einsendungen und<br>\nVorschl\u00e4gen &#8220;&#8217;zun\u00e4chst die folgenden neun Arbeiten f\u00fcr die SuMa Awards 2011 nominiert&#8220;&#8216; (in alphabetischer Reihenfolge):<\/p>\n\n\n\n<ul class=\"wp-block-list\"><li>Dooble: ein Open Source Webbrowser mit vorbildlichen inh\u00e4renten Features zum Schutz der Privatsph\u00e4re &#8211; <a href=\"http:\/\/dooble.sf.net\">http:\/\/dooble.sf.net<\/a><\/li><li>Ghostery: das Plugin f\u00fcr den Firefox-Browser, um sonst unsichtbare Weiterleitungen privater Daten im Hintergrund sichtbar zu machen und auf einfache Weise abblocken zu k\u00f6nnen &#8211; <a href=\"http:\/\/www.ghostery.com\/\">http:\/\/www.ghostery.com\/<\/a><\/li><li>Liquid Democracy: Onlinesoftware f\u00fcr Debatten und Abstimmungsprozesse in gro\u00dfen Organisationen (genutzt z.B. von der Piratenpartei). F\u00fcr unsere digitale Demokratie &#8211; <a href=\"http:\/\/liquidfeedback.org\/\">http:\/\/liquidfeedback.org\/<\/a><\/li><li>NEEO &#8211; Network of EuropeanEconomists Online: ein EU gef\u00f6rdertes Projekt um Ver\u00f6ffentlichungen nach den Prinzipien des Open Access frei zug\u00e4nglich zu machen &#8211; <a href=\"http:\/\/www.neeoproject.eu\">http:\/\/www.neeoproject.eu<\/a><\/li><li>Open Access Lehrbuch als gelungenes Beispiel, wie man zuk\u00fcnftig B\u00fccher machen kann. Kollaborativ, im Austausch und frei f\u00fcr alle. Eben viel mehr als bedrucktes Papier &#8211; <a href=\"http:\/\/l3t.eu\">http:\/\/l3t.eu<\/a><\/li><li>Open Access Videos: lehrreiche Videos zur politischen Bildung; verst\u00e4ndlich, kompakt, und jedermann zug\u00e4nglich, so soll es sein &#8211; <a href=\"http:\/\/tinyurl.com\/33txlk4\">http:\/\/tinyurl.com\/33txlk4<\/a><\/li><li>Praktikumsplatz-Datenbank der Klasse IT09A des Joseph-DuMont-Berufskollegs der Stadt K\u00f6ln: Eine Berufsschulklasse probiert  sich aus: Informationen mit Datenbanken f\u00fcr jedermann zug\u00e4nglich machen. Vorbildlich &#8211; <a href=\"http:\/\/sbl-koeln.lima-city.de\/\">http:\/\/sbl-koeln.lima-city.de\/<\/a><\/li><li>Speicher Kunstprojekt: Unsere Welt besteht aus vielen Inseln abgeschlossener Informationen. Die Vernetzung der Informationen   bringt allen mehr. Ein spannendes Kunstprojekt, zur Visualisierung &#8211;  <a href=\"http:\/\/www.youtube.com\/watch?v=231N8iIKsh8\">http:\/\/www.youtube.com\/watch?v=231N8iIKsh8<\/a> ein erstes Video dazu<\/li><li>Was hab&#8216; ich: \u00dcbersetzung medizinischer Befunde in verst\u00e4ndliche Sprache; \u00fcberaus wertvolles Projekt von engagierten Medizinstudenten, das zeigt, wozu Wissenszugang im Internet f\u00fcr jeden n\u00fctzlich sein kann &#8211; <a href=\"http:\/\/washabich.de\">http:\/\/washabich.de<\/a><br> Drei dieser Arbeiten werden mit einem Award pr\u00e4miert und zum [[#A406|SUMA-EV Kongress am 28.9. in Berlin]] vorgestellt.<\/li><\/ul>\n\n\n\n<p>Zum Kongress werden dar\u00fcber hinaus Experten aus der Internet-<br>\nWirtschaft berichten, wie sie mit ihrem Gesch\u00e4ftsmodell die Spitze<br>\nihres Business Branch erreicht haben. Der Vormittag und der fr\u00fche<br>\nNachmittag stehen ganz unter dem Leitmotto der Veranstaltung &#8222;Die Internet Wirtschaft &#8211; Geld verdienen im Internet&#8220;. Am sp\u00e4teren<br>\nNachmittag stehen die Netzpolitik und parallel dazu technische Wege zum digitalen Wissen auf dem Programm.<\/p>\n\n\n\n<p>Der [[#A406|Kongress mit der Verleihung der SUMA Awards 2011]] findet statt am Mittwoch, den 28. September 2011, in der <a href=\"http:\/\/www.stk.niedersachsen.de\/live\/live.php?navigation_id=1154&amp;article_id=3085&amp;_psmand=6\">Vertretung des Landes Niedersachsen beim Bund<\/a>, <a href=\"http:\/\/www.hot-map.com\/de\/berlin-STAND_9975936504O127300424418200\">In den Ministerg\u00e4rten 10, 10117 Berlin<\/a>. Hauptsponsoren der SUMA Awards 2011 sind die &#8222;Initiative for a Competitive Online Marketplace&#8220; (ICOMP) und die Firma &#8222;TripleDoubleU GmbH&#8220; (TDU). Die Teilnahme am Kongress ist kostenlos. Das detaillierte Programm finden Sie unter <a href=\"http:\/\/www.suma-ev.de\/forum2011\/programm.html\">http:\/\/www.suma-ev.de\/forum2011\/programm.html<\/a>. Anmeldungen bitte an: anmeldung@suma-ev.de<\/p>\n\n\n\n<p>Kontakt:<\/p>\n\n\n\n<p>Dr. Theo R\u00f6hle<br>\nSUMA-EV Awards Koordinator<br>\nroehle@suma-ev.de<\/p>\n\n\n\n<p>Dr. Wolfgang Sander-Beuermann<br>\nVorstand und Gesch\u00e4ftsf\u00fchrer SuMa-eV<br>\nwsb@suma-ev.de<br>\nTel: 01520-2883048<\/p>\n","protected":false},"excerpt":{"rendered":"<p>Nominierungen der SUMA Awards 2011: F\u00fcr die Wissensgesellschaft Pressemitteilung, 20.9.2011 Die SUMA Awards pr\u00e4mieren Projekte und Arbeiten, die f\u00fcr die Zukunft des digitalen Wissens&#8230;<\/p>","protected":false},"author":4,"featured_media":0,"parent":265,"menu_order":0,"comment_status":"closed","ping_status":"closed","template":"","meta":{"footnotes":""},"class_list":["post-1205","page","type-page","status-publish","hentry"],"_links":{"self":[{"href":"https:\/\/suma-ev.de\/en\/wp-json\/wp\/v2\/pages\/1205","targetHints":{"allow":["GET"]}}],"collection":[{"href":"https:\/\/suma-ev.de\/en\/wp-json\/wp\/v2\/pages"}],"about":[{"href":"https:\/\/suma-ev.de\/en\/wp-json\/wp\/v2\/types\/page"}],"author":[{"embeddable":true,"href":"https:\/\/suma-ev.de\/en\/wp-json\/wp\/v2\/users\/4"}],"replies":[{"embeddable":true,"href":"https:\/\/suma-ev.de\/en\/wp-json\/wp\/v2\/comments?post=1205"}],"version-history":[{"count":1,"href":"https:\/\/suma-ev.de\/en\/wp-json\/wp\/v2\/pages\/1205\/revisions"}],"predecessor-version":[{"id":1207,"href":"https:\/\/suma-ev.de\/en\/wp-json\/wp\/v2\/pages\/1205\/revisions\/1207"}],"up":[{"embeddable":true,"href":"https:\/\/suma-ev.de\/en\/wp-json\/wp\/v2\/pages\/265"}],"wp:attachment":[{"href":"https:\/\/suma-ev.de\/en\/wp-json\/wp\/v2\/media?parent=1205"}],"curies":[{"name":"wp","href":"https:\/\/api.w.org\/{rel}","templated":true}]}}