{"id":1209,"date":"2019-06-24T10:50:52","date_gmt":"2019-06-24T08:50:52","guid":{"rendered":"https:\/\/beta.suma-ev.de\/?page_id=1209"},"modified":"2019-06-24T10:52:24","modified_gmt":"2019-06-24T08:52:24","slug":"erpresser-droht-mit-google-herunterstufung","status":"publish","type":"page","link":"https:\/\/suma-ev.de\/en\/pressemitteilungen\/erpresser-droht-mit-google-herunterstufung\/","title":{"rendered":"Erpresser droht mit Google-Herunterstufung"},"content":{"rendered":"<h2 class=\"wp-block-heading\">Erpresser droht mit Google-Herunterstufung<\/h2>\n\n\n\n<p>Pressemitteilung, 21.12.2011<\/p>\n\n\n\n<p>Cyber-Kriminalit\u00e4t hat viele Facetten, die folgende scheint eine ganze <br>\nneue zu sein: Ein Online-Shop wird von einem Erpresser mit gezielter<br>\nHerabstufung in den Ergebnissen von Google bedroht.<\/p>\n\n\n\n<p>Am Dienstag, den 6.12. gegen 10 Uhr vormittags erhielt die Inhaberin<br> eines Online-Shops, die Mitglied im SUMA-EV 1) ist, einen anonymen<br> Anruf. Auf ihren Shop w\u00fcrden massenhaften &#8222;Badlinks&#8220; gesetzt werden &#8211;<br> im Originalton &#8222;von Adressen die Google nicht gefallen&#8220; &#8211; um dadurch<br> ihren Shop im Ranking auf eine schlechte Positionen zu verschieben bzw.<br> ganz aus dem Google Index zu verbannen. Die Summe, die der anonyme<br> Anrufer verlangte waren 5000 Euro.<\/p>\n\n\n\n<p>Ganz konkret geht es um den Online-Shop Holzspielzeug-Discount.de. Die<br>\nKriminalpolizei in Erlangen hat den Fall unter der Ermittlungsnummer<br>\nBY5760-006921-11\/5 \u00fcbernommen. Die Inhaberin des Shops hat bereits<br>\nbeobachtet, dass ihr Shop um einige Positionen nach hinten verschoben<br>\nist.<\/p>\n\n\n\n<p>In der Stellungnahme von Google zu diesem Fall wird auf den hauseigenen<br> Blog verwiesen, in dem zu dem Thema folgende Zeilen zu lesen sind 2):<\/p>\n\n\n\n<p>&#8222;Daher steht in unseren Richtlinien nicht mehr, dass es f\u00fcr Mitbewerber<br>\nunm\u00f6glich ist, anderen Mitbewerbern zu schaden. Stattdessen haben wir<br>\nhinzugef\u00fcgt, dass wir intensiv daran arbeiten, durch Mitbewerber<br>\nverursachte Sch\u00e4den zu vermeiden.&#8220;<\/p>\n\n\n\n<p>Wenn es &#8222;nicht unm\u00f6glich&#8220; ist, dann muss es also tats\u00e4chlich M\u00d6GLICH  <br>\nsein, auf die Weise anderen Webseiten-Betreibern und Online-Shops zu    <br>\nschaden \u2026<\/p>\n\n\n\n<p>1) <a href=\"http:\/\/suma-ev.de\/en\/\">http:\/\/suma-ev.de<\/a><\/p>\n\n\n\n<p>2) <a href=\"http:\/\/googlewebmastercentral-de.blogspot.com\/2011\/08\/kann-ich-fremde-spamlinks-zu-meiner.html\">http:\/\/googlewebmastercentral-de.blogspot.com\/2011\/08\/kann-ich-fremde-spamlinks-zu-meiner.html<\/a><\/p>\n\n\n\n<h2 class=\"wp-block-heading\">Wolfgang Sander-Beuermann<\/h2>\n\n\n\n<p>Dr. Wolfgang Sander-Beuermann                                                                  Tel.: 01520-2883048                                                                                         wsb@suma-ev.de<br>Gesch\u00e4ftsf\u00fchrer SuMa-eV <br>Leiter Suchmaschinenlabor  Leibniz Universit\u00e4t Hannover  www.metager.de<\/p>","protected":false},"excerpt":{"rendered":"<p>Erpresser droht mit Google-Herunterstufung Pressemitteilung, 21.12.2011 Cyber-Kriminalit\u00e4t hat viele Facetten, die folgende scheint eine ganze neue zu sein: Ein Online-Shop wird von einem Erpresser&#8230;<\/p>","protected":false},"author":4,"featured_media":0,"parent":265,"menu_order":0,"comment_status":"closed","ping_status":"closed","template":"","meta":{"footnotes":""},"class_list":["post-1209","page","type-page","status-publish","hentry"],"_links":{"self":[{"href":"https:\/\/suma-ev.de\/en\/wp-json\/wp\/v2\/pages\/1209","targetHints":{"allow":["GET"]}}],"collection":[{"href":"https:\/\/suma-ev.de\/en\/wp-json\/wp\/v2\/pages"}],"about":[{"href":"https:\/\/suma-ev.de\/en\/wp-json\/wp\/v2\/types\/page"}],"author":[{"embeddable":true,"href":"https:\/\/suma-ev.de\/en\/wp-json\/wp\/v2\/users\/4"}],"replies":[{"embeddable":true,"href":"https:\/\/suma-ev.de\/en\/wp-json\/wp\/v2\/comments?post=1209"}],"version-history":[{"count":2,"href":"https:\/\/suma-ev.de\/en\/wp-json\/wp\/v2\/pages\/1209\/revisions"}],"predecessor-version":[{"id":1213,"href":"https:\/\/suma-ev.de\/en\/wp-json\/wp\/v2\/pages\/1209\/revisions\/1213"}],"up":[{"embeddable":true,"href":"https:\/\/suma-ev.de\/en\/wp-json\/wp\/v2\/pages\/265"}],"wp:attachment":[{"href":"https:\/\/suma-ev.de\/en\/wp-json\/wp\/v2\/media?parent=1209"}],"curies":[{"name":"wp","href":"https:\/\/api.w.org\/{rel}","templated":true}]}}