{"id":1221,"date":"2019-06-24T11:04:13","date_gmt":"2019-06-24T09:04:13","guid":{"rendered":"https:\/\/beta.suma-ev.de\/?page_id=1221"},"modified":"2019-06-24T11:04:13","modified_gmt":"2019-06-24T09:04:13","slug":"glaube-hoffnung-liebe-bundestags-unterausschuss-google-versucht-sich-in-allgemeinplaetzen","status":"publish","type":"page","link":"https:\/\/suma-ev.de\/en\/pressemitteilungen\/glaube-hoffnung-liebe-bundestags-unterausschuss-google-versucht-sich-in-allgemeinplaetzen\/","title":{"rendered":"Glaube, Hoffnung, Liebe. Bundestags-Unterausschuss: Google versucht sich in Allgemeinpl\u00e4tzen"},"content":{"rendered":"<h2 class=\"wp-block-heading\">Glaube, Hoffnung, Liebe. Bundestags-Unterausschuss: Google versucht sich in Allgemeinpl\u00e4tzen<\/h2>\n\n\n\n<p>Pressemitteilung, 27.2.2012<\/p>\n\n\n\n<p>Bei der heutigen \u00f6ffentlichen Anh\u00f6rung im Bundestags-Unterausschuss Neue Medien erging sich Google vor allem in Allgemeinpl\u00e4tzen. Ein Zitat, nachzulesen bei Twitter, ist symptomatisch: &#8222;Unser (Google-)Ranking ist unbestechlich&#8220;. Das schallende Gel\u00e4chter der SEO-Branche war weithin \u00fcber die Lande zu h\u00f6ren.<\/p>\n\n\n\n<p>Unter dem Leitmotiv &#8222;Suchmaschinenneutralit\u00e4t&#8220; waren Vertreter von<br>\nGoogle, sowie der Zeitungs- und Zeitschriftenverb\u00e4nde als Experten<br>\neingeladen, zu dieser Frage Stellung zu nehmen. Man fragt sich, warum<br>\nhier keinerlei technisch-wissenschaftliche Kompetenz angeh\u00f6rt wurde.<\/p>\n\n\n\n<p>Der SUMA-EV hatte in einem Brief an den Unterausschuss in der<br>\nvergangenen Woche angeregt, den vagen Begriff der<br>\n&#8222;Suchmaschinenneutralit\u00e4t&#8220; durch Suchmaschinentransparenz zu ersetzen.<br>\nSUMA-EV Vorstand und Gesch\u00e4ftsf\u00fchrer Wolfgang Sander-Beuermann: &#8222;Es<br>\ngibt keine Neutralit\u00e4t: Es geht darum, dass sich demokratisch<br>\nlegitimierte Dritte vertraulich von der Konzeption des Algorithmus<br>\n\u00fcberzeugen k\u00f6nnen, also um eine begrenzte Transparenz. Es geht um das monopolistisch verwaltete Hirn der Wissensgesellschaft.&#8220;<\/p>\n\n\n\n<p>In seiner Stellungnahme hat Google u.a darauf verwiesen, nicht<br>\nNeutralit\u00e4t, sondern Nutzerrelevanz w\u00e4re das Auswahlkriterium. Und<br>\nGoogle w\u00e4re sozusagen der Sachwalter der Nutzerinteressen.<\/p>\n\n\n\n<p>Augenscheinlich wenig \u00fcberzeugt zeigten sich die Ausschussmitglieder.<br>\nJimmy Schulz nahm den SUMA-EV Begriff Suchmaschinentransparenz auf. <br>\nDr. Christoph Fiedler vom Verband Deutscher Zeitschriftenverleger<br>\nbrachte die Idee des Unbundlings von Suche und anderen Aktivit\u00e4ten auf.<\/p>\n\n\n\n<p>Google, so wurde aus den Ausf\u00fchrungen von Annette Kroeber-Riehl<br>\ndeutlich, versteht sich l\u00e4ngst nicht mehr als Suchmaschine, sondern als<br>\nWerbetreibender. H\u00f6chste Zeit, das hohe gesellschaftliche Gut &#8222;Wissen&#8220;<br>\ndem Return-on-Investment Denken des monopolistischen<br>\nOnlinewerbungskonzerns zu entziehen.<\/p>\n\n\n\n<p>Kontakt:<\/p>\n\n\n\n<p>Nikolaus Huss<br>\nSUMA-EV Hauptstadtb\u00fcro<br>\nGneisenaustr. 8      <br>\n10961 Berlin  <br>\nTel: +49 (30) 81827194<br>\nFax: +49 (30) 8182 7193<br>\nMobil: +49(1577)1944544<br>\nEMail: huss@suma-ev.de<\/p>\n\n\n\n<p>P.S.: Ein weiterer netter Tweet, der die Dinge ironisch auf den Punkt bringt; die Antwort auf die Frage, warum Google&#8217;s Angebote bei einer Google-Suche im Ranking immer am h\u00f6chsten bewertet werden:<br>\nJonas Westphal; @westphal schrieb:<br>\n&#8220;Haller: &#8222;Unsere Angebote sind die relevantesten&#8220;. Damit w\u00e4re die Relevanzfrage eindeutig gekl\u00e4rt. #uanm #google&#8220;<\/p>\n\n\n\n<p>P.P.S: Der Brief des SUMA-EV an den UA Neue Medien ist im http:\/\/blog.suma-ev.de archiviert:<br><a href=\"http:\/\/blog.suma-ev.de\/node\/190\"> http:\/\/blog.suma-ev.de\/node\/190<\/a><\/p>\n\n\n\n<p>Und hier die Tagesordnung der Sitzung: <a href=\"http:\/\/www.bundestag.de\/bundestag\/ausschuesse17\/a22\/a22_neue_medien\/tagesordnung\/a22_uanm_to18.pdf\">http:\/\/www.bundestag.de\/bundestag\/ausschuesse17\/a22\/a22_neue_medien\/tagesordnung\/a22_uanm_to18.pdf<\/a><br> <\/p>","protected":false},"excerpt":{"rendered":"<p>Glaube, Hoffnung, Liebe. Bundestags-Unterausschuss: Google versucht sich in Allgemeinpl\u00e4tzen Pressemitteilung, 27.2.2012 Bei der heutigen \u00f6ffentlichen Anh\u00f6rung im Bundestags-Unterausschuss Neue Medien erging sich Google vor&#8230;<\/p>","protected":false},"author":4,"featured_media":0,"parent":265,"menu_order":0,"comment_status":"closed","ping_status":"closed","template":"","meta":{"footnotes":""},"class_list":["post-1221","page","type-page","status-publish","hentry"],"_links":{"self":[{"href":"https:\/\/suma-ev.de\/en\/wp-json\/wp\/v2\/pages\/1221","targetHints":{"allow":["GET"]}}],"collection":[{"href":"https:\/\/suma-ev.de\/en\/wp-json\/wp\/v2\/pages"}],"about":[{"href":"https:\/\/suma-ev.de\/en\/wp-json\/wp\/v2\/types\/page"}],"author":[{"embeddable":true,"href":"https:\/\/suma-ev.de\/en\/wp-json\/wp\/v2\/users\/4"}],"replies":[{"embeddable":true,"href":"https:\/\/suma-ev.de\/en\/wp-json\/wp\/v2\/comments?post=1221"}],"version-history":[{"count":1,"href":"https:\/\/suma-ev.de\/en\/wp-json\/wp\/v2\/pages\/1221\/revisions"}],"predecessor-version":[{"id":1224,"href":"https:\/\/suma-ev.de\/en\/wp-json\/wp\/v2\/pages\/1221\/revisions\/1224"}],"up":[{"embeddable":true,"href":"https:\/\/suma-ev.de\/en\/wp-json\/wp\/v2\/pages\/265"}],"wp:attachment":[{"href":"https:\/\/suma-ev.de\/en\/wp-json\/wp\/v2\/media?parent=1221"}],"curies":[{"name":"wp","href":"https:\/\/api.w.org\/{rel}","templated":true}]}}