{"id":1225,"date":"2019-06-24T11:06:00","date_gmt":"2019-06-24T09:06:00","guid":{"rendered":"https:\/\/beta.suma-ev.de\/?page_id=1225"},"modified":"2019-06-24T11:06:00","modified_gmt":"2019-06-24T09:06:00","slug":"konferenz-fu-berlin-suma-ev-bloss-im-internet-alternativen","status":"publish","type":"page","link":"https:\/\/suma-ev.de\/en\/pressemitteilungen\/konferenz-fu-berlin-suma-ev-bloss-im-internet-alternativen\/","title":{"rendered":"Konferenz FU-Berlin &#038; SUMA-EV: Blo\u00df im Internet. Alternativen?"},"content":{"rendered":"<h2 class=\"wp-block-heading\">Konferenz FU-Berlin &amp; SUMA-EV: Blo\u00df im Internet. Alternativen?<\/h2>\n\n\n\n<p>SUMA-EV Pressemitteilung, 8.3.2012   <\/p>\n\n\n\n<p>SUMA-EV veranstaltet den ersten Kongress des Jahres 2012 zu<br> Alternativen im Internet zusammen mit der Datenschutzbeauftragten der<br> FU-Berlin; Programm und Details unter: <a href=\"http:\/\/suma-ev.de\/en\/SUMA-EV-22.3.12.pdf\/\">http:\/\/suma-ev.de\/SUMA-EV-22.3.12.pdf<\/a>. Die Teilnahme ist kostenfrei.<\/p>\n\n\n\n<p>Je mehr sich Nutzer des Internet auf wenige Anbieter beschr\u00e4nken, desto  <br>\nentbl\u00f6\u00dfter und gl\u00e4serner werden sie durch die Konzentration ihrer             <br>\nprivaten Daten bei wenigen Firmen. Darum ist es so wichtig,<br>\nAlternativen im Internet zu kennen und zu nutzen. Diesem Thema widmet          <br>\nsich prim\u00e4r der erste Kongress des SUMA-EV in 2012.              <\/p>\n\n\n\n<p>&#8220;&#8217;Neuer global Player im Suchmaschinengesch\u00e4ft: Yandex.com&#8220;&#8216;<\/p>\n\n\n\n<p>Als g\u00e4nzlich neuer Player in Westeuropa wird zu dieser Konferenz<br>\nerstmals die russische Suchmaschine yandex.com auftreten: Vladimir             <br>\nIvanov, Vice CIO von Yandex, wird &#8211; mit besonderem Bezug zum<br>\nDatenschutz &#8211; referieren zum Thema &#8222;Yandex and its Attitude to                <br>\nConfidentiality in Social Searching&#8220;. Yandex ist in Westeuropa bisher          <br>\nnoch weitgehend unbekannt, ist aber auf dem Sprung um als dritter            <br>\nglobal Player neben Google und Microsoft anzutreten; demn\u00e4chst wird die        <br>\nSuchmaschine yandex.com auch mit metager.de kooperieren. Yandex geh\u00f6rt<br>\nzu den f\u00fchrenden Suchmaschinen-Anbietern weltweit, hat jetzt bereits         <br>\nca. 3000 Mitarbeiter und Dependancen in vielen Teilen der Welt &#8211; bisher        <br>\nmeist unbemerkt. Letzteres wird sich drastisch \u00e4ndern.<\/p>\n\n\n\n<p>&#8220;&#8217;Relaunch und wissenschaftliche Einblicke&#8220;&#8216;<\/p>\n\n\n\n<p>Bisher gibt es unter den Nachrichten-Suchmaschinen kaum eine ernsthafte<br>\nAlternative zu Google. Auch das wird sich \u00e4ndern: Die Entwickler der<br>\nalternativen Nachrichten-Suchmaschine romso.de stellen einen Relaunch<br>\nmit g\u00e4nzlich neuer Darstellung und mit neuen Algorithmen vor.<\/p>\n\n\n\n<p>F\u00fcr die wissenschaftliche Suche pr\u00e4destiniert ist BASE, die &#8222;Bielefeld<br>\nAcademic Search Engine&#8220;; ein \u00dcberblick \u00fcber die M\u00f6glichkeiten von BASE<br>\nzeigt, was jenseits von Google in der wissenschaftlichen Suche noch<br>\nm\u00f6glich ist.<\/p>\n\n\n\n<p>Weiterhin:<\/p>\n\n\n\n<ul class=\"wp-block-list\"><li>Einblicke in die fortgeschrittenen Techniken des Data-Mining,  angefangen von der Marktforschung bis hin zur Strafverfolgung gibt die Firma informera.de<\/li><li>Die Aus- und Einwirkungen von IPv6 auf den Datenschutz stellt Lutz  Donnerhacke von der IKS GmbH dar.<br>\nDer Bundesbeauftragte f\u00fcr den Datenschutz, Peter Schaar, wird als<br>\nSchirmherr der Konferenz dann um 16.30 Uhr zum Thema &#8222;Die Neuaufteilung<br>\ndes Internet&#8220; Einblicke aus \u00fcbergeordneter Perspektive geben; die       <br>\nanschlie\u00dfende Diskussion befasst sich danach unter der \u00dcberschrift &#8222;Was<br>\nmachen wir blo\u00df?&#8220; mit konkreten Handlungsoptionen.<\/li><\/ul>\n\n\n\n<p>&#8220;&#8217;An die Datenschutzbeauftragten&#8220;&#8216;<\/p>\n\n\n\n<p>Die Veranstaltungen am Folgetag, Freitag 23.3. richten sich dann               <br>\ninsbesondere an die Datenschutzbeauftragten; einleitend referiert            <br>\nDr. Christian Grugel f\u00fcr das Bundesministerium f\u00fcr Ern\u00e4hrung,                  <br>\nLandwirtschaft und Verbraucherschutz zum Thema &#8222;Daten und Profile &#8211;   <br>\nWertsch\u00f6pfung in der Informationsgesellschaft&#8220;.<\/p>\n\n\n\n<p>Weitere Referate befassen sich mit neuen Internetdiensten des<br>\nDFN-Vereins, Dropboxen, Plagiatsoftware uam.<\/p>\n\n\n\n<p>Eine Anmeldung zur Konferenz ist erw\u00fcnscht, wenn Sie an beiden<br>\nTagen (22. und 23.3.12) teilnehmen wollen: dann formlose Anmeldung<br>\ndurch EMail an ds-tagung@rewiss.fu-berlin.de &#8211; ansonsten ist eine      <br>\nAnmeldung nicht notwendig.<\/p>\n\n\n\n<p>Sie finden das vollst\u00e4ndige Programm der Konferenz vom 22.\/23.3. unter<br>\n<\/p>\n\n\n\n<p><a href=\"http:\/\/suma-ev.de\/en\/SUMA-EV-22.3.12.pdf\/\">http:\/\/suma-ev.de\/SUMA-EV-22.3.12.pdf<\/a><\/p>\n\n\n\n<p>P.S.: SUMA-EV plant f\u00fcr Anfang Dezember 2012 einen zweiten Kongress, zum<br>\nThema &#8222;Positionen der gro\u00dfen Religionsgemeinschaften in der digitalen<br>\nWelt&#8220; &#8211; um \u00fcber die Probleme des Internets aus ganz anderer Sicht neu<br>\nzu diskutieren \u2026<\/p>\n\n\n\n<p>SUMA-EV Newsletter und Pressemitteilungen k\u00f6nnen Sie abonnieren unter: <a href=\"https:\/\/suma-ev.de\/en\/kontakt\/suma-ev-newsletter-bestellen.html\/\">http:\/\/www.suma-ev.de\/kontakt\/suma-ev-newsletter-bestellen.html  <\/a><\/p>\n\n\n\n<p>Kontakte:       <\/p>\n\n\n\n<p>Dr. Wolfgang Sander-Beuermann<br>\nSUMA-EV<br>\nVorstand und Gesch\u00e4ftsf\u00fchrer<br>\nPostfach 5361<br>\n30053 Hannover<br>\nTelefon: 01520-2883048<br>\nwsb@suma-ev.de<\/p>\n\n\n\n<p>Ingrid Pahlen-Brandt<br>\nBeh\u00f6rdliche Datenschutzbeauftragte<br>\nFreie Universit\u00e4t Berlin      <br>\nGrunewaldstra\u00dfe 34a<br>\n12165 Berlin<br>\nTelefon: 030 838-53669 oder -53636 (direkt)<br>\npahlen@zedat.fu-berlin.de<\/p>","protected":false},"excerpt":{"rendered":"<p>Konferenz FU-Berlin &amp; SUMA-EV: Blo\u00df im Internet. Alternativen? SUMA-EV Pressemitteilung, 8.3.2012 SUMA-EV veranstaltet den ersten Kongress des Jahres 2012 zu Alternativen im Internet zusammen&#8230;<\/p>","protected":false},"author":4,"featured_media":0,"parent":265,"menu_order":0,"comment_status":"closed","ping_status":"closed","template":"","meta":{"footnotes":""},"class_list":["post-1225","page","type-page","status-publish","hentry"],"_links":{"self":[{"href":"https:\/\/suma-ev.de\/en\/wp-json\/wp\/v2\/pages\/1225","targetHints":{"allow":["GET"]}}],"collection":[{"href":"https:\/\/suma-ev.de\/en\/wp-json\/wp\/v2\/pages"}],"about":[{"href":"https:\/\/suma-ev.de\/en\/wp-json\/wp\/v2\/types\/page"}],"author":[{"embeddable":true,"href":"https:\/\/suma-ev.de\/en\/wp-json\/wp\/v2\/users\/4"}],"replies":[{"embeddable":true,"href":"https:\/\/suma-ev.de\/en\/wp-json\/wp\/v2\/comments?post=1225"}],"version-history":[{"count":1,"href":"https:\/\/suma-ev.de\/en\/wp-json\/wp\/v2\/pages\/1225\/revisions"}],"predecessor-version":[{"id":1226,"href":"https:\/\/suma-ev.de\/en\/wp-json\/wp\/v2\/pages\/1225\/revisions\/1226"}],"up":[{"embeddable":true,"href":"https:\/\/suma-ev.de\/en\/wp-json\/wp\/v2\/pages\/265"}],"wp:attachment":[{"href":"https:\/\/suma-ev.de\/en\/wp-json\/wp\/v2\/media?parent=1225"}],"curies":[{"name":"wp","href":"https:\/\/api.w.org\/{rel}","templated":true}]}}