{"id":1228,"date":"2019-06-24T11:07:12","date_gmt":"2019-06-24T09:07:12","guid":{"rendered":"https:\/\/beta.suma-ev.de\/?page_id=1228"},"modified":"2019-06-24T11:07:12","modified_gmt":"2019-06-24T09:07:12","slug":"yandex-ab-sofort-auch-in-deutschland-auf-metager-de","status":"publish","type":"page","link":"https:\/\/suma-ev.de\/en\/pressemitteilungen\/yandex-ab-sofort-auch-in-deutschland-auf-metager-de\/","title":{"rendered":"Yandex ab sofort auch in Deutschland auf metager.de"},"content":{"rendered":"<h2 class=\"wp-block-heading\">Yandex ab sofort auch in Deutschland auf metager.de<\/h2>\n\n\n\n<p>Jetzt einfach besser suchen!<\/p>\n\n\n\n<p>Russische Suchmaschine Yandex ist ab sofort auch in Deutschland auf www.metager.de verf\u00fcgbar.<\/p>\n\n\n\n<p>In den deutschen Suchmaschinenmarkt kommt Bewegung: Die russische Suchmaschine Yandex ist ab sofort in die deutsche MetaGer.de integriert.  Wer Google misstraut, etwa, weil ihm von dort mehr und mehr eigene Angebote als Top-Ergebnisse pr\u00e4sentiert werden, hat jetzt eine unabh\u00e4ngige Alternative.  MetaGer integriert die Ergebnisse von rund 50 kleinen und gro\u00dfen Suchmaschinen.  Und die Suchmaschine l\u00e4sst sich an eigene W\u00fcnsche anpassen.<\/p>\n\n\n\n<p>Arkady Volozh, der 48-j\u00e4hrige Yandex-Gr\u00fcnder verfolgt eine Mission. Er will die Vielfalt wieder ins Internet zur\u00fcckbringen.  Mit einem eigenen Angebot ist Yandex voriges Jahr in der T\u00fcrkei gestartet, in Deutschland will er k\u00fcnftig \u00fcber MetaGer pr\u00e4sent sein.  Er tut das mit Erfolg: Yandex erwirtschaftete im gesamten Jahr 2011 einen Umsatz von 622 Millionen Dollar und einen Gewinn von 179.3 Millionen Dollar.<\/p>\n\n\n\n<p>&#8222;Jetzt sind wir mit unseren Suchergebnissen wieder Spitze! Und wir bieten dem deutschsprachigen Nutzer echte Entscheidungsm\u00f6glichkeiten\u201c, so Wolfgang Sander-Beuermann, Vorsitzender des deutschen SUMA-EV.  Die Historie der Suchmaschinen in Deutschlang ist lang, hat sich aber im deutschen F\u00f6rderdickicht verlaufen.  Der deutschen Technologiepolitik fehlte der Turbo risikokapitalgetriebener Unternehmen.  Mit Yandex im R\u00fccken startet MetaGer noch einmal durch: &#8222;Wir sind eine Alternative f\u00fcr alle, die Wert auf erstklassige Suchergebnisse legen!&#8220;.<\/p>\n\n\n\n<p>MetaGer und Yandex geh\u00f6ren beide zu den Pionieren im Suchmaschinenmarkt.  W\u00e4hrend die deutsche MetaGer im Suchmaschinenlabor des Regionalen Rechenzentrums f\u00fcr Niedersachsen (RRZN) an der Leibniz Universit\u00e4t Hannover entwickelt und betrieben wird, ging der russische Suchmaschinenpionier den marktwirtschaftlichen Weg.  Das Unternehmen, \u00fcber das DIE ZEIT im Januar unter dem Titel \u201eKleiner Gigant\u201c (<a href=\"http:\/\/www.zeit.de\/2012\/04\/Suchmaschine-Yandex\">http:\/\/www.zeit.de\/2012\/04\/Suchmaschine-Yandex<\/a>) berichtet hat, besch\u00e4ftigt rund 3500 Mitarbeiter und ging im Mai 2011 an die New Yorker Technologieb\u00f6rse Nasdaq.  Sie wird dort mit 8 bis 9 Milliarden Dollar bewertet.  Der Name Yandex kommt so einfach daher wie die Suchmaschine.  Yet ANother inDEX, noch eine weitere Suchmaschine, bedeutet die Abk\u00fcrzung des russischen Marktf\u00fchrers.<\/p>\n\n\n\n<p>Yandex hat seinen Sitz in Moskau und B\u00fcros in St. Petersburg, Jekaterinburg, Nowosibirsk, Kasan und Rostow am Don, sowie in der Ukraine, in Wei\u00dfrussland, in Amerika, in der Schweiz und in der T\u00fcrkei.  Yandex f\u00fchrt eine eigene &#8222;Schule f\u00fcr Datenanalyse\u201c und gemeinsam mit dem Moskauer Institut f\u00fcr Physik und Technologie ein entsprechendes Masterprogramm.  Nicht zuletzt weil es in die Ausbildung der Fachleute investiert, kann sich Yandex an einem Markt mit derart starker Konkurrenz erfolgreich behaupten.<\/p>\n\n\n\n<p>Weitere Informationen: <\/p>\n\n\n\n<p>SUMA-EV<\/p>\n\n\n\n<p>Hauptstadtb\u00fcro, Presse<br>\nNikolaus Huss, Gneisenaustr. 8, 10961 Berlin<br>\nTel: +49 (30) 8182 7194<br>\nFax: +49 (30) 8182 7193<br>\nMobil: +49(1577)1944544<br>\neMail: huss@suma-ev.de<\/p>\n\n\n\n<p>Vorstand und Gesch\u00e4ftsf\u00fchrer<br>\nDr. Wolfgang Sander-Beuermann<br>\nc\/o RRZN, Leibniz Universit\u00e4t Hannover<br>\nSchlo\u00dfwenderstr. 5, 30159 Hannover<br>\nTel: +49 (511) 762 4383<br>\nMobil: +49(1520)2883048<br>\neMail: wsb@suma-ev.de<\/p>\n\n\n\n<p>SUMA-EV Newsletter und Pressemitteilungen k\u00f6nnen Sie abonnieren unter:  <a href=\"https:\/\/suma-ev.de\/en\/kontakt\/suma-ev-newsletter-bestellen.html\/\">http:\/\/www.suma-ev.de\/kontakt\/suma-ev-newsletter-bestellen.html<\/a><\/p>","protected":false},"excerpt":{"rendered":"<p>Yandex ab sofort auch in Deutschland auf metager.de Jetzt einfach besser suchen! Russische Suchmaschine Yandex ist ab sofort auch in Deutschland auf www.metager.de verf\u00fcgbar&#8230;.<\/p>","protected":false},"author":4,"featured_media":0,"parent":265,"menu_order":0,"comment_status":"closed","ping_status":"closed","template":"","meta":{"footnotes":""},"class_list":["post-1228","page","type-page","status-publish","hentry"],"_links":{"self":[{"href":"https:\/\/suma-ev.de\/en\/wp-json\/wp\/v2\/pages\/1228","targetHints":{"allow":["GET"]}}],"collection":[{"href":"https:\/\/suma-ev.de\/en\/wp-json\/wp\/v2\/pages"}],"about":[{"href":"https:\/\/suma-ev.de\/en\/wp-json\/wp\/v2\/types\/page"}],"author":[{"embeddable":true,"href":"https:\/\/suma-ev.de\/en\/wp-json\/wp\/v2\/users\/4"}],"replies":[{"embeddable":true,"href":"https:\/\/suma-ev.de\/en\/wp-json\/wp\/v2\/comments?post=1228"}],"version-history":[{"count":1,"href":"https:\/\/suma-ev.de\/en\/wp-json\/wp\/v2\/pages\/1228\/revisions"}],"predecessor-version":[{"id":1229,"href":"https:\/\/suma-ev.de\/en\/wp-json\/wp\/v2\/pages\/1228\/revisions\/1229"}],"up":[{"embeddable":true,"href":"https:\/\/suma-ev.de\/en\/wp-json\/wp\/v2\/pages\/265"}],"wp:attachment":[{"href":"https:\/\/suma-ev.de\/en\/wp-json\/wp\/v2\/media?parent=1228"}],"curies":[{"name":"wp","href":"https:\/\/api.w.org\/{rel}","templated":true}]}}