{"id":1231,"date":"2019-06-24T11:30:14","date_gmt":"2019-06-24T09:30:14","guid":{"rendered":"https:\/\/beta.suma-ev.de\/?page_id=1231"},"modified":"2019-06-24T11:30:14","modified_gmt":"2019-06-24T09:30:14","slug":"suma-awards-2012-fuer-ein-miteinander-in-der-digitalen-zukunft","status":"publish","type":"page","link":"https:\/\/suma-ev.de\/en\/pressemitteilungen\/suma-awards-2012-fuer-ein-miteinander-in-der-digitalen-zukunft\/","title":{"rendered":"SUMA Awards 2012: f\u00fcr ein Miteinander in der digitalen Zukunft"},"content":{"rendered":"<h2 class=\"wp-block-heading\">SUMA Awards 2012: f\u00fcr ein Miteinander in der digitalen Zukunft<\/h2>\n\n\n\n<p>SUMA-EV Pressemitteilung, 4.9.2012<\/p>\n\n\n\n<p>Die SUMA Awards pr\u00e4mieren Projekte und Arbeiten, die f\u00fcr die Zukunft des digitalen Wissens von herausragender Bedeutung sind: Neue Ideen, neue Sichtweisen und Einsichten. Darstellungen, Programme, Informations- und Wissensstr\u00f6me, die es bisher noch nicht gab.<\/p>\n\n\n\n<p>In diesem Jahr wird der SUMA Award zum f\u00fcnften Mal im Rahmen eines SUMA-EV Kongresses am 4.12.2012 in Hannover verliehen; diesmal jedoch zu einem f\u00fcr den SUMA-EV eigentlich eher untypischen Thema, welches diese Veranstaltung zu einem besonderen Kongress werden l\u00e4\u00dft:<\/p>\n\n\n\n<p><strong>Positionen der gro\u00dfen Religionsgemeinschaften in der digitalen Welt<\/strong><\/p>\n\n\n\n<p>Veranstalter ist der SUMA-EV &#8211; Verein f\u00fcr freien Wissenszugang, in Kooperation mit dem Lutherischen Verlagshaus, dem Verlag der Evangelisch-lutherischen Landeskirche Hannovers, und dem Haus der Religionen in Hannover.  Die Laudatio zur Verleihung des Award wird Landesbischof Ralf Meister halten.  Er wird zu diesem Anlass eine Arbeit oder ein Projekt im Internet auszeichnen, welches sich um die interreligi\u00f6se Verst\u00e4ndigung, Kooperation und Freundschaft verdient gemacht hat und welches f\u00fcr die Zukunft der digitalen Interreligiosit\u00e4t positive Zeichen setzt.  Der Preis ist mit 2.500,-EUR dotiert.<\/p>\n\n\n\n<p>Die Bewerbungen und Vorschl\u00e4ge m\u00fcssen bis zum 31.10.2012 erfolgen. Jede\/r Internet-Nutzer\/in kann sie einreichen &#8211; nat\u00fcrlich auch diejenigen, die an einem m\u00f6glicherweise preisw\u00fcrdigen Projekt arbeiten. Ein Vorschlag muss mindestens die Webadresse (URL) eines Projektes oder einer Arbeit enthalten. Dar\u00fcber hinaus ist eine Kurzbeschreibung des Projekts (ca. eine Seite DIN A4) hilfreich, die begr\u00fcndet, warum gerade diese Arbeit geeignet erscheint.<\/p>\n\n\n\n<p>Bitte schicken Sie Ihre Vorschl\u00e4ge und Bewerbungen per E-Mail an: awards@suma-ev.de<\/p>\n\n\n\n<p>Weitere Einzelheiten finden Sie unter <a href=\"http:\/\/suma-awards.de\/\">http:\/\/suma-awards.de\/<\/a><\/p>\n\n\n\n<p>Auch Anmeldungen f\u00fcr den Kongress, der am 4.12.2012 in Hannover im Haus der Religionen <a href=\"http:\/\/haus-der-religionen.de\">http:\/\/haus-der-religionen.de<\/a> stattfindet, sind ab sofort m\u00f6glich unter anmeldung@suma-ev.de (Kostenbeitrag 15,-EUR).  Das detaillierte Programm des Kongresses erscheint im Oktober.  Der Kongress wird wissenschaftlich begleitet von dem international renommierten Religionswissenschaftler Prof.Dr.Dr. Peter Antes.<\/p>\n\n\n\n<p>Weitere Informationen:<\/p>\n\n\n\n<p>Vorstand und Gesch\u00e4ftsf\u00fchrer SUMA-EV<br>\nDr. Wolfgang Sander-Beuermann<br>\nPostfach 5361, 30053 Hannover<br>\nTel: +49 (511) 762 4383<br>\nMobil: +49(1520)2883048<br>\neMail: wsb@suma-ev.de<\/p>\n\n\n\n<p>SUMA-EV Newsletter und Pressemitteilungen k\u00f6nnen Sie abonnieren unter:  <a href=\"https:\/\/suma-ev.de\/en\/kontakt\/suma-ev-newsletter-bestellen.html\/\">http:\/\/www.suma-ev.de\/kontakt\/suma-ev-newsletter-bestellen.html<\/a><\/p>","protected":false},"excerpt":{"rendered":"<p>SUMA Awards 2012: f\u00fcr ein Miteinander in der digitalen Zukunft SUMA-EV Pressemitteilung, 4.9.2012 Die SUMA Awards pr\u00e4mieren Projekte und Arbeiten, die f\u00fcr die Zukunft&#8230;<\/p>","protected":false},"author":4,"featured_media":0,"parent":265,"menu_order":0,"comment_status":"closed","ping_status":"closed","template":"","meta":{"footnotes":""},"class_list":["post-1231","page","type-page","status-publish","hentry"],"_links":{"self":[{"href":"https:\/\/suma-ev.de\/en\/wp-json\/wp\/v2\/pages\/1231","targetHints":{"allow":["GET"]}}],"collection":[{"href":"https:\/\/suma-ev.de\/en\/wp-json\/wp\/v2\/pages"}],"about":[{"href":"https:\/\/suma-ev.de\/en\/wp-json\/wp\/v2\/types\/page"}],"author":[{"embeddable":true,"href":"https:\/\/suma-ev.de\/en\/wp-json\/wp\/v2\/users\/4"}],"replies":[{"embeddable":true,"href":"https:\/\/suma-ev.de\/en\/wp-json\/wp\/v2\/comments?post=1231"}],"version-history":[{"count":2,"href":"https:\/\/suma-ev.de\/en\/wp-json\/wp\/v2\/pages\/1231\/revisions"}],"predecessor-version":[{"id":1234,"href":"https:\/\/suma-ev.de\/en\/wp-json\/wp\/v2\/pages\/1231\/revisions\/1234"}],"up":[{"embeddable":true,"href":"https:\/\/suma-ev.de\/en\/wp-json\/wp\/v2\/pages\/265"}],"wp:attachment":[{"href":"https:\/\/suma-ev.de\/en\/wp-json\/wp\/v2\/media?parent=1231"}],"curies":[{"name":"wp","href":"https:\/\/api.w.org\/{rel}","templated":true}]}}