{"id":1236,"date":"2019-06-24T11:31:39","date_gmt":"2019-06-24T09:31:39","guid":{"rendered":"https:\/\/beta.suma-ev.de\/?page_id=1236"},"modified":"2019-06-24T11:31:50","modified_gmt":"2019-06-24T09:31:50","slug":"das-anliegen-bettina-wulffs-ist-berechtigt","status":"publish","type":"page","link":"https:\/\/suma-ev.de\/en\/pressemitteilungen\/das-anliegen-bettina-wulffs-ist-berechtigt\/","title":{"rendered":"Das Anliegen Bettina Wulffs ist berechtigt"},"content":{"rendered":"<h2 class=\"wp-block-heading\">Das Anliegen Bettina Wulffs ist berechtigt<\/h2>\n\n\n\n<p>SUMA-EV Pressemitteilung, 10.9.2012<\/p>\n\n\n\n<p>&#8220;&#8217;SUMA-EV schl\u00e4gt Regelung nach \u00d6sterreichs Vorbild vor&#8220;&#8216;<\/p>\n\n\n\n<p>Das Anliegen Bettina Wulffs, nicht weiter mit unbewiesenen und  rufsch\u00e4digenden Suchvorschl\u00e4gen konfrontiert zu werden, ist berechtigt, so Wolfgang Sander-Beuermann, Vorstand und Gesch\u00e4ftsf\u00fchrer des SUMA-EV, dem Verein f\u00fcr freien Wissenszugang.  Die Forderung an Google ist in diesem Falle technisch sehr einfach machbar und sollte umgesetzt werden. <\/p>\n\n\n\n<p>Allerdings fordert der Verband, der u.a. mit metager.de selbst eine Suchmaschine betreibt, ein geordnetes Verfahren f\u00fcr entsprechende  Ausnahmeregelungen: \u201eEs kann nicht sein, dass globale Quasimonopole in Gutsherrenmanier entscheiden, was rechtens ist\u201c. Der SUMA-EV hat deshalb bereits eine Liste von Vorschl\u00e4gen unterbreitet und auf Konferenzen vorgestellt, wie die Macht der Monopole im Internet begrenzt werden kann    (<a href=\"http:\/\/blog.suma-ev.de\/node\/193\">http:\/\/blog.suma-ev.de\/node\/193<\/a>). \u201e\u00d6sterreich macht mit seinem Internet Ombudsmann (<a href=\"http:\/\/www.ombudsmann.at\">http:\/\/www.ombudsmann.at<\/a>) vor, wie so etwas geht.\u201c Voraussetzung f\u00fcr ein Eingreifen des Ombudsmanns w\u00e4re allerdings ein geregelter Rechtsrahmen.     <\/p>\n\n\n\n<p>Im Falle Bettina Wulffs, die sich jetzt auch gerichtlich gegen entsprechende Behauptungen wehrt, ist der Fall klar. Schwieriger, so Sander-Beuermann, ist der Fall, wenn Ger\u00fcchte einfach weitergetragen werden: \u201eWatzlawicks Satz, man kann nicht nicht kommunizieren\u201c, wird hier in ganzer Brutalit\u00e4t sichtbar. Sander-Beuermann kann sich vorstellen, dass der Beschwerdef\u00fchrer in einem vertraulichen Verfahren auch \u00fcber eine eidesstattliche Erkl\u00e4rung versichern kann, dass entsprechende Ger\u00fcchte falsch sind und dies in einem ersten Schritt gen\u00fcgt, um entsprechende Antwortvorschl\u00e4ge zu unterbinden. Aber, so Sander-Beuermann: \u201eUns ist  bewu\u00dft, dass wir hier in eine sehr schwierige Diskussion eintreten. Dabei spielen drei ganz unterschiedliche Fragen eine Rolle: Was ist machbar, was ist erw\u00fcnscht und auf welcher Ebene, national, europ\u00e4isch, international, kann das geregelt werden.\u201c Das Recht des Einzelnen m\u00fcsse hier sorgf\u00e4ltig mit dem Recht der \u00d6ffentlichkeit auf freien Informationszugang abgewogen werden.<\/p>\n\n\n\n<p>\u201eDer Grat zwischen einem Informationszugang und einem Denunziationszugang ist schmal\u201c, so Sander-Beuermann abschlie\u00dfend.<\/p>\n\n\n\n<p>Update: <a href=\"http:\/\/www.stuttgarter-zeitung.de\/inhalt.google-und-bettina-wulff-warum-google-auf-stur-schaltet-ist-ein-raetsel.10bfd500-d28a-49a2-9dc6-8a6778e7abc0.html\">Interview dazu mit Wolfgang Sander-Beuermann, Vorstand und Gesch\u00e4ftsf\u00fchrer des SUMA-EV, in den Stuttgarter Nachrichten<\/a><\/p>\n\n\n\n<p>SUMA-EV Newsletter und Pressemitteilungen k\u00f6nnen Sie abonnieren unter:  <a href=\"https:\/\/suma-ev.de\/en\/kontakt\/suma-ev-newsletter-bestellen.html\/\">http:\/\/www.suma-ev.de\/kontakt\/suma-ev-newsletter-bestellen.html<\/a><\/p>\n\n\n\n<p>Hauptstadtb\u00fcro, Presse<br>\nNikolaus Huss, Gneisenaustr. 8, 10961 Berlin                                   <br>\nTel: +49 (30) 8182 7194<br>\nFax: +49 (30) 8182 7193<br>\nMobil: +49(1577)1944544<br>\neMail: huss@suma-ev.de<\/p>","protected":false},"excerpt":{"rendered":"<p>Das Anliegen Bettina Wulffs ist berechtigt SUMA-EV Pressemitteilung, 10.9.2012 &#8220;&#8217;SUMA-EV schl\u00e4gt Regelung nach \u00d6sterreichs Vorbild vor&#8220;&#8216; Das Anliegen Bettina Wulffs, nicht weiter mit unbewiesenen&#8230;<\/p>","protected":false},"author":4,"featured_media":0,"parent":265,"menu_order":0,"comment_status":"closed","ping_status":"closed","template":"","meta":{"footnotes":""},"class_list":["post-1236","page","type-page","status-publish","hentry"],"_links":{"self":[{"href":"https:\/\/suma-ev.de\/en\/wp-json\/wp\/v2\/pages\/1236","targetHints":{"allow":["GET"]}}],"collection":[{"href":"https:\/\/suma-ev.de\/en\/wp-json\/wp\/v2\/pages"}],"about":[{"href":"https:\/\/suma-ev.de\/en\/wp-json\/wp\/v2\/types\/page"}],"author":[{"embeddable":true,"href":"https:\/\/suma-ev.de\/en\/wp-json\/wp\/v2\/users\/4"}],"replies":[{"embeddable":true,"href":"https:\/\/suma-ev.de\/en\/wp-json\/wp\/v2\/comments?post=1236"}],"version-history":[{"count":1,"href":"https:\/\/suma-ev.de\/en\/wp-json\/wp\/v2\/pages\/1236\/revisions"}],"predecessor-version":[{"id":1237,"href":"https:\/\/suma-ev.de\/en\/wp-json\/wp\/v2\/pages\/1236\/revisions\/1237"}],"up":[{"embeddable":true,"href":"https:\/\/suma-ev.de\/en\/wp-json\/wp\/v2\/pages\/265"}],"wp:attachment":[{"href":"https:\/\/suma-ev.de\/en\/wp-json\/wp\/v2\/media?parent=1236"}],"curies":[{"name":"wp","href":"https:\/\/api.w.org\/{rel}","templated":true}]}}