{"id":1241,"date":"2019-06-24T11:50:31","date_gmt":"2019-06-24T09:50:31","guid":{"rendered":"https:\/\/beta.suma-ev.de\/?page_id=1241"},"modified":"2019-06-24T11:51:22","modified_gmt":"2019-06-24T09:51:22","slug":"positionen-der-grossen-religionsgemeinschaften-in-der-digitalen-welt","status":"publish","type":"page","link":"https:\/\/suma-ev.de\/en\/pressemitteilungen\/positionen-der-grossen-religionsgemeinschaften-in-der-digitalen-welt\/","title":{"rendered":"Positionen der gro\u00dfen Religionsgemeinschaften in der digitalen Welt"},"content":{"rendered":"<h2 class=\"wp-block-heading\">Positionen der gro\u00dfen Religionsgemeinschaften in der digitalen Welt<\/h2>\n\n\n\n<p>In einer Welt, in der sich permanent Ma\u00dfst\u00e4be verschieben, sind Positionen unsicher geworden. In der digitalen Welt sind Ma\u00dfst\u00e4be bisher sogar noch  kaum vorhanden &#8211; auch Rechtsnormen sind in weiten Teilen erst in der Findungsphase &#8211; sichere Positionen gibt es nicht. <\/p>\n\n\n\n<p>Gefragt sind Wegweiser eines ethisch\u00ad-moralischen Handelns f\u00fcr alte und neue Strukturen im Internet.  Wer w\u00e4re dazu berufener als Vertreter der Religionsgemeinschaften?  Wie gehen die Experten und \u201eMainstream\u201c Portale mit der aktuellen Situation um?  Wie erfolgreich sind fundamentalistische Plattformen?  Welche Chancen haben liberale Glaubensrichtungen im Netz?  <\/p>\n\n\n\n<p>Zu diesen Themen haben wir Referenten und Diskutanten u.a. aus den drei monotheistischen Religionsgemeinschaften eingeladen.  Der Kongress wird wissenschaftlich begleitet von dem international renommierten Religionswissenschaftler Prof.Dr.Dr.  Peter Antes.  Der Landesbischof der Evangelisch\u00adlutherischen Landeskirche Hannovers, Ralf Meister, wird die  Laudatio f\u00fcr den SUMA Award 2012 halten.<\/p>\n\n\n\n<p>Sie finden diese Ank\u00fcndigung in erweiterter Form auch als PDF-Datei:<br><a href=\"http:\/\/suma-ev.de\/en\/positionen-religio.pdf\/\"> http:\/\/suma-ev.de\/positionen-religio.pdf<\/a><\/p>\n\n\n\n<p><strong>Wann und wo:<\/strong><\/p>\n\n\n\n<ul class=\"wp-block-list\"><li>Zeit: Dienstag, 4.12.2012 &#8211; 10 bis 17 Uhr<\/li><li>Ort:  30173 Hannover, B\u00f6hmerstr. 8, Haus der Religionen<\/li><li>Anmeldung: Per formloser EMail an anmeldung@suma-ev.de  (oder telefonisch 01520-2883048)<br>\nVeranstalter: SUMA-EV in Kooperation mit dem Lutherischen Verlagshaus &#8211; dem Verlag der Evangelisch\u00adlutherischen Landeskirche Hannovers -\u00ad und dem Haus  der Religionen.<\/li><\/ul>\n\n\n\n<p><strong>Programm:<\/strong><\/p>\n\n\n\n<p>10.00 &#8211; 10.15: Beginn &#8211; Anmeldung und Begr\u00fc\u00dfungskaffee<\/p>\n\n\n\n<p>10.15 -\u00ad10.30: Begr\u00fc\u00dfung:<\/p>\n\n\n\n<ul class=\"wp-block-list\"><li>Prof. Dr. Wolfgang Reinbold f\u00fcr das &#8222;Haus der Religionen&#8220;<\/li><li>Dr. Wolfgang Sander-Beuermann f\u00fcr den SUMA-EV<\/li><li>Christof Vetter f\u00fcr das Lutherische Verlagshaus<br>\n10.30 &#8211; 12.30: Vortr\u00e4ge: Fundamentalismus im Internet<\/li><li>Prof. Dr. Kerstin Radde\u00ad-Antweiler: Die Ausbreitung von religi\u00f6sem<br>\n Extremismus im Internet<\/li><li>Henriette Fiebig, Wikipedia: Der Umgang mit Extrempositionen bei Wikipedia<br>\n12.30 -\u00ad13.30: Mittagspause<\/li><\/ul>\n\n\n\n<p>13.30 &#8211; 15.30: Podiums-\u00adund Plenumsdiskussion: Schwierigkeiten und Chancen moderner Internetpr\u00e4senzen, moderiert von Prof. Dr. Dr. Peter Antes mit<\/p>\n\n\n\n<ul class=\"wp-block-list\"><li>Hanno Terbuyken (Portalleiter evangelisch.de)<\/li><li>Dr. David Hober (Gesch\u00e4ftsf\u00fchrung katholisch.de)<\/li><li>Dr. Kathrin Klausing (Dozentin f\u00fcr Islamische Theologie)<\/li><li>Christian-\u00adOliver Moser (Vertreter des Zentralrats der Juden in<br>\n Medien\u00ad und Onlinerechten)<\/li><li>und Stellungnahmen der Vortragenden vom Vormittag<br>\n15.30 &#8211; 16.00: Kaffeepause<\/li><\/ul>\n\n\n\n<p>16.00 &#8211; 17.00: Verleihung des SUMA Award 2012 &#8211; Preis f\u00fcr ein Internetprojekt, welches sich um die interreligi\u00f6se Verst\u00e4ndigung,   Kooperation und Freundschaft verdient gemacht hat<\/p>\n\n\n\n<ul class=\"wp-block-list\"><li>Vorstellung des pr\u00e4mierten Projektes durch den\/die Preistr\u00e4ger<\/li><li>Laudatio: Landesbischof Ralf Meister<br> Die Bewerbungsfrist f\u00fcr den mit 2.500,- EUR dotierten SUMA Award 2012 l\u00e4uft bis zum 31.10.12.  Jede\/r kann Vorschl\u00e4ge einreichen, per EMail an: awards@suma\u00adev.de. Details unter <a href=\"http:\/\/suma-awards.de\">http:\/\/suma-awards.de<\/a>.<\/li><\/ul>\n\n\n\n<p>Kostenbeitrag (inkl. Mittagessen und Kaffee): 15,-\u00adEUR bitte bei Ankunft in bar bereit halten.<\/p>\n\n\n\n<p>Sie finden diese Ank\u00fcndigung in erweiterter Form auch als PDF-Datei unter:<br><a href=\"http:\/\/suma-ev.de\/en\/positionen-religio.pdf\/\"> http:\/\/suma-ev.de\/positionen-religio.pdf<\/a><\/p>\n\n\n\n<p>Weitere Informationen:<\/p>\n\n\n\n<p>Vorstand und Gesch\u00e4ftsf\u00fchrer SUMA-EV<br>\nDr. Wolfgang Sander-Beuermann<br>\nPostfach 5361, 30053 Hannover<br>\nTel: +49(1520)2883048<br>\neMail: wsb@suma-ev.de<\/p>","protected":false},"excerpt":{"rendered":"<p>Positionen der gro\u00dfen Religionsgemeinschaften in der digitalen Welt In einer Welt, in der sich permanent Ma\u00dfst\u00e4be verschieben, sind Positionen unsicher geworden. In der digitalen&#8230;<\/p>","protected":false},"author":4,"featured_media":0,"parent":265,"menu_order":0,"comment_status":"closed","ping_status":"closed","template":"","meta":{"footnotes":""},"class_list":["post-1241","page","type-page","status-publish","hentry"],"_links":{"self":[{"href":"https:\/\/suma-ev.de\/en\/wp-json\/wp\/v2\/pages\/1241","targetHints":{"allow":["GET"]}}],"collection":[{"href":"https:\/\/suma-ev.de\/en\/wp-json\/wp\/v2\/pages"}],"about":[{"href":"https:\/\/suma-ev.de\/en\/wp-json\/wp\/v2\/types\/page"}],"author":[{"embeddable":true,"href":"https:\/\/suma-ev.de\/en\/wp-json\/wp\/v2\/users\/4"}],"replies":[{"embeddable":true,"href":"https:\/\/suma-ev.de\/en\/wp-json\/wp\/v2\/comments?post=1241"}],"version-history":[{"count":2,"href":"https:\/\/suma-ev.de\/en\/wp-json\/wp\/v2\/pages\/1241\/revisions"}],"predecessor-version":[{"id":1244,"href":"https:\/\/suma-ev.de\/en\/wp-json\/wp\/v2\/pages\/1241\/revisions\/1244"}],"up":[{"embeddable":true,"href":"https:\/\/suma-ev.de\/en\/wp-json\/wp\/v2\/pages\/265"}],"wp:attachment":[{"href":"https:\/\/suma-ev.de\/en\/wp-json\/wp\/v2\/media?parent=1241"}],"curies":[{"name":"wp","href":"https:\/\/api.w.org\/{rel}","templated":true}]}}