{"id":1246,"date":"2019-06-24T12:00:42","date_gmt":"2019-06-24T10:00:42","guid":{"rendered":"https:\/\/beta.suma-ev.de\/?page_id=1246"},"modified":"2019-06-24T12:00:42","modified_gmt":"2019-06-24T10:00:42","slug":"kongress-positionen-religionen-und-suma-award-2012","status":"publish","type":"page","link":"https:\/\/suma-ev.de\/en\/pressemitteilungen\/kongress-positionen-religionen-und-suma-award-2012\/","title":{"rendered":"Kongress: Positionen &#8211; Religionen und SUMA Award 2012"},"content":{"rendered":"<h2 class=\"wp-block-heading\">Kongress: Positionen &#8211; Religionen und SUMA Award 2012<\/h2>\n\n\n\n<p>Zwei Events in einer Veranstaltung: Am Dienstag, den 4. Dezember 2012, laden wir ein, unseren SUMA-EV Kongress zum Thema &#8222;Positionen der gro\u00dfen Religionsgemeinschaften in der digitalen Welt&#8220; zu besuchen.  Im Rahmen der Veranstaltung verleihen wir seit 2007 zum f\u00fcnften Mal den SUMA Award; ein Preis f\u00fcr Arbeiten, die f\u00fcr die Zukunft des digitalen Wissens Herausragendes leisten.  In diesem Jahr geht der Preis an ein Projekt, das sich um die      interreligi\u00f6se Verst\u00e4ndigung in der digitalen Welt verdient gemacht hat. Die Laudatio h\u00e4lt Ralf Meister, Landesbischof der Evangelisch lutherischen Landeskirche Hannover.<\/p>\n\n\n\n<p>Zum Kongress &#8222;Positionen der gro\u00dfen Religionsgemeinschaften in der digitalen Welt&#8220; diskutieren bekannte Pers\u00f6nlichkeiten; u.a. nehmen teil:                  <\/p>\n\n\n\n<ul class=\"wp-block-list\"><li>Prof. Dr. Dr. Peter Antes, lehrte bis 2012 Religionswissenschaft an der Leibniz Universit\u00e4t in Hannover und ist ein international anerkannter Autor und Experte.<\/li><li>Dr. David Hober, Gesch\u00e4ftsf\u00fchrer von katholisch.de. und ehemaliger Leiter des Referats H\u00f6rfunk\/Fernsehen im Sekretariat der Deutschen Bischofskonferenz.<\/li><li>Hanno Terbuyken, Portalleiter von evangelisch.de, Diplomjournalist und Historiker.<br>\nAls Referentinnen nehmen teil: <\/li><li>Prof. Dr. Kerstin Radde Antweiler, Professorin f\u00fcr &#8222;Literaturen und Medien der Religionen&#8220; am Institut f\u00fcr  Religionswissenschaft\/p\u00e4dagogik an der Universit\u00e4t Bremen und <\/li><li>Henriette Fiebig, Mitglied des Gr\u00fcndungsvorstands Wikimedia Deutschland, Autorin und Administratorin in der deutschen Wikipedia.<br>\nWir freuen uns, wenn Sie den Kongresstermin in Ihren Veranstaltungsteil aufnehmen.  Bitte informieren Sie uns, wenn Sie den SUMA-Kongress im Rahmen Ihrer Berichterstattung besuchen m\u00f6chten (kurze, formlose EMail an anmeldung@suma-ev.de).  Bei Berichterstattung freuen wir uns \u00fcber ein Belegexemplar.<\/li><\/ul>\n\n\n\n<p>Ansprechpartner:<br>\nDr. Wolfgang Sander-Beuermann<br>\nSUMA-EV &#8211; Verein f\u00fcr freien Wissenszugang<br>\nR\u00f6selerstr. 3<br>\n30159 Hannover<\/p>\n\n\n\n<p>Tel: 0511 &#8211; 34 00 00 71<br>\nEMail: wsb@suma-ev.de<\/p>\n\n\n\n<p>Attachment: Flyer <a href=\"http:\/\/suma-ev.de\/en\/positionen-religio.pdf\/\">http:\/\/suma-ev.de\/positionen-religio.pdf<\/a><\/p>","protected":false},"excerpt":{"rendered":"<p>Kongress: Positionen &#8211; Religionen und SUMA Award 2012 Zwei Events in einer Veranstaltung: Am Dienstag, den 4. Dezember 2012, laden wir ein, unseren SUMA-EV&#8230;<\/p>","protected":false},"author":4,"featured_media":0,"parent":265,"menu_order":0,"comment_status":"closed","ping_status":"closed","template":"","meta":{"footnotes":""},"class_list":["post-1246","page","type-page","status-publish","hentry"],"_links":{"self":[{"href":"https:\/\/suma-ev.de\/en\/wp-json\/wp\/v2\/pages\/1246","targetHints":{"allow":["GET"]}}],"collection":[{"href":"https:\/\/suma-ev.de\/en\/wp-json\/wp\/v2\/pages"}],"about":[{"href":"https:\/\/suma-ev.de\/en\/wp-json\/wp\/v2\/types\/page"}],"author":[{"embeddable":true,"href":"https:\/\/suma-ev.de\/en\/wp-json\/wp\/v2\/users\/4"}],"replies":[{"embeddable":true,"href":"https:\/\/suma-ev.de\/en\/wp-json\/wp\/v2\/comments?post=1246"}],"version-history":[{"count":1,"href":"https:\/\/suma-ev.de\/en\/wp-json\/wp\/v2\/pages\/1246\/revisions"}],"predecessor-version":[{"id":1248,"href":"https:\/\/suma-ev.de\/en\/wp-json\/wp\/v2\/pages\/1246\/revisions\/1248"}],"up":[{"embeddable":true,"href":"https:\/\/suma-ev.de\/en\/wp-json\/wp\/v2\/pages\/265"}],"wp:attachment":[{"href":"https:\/\/suma-ev.de\/en\/wp-json\/wp\/v2\/media?parent=1246"}],"curies":[{"name":"wp","href":"https:\/\/api.w.org\/{rel}","templated":true}]}}