{"id":1251,"date":"2019-06-24T12:06:53","date_gmt":"2019-06-24T10:06:53","guid":{"rendered":"https:\/\/beta.suma-ev.de\/?page_id=1251"},"modified":"2019-06-24T12:06:53","modified_gmt":"2019-06-24T10:06:53","slug":"suma-award-2012-fuer-religionen-entdecken-de","status":"publish","type":"page","link":"https:\/\/suma-ev.de\/en\/pressemitteilungen\/suma-award-2012-fuer-religionen-entdecken-de\/","title":{"rendered":"SUMA Award 2012 f\u00fcr religionen-entdecken.de"},"content":{"rendered":"\n<h2 class=\"wp-block-heading\">SUMA Award 2012 f\u00fcr religionen-entdecken.de<\/h2>\n\n\n\n<p>Internet-Projekt erkl\u00e4rt Kindern die Weltreligionen und will einen Beitrag zur Friedensf\u00f6rderung leisten<\/p>\n\n\n\n<p>Hannover, 4.12.2012. Mit dem SUMA Award 2012 wurde am Dienstag in Hannover das interreligi\u00f6se Internet-Projekt <a href=\"http:\/\/www.religionen-entdecken.de\">www.religionen-entdecken.de<\/a> ausgezeichnet.  Den mit 2.500,- EUR dotierten Preis vergibt der SUMA-EV &#8211; Verein f\u00fcr freien Wissenszugang &#8211; seit 2007 an herausragende Projekte, die im digitalen  Zeitalter zukunftsweisend mit Wissen und Informationen umgehen.  &#8222;Das Projekt religionen-entdecken.de hat \u00fcberzeugt, weil es interreligi\u00f6se Verst\u00e4ndigung bei denen f\u00f6rdert, f\u00fcr die es am wichtigsten ist: bei den Kindern&#8220;, sagt Dr.  Wolfgang Sander Beuermann, Vorstandsmitglied des SUMA-EV.  &#8222;Die Kinder von heute gestalten morgen unsere interreligi\u00f6se Gesellschaft&#8220;.<\/p>\n\n\n\n<p>Der SUMA-Award 2012 wurde am 4.  Dezember im Rahmen des SUMA-Kongresses &#8222;Positionen der gro\u00dfen Religionsgemeinschaften in der digitalen Welt&#8220; in Hannover verliehen.  Die Laudatio hielt der Landesbischof der Evangelisch-lutherischen Landeskirche Hannovers, Ralf Meister.  Er sprach vor allem den am Projekt mitwirkenden und bei der Verleihung anwesenden &#8222;Endecker-Kindern&#8220; seinen ganz besonderen Dank aus f\u00fcr Ihr Engagement in diesem wegweisenden, neuen Zukunfts-Projekt. <\/p>\n\n\n\n<p><strong>In erster Linie f\u00fcr Kinder und ihr Verst\u00e4ndnis von Religionen<\/strong><\/p>\n\n\n\n<figure class=\"wp-block-image\"><img decoding=\"async\" src=\"https:\/\/suma-ev.de\/bilder\/religionen-entdecken.de-buehneklein.jpg\" alt=\"religionen-entdecken.de-buehneklein.jpg\"\/><\/figure>\n\n\n\n<p>Denn das Internet-Projekt [www.religionen-entdecken.de|www.religionen-entdecken.de] richtet sich in erster Linie an Kinder, aber auch P\u00e4dagogen und andere begleitende Erwachsene.Auch Jugendliche finden altersgerechte Informationen.  Im Wissensbereich informiert unter anderem ein Lexikon \u00fcber sechs Weltreligionen.  Zu jedem Beitrag k\u00f6nnen die Nutzer Fragen stellen.  Sie werden von Experten beantwortet und erweitern das Angebot.  Erkl\u00e4rt werden auch die Zeitrechnungen und Kalender der Religionen.  Au\u00dferdem h\u00e4lt die Seite viele B\u00fccher-, Ausflugs- und Spieletipps bereit.  Im Mitmachbereich stehen den Kindern ein vorab moderiertes Forum, ein umfangreiches Quiz, Spiele und ein Umfragetool zur Verf\u00fcgung.  Auch eigene Gedanken zu ihrem Glauben k\u00f6nnen die Kinder einbringen.  Filme machen neugierig auf die unterschiedlichen Lebensformen in den Religionen.<\/p>\n\n\n\n<p>Datenschutz, Sicherheit und Privatsph\u00e4re spielen im Internet eine gro\u00dfe Rolle.  In allen Mitmachbereichen und in einem eigenen Bereich &#8222;Sicher surfen&#8220; werden die Kinder daf\u00fcr sensibilisiert, keine Daten preiszugeben und sich an die Verhaltensregeln zu halten, die einen respektvollen Umgang miteinander \u00fcben sollen.  Lehrer erhalten Anregungen f\u00fcr den interreligi\u00f6sen Religionsunterricht und k\u00f6nnen Ideen und Unterrichtsmaterialien austauschen.    <\/p>\n\n\n\n<p>Herausgeberinnen des Projektes sind die Journalistinnen Christiane Baer-Krause und Barbara Wolf-Krause.  Beide arbeiten schon seit vielen Jahren mit Onlinemedien f\u00fcr Kinder und sind Mitglied in der Arbeitsgemeinschaft vernetzter Kinderseiten <a href=\"http:\/\/www.Seitenstark.de\">www.Seitenstark.de<\/a>.  &#8222;Ziel des Projektes ist es, durch die Vermittlung von Wissen Ber\u00fchrungs\u00e4ngste abzubauen, die Kinder miteinander in Kontakt zu bringen und auf diese Weise Respekt und Toleranz zu f\u00f6rdern&#8220;, erkl\u00e4rt Christiane Baer-Krause den Ansto\u00df zu dem Projekt, das in der Kinder-Webseitenlandschaft bisher fehlt.<\/p>\n\n\n\n<figure class=\"wp-block-image\"><img decoding=\"async\" src=\"https:\/\/suma-ev.de\/bilder\/religionen-entdecken.de-Preisuebergabeklein.jpg\" alt=\"religionen-entdecken.de-Preisuebergabeklein.jpg\"\/><figcaption>Die Preisverleihung: von links nach rechts: Frau Barbara Wolf-Krause, Frau Christiane Baer-Krause, Landesbischof Ralf Meister, Dr. Wolfgang Sander-Beuermann.<\/figcaption><\/figure>\n\n\n\n<p>Den Aufbau des Projektes f\u00f6rdern die Bundesinitiative &#8222;Ein-Netz-f\u00fcr-Kinder&#8220; und die Hanns-Lilje-Stiftung.  Den Rest tragen die Herausgeberinnen gemeinsam mit verschiedenen Kooperationspartnern selbst.  Zu den Partnern z\u00e4hlen u.  a.  die Universit\u00e4t Kassel, das Religionsp\u00e4dagogische Institut in Loccum und das Gemeinschaftswerk Evangelischer Publizistik in Frankfurt. Die Website [www.religionen-entdecken.de|religionen-entdecken.de] befindet sich zurzeit noch im Aufbau und soll im ersten Halbjahr 2013 online gehen.<\/p>\n\n\n\n<figure class=\"wp-block-image\"><img decoding=\"async\" src=\"https:\/\/suma-ev.de\/bilder\/wsb-meister4.JPG\" alt=\"wsb-meister4.JPG\"\/><figcaption>Landesbischof Ralf Meister im Gespr\u00e4ch mit Dr. Wolfgang Sander-Beuermann:<\/figcaption><\/figure>\n\n\n\n<p><strong>Medienecho:<\/strong><\/p>\n\n\n\n<p><a href=\"http:\/\/www.heise.de\/newsticker\/meldung\/Kirche-im-Netz-Zwischen-religioeser-FAQ-und-Hasskommentaren-1762695.html\">http:\/\/www.heise.de\/newsticker\/meldung\/Kirche-im-Netz-Zwischen-religioeser-FAQ-und-Hasskommentaren-1762695.html<\/a><\/p>\n\n\n\n<p><a href=\"http:\/\/www.digital-lernen.de\/nachrichten\/newsticker\/einzelansicht\/artikel\/suma-award-2012-fuer-religionen-entdeckende.html\">http:\/\/www.digital-lernen.de\/nachrichten\/newsticker\/einzelansicht\/artikel\/suma-award-2012-fuer-religionen-entdeckende.html<\/a><\/p>\n\n\n\n<p><a href=\"http:\/\/www.landeskirche-hannovers.de\/evlka-de\/presse-und-medien\/nachrichten\/2012\/12\/121205_1\">http:\/\/www.landeskirche-hannovers.de\/evlka-de\/presse-und-medien\/nachrichten\/2012\/12\/121205_1<\/a><\/p>\n\n\n\n<p><a href=\"http:\/\/www.rpi-loccum.de\/aktuell1.html\">http:\/\/www.rpi-loccum.de\/aktuell1.html<\/a><\/p>\n\n\n\n<p><a href=\"http:\/\/www.hanns-lilje-stiftung.de\/\">http:\/\/www.hanns-lilje-stiftung.de\/<\/a><\/p>\n\n\n\n<p><\/p>\n\n\n\n<p>&#8220;&#8217;Medienkontakt:&#8220;&#8216;<\/p>\n\n\n\n<p>Vorstand und Gesch\u00e4ftsf\u00fchrer SUMA-EV<br> Dr. Wolfgang Sander-Beuermann<br> Gesch\u00e4ftsstelle:<br> R\u00f6selerstr. 3, 30159 Hannover<br> Tel: +49 (511) 34 00 00 70<br> Mobil: +49(1520)2883048<br> eMail: wsb@suma-ev.de<br> Internet: <a href=\"http:\/\/suma-awards.de\">http:\/\/suma-awards.de<\/a> und <a href=\"http:\/\/suma-ev.de\/\">http:\/\/suma-ev.de<\/a><\/p>\n\n\n\n<p><strong>\u00dcber SUMA-EV<\/strong><\/p>\n\n\n\n<p>Der SUMA-EV engagiert sich als eingetragener und gemeinn\u00fctziger Verein seit 2004 f\u00fcr einen freien Wissenszugang im Internet: unzensiert, ungefiltert und ohne kommerzielle oder staatliche Kontrollinstanzen. SUMA steht f\u00fcr die Abk\u00fcrzung von Suchmaschine. SUMA-EV betreibt unter anderem die Meta-Suchmaschine MetaGer.de und f\u00f6rdert Alternativen zu den marktbeherrschenden Konzernen. Der seit 2007 j\u00e4hrlich verliehene SUMA Award pr\u00e4miert Projekte und Arbeiten, die Herausragendes f\u00fcr die Zukunft des digitalen Wissens leisten. <\/p>\n","protected":false},"excerpt":{"rendered":"<p>SUMA Award 2012 f\u00fcr religionen-entdecken.de Internet-Projekt erkl\u00e4rt Kindern die Weltreligionen und will einen Beitrag zur Friedensf\u00f6rderung leisten Hannover, 4.12.2012. Mit dem SUMA Award 2012&#8230;<\/p>","protected":false},"author":4,"featured_media":0,"parent":265,"menu_order":0,"comment_status":"closed","ping_status":"closed","template":"","meta":{"footnotes":""},"class_list":["post-1251","page","type-page","status-publish","hentry"],"_links":{"self":[{"href":"https:\/\/suma-ev.de\/en\/wp-json\/wp\/v2\/pages\/1251","targetHints":{"allow":["GET"]}}],"collection":[{"href":"https:\/\/suma-ev.de\/en\/wp-json\/wp\/v2\/pages"}],"about":[{"href":"https:\/\/suma-ev.de\/en\/wp-json\/wp\/v2\/types\/page"}],"author":[{"embeddable":true,"href":"https:\/\/suma-ev.de\/en\/wp-json\/wp\/v2\/users\/4"}],"replies":[{"embeddable":true,"href":"https:\/\/suma-ev.de\/en\/wp-json\/wp\/v2\/comments?post=1251"}],"version-history":[{"count":1,"href":"https:\/\/suma-ev.de\/en\/wp-json\/wp\/v2\/pages\/1251\/revisions"}],"predecessor-version":[{"id":1252,"href":"https:\/\/suma-ev.de\/en\/wp-json\/wp\/v2\/pages\/1251\/revisions\/1252"}],"up":[{"embeddable":true,"href":"https:\/\/suma-ev.de\/en\/wp-json\/wp\/v2\/pages\/265"}],"wp:attachment":[{"href":"https:\/\/suma-ev.de\/en\/wp-json\/wp\/v2\/media?parent=1251"}],"curies":[{"name":"wp","href":"https:\/\/api.w.org\/{rel}","templated":true}]}}