{"id":1254,"date":"2019-06-24T12:10:18","date_gmt":"2019-06-24T10:10:18","guid":{"rendered":"https:\/\/beta.suma-ev.de\/?page_id=1254"},"modified":"2019-06-24T12:10:43","modified_gmt":"2019-06-24T10:10:43","slug":"brauchen-wir-im-internet-ethische-wegweiser-eine-neue-netiquette","status":"publish","type":"page","link":"https:\/\/suma-ev.de\/en\/pressemitteilungen\/brauchen-wir-im-internet-ethische-wegweiser-eine-neue-netiquette\/","title":{"rendered":"Brauchen wir im Internet ethische Wegweiser \u2013 eine neue Netiquette?"},"content":{"rendered":"\n<h2 class=\"wp-block-heading\">Brauchen wir im Internet ethische Wegweiser \u2013 eine neue Netiquette?<\/h2>\n\n\n\n<p><strong>Ethik und Moral im Internet, Vertreter der Weltreligionen und Wikipedia diskutieren<\/strong><\/p>\n\n\n\n<p>Hannover, 4.12.2012. Kirche und Internet ist kein Widerspruch. Die \u00e4ltesten Netzwerke der Welt sind l\u00e4ngst in der digitalen Welt angekommen. Es wird getwittert, gebloggt und gepostet \u2013 aber wie gehen die gro\u00dfen Weltreligionen mit extremistischen Positionen auf ihren Internet-Portalen um? Wie pr\u00fcfen sie Online-Kommentare? Und ist eine Kontrolle im grenzenlos erscheinenden Internet \u00fcberhaupt m\u00f6glich und w\u00fcnschenswert? \u00dcber diese Fragen diskutierten Vertreter der Weltreligionen und Wissenschaftler auf dem SUMA-EV Kongress &#8222;Positionen der gro\u00dfen Religionsgemeinschaften in der digitalen Welt\u201c am vergangenen Dienstag in Hannover.<\/p>\n\n\n\n<figure class=\"wp-block-image\"><img decoding=\"async\" src=\"https:\/\/suma-ev.de\/bilder\/Bild7.JPG\" alt=\"Bild7.JPG\"\/><figcaption>Er\u00f6ffnungsrede durch Dr. Wolfgang Sander-Beuermann<\/figcaption><\/figure>\n\n\n\n<p>&#8222;Die technischen Fragen im Internet sind weitgehend gel\u00f6st. Jetzt sind die ethisch-moralischen Themen wichtig: Wie wollen wir im Internet miteinander umgehen? Wo gibt es Probleme? Welche L\u00f6sungen sind geeignet?\u201c, sagte Dr. Wolfgang Sander-Beuermann, Vorstandsmitglied im Verein SUMA und Organisator des Kongresses.<\/p>\n\n\n\n<p>Die Vertreter der Religionsgemeinschaften zeigten eine hohe  gesellschaftliche Verantwortung f\u00fcr die Inhalte auf ihren Internet- Portalen.  Kontrovers diskutierten sie die Anonymit\u00e4t im Internet. Hinter ihr k\u00f6nnten sich einerseits Internetnutzer verstecken, um radikale und menschenrechtsverletzende Meinungen zu verbreiten.  Andererseits k\u00f6nne eine anonyme Identit\u00e4t f\u00fcr die User auch ein Gewinn an Freiheit und Schutz in Foren und Onlineportalen bedeuten.  Festgestellt wurde auch, dass die Netiquette, die in den Anfangsjahren den Umgang im Internet regelte, keine Wirkung mehr zeige.  In der Diskussion wurde einstimmig bef\u00fcrwortet, dass die Medienkompetenz dringend gef\u00f6rdert werden muss, auch und gerade unter den jungen Menschen.<\/p>\n\n\n\n<p>Henriette Fiebig, Mitglied des Gr\u00fcndungsvorstand von Wikimedia Deutschland, sowie Autorin und Administratorin in Wikipedia, zeigte wie Wikipedia mit dem Problem von Extrempositionen umgeht; sie zeigte auch solche Wege, die in der Vergangenheit dazu zwar versucht wurden, die sich aber nicht bew\u00e4hrt haben \u2013 dann, wenn zu starre Strukturen den Workflow behinderten.<\/p>\n\n\n\n<p><strong>Podiums- und Plenumsdiskussion<\/strong><\/p>\n\n\n\n<p>In der Podiums- und Plenumsdiskussion, moderiert von dem international renommierten Religionswissenschaftlter Prof.Dr.Dr. Peter Antes, brachte Hanno Terbuyken, Portalleiter von evangelisch.de, das zentrale Anliegen seines Portals auf den Punkt:\u201e&#8220;Wir wollen mit den Menschen ins Gespr\u00e4ch kommen und Standpunkte diskutieren. Allerdings k\u00f6nnen wir es auch aushalten, eine andere Meinung als unsere Internetnutzer zu vertreten.\u201c  In Extremf\u00e4llen k\u00f6nne auch ein User-Kommentar gel\u00f6scht werden.<\/p>\n\n\n\n<figure class=\"wp-block-image\"><img decoding=\"async\" src=\"https:\/\/suma-ev.de\/bilder\/Bild12.jpg\" alt=\"Bild12.jpg\"\/><figcaption>Von links nach rechts: Dr. David Hober, Dr. Kathrin Klausing, Prof. Dr. Dr. Peter Antes, Hanno Terbuyken, Christian-Oliver Moser<\/figcaption><\/figure>\n\n\n\n<p>Dr. David Hober, Gesch\u00e4ftsf\u00fchrer des Portals katholisch.de: &#8222;Die Kirche als Institution reagiert mitunter zu langsam und zu kompliziert, deshalb haben wir uns derzeit noch gegen die Kommentarfunktion entschieden. Auch wenn diese Option den Klickzahlen zu Gute kommen k\u00f6nnte.\u201c Ein seri\u00f6ses Internet-Angebot sei ohnehin nicht an der H\u00f6he der Zugriffszahlen zu erkennen. So habe das k\u00fcrzlich vom Netz genommen kreuz.net mehr Zugriffe, das Portal zeige aber &#8222;faschistoide Tendenzen\u201c.<\/p>\n\n\n\n<p>Christian-Oliver Moser, Rechtsanwalt und Berater des Zentralrates der Juden in Deutschland: &#8222;Antisemitische Tendenzen sind im Internet weit verbreitet. Aber es ist schwierig, die Urheber zu ermitteln.\u201c Verantwortlich f\u00fcr die Inhalte seien zwar die Plattformbetreiber, aber aufgrund der Anonymit\u00e4t im Internet und der unklaren Rechtslage sei es oft unm\u00f6glich, juristisch das Verbreiten von antisemitischen Botschaften zu verhindern.<\/p>\n\n\n\n<p>Dr. Kathrin Klausing, Islamwissenschaftlerin und Bloggerin: &#8222;F\u00fcr die muslimischen Repr\u00e4sentanten ist es eine Herausforderung, ihre Religion im Internet darzustellen. Viele engagieren sich ehrenamtlich.\u201c Da immer mehr traditionelle Printangebote verschwinden und auch kein Zugriff auf die  Archive bestehe, sei es gerade mit Blick auf die muslimischen Jugendlichen wichtig, entsprechende Wissensangebote im Netz bereitzuhalten.<\/p>\n\n\n\n<p><strong>Schlu\u00dfwort<\/strong><\/p>\n\n\n\n<p>In seinem Schlu\u00dfwort betonte SUMA-EV Vorstand Dr. Wolfgang Sander-Beuermann die Herausforderung f\u00fcr alle Nutzer der digitalen Welt, diese f\u00fcr viele immer noch neue Welt zu einem Ort des Miteinanders zu machen \u2013 an dem Kontroversen und Konflikte ohne &#8222;digitale Waffengewalt\u201c ausgetragen werden: &#8222;Hierzu haben wir mit diesem Kongress Impluse gesetzt und Denkanst\u00f6sse gegeben.\u201c<\/p>\n\n\n<p>[http:\/\/www.dradio.de\/dlf\/sendungen\/tagfuertag\/1941800\/|Interview des Deutschlandfunk mit Frau Prof. Radde-Antweiler beim SUMA-EV Kongress]<\/p>\n\n\n<p>[http:\/\/www.spiegel.de\/netzwelt\/web\/kolumne-von-sascha-lobo-ueber-hass-in-der-digitalen-gesellschaft-a-870799.html|Blogger Sascha Lobo in SPIEGEL-Online zum gleichen Thema]<\/p>\n\n\n\n<p><strong>Medienkontakt<\/strong><\/p>\n\n\n\n<p>Vorstand und Gesch\u00e4ftsf\u00fchrer SUMA-EV<br>\nDr. Wolfgang Sander-Beuermann<br>\nGesch\u00e4ftsstelle:<br>\nR\u00f6selerstr. 3, 30159 Hannover<br>\nTel: +49 (511) 34 00 00 70<br>\nMobil: +49(1520)2883048       <br>\neMail: wsb@suma-ev.de         <br>\nInternet: [http:\/\/suma-ev.de|http:\/\/suma-ev.de]<\/p>\n\n\n\n<p><strong>\u00dcber SUMA-EV<\/strong><\/p>\n\n\n\n<p>Der SUMA-EV engagiert sich als eingetragener und gemeinn\u00fctziger Verein seit 2004 f\u00fcr einen freien Wissenszugang im Internet: unzensiert, ungefiltert und ohne kommerzielle oder staatliche Kontrollinstanzen. SUMA steht f\u00fcr die Abk\u00fcrzung von Suchmaschine. SUMA-EV betreibt unter anderem die Meta-Suchmaschine MetaGer.de und f\u00f6rdert Alternativen zu den marktbeherrschenden Konzernen. Der seit 2007 j\u00e4hrlich verliehene SUMA Award pr\u00e4miert Projekte und Arbeiten, die Herausragendes f\u00fcr die Zukunft des digitalen Wissens leisten.<\/p>\n\n\n\n<p><strong>Links<\/strong><\/p>\n\n\n<p>[http:\/\/suma-ev.de|http:\/\/suma-ev.de]<\/p>\n\n\n<p>[http:\/\/metager.de|http:\/\/metager.de]<\/p>\n\n\n<p>[http:\/\/suma-awards.de|http:\/\/suma-awards.de]<\/p>\n","protected":false},"excerpt":{"rendered":"<p>Brauchen wir im Internet ethische Wegweiser \u2013 eine neue Netiquette? Ethik und Moral im Internet, Vertreter der Weltreligionen und Wikipedia diskutieren Hannover, 4.12.2012. Kirche&#8230;<\/p>","protected":false},"author":4,"featured_media":0,"parent":265,"menu_order":0,"comment_status":"closed","ping_status":"closed","template":"","meta":{"footnotes":""},"class_list":["post-1254","page","type-page","status-publish","hentry"],"_links":{"self":[{"href":"https:\/\/suma-ev.de\/en\/wp-json\/wp\/v2\/pages\/1254","targetHints":{"allow":["GET"]}}],"collection":[{"href":"https:\/\/suma-ev.de\/en\/wp-json\/wp\/v2\/pages"}],"about":[{"href":"https:\/\/suma-ev.de\/en\/wp-json\/wp\/v2\/types\/page"}],"author":[{"embeddable":true,"href":"https:\/\/suma-ev.de\/en\/wp-json\/wp\/v2\/users\/4"}],"replies":[{"embeddable":true,"href":"https:\/\/suma-ev.de\/en\/wp-json\/wp\/v2\/comments?post=1254"}],"version-history":[{"count":2,"href":"https:\/\/suma-ev.de\/en\/wp-json\/wp\/v2\/pages\/1254\/revisions"}],"predecessor-version":[{"id":1256,"href":"https:\/\/suma-ev.de\/en\/wp-json\/wp\/v2\/pages\/1254\/revisions\/1256"}],"up":[{"embeddable":true,"href":"https:\/\/suma-ev.de\/en\/wp-json\/wp\/v2\/pages\/265"}],"wp:attachment":[{"href":"https:\/\/suma-ev.de\/en\/wp-json\/wp\/v2\/media?parent=1254"}],"curies":[{"name":"wp","href":"https:\/\/api.w.org\/{rel}","templated":true}]}}