{"id":1258,"date":"2019-06-24T12:13:48","date_gmt":"2019-06-24T10:13:48","guid":{"rendered":"https:\/\/beta.suma-ev.de\/?page_id=1258"},"modified":"2019-06-24T12:13:48","modified_gmt":"2019-06-24T10:13:48","slug":"aufruf-suma-award-2013-film-zur-digitalen-ethik","status":"publish","type":"page","link":"https:\/\/suma-ev.de\/en\/pressemitteilungen\/aufruf-suma-award-2013-film-zur-digitalen-ethik\/","title":{"rendered":"Aufruf SUMA Award 2013: Film zur digitalen Ethik"},"content":{"rendered":"<h2 class=\"wp-block-heading\">Aufruf SUMA Award 2013: Film zur digitalen Ethik<\/h2>\n\n\n\n<p>Hannover, 29.5.2013. Der &#8222;SUMA-EV, Verein f\u00fcr freien Wissenszugang&#8220; in Hannover, lobt in diesem Jahr zum sechsten Mal den SUMA Award aus.  Vergeben wird der Preis in diesem Jahr erstmalig an einen Film &#8211; oder zun\u00e4chst auch an ein Drehbuch.  Der Film soll sich kreativ mit dem Thema &#8222;Ethik im digitalen Raum auseinandersetzen\u201c. So k\u00f6nnten z.B.  die Thematik des \u00dcberwachungsstaates, Stasi2.0, Extremismus und Kriminalit\u00e4t, Cybermobbing, u.v.a.m.  filmisch umgesetzt werden.<\/p>\n\n\n\n<p><strong>Pr\u00e4miert wird ein Film oder Drehbuch<\/strong><\/p>\n\n\n\n<p>Cybermobbing beispielsweise ist ein immer massiver werdendes Problem im Internet.  Das Ph\u00e4nomen des Mobbing ist zwar nicht neu.  Die Besonderheit des Cybermobbings ist jedoch, dass es die Betroffenen rund um die Uhr begleitet und eine Flucht davor kaum m\u00f6glich ist.  Hinzu kommt, dass derzeit Produkte auf den Mark kommen, die den Alltag der Menschen erleichtern sollen, aber ein hohes Missbrauchspotential bergen.  Sie vereinfachen die   Verfolgung und \u00dcberwachung von Mobbingopfern und versch\u00e4rfen das Problem. Insbesondere f\u00fcr Jugendliche kann Cybermobbing lebensbedrohlich werden.  Oft genug ist das entsprechende soziale Netzwerk nicht bereit, Verantwortung zu \u00fcbernehmen und den Privatsph\u00e4ren-Schutz zu gew\u00e4hrleisten.<\/p>\n\n\n\n<p>Durch die filmische Perspektive soll die \u00d6ffentlichkeit f\u00fcr das Thema &#8222;Ethik im digitalen Raum\u201c sensibilisiert werden.  Der Award kn\u00fcpft damit an die Ausschreibung im vorigen Jahr &#8222;Positionen der Religionsgemeinschaften in der digitalen Welt\u201c an.<\/p>\n\n\n\n<p><strong>Thema: Digitale Ethik<\/strong><\/p>\n\n\n\n<p>Zur Bewerbung eingeladen sind Filmemacher, Filmstudenten\/Projekte, Sch\u00fcler\/Schulprojekte und frei Kunstschaffende, die Interesse an der filmischen Umsetzung dieser Probleme der digitalen Gesellschaft haben.  Der Preis f\u00fcr den fertigen Film ist mit 2.500,- EUR dotiert, ein hervorragendes Drehbuch wird mit 500,- EUR ausgelobt, der restliche Betrag dann f\u00fcr den fertigen Film.  Der Spieldauer des Filmes sind nach oben kaum Grenzen gesetzt, sie sollte jedoch wenigstens ein bis drei Minuten betragen. Der Preis wird von einer unabh\u00e4ngigen Jury vergeben.<\/p>\n\n\n\n<p>Bewerbungen m\u00fcssen bis zum 31.10.2013 eingehen. Die Bewerbungen sind mit  einer Beschreibung des Films oder des Drehbuchs per EMail zu richten an:        <br>\n    awards@suma-ev.de<br>\nDie Jury wird sich danach mit den Bewerbern in Verbindung setzen.<\/p>\n\n\n\n<p>Medienkontakt:<\/p>\n\n\n\n<p>Vorstand und Gesch\u00e4ftsf\u00fchrer SUMA-EV<br>\nDr. Wolfgang Sander-Beuermann<br>\nGesch\u00e4ftsstelle:<br>\nR\u00f6selerstr. 3, 30159 Hannover<br>\nTel: +49 (511) 34 00 00 70<br>\nMobil: +49(1520)2883048<br>\neMail: wsb@suma-ev.de<br>\nInternet: http:\/\/suma-awards.de und http:\/\/suma-ev.de\/<\/p>\n\n\n\n<p><strong>\u00dcber SUMA-EV<\/strong><\/p>\n\n\n\n<p>SUMA steht f\u00fcr die Abk\u00fcrzung von Suchmaschine. Suchmaschinen sind im digitalen Zeitalter eine wichtige Form des Wissenszugangs.  Als eingetragener und gemeinn\u00fctziger Verein engagiert sich SUMA-EV seit dem Jahr 2004 f\u00fcr einen freien Wissenszugang: unzensiert, ungefiltert und ohne kommerzielle oder staatliche Kontrollinstanzen.  SUMA-EV betreibt unter anderem die Meta-Suchmaschine MetaGer.de und f\u00f6rdert Alternativen zu den marktbeherrschenden Konzernen.  Der seit 2007 j\u00e4hrlich verliehene SUMA Award pr\u00e4miert Projekte und Arbeiten, die Herausragendes f\u00fcr die Zukunft des digitalen Wissens leisten.<\/p>\n\n\n\n<p>Links:<\/p>\n\n\n\n<p><a href=\"http:\/\/suma-ev.de\/en\/\">http:\/\/suma-ev.de<\/a><\/p>\n\n\n\n<p><a href=\"http:\/\/metager.de\">http:\/\/metager.de<\/a><\/p>\n\n\n\n<p><a href=\"http:\/\/suma-awards.de\">http:\/\/suma-awards.de<\/a><\/p>\n\n\n\n<p>Unterst\u00fctzen Sie unsere Arbeit!<br> Werden Sie F\u00f6rderer:<\/p>\n\n\n\n<p><a href=\"https:\/\/metager.de\/spende\">https:\/\/metager.de\/spende<\/a><\/p>\n\n\n\n<p> oder Mitglied:<\/p>\n\n\n\n<p><a href=\"https:\/\/metager.org\/beitritt\">https:\/\/metager.org\/beitritt<\/a><br><\/p>\n\n\n\n<p>Neue Interessenten k\u00f6nnen Newsletter und Pressemitteilungen abonnieren unter: <a href=\"https:\/\/suma-ev.de\/en\/kontakt\/suma-ev-newsletter-bestellen.html\/\">http:\/\/www.suma-ev.de\/kontakt\/suma-ev-newsletter-bestellen.html<\/a><br> <\/p>\n\n\n\n<p>\nZur Abbestellung gen\u00fcgt eine formlose EMail an: office@suma-ev.de<\/p>","protected":false},"excerpt":{"rendered":"<p>Aufruf SUMA Award 2013: Film zur digitalen Ethik Hannover, 29.5.2013. Der &#8222;SUMA-EV, Verein f\u00fcr freien Wissenszugang&#8220; in Hannover, lobt in diesem Jahr zum sechsten&#8230;<\/p>","protected":false},"author":4,"featured_media":0,"parent":265,"menu_order":0,"comment_status":"closed","ping_status":"closed","template":"","meta":{"footnotes":""},"class_list":["post-1258","page","type-page","status-publish","hentry"],"_links":{"self":[{"href":"https:\/\/suma-ev.de\/en\/wp-json\/wp\/v2\/pages\/1258","targetHints":{"allow":["GET"]}}],"collection":[{"href":"https:\/\/suma-ev.de\/en\/wp-json\/wp\/v2\/pages"}],"about":[{"href":"https:\/\/suma-ev.de\/en\/wp-json\/wp\/v2\/types\/page"}],"author":[{"embeddable":true,"href":"https:\/\/suma-ev.de\/en\/wp-json\/wp\/v2\/users\/4"}],"replies":[{"embeddable":true,"href":"https:\/\/suma-ev.de\/en\/wp-json\/wp\/v2\/comments?post=1258"}],"version-history":[{"count":1,"href":"https:\/\/suma-ev.de\/en\/wp-json\/wp\/v2\/pages\/1258\/revisions"}],"predecessor-version":[{"id":1259,"href":"https:\/\/suma-ev.de\/en\/wp-json\/wp\/v2\/pages\/1258\/revisions\/1259"}],"up":[{"embeddable":true,"href":"https:\/\/suma-ev.de\/en\/wp-json\/wp\/v2\/pages\/265"}],"wp:attachment":[{"href":"https:\/\/suma-ev.de\/en\/wp-json\/wp\/v2\/media?parent=1258"}],"curies":[{"name":"wp","href":"https:\/\/api.w.org\/{rel}","templated":true}]}}