{"id":1260,"date":"2019-06-24T12:19:48","date_gmt":"2019-06-24T10:19:48","guid":{"rendered":"https:\/\/beta.suma-ev.de\/?page_id=1260"},"modified":"2019-06-24T12:19:48","modified_gmt":"2019-06-24T10:19:48","slug":"wer-sicherheit-will-soll-metager-de-nutzen","status":"publish","type":"page","link":"https:\/\/suma-ev.de\/en\/pressemitteilungen\/wer-sicherheit-will-soll-metager-de-nutzen\/","title":{"rendered":"Wer Sicherheit will, soll Metager.de nutzen"},"content":{"rendered":"<h2 class=\"wp-block-heading\">Wer Sicherheit will, soll Metager.de nutzen<\/h2>\n\n\n\n<p>Hannover, 18.6.2013: Privatsph\u00e4re der von SUMA-EV betriebenen Suchmaschine sicher gesch\u00fctzt.<\/p>\n\n\n\n<p>Wer sicher suchen will, sollte mit www.metager.de suchen. Die an der Universit\u00e4t Hannover entwickelte und inzwischen von SUMA-EV betriebene Suchmaschine anonymisiert die Internet-Adresse des Anfragers noch w\u00e4hrend die Suchanfrage verarbeitet wird.  Als Metasuchmaschine gibt Metager die Anfragen an verschiedene Suchmaschinen weiter, aber nur anonymisiert. Neben Anonymit\u00e4t ist auch die Unabh\u00e4ngigkeit von nicht nachvollziehbaren Suchalgorithmen gew\u00e4hrleistet.<\/p>\n\n\n\n<p>Besondere Bedeutung gewinnt diese M\u00f6glichkeit, seit bekannt ist, dass der US Geheimdienst praktisch ALLES im Internet mitliest, was \u00fcber US-Server geht. NSA, CIA &amp; Co sind dazu nach amerikanischem Recht seit dem Patriot Act 2001 auch befugt &#8211; bevor es Edward Snowden \u00f6ffentlich machte, wollte es nur niemand wissen.  &#8222;Der ehemalige Geheimdienstmitarbeiter warf Google und  Facebook vor, die \u00d6ffentlichkeit gezielt \u00fcber ihre Zusammenarbeit mit der NSA in die Irre zu f\u00fchren.&#8220; Quelle: <a href=\"http:\/\/www.spiegel.de\/politik\/ausland\/edward-snowden-verteidigt-im-live-interview-enthuellung-von-prism-a-906240.html\">SPIEGEL-Online<\/a>.<\/p>\n\n\n\n<p>Alles, was von deutschen Nutzern in amerikanischen Suchmaschinen gesucht wird, ist samt der Internet-Adresse des Suchenden f\u00fcr US Geheimdienste abspeichert.  Viele Internet Nutzer hierzulande fragen sich nun doch, was dagegen getan werden kann.<\/p>\n\n\n\n<p>Metager ist eine Suchmaschine gleicherma\u00dfen f\u00fcr Laien und Experten. Durch die Individualisierungsoptionen kann jeder Nutzer festlegen, welche Suchmaschinen f\u00fcr die Anfrage befragt werden. Auch wissenschaftliche Suchmaschinen, Spezialsuchen und Produktsuchen werden unterst\u00fctzt.              <\/p>\n\n\n\n<p>Plugins f\u00fcr die Einbindung von Metager in die g\u00e4ngigen Browser findet man auf der <a href=\"http:\/\/metager.de\">Startseite<\/a>.<\/p>\n\n\n\n<p>SUMA-EV r\u00e4t: Nutzen Sie unsere Suchmaschine <a href=\"http:\/\/metager.de\">http:\/\/metager.de<\/a>! Seit vielen Jahren bereits werden die Internet-Adressen der Nutzer bei Metager.de anonymisiert, w\u00e4hrend die Suche noch l\u00e4uft.  Diese Adressen werden weder gespeichert, noch werden sie an die unter dem Dach von Metager versammelten Suchmaschinen weitergegeben.  Bei Metager.de ist die Privatsph\u00e4re des Nutzers gesch\u00fctzt.<\/p>\n\n\n\n<p>Medienkontakt:<\/p>\n\n\n\n<p>Vorstand und Gesch\u00e4ftsf\u00fchrer SUMA-EV<br> Dr. Wolfgang Sander-Beuermann<br> Gesch\u00e4ftsstelle:<br> R\u00f6selerstr. 3, 30159 Hannover<br> Tel: +49 (511) 34 00 00 70<br> Mobil: +49(1520)2883048<br> eMail: wsb@suma-ev.de<br> Internet: <a href=\"http:\/\/suma-ev.de\/en\/\">http:\/\/suma-ev.de<\/a> <\/p>\n\n\n\n<p>\u00dcber SUMA-EV<\/p>\n\n\n\n<p>SUMA steht f\u00fcr die Abk\u00fcrzung von Suchmaschine. Suchmaschinen sind im digitalen Zeitalter eine wichtige Form des Wissenszugangs.  Als eingetragener und gemeinn\u00fctziger Verein engagiert sich SUMA-EV seit dem Jahr 2004 f\u00fcr einen freien Wissenszugang: unzensiert, ungefiltert und ohne kommerzielle oder staatliche Kontrollinstanzen.  SUMA-EV betreibt unter anderem die Meta-Suchmaschine MetaGer.de und f\u00f6rdert Alternativen zu den marktbeherrschenden Konzernen.  Der seit 2007 j\u00e4hrlich verliehene SUMA Award pr\u00e4miert Projekte und Arbeiten, die Herausragendes f\u00fcr die Zukunft des digitalen Wissens leisten.<\/p>\n\n\n\n<p>Links:<\/p>\n\n\n\n<p><a href=\"http:\/\/suma-ev.de\/en\/\">http:\/\/suma-ev.de<\/a><\/p>\n\n\n\n<p><a href=\"http:\/\/metager.de\">http:\/\/metager.de<\/a><\/p>\n\n\n\n<p><a href=\"http:\/\/suma-awards.de\">http:\/\/suma-awards.de<\/a><\/p>","protected":false},"excerpt":{"rendered":"<p>Wer Sicherheit will, soll Metager.de nutzen Hannover, 18.6.2013: Privatsph\u00e4re der von SUMA-EV betriebenen Suchmaschine sicher gesch\u00fctzt. Wer sicher suchen will, sollte mit www.metager.de suchen&#8230;.<\/p>","protected":false},"author":4,"featured_media":0,"parent":265,"menu_order":0,"comment_status":"closed","ping_status":"closed","template":"","meta":{"footnotes":""},"class_list":["post-1260","page","type-page","status-publish","hentry"],"_links":{"self":[{"href":"https:\/\/suma-ev.de\/en\/wp-json\/wp\/v2\/pages\/1260","targetHints":{"allow":["GET"]}}],"collection":[{"href":"https:\/\/suma-ev.de\/en\/wp-json\/wp\/v2\/pages"}],"about":[{"href":"https:\/\/suma-ev.de\/en\/wp-json\/wp\/v2\/types\/page"}],"author":[{"embeddable":true,"href":"https:\/\/suma-ev.de\/en\/wp-json\/wp\/v2\/users\/4"}],"replies":[{"embeddable":true,"href":"https:\/\/suma-ev.de\/en\/wp-json\/wp\/v2\/comments?post=1260"}],"version-history":[{"count":2,"href":"https:\/\/suma-ev.de\/en\/wp-json\/wp\/v2\/pages\/1260\/revisions"}],"predecessor-version":[{"id":1262,"href":"https:\/\/suma-ev.de\/en\/wp-json\/wp\/v2\/pages\/1260\/revisions\/1262"}],"up":[{"embeddable":true,"href":"https:\/\/suma-ev.de\/en\/wp-json\/wp\/v2\/pages\/265"}],"wp:attachment":[{"href":"https:\/\/suma-ev.de\/en\/wp-json\/wp\/v2\/media?parent=1260"}],"curies":[{"name":"wp","href":"https:\/\/api.w.org\/{rel}","templated":true}]}}