{"id":1264,"date":"2019-06-24T12:23:50","date_gmt":"2019-06-24T10:23:50","guid":{"rendered":"https:\/\/beta.suma-ev.de\/?page_id=1264"},"modified":"2019-06-24T12:23:50","modified_gmt":"2019-06-24T10:23:50","slug":"suchmaschine-metager-mit-geschuetzter-privatsphaere-nun-auch-in-englisch","status":"publish","type":"page","link":"https:\/\/suma-ev.de\/en\/pressemitteilungen\/suchmaschine-metager-mit-geschuetzter-privatsphaere-nun-auch-in-englisch\/","title":{"rendered":"Suchmaschine MetaGer mit gesch\u00fctzter Privatsph\u00e4re nun auch in englisch"},"content":{"rendered":"\n<h2 class=\"wp-block-heading\">Suchmaschine MetaGer mit gesch\u00fctzter Privatsph\u00e4re nun auch in englisch<\/h2>\n\n\n\n<p><strong>Andere reden nur &#8211; wir handeln<\/strong><\/p>\n\n\n\n<p><a href=\"https:\/\/www.metager.net\"><strong>metager.net<\/strong><\/a><\/p>\n\n\n\n<p>Edward Snowden machte \u00f6ffentlich, dass der &#8222;Patriot Act&#8220; in den USA nicht nur IRGENDein Gesetz ist, was niemanden interessiert, sondern eines, welches tats\u00e4chlich umgesetzt wird: Es erm\u00f6glicht US Beh\u00f6rden den vollen Zugriff auf ALLE Internet-Server in den USA.  Das war seit Verabschiedung des Gesetzes 2001 jedem klar, der es wissen wollte (1) &#8211; aber bevor Edward Snowden es \u00f6ffentlich machte, wollte es kaum jemand wissen.<\/p>\n\n\n\n<p>Bei den Suchmaschinen positionierten sich als Reaktion auf die nun ver\u00e4nderte \u00f6ffentliche Wahrnehmung etliche Anbieter mit der Selbstbeschreibung, dass Suchen bei ihnen sicher sei, weil die IP Adressen der Nutzer nicht gespeichert w\u00fcrden.  So ehrenwert und auch ehrlich gemeint diese Selbstbeschreibungen sein m\u00f6gen &#8211; Fakt ist, das viele dieser Suchmaschinen zumindest einen Teil ihrer Server in den USA hosten.  Und damit unterliegen sie nach dem Patriot Act und US-Recht dem vollen Zugriff der dortigen Beh\u00f6rden.  Sie k\u00f6nnen also gar keine gesch\u00fctzte Privatshp\u00e4re bieten (selbst dann nicht, wenn sie selber sich noch so sehr darum bem\u00fchen).<\/p>\n\n\n\n<p>Das hat uns bewogen, eine englisch-sprachige Version von MetaGer zu implementieren: <a href=\"https:\/\/www.metager.net\"><strong>metager.net<\/strong><\/a><\/p>\n\n\n\n<p>Auch das deutschsprachige MetaGer hat eine neue Oberfl\u00e4che im neuen Design bekommen: [metager.de\/neu|metager.de\/neu].  Alle MetaGer-Versionen gehen mit Werbung so sparsam wie m\u00f6glich um &#8211; wir finanzieren MetaGer zum gro\u00dfen Teil aus Spenden und SUMA-EV Mitgliedsbeitr\u00e4gen.  Daher auch hier unser Aufruf: Helfen Sie mit, dass es weiterhin freie, nicht kommerziell gebundene Suchmaschinen gibt; spenden Sie daf\u00fcr, dass das digitale Wissen der Welt ohne Bevormundung durch Staaten oder Konzerne frei zug\u00e4nglich ist und bleibt:<\/p>\n\n\n\n<p><a href=\"https:\/\/metager.de\/spende.html\"><strong>https:\/\/metager.de\/spende.html<\/strong><\/a><\/p>\n\n\n\n<p>Bei metager.net werden &#8211; genau wie bei metager.de &#8211; die Internet-Adressen der Nutzer schon anonymisiert, w\u00e4hrend die Suche noch l\u00e4uft.  Diese Adressen werden weder gespeichert, noch werden sie an die unter dem Dach von MetaGer versammelten Suchmaschinen weitergegeben.  Auch die &#8222;Stiftung Datenschutz&#8220;, gestiftet von der Bundesrepublik Deutschland, empfiehlt MetaGer (2).  MetaGer betreibt keine Server au\u00dferhalb Deutschlands und unterliegt damit vollst\u00e4ndig dem deutschen Datenschutz, der als der h\u00e4rteste der Welt gilt.<\/p>\n\n\n\n<p><strong>Medienkontakt<\/strong>:<\/p>\n\n\n\n<p>MetaGer-Team<br>\nSUMA-EV Gesch\u00e4ftsstelle:<br>\nR\u00f6selerstr. 3, 30159 Hannover<br>\nTel: 0511 &#8211; 34 00 00 70<br>\neMail: office@suma-ev.de<\/p>\n\n\n\n<p>Gesch\u00e4ftsf\u00fchrer und Vorstandsmitglied<br>\nDr. Wolfgang Sander-Beuermann<br>\nSUMA-EV Gesch\u00e4ftsstelle:<br>\nR\u00f6selerstr. 3, 30159 Hannover<br>\nTel: 0511 &#8211; 34 00 00 71<br>\neMail: wsb@suma-ev.de<\/p>\n\n\n\n<p><strong>\u00dcber SUMA-EV<\/strong><\/p>\n\n\n\n<p>SUMA steht f\u00fcr die Abk\u00fcrzung von Suchmaschine. Suchmaschinen sind im digitalen Zeitalter eine wichtige Form des Wissenszugangs.  Als eingetragener und gemeinn\u00fctziger Verein engagiert sich SUMA-EV seit dem Jahr 2004 f\u00fcr einen freien Wissenszugang: unzensiert, ungefiltert und ohne kommerzielle oder staatliche Kontrollinstanzen.  SUMA-EV betreibt unter anderem die Meta-Suchmaschine MetaGer und f\u00f6rdert Alternativen zu den marktbeherrschenden Konzernen.  Der seit 2007 j\u00e4hrlich verliehene SUMA Award pr\u00e4miert Projekte und Arbeiten, die Herausragendes f\u00fcr die Zukunft des digitalen Wissens leisten.<\/p>\n\n\n\n<p><strong>Links<\/strong>: <\/p>\n\n\n\n<p><a href=\"http:\/\/metager.net\">http:\/\/metager.net<\/a><\/p>\n\n\n\n<p><a href=\"http:\/\/metager.de\">http:\/\/metager.de<\/a><\/p>\n\n\n\n<p><a href=\"http:\/\/suma-ev.de\">http:\/\/suma-ev.de<\/a><\/p>\n\n\n\n<p><a href=\"http:\/\/suma-awards.de\">http:\/\/suma-awards.de<\/a><\/p>\n\n\n\n<p><strong>Quellen<\/strong>:<\/p>\n\n\n\n<p>(1) <a href=\"http:\/\/de.wikipedia.org\/wiki\/USA_PATRIOT_Act\">http:\/\/de.wikipedia.org\/wiki\/USA_PATRIOT_Act]<\/a><\/p>\n\n\n\n<p>(2)  <a href=\"http:\/\/stiftungdatenschutz.org\/praxistipps\/\">http:\/\/stiftungdatenschutz.org\/praxistipps\/<\/a><\/p>\n","protected":false},"excerpt":{"rendered":"<p>Suchmaschine MetaGer mit gesch\u00fctzter Privatsph\u00e4re nun auch in englisch Andere reden nur &#8211; wir handeln metager.net Edward Snowden machte \u00f6ffentlich, dass der &#8222;Patriot Act&#8220;&#8230;<\/p>","protected":false},"author":4,"featured_media":0,"parent":265,"menu_order":0,"comment_status":"closed","ping_status":"closed","template":"","meta":{"footnotes":""},"class_list":["post-1264","page","type-page","status-publish","hentry"],"_links":{"self":[{"href":"https:\/\/suma-ev.de\/en\/wp-json\/wp\/v2\/pages\/1264","targetHints":{"allow":["GET"]}}],"collection":[{"href":"https:\/\/suma-ev.de\/en\/wp-json\/wp\/v2\/pages"}],"about":[{"href":"https:\/\/suma-ev.de\/en\/wp-json\/wp\/v2\/types\/page"}],"author":[{"embeddable":true,"href":"https:\/\/suma-ev.de\/en\/wp-json\/wp\/v2\/users\/4"}],"replies":[{"embeddable":true,"href":"https:\/\/suma-ev.de\/en\/wp-json\/wp\/v2\/comments?post=1264"}],"version-history":[{"count":1,"href":"https:\/\/suma-ev.de\/en\/wp-json\/wp\/v2\/pages\/1264\/revisions"}],"predecessor-version":[{"id":1265,"href":"https:\/\/suma-ev.de\/en\/wp-json\/wp\/v2\/pages\/1264\/revisions\/1265"}],"up":[{"embeddable":true,"href":"https:\/\/suma-ev.de\/en\/wp-json\/wp\/v2\/pages\/265"}],"wp:attachment":[{"href":"https:\/\/suma-ev.de\/en\/wp-json\/wp\/v2\/media?parent=1264"}],"curies":[{"name":"wp","href":"https:\/\/api.w.org\/{rel}","templated":true}]}}