{"id":1267,"date":"2019-06-24T12:36:08","date_gmt":"2019-06-24T10:36:08","guid":{"rendered":"https:\/\/beta.suma-ev.de\/?page_id=1267"},"modified":"2019-06-24T12:36:20","modified_gmt":"2019-06-24T10:36:20","slug":"suma-kongress-award-wege-aus-der-ueberwachungskatastrophe","status":"publish","type":"page","link":"https:\/\/suma-ev.de\/en\/pressemitteilungen\/suma-kongress-award-wege-aus-der-ueberwachungskatastrophe\/","title":{"rendered":"SUMA-Kongress &#038; Award: &#8222;Wege aus der \u00dcberwachungskatastrophe&#8220;"},"content":{"rendered":"\n<h2 class=\"wp-block-heading\">SUMA-Kongress &amp; Award: &#8222;Wege aus der \u00dcberwachungskatastrophe&#8220;<\/h2>\n\n\n\n<p>SUMA-EV Pressemitteilung, 17.12.2013: Kongress &amp; Verleihung des SUMA Award<\/p>\n\n\n\n<p><strong>Wege aus der Internet-\u00dcberwachungskatastrophe<\/strong><\/p>\n\n\n\n<ul class=\"wp-block-list\"><li>Ethik im digitalen Raum &#8211;<\/li><\/ul>\n\n\n\n<p><strong>Zeit<\/strong>: Mittwoch, 12. Februar 2014 &#8211; 14.00 bis ca. 17.30 Uhr<\/p>\n\n\n\n<p><strong>Ort:  <\/strong>Hodlersaal im Neuen Rathaus der Landeshauptstadt Hannover, 30159 Hannover, Trammplatz 2, 1. OG, links<\/p>\n\n\n\n<p>Um den 7. Juni 2013 erschienen die ersten Berichte von Edward Snowden \u00fcber Lauschangriffe der US-Geheimdienste auf alles, was im und um das Internet &#8222;kreucht und fleucht&#8220;.  Seitdem ist die digitale Welt eine andere.  Wir m\u00fcssen uns fragen, was zu tun ist, um Digitalien von Datenkraken und Lauschern zu befreien.  Die Gesetze des digitalen Handels m\u00fcssen neu definiert und Mittel zur Durchsetzung gefunden oder geschaffen werden.  Dazu brauchen wir eine verbindliche Internet-Ethik.  Der SUMA-Kongress wird zu dieser Diskussion beitragen und hat namhafte Referenten eingeladen.<\/p>\n\n\n\n<p><a href=\"http:\/\/suma-ev.de\/presse\/Die-Netzpolitische-Wende-muss-von-Europa-ausgehen.html\">Die-Netzpolitische-Wende muss von Europa ausgehen!<\/a><\/p>\n\n\n\n<p><strong>Programm<\/strong>:<\/p>\n\n\n\n<ul class=\"wp-block-list\"><li>14.00: Gru\u00dfwort, Rainer Appelt, B\u00fcro des Oberb\u00fcrgermeisters der Stadt Hannover, Leiter Neue Medien<\/li><li>14.10: &#8222;Begr\u00fc\u00dfung &#8211; Aktuelles, NSA, <a href=\"http:\/\/www.metager.de\/neu\">MetaGer<\/a> &amp; <a href=\"http:\/\/www.suma-ev.de\">SUMA-EV<\/a>&#8222;, Dr. Wolfgang Sander-Beuermann<\/li><li>14.25: &#8222;Der <a href=\"http:\/\/suma-awards.de\/preistraeger.html\">SUMA Award 2012<\/a> &#8211; wie ist es weitergegangen?&#8220;, [www.religionen-entdecken.de], Christiane Baer-Krause\\ \\Der SUMA Award 2013 legt wiederum den Schwerpunkt auf das Thema &#8222;Ethik im digitalen Raum&#8220;, diesmal in Form eines Kurzfilmpreises, dotiert mit 2.500,- EUR:<\/li><li>14.40: Verleihung des SUMA Award 2013 ([www.suma-awards.de]): Vorstellung des preisgekr\u00f6nten Kurzfilms vom Autor &#8211; Laudatio: Prof <a href=\"https:\/\/de.wikipedia.org\/wiki\/Karlheinz_Brandenburg\">Karlheinz Brandenburg<\/a><\/li><li>15.15: Pause<\/li><li>15.35: &#8222;Informationsethik: Herkunft, Gegenwart und Zukunft&#8220;, Prof. <a href=\"http:\/\/www.capurro.de\/\">Rafael Capurro<\/a><\/li><li>16.00: &#8222;Information und Verantwortung: Hackerethik und andere Handlungsmaximen&#8220;, <a href=\"https:\/\/de.wikipedia.org\/wiki\/M%C3%BCller-Maguhn\">Andy M\u00fcller-Maguhn<\/a>, <a href=\"http:\/\/www.ccc.de\/\">CCC<\/a>\\ \\M\u00fcller-Maguhn wird in einer kurzen Daten-Zeitreise die  urspr\u00fcnglichen Konzepte der Hackerethik mit den  Herausforderungen der gegenw\u00e4rtigen Total\u00fcberwachung  kontextualisieren und Aspekte notwendiger  Handlungsmaximen herausarbeiten.<\/li><li>16.25: Podiums- und Plenums-Diskussion: &#8222;Brauchen wir eine neue  Netiquette und wer setzt sie durch?&#8220; Prof. Brandenburg, Prof. Capurro, M\u00fcller-Maguhn, Baer-Krause, Moderation: Prof. Reinbold<\/li><li>Ab ca. 17.30: Abendessen im <a href=\"http:\/\/www.staev-hannover.de\">Restaurant \u201eSt\u00e4ndige Vertretung\u201c<\/a> nahe dem Neuen Rathaus (ca. 3 min Fu\u00dfweg) &#8211; <a href=\"http:\/\/www.staev-hannover.de\/fileadmin\/download\/staev_speisekarte.pdf\">Speisekarte<\/a>.<br> &#8220;&#8217;Anmeldung:&#8220;&#8216;<\/li><\/ul>\n\n\n\n<p>Ab sofort per formloser EMail an: anmeldungen@suma-ev.de<\/p>\n\n\n\n<ul class=\"wp-block-list\"><li>Teilnahme f\u00fcr Fr\u00fchanmelder (bis 31.12.2013 &#8211; 24.00 Uhr) und SUMA-EV Mitglieder: KOSTENFREI<\/li><li>Anmeldungen vom 1.1. bis 31.1.2014: 20,-EUR Kostenbeitrag<\/li><li>Sp\u00e4tanmelder (vom 1.2. bis 12.2.2014) und Barzahler (sofern Platz vorhanden): 60,- EUR<br> Das Abendessen ist nicht im Kostenbeitrag oder der Anmeldung enthalten. Bitte vermerken Sie bei Ihrer Anmeldung, ob Sie <a href=\"http:\/\/www.staev-hannover.de\/fileadmin\/download\/staev_speisekarte.pdf\">a la Carte<\/a> daran teilnehmen wollen.<br> Wir freuen uns, Sie am 12.2.2014 im Neuen Rathaus in Hannover zu begr\u00fc\u00dfen!<\/li><\/ul>\n\n\n\n<p>Medienkontakt:<\/p>\n\n\n\n<p>MetaGer-Team<br>\nSUMA-EV Gesch\u00e4ftsstelle:<br>\nR\u00f6selerstr. 3, 30159 Hannover<br>\nTel: 0511 &#8211; 34 00 00 70<br>\neMail: office@suma-ev.de   <\/p>\n\n\n\n<p>Gesch\u00e4ftsf\u00fchrendes Vorstandsmitglied:<br>\nDr. Wolfgang Sander-Beuermann<br>\nTel: 0511 &#8211; 34 00 00 71<br>\neMail: wsb@suma-ev.de <\/p>\n","protected":false},"excerpt":{"rendered":"<p>SUMA-Kongress &amp; Award: &#8222;Wege aus der \u00dcberwachungskatastrophe&#8220; SUMA-EV Pressemitteilung, 17.12.2013: Kongress &amp; Verleihung des SUMA Award Wege aus der Internet-\u00dcberwachungskatastrophe Ethik im digitalen Raum&#8230;<\/p>","protected":false},"author":4,"featured_media":0,"parent":265,"menu_order":0,"comment_status":"closed","ping_status":"closed","template":"","meta":{"footnotes":""},"class_list":["post-1267","page","type-page","status-publish","hentry"],"_links":{"self":[{"href":"https:\/\/suma-ev.de\/en\/wp-json\/wp\/v2\/pages\/1267","targetHints":{"allow":["GET"]}}],"collection":[{"href":"https:\/\/suma-ev.de\/en\/wp-json\/wp\/v2\/pages"}],"about":[{"href":"https:\/\/suma-ev.de\/en\/wp-json\/wp\/v2\/types\/page"}],"author":[{"embeddable":true,"href":"https:\/\/suma-ev.de\/en\/wp-json\/wp\/v2\/users\/4"}],"replies":[{"embeddable":true,"href":"https:\/\/suma-ev.de\/en\/wp-json\/wp\/v2\/comments?post=1267"}],"version-history":[{"count":1,"href":"https:\/\/suma-ev.de\/en\/wp-json\/wp\/v2\/pages\/1267\/revisions"}],"predecessor-version":[{"id":1269,"href":"https:\/\/suma-ev.de\/en\/wp-json\/wp\/v2\/pages\/1267\/revisions\/1269"}],"up":[{"embeddable":true,"href":"https:\/\/suma-ev.de\/en\/wp-json\/wp\/v2\/pages\/265"}],"wp:attachment":[{"href":"https:\/\/suma-ev.de\/en\/wp-json\/wp\/v2\/media?parent=1267"}],"curies":[{"name":"wp","href":"https:\/\/api.w.org\/{rel}","templated":true}]}}