{"id":127,"date":"2019-04-04T10:17:56","date_gmt":"2019-04-04T08:17:56","guid":{"rendered":"https:\/\/beta.suma-ev.de\/?page_id=127"},"modified":"2022-09-08T11:35:15","modified_gmt":"2022-09-08T09:35:15","slug":"philosophie","status":"publish","type":"page","link":"https:\/\/suma-ev.de\/en\/philosophie\/","title":{"rendered":"Philosophy"},"content":{"rendered":"<figure class=\"wp-block-image\"><img loading=\"lazy\" decoding=\"async\" width=\"1024\" height=\"372\" src=\"https:\/\/suma-ev.de\/wp-content\/uploads\/2019\/06\/sixtus-1024x372.png\" alt=\"\" class=\"wp-image-1315\" srcset=\"https:\/\/suma-ev.de\/wp-content\/uploads\/2019\/06\/sixtus-1024x372.png 1024w, https:\/\/suma-ev.de\/wp-content\/uploads\/2019\/06\/sixtus-300x109.png 300w, https:\/\/suma-ev.de\/wp-content\/uploads\/2019\/06\/sixtus-768x279.png 768w, https:\/\/suma-ev.de\/wp-content\/uploads\/2019\/06\/sixtus.png 1920w\" sizes=\"auto, (max-width: 1024px) 100vw, 1024px\" \/><\/figure>\n\n\n\n<p class=\"has-drop-cap\" style=\"font-size:17px\">Den <strong>SUMA-EV <\/strong>gibt es seit 2004. Inzwischen sind wir auf ungef\u00e4hr 500 Vereinsmitglieder angewachsen. In unserem kleinen B\u00fcro in der Innenstadt von Hannover arbeitet ein kleines Team daran, <strong><a href=\"https:\/\/metager.org\">MetaGer<\/a><\/strong> zu betreiben, zu optimieren, \u00d6ffentlichkeitsarbeit f\u00fcr den Verein zu betreiben und \u00fcberhaupt den Laden am Laufen zu halten.<\/p>\n\n\n\n<hr class=\"wp-block-separator has-css-opacity\"\/>\n\n\n\n<h2 class=\"wp-block-heading\" id=\"unsere-motivation\">Unsere Motivation<\/h2>\n\n\n\n<p style=\"font-size:17px\">Noch nie zuvor war es so leicht, sich Informationen zu beschaffen und sich Wissen anzueignen. Das Internet bietet uns die M\u00f6glichkeit, immer auf dem neusten Stand zu sein. Es kann uns einen umfassenden Blick auf die Welt liefern, schnell und bequem. <strong>Auch aus diesem Grund ist es entscheidend, dass die zugrundeliegende Technik unabh\u00e4ngig und frei von Interessen ist.<\/strong><\/p>\n\n\n\n<p style=\"font-size:17px\">Suchmaschinen kommt hier eine gro\u00dfe Verantwortung zu. Die Freiheit und Unabh\u00e4ngigkeit kann durch kommerzielle und staatliche Einflussnahme gleicherma\u00dfen bedroht werden. Wir sehen am Beispiel von Staaten, in denen Internetzensur betrieben und die sensible Stellung von Suchmaschinen staatlich missbraucht wird, wie dort die Rechte des Einzelnen beschnitten werden. Auch eine kommerzielle Einflussnahme ist im Hinblick auf Ergebnisvielfalt sowie Datenschutz problematisch. Daher ist es notwendig, Alternativen zu den gro\u00dfen Diensten zu schaffen. <\/p>\n\n\n\n<p style=\"font-size:17px\">Zudem k\u00f6nnen Alternativen <strong>konkrete Vorteile<\/strong> gegen\u00fcber den gro\u00dfen Suchdiensten haben. So hat MetaGer nicht nur Funktionen wie <\/p>\n\n\n\n<ul class=\"wp-block-list\" style=\"font-size:17px\"><li>die M\u00f6glichkeit des Erstellens einer pers\u00f6nliche Blacklist, <\/li><li>die &#8222;Suche in der Suche&#8220; (<a href=\"https:\/\/metager.de\/hilfe\/funktionen\" target=\"_blank\" rel=\"noreferrer noopener\">https:\/\/metager.de\/hilfe\/funktionen<\/a>)<\/li><li>die M\u00f6glichkeit der werbefreien Suche<\/li><\/ul>\n\n\n\n<p style=\"font-size:17px\">sondern f\u00fcr allem durch die Einbindung von Suchmaschinen-Projekten wie <a href=\"https:\/\/suma-ev.de\/en\/metager-bindet-neue-alte-suchmaschine-ein\/\" data-type=\"URL\" data-id=\"https:\/\/suma-ev.de\/metager-bindet-neue-alte-suchmaschine-ein\/\" target=\"_blank\" rel=\"noreferrer noopener\">YaCy <\/a>eine gr\u00f6\u00dfere Ergebnisvielfalt. YaCy ist eine dezentrale, freie Suchmaschine. Die freie Suchmaschine l\u00e4uft nicht auf zentralen Servern eines einzelnen Betreibers, sondern funktioniert nach dem Peer-to-Peer (P2P) Prinzip.&nbsp;Indem die Indexierung also \u00fcber die Nutzer erfolgt, kann ein von gro\u00dfen Suchmaschinenbetreibern abweichendes Ergebnisprofil die Folge sein.<\/p>\n\n\n\n<p style=\"font-size:17px\">\u00dcberhaupt greift (unseres Wissens nach) MetaGer als einzige deutsche Suchmaschine auf die Ergebnisse mehrerer Suchmaschinen zur\u00fcck. Dies in Bezug auf die Informations- und Wissensfreiheit ein gro\u00dfer Vorteil, da so die Gefahr von Zensur minimiert werden kann. <a href=\"https:\/\/metager.de\/search-engine\" data-type=\"URL\" data-id=\"https:\/\/metager.de\/search-engine\" target=\"_blank\" rel=\"noreferrer noopener\">Here<\/a> haben wir aufgelistet, welche Suchmaschinen ber\u00fccksichtigt werden.<\/p>\n\n\n\n<hr class=\"wp-block-separator has-alpha-channel-opacity\"\/>\n\n\n\n<p style=\"font-size:17px\">Aber wir blicken \u00fcber unseren Tellerrand &#8222;Suchmaschine&#8220; auch hinaus. Neue Gesetzesentw\u00fcrfe und politische Bestrebungen, die die Wissensfreiheit der Gesellschaft in Gefahr bringen oder eine anlasslose \u00dcberwachung der Bev\u00f6lkerung mit sich bringen, nehmen wir genau unter die Lupe und setzen uns gegebenenfalls dagegen ein. <strong>Digitale Technik darf kein Instrument f\u00fcr staatliche oder kommerziell arbeitende Organe sein, um den gl\u00e4sernen B\u00fcrger zu erhalten.<\/strong> <a href=\"https:\/\/suma-ev.de\/en\/aktivitaeten\/sonstiges\/\">Informieren Sie sich<\/a> \u00fcber konkrete Aktivit\u00e4ten des Vereins.<\/p>\n\n\n\n<hr class=\"wp-block-separator has-css-opacity\"\/>\n\n\n\n<figure class=\"wp-block-image size-large\"><img loading=\"lazy\" decoding=\"async\" width=\"1024\" height=\"372\" src=\"https:\/\/suma-ev.de\/wp-content\/uploads\/2019\/09\/web-romantic-1024x372.png\" alt=\"\" class=\"wp-image-2525\" srcset=\"https:\/\/suma-ev.de\/wp-content\/uploads\/2019\/09\/web-romantic-1024x372.png 1024w, https:\/\/suma-ev.de\/wp-content\/uploads\/2019\/09\/web-romantic-300x109.png 300w, https:\/\/suma-ev.de\/wp-content\/uploads\/2019\/09\/web-romantic-768x279.png 768w, https:\/\/suma-ev.de\/wp-content\/uploads\/2019\/09\/web-romantic.png 1920w\" sizes=\"auto, (max-width: 1024px) 100vw, 1024px\" \/><\/figure>\n\n\n\n<h2 class=\"wp-block-heading\" id=\"freies-wissen-fur-alle\">Freies Wissen f\u00fcr alle<\/h2>\n\n\n\n<p style=\"font-size:17px\">Der SUMA-EV ist nicht nur mit dem Betrieb und der Weiterentwicklung der Suchmaschine MetaGer befasst, sondern auch in netzpolitischen Bereichen aktiv. Ob es um die EU-Urheberrechtsreform geht oder um Googles Ausnutzung der Marktmacht: wir mischen uns ein.  <\/p>\n\n\n\n<p style=\"font-size:17px\">Dabei ist die Idee von Privatsph\u00e4re zentral. Wir w\u00fcrden nie Fremden unser Smartphone \u00fcberlassen oder unsere privaten Chats zeigen. Oder unseren Suchverlauf ver\u00f6ffentlichen. Privatsph\u00e4re ist ein Grundbed\u00fcrfnis. Trotz dieses Bed\u00fcrfnisses ist die Ansicht, Privatsph\u00e4renschutz sei nur wichtig f\u00fcr Menschen, die etwas zu verbergen h\u00e4tten, immer noch weit verbreitet. Das wollen wir \u00e4ndern.<\/p>\n\n\n\n<hr class=\"wp-block-separator has-css-opacity\"\/>\n\n\n\n<h2 class=\"wp-block-heading\" id=\"unsere-ziele-auf-einen-blick\">Unsere Ziele auf einen Blick<\/h2>\n\n\n\n<p style=\"font-size:17px\"><strong>Auffindbarkeit und Erreichbarkeit von Wissen<\/strong><\/p>\n\n\n\n<p style=\"font-size:17px\"><strong>Zugriff auf Wissen unter Wahrung der informationellen Selbstbestimmung&nbsp;<\/strong><\/p>\n\n\n\n<p style=\"font-size:17px\"><strong>Transparenz der Wissensbewertung und Darstellung<\/strong><\/p>\n\n\n\n<p style=\"font-size:17px\"><strong>Pluralismus des Wissenszugangs<\/strong><\/p>\n\n\n\n<p style=\"font-size:17px\"><strong>F\u00f6rderung der Informationskompetenz<\/strong><\/p>\n\n\n\n<p class=\"has-very-light-gray-background-color has-background\" style=\"font-size:17px\"><a href=\"\/en\/leitlinien\/\">Mehr Informationen <\/a> \u00fcber unsere Leitlinien. <\/p>\n\n\n\n<blockquote class=\"wp-block-quote is-style-default is-layout-flow wp-block-quote-is-layout-flow\"><p><strong>\u201eWenn man sagt, die Privatsph\u00e4re ist mir egal, ich habe nichts zu verbergen, dann ist das so, wie wenn man sagt, die Redefreiheit ist mir egal, ich habe nichts zu sagen.\u201c<\/strong><\/p><cite>Edward Snowden<\/cite><\/blockquote>","protected":false},"excerpt":{"rendered":"<p>Den SUMA-EV gibt es seit 2004. Inzwischen sind wir auf ungef\u00e4hr 500 Vereinsmitglieder angewachsen. In unserem kleinen B\u00fcro in der Innenstadt von Hannover arbeitet&#8230;<\/p>","protected":false},"author":4,"featured_media":0,"parent":0,"menu_order":0,"comment_status":"closed","ping_status":"closed","template":"","meta":{"footnotes":""},"class_list":["post-127","page","type-page","status-publish","hentry"],"_links":{"self":[{"href":"https:\/\/suma-ev.de\/en\/wp-json\/wp\/v2\/pages\/127","targetHints":{"allow":["GET"]}}],"collection":[{"href":"https:\/\/suma-ev.de\/en\/wp-json\/wp\/v2\/pages"}],"about":[{"href":"https:\/\/suma-ev.de\/en\/wp-json\/wp\/v2\/types\/page"}],"author":[{"embeddable":true,"href":"https:\/\/suma-ev.de\/en\/wp-json\/wp\/v2\/users\/4"}],"replies":[{"embeddable":true,"href":"https:\/\/suma-ev.de\/en\/wp-json\/wp\/v2\/comments?post=127"}],"version-history":[{"count":112,"href":"https:\/\/suma-ev.de\/en\/wp-json\/wp\/v2\/pages\/127\/revisions"}],"predecessor-version":[{"id":4200,"href":"https:\/\/suma-ev.de\/en\/wp-json\/wp\/v2\/pages\/127\/revisions\/4200"}],"wp:attachment":[{"href":"https:\/\/suma-ev.de\/en\/wp-json\/wp\/v2\/media?parent=127"}],"curies":[{"name":"wp","href":"https:\/\/api.w.org\/{rel}","templated":true}]}}