{"id":1271,"date":"2019-06-24T12:38:05","date_gmt":"2019-06-24T10:38:05","guid":{"rendered":"https:\/\/beta.suma-ev.de\/?page_id=1271"},"modified":"2019-06-24T12:38:05","modified_gmt":"2019-06-24T10:38:05","slug":"die-netzpolitische-wende-muss-von-europa-ausgehen","status":"publish","type":"page","link":"https:\/\/suma-ev.de\/en\/pressemitteilungen\/die-netzpolitische-wende-muss-von-europa-ausgehen\/","title":{"rendered":"Die Netzpolitische Wende muss von Europa ausgehen!"},"content":{"rendered":"<h2 class=\"wp-block-heading\">Die Netzpolitische Wende muss von Europa ausgehen!<\/h2>\n\n\n\n<p>SUMA-EV Pressemitteilung, 30.1.2014:<\/p>\n\n\n\n<p>&#8222;Die Netzpolitische Wende muss von Europa ausgehen!&#8220;<\/p>\n\n\n\n<p>Der SUMA-EV will mit seinem <a href=\"http:\/\/suma-ev.de\/en\/presse\/Kongress-und-Award-2013-Wege-aus-der-Ueberwachungskatastrophe.html\/\">Kongress am 12. Februar in Hannover<\/a> die  Internetdebatte neu ausrichten.<\/p>\n\n\n\n<p>&#8222;Weniger Netz-Interpreten, mehr Netz-Ingenieure&#8220; will Wolfgang       Sander-Beuermann, gesch\u00e4ftsf\u00fchrender Vorstand des SUMA, in der  Internetdebatte der kommenden Jahre sehen. &#8222;Wir m\u00fcssen die netzpolitische Debatte vom Kopf auf die F\u00fc\u00dfe stellen, wenn wir laufen wollen&#8220;, schlu\u00dffolgert der SUMA-Chef. &#8222;Wir haben uns im Internet davongetr\u00e4umt, der NSA-Skandal hat uns geweckt&#8220;. Jetzt sei N\u00fcchternheit angebracht, folgert der Betreiber der einzigen deutschen Suchmaschine, die den Internetrausch \u00fcberlebt hat. Bei den Autos ist Deutschland nicht stark geworden, weil es die sch\u00f6nsten Karosserien zeichnen, sondern die besten Autos bauen konnte. Jetzt gilt es f\u00fcr die deutschen Unternehmen, die Politik und die  Zivilgesellschaft, Hand an eine eigenst\u00e4ndige europ\u00e4ische Netzinfrastruktur zu legen: &#8222;Eine Netzethik ohne technologischen Unterbau ist wie ein Mensch ohne Unterleib&#8220;.<\/p>\n\n\n\n<p>Erste Thesen dazu will der SUMA-EV auf seinem Internetkongress zu &#8222;Wegen aus der \u00dcberwachungskatastrophe&#8220; am 12. Februar in Hannover vorlegen. &#8222;Wir wollen eine europ\u00e4ische netzpolitische und netztechnische Wende&#8220;. Weitere Hauptredner des Kongresses sind der Informationsethiker Prof. Rafael Capurro, MP3-Erfinder Prof. Karlheinz Brandenburg und Chaos-Computerclub-Sprecher Andy M\u00fcller-Maguhn.<\/p>\n\n\n\n<p>Der SUMA-EV, 2004 gegr\u00fcndet, hat seinen technologischen Beitrag f\u00fcr eine eigenst\u00e4ndige, lauschfreie Netzinfrastruktur bereits gelegt. Mit MetaGer betreibt er die einzige nennenswerte gr\u00f6\u00dfere deutsche Suchmaschine, auf der neutral und ohne Preisgabe der Nutzerdaten im Internet recherchiert werdenkann. <\/p>\n\n\n\n<p><a href=\"https:\/\/metager.de\/\">Metager.de<\/a><\/p>\n\n\n\n<p> wurde ab dem Jahr 1996 an der Universit\u00e4t Hannover entwickelt und wird seit vergangenem Jahr vom SUMA-EV in eigener Regie betrieben. Die Suchmaschine hat im letzten Jahr ihre Nutzerzahlen verdoppeln k\u00f6nnen. Nicht ohne Stolz verweist Wolfgang Sander-Beuermann darauf, dass das bisher ohne einen einzigen Cent an \u00f6ffentlichen F\u00f6rdergeldern gelungen ist. &#8222;Aber, wenn es jetzt darum geht, sich f\u00fcr den Massenmarkt zu \u00f6ffnen, muss man richtig Geld in die Hand nehmen&#8220;, so Sander-Beuermann w\u00f6rtlich.\n<\/p>\n\n\n\n<p>Weder trivial noch billig wird ein lauschfreies europ\u00e4isches Internet sein, so der Ingenieur Sander-Beuermann. Der Verweis auf das erfolgreiche europ\u00e4ische Projekt Airbus ist richtig, was die Kostengr\u00f6\u00dfenordnungen betrifft. \u00dcber die Konzeption einer entsprechenden Technologiestrategie m\u00fcsse man allerdings noch reden: &#8222;Die EU-Kommission wollte im Jahr 2000 mit ihrer Lissabonstrategie und vielen Milliarden Europa auch zur weltweit  f\u00fchrenden Technologieregion machen. Wir wissen, dass daraus nichts geworden  ist&#8220;. Seine Schlussfolgerung: &#8222;Geld alleine macht auch nicht gl\u00fccklich, man braucht auch die richtige Strategie und ernsthafte Mitspieler dazu&#8220;.            <\/p>\n\n\n\n<p><strong>Kontakt und weitere Informationen<\/strong><\/p>\n\n\n\n<p>Zum Kongress: <a href=\"http:\/\/metager.de\/k14\">http:\/\/metager.de\/k14<\/a><\/p>\n\n\n\n<p>Zum Veranstalter:<\/p>\n\n\n\n<p>SUMA-EV &#8211; Verein f\u00fcr freien Wissenszugang<br>\nDr. Wolfgang Sander-Beuermann<br>\nR\u00f6selerstr. 3<br>\n30159 Hannover<br>\n0511 &#8211; 34 00 00 71<br>\nEMail: wsb@suma-ev.de<\/p>\n\n\n\n<p>Presse und Hauptstadtb\u00fcro:<br>\nNikolaus Huss<br>\nGneisenaustr. 8<br>\n10961 Berlin<br>\n030 &#8211; 81827194<br>\nMobil: 01577-1944544<br>\nEMail: huss@suma-ev.de<\/p>","protected":false},"excerpt":{"rendered":"<p>Die Netzpolitische Wende muss von Europa ausgehen! SUMA-EV Pressemitteilung, 30.1.2014: &#8222;Die Netzpolitische Wende muss von Europa ausgehen!&#8220; Der SUMA-EV will mit seinem Kongress am&#8230;<\/p>","protected":false},"author":4,"featured_media":0,"parent":265,"menu_order":0,"comment_status":"closed","ping_status":"closed","template":"","meta":{"footnotes":""},"class_list":["post-1271","page","type-page","status-publish","hentry"],"_links":{"self":[{"href":"https:\/\/suma-ev.de\/en\/wp-json\/wp\/v2\/pages\/1271","targetHints":{"allow":["GET"]}}],"collection":[{"href":"https:\/\/suma-ev.de\/en\/wp-json\/wp\/v2\/pages"}],"about":[{"href":"https:\/\/suma-ev.de\/en\/wp-json\/wp\/v2\/types\/page"}],"author":[{"embeddable":true,"href":"https:\/\/suma-ev.de\/en\/wp-json\/wp\/v2\/users\/4"}],"replies":[{"embeddable":true,"href":"https:\/\/suma-ev.de\/en\/wp-json\/wp\/v2\/comments?post=1271"}],"version-history":[{"count":1,"href":"https:\/\/suma-ev.de\/en\/wp-json\/wp\/v2\/pages\/1271\/revisions"}],"predecessor-version":[{"id":1272,"href":"https:\/\/suma-ev.de\/en\/wp-json\/wp\/v2\/pages\/1271\/revisions\/1272"}],"up":[{"embeddable":true,"href":"https:\/\/suma-ev.de\/en\/wp-json\/wp\/v2\/pages\/265"}],"wp:attachment":[{"href":"https:\/\/suma-ev.de\/en\/wp-json\/wp\/v2\/media?parent=1271"}],"curies":[{"name":"wp","href":"https:\/\/api.w.org\/{rel}","templated":true}]}}