{"id":1274,"date":"2019-06-24T12:40:12","date_gmt":"2019-06-24T10:40:12","guid":{"rendered":"https:\/\/beta.suma-ev.de\/?page_id=1274"},"modified":"2019-06-24T12:40:12","modified_gmt":"2019-06-24T10:40:12","slug":"wege-aus-der-ueberwachungskatastrophe","status":"publish","type":"page","link":"https:\/\/suma-ev.de\/en\/pressemitteilungen\/wege-aus-der-ueberwachungskatastrophe\/","title":{"rendered":"Wege aus der \u00dcberwachungskatastrophe"},"content":{"rendered":"<h2 class=\"wp-block-heading\">Wege aus der \u00dcberwachungskatastrophe<\/h2>\n\n\n\n<p>Hannover, 13. Februar 2014:<\/p>\n\n\n\n<p>&#8220;&#8217;Wege aus der \u00dcberwachungskatastrophe: Ethik im digitalen Raum&#8220;&#8216;<\/p>\n\n\n\n<p>Der Zustand des Netzes, als das es sich inzwischen entpuppt hat, war Thema des SUMA-Kongresses am gestrigen Mittwoch.  Der &#8222;Verein f\u00fcr freien Wissenszugang &#8211; SUMA-EV&#8220; hatte zum Kongress im Neuen Rathaus der Landeshauptstadt Hannover geladen.  Unter dem Titel &#8222;Wege aus der \u00dcberwachungskatastrophe: Ethik im digitalen Raum&#8220; waren mehr als 50 Teilnehmende, darunter IT Spezialisten, aber auch Theologen und P\u00e4dagogen,      zusammengekommen, um gemeinsam \u00fcber Handlungsspielr\u00e4ume und m\u00f6gliche neue Wege zu debattieren.<\/p>\n\n\n\n<p>&#8222;Sp\u00e4testens die Reaktionen auf Edward Snowdens Enth\u00fcllungen haben gezeigt: die USA haben ihre Glaubw\u00fcrdigkeit verspielt. Die netzpolitische Wende muss von Europa ausgehen&#8220;, fordert Wolfgang Sander-Beuermann, gesch\u00e4ftsf\u00fchrender Vorstand des Vereins f\u00fcr freien Wissenszugang &#8222;SUMA-EV&#8220;.  Entr\u00fcstung, Entt\u00e4uschung und Ahnungslosigkeit seitens der Politik wurde bez\u00fcglich des Umgangs mit Edward Swnoden zum Ausdruck gebracht. Dass die Hackerszene und Organisationen wie SUMA-EV offensichtlich nicht an Paranoia litten &#8211; wie in der Vergangenheit so gerne behauptet wurde &#8211; stellte Andy M\u00fcller-Maguhn vom Chaos Computer Club gleich zu Beginn seines Vortrags klar. Nun sei das Ausma\u00df der Spionage auch in der breiten \u00d6ffentlichkeit angekommen. An Europa als treibende Kraft im digitalen Raum der Zukunft glaube er nicht. &#8222;Als vermutet wurde, dass Snowden in einem Passagierflugzeug sa\u00df, wurde einfach mal fast der gesamte europ\u00e4ische Luftraum gesperrt, nur weil die USA es so       wollten&#8220;, argumentiert M\u00fcller-Maguhn.<\/p>\n\n\n\n<p>\u00dcber eine Sache sind sich die Mitdiskutanten jedoch einig: ein Status-Quo ist keine Option: &#8222;Es ist eine komplexe, interkulturelle Angelegenheit. Die Freiheit, etwas zu verbergen, ist der entscheidende Punkt. Jeder muss definieren  k\u00f6nnen, wie viel er von sich preisgibt, das muss der Staat gew\u00e4hrleisten. Wenn das nicht m\u00f6glich ist, dann geht es in die Richtung eines totalit\u00e4ren Systems&#8220;,  sagt Rafael Capurro, Professor f\u00fcr Informationsethik an der Hochschule der Medien in Stuttgart.<\/p>\n\n\n\n<p> Der mit 2500 Euro dotierte SUMA Award 2013 ging in diesem Jahr an den Kurzfilmautor &#8222;Manniac&#8220; f\u00fcr seinen Film &#8222;<a href=\"http:\/\/www.youtube.com\/watch?v=iHlzsURb0WI\">Der \u00dcberwachungsstaat<\/a>&#8222;, der auf am\u00fcsante Art und Weise die Risiken einer totalen \u00dcberwachung skizziert.  Den Grund f\u00fcr die Preisvergabe erkl\u00e4rte der Erfinder des MP3-Verfahrens Karlheinz Brandenburg in seiner Laudatio: Es wird nicht einfach nur plakativ \u00fcber den \u00dcberwachungsstaat geschimpft und der Moralkn\u00fcppel geschwungen.   Der Film regt zum Nachdenken an: &#8222;Eine Million Zuschauer sprechen f\u00fcr sich. Gl\u00fcckwunsch an die Jury, Gl\u00fcckwunsch an Sie!&#8220; <\/p>\n\n\n\n<p>Der SUMA-EV, 2004 gegr\u00fcndet, hat seinen technologischen Beitrag f\u00fcr eine  eigenst\u00e4ndige, lauschfreie Netzinfrastruktur bereits gelegt. Mit <a href=\"http:\/\/www.metager.de\">MetaGer<\/a> betreibt er die einzige nennenswerte gr\u00f6\u00dfere deutsche Suchmaschine, auf der neutral und ohne Preisgabe der Nutzerdaten im Internet recherchiert werden kann. MetaGer wurde ab dem Jahr 1996 an der Universit\u00e4t Hannover entwickelt und wird seit 2012 vom SUMA-EV in eigener Regie betrieben. Es ist dem gemeinn\u00fctzigen Verein gelungen, diese Suchmaschine ohne Fremdfinanzierung zu betreiben.<\/p>\n\n\n\n<p>Doch auch f\u00fcr SUMA-EV und <a href=\"http:\/\/www.metager.de\">MetaGer<\/a> gibt es eine Vor- und eine Nach-Snowden \u00c4ra im Internet. So arbeitet der Verein zurzeit an systematischen, weiteren Verschl\u00fcsselungen im Betrieb und der Nutzung der Suchmaschine. Bereits realisiert ist der ausschlie\u00dfliche Zugang \u00fcber https, ein Zugang \u00fcber das TOR-Netzwerk, und demn\u00e4chst wird ein anonymisierender Proxy dieses Angebot abrunden.<\/p>\n\n\n\n<p>Ob es nun der Europ\u00e4ischen Union gelingen wird, sich als treibende Kraft im digitalen Raum zu profilieren, sei dahingestellt.  Mit Worth\u00fclsen, Floskeln und frommen W\u00fcnschen wird dies nicht m\u00f6glich sein.  &#8222;Weder trivial noch billig wird ein lauschfreies, europ\u00e4isches Internet sein&#8220;, stellt Wolfgang Sander-Beuermann klar.  \u00c4hnlich wie bei der Erfolgsgeschichte Airbus, muss Europa sich die Mittel geben, seine Ziele auch zu erreichen.<\/p>\n\n\n\n<p>&#8222;Der Worte sind genug gewechselt, lasst mich auch endlich Taten sehen!&#8220;,  so der Appell an Bundesregierung und EU.<\/p>\n\n\n\n<p><strong>Medienkontakt<\/strong>:<\/p>\n\n\n\n<p>MetaGer-Team<br>\nSUMA-EV Gesch\u00e4ftsstelle:<br>\nR\u00f6selerstr. 3, 30159 Hannover<br>\nTel: 0511 &#8211; 34 00 00 70<br>\neMail: office@suma-ev.de<\/p>\n\n\n\n<p>Gesch\u00e4ftsf\u00fchrendes Vorstandsmitglied:<br>\nDr. Wolfgang Sander-Beuermann<br>\n0511-34000071<br>\nE-Mail: wsb@suma-ev.de<\/p>","protected":false},"excerpt":{"rendered":"<p>Wege aus der \u00dcberwachungskatastrophe Hannover, 13. Februar 2014: &#8220;&#8217;Wege aus der \u00dcberwachungskatastrophe: Ethik im digitalen Raum&#8220;&#8216; Der Zustand des Netzes, als das es sich&#8230;<\/p>","protected":false},"author":4,"featured_media":0,"parent":265,"menu_order":0,"comment_status":"closed","ping_status":"closed","template":"","meta":{"footnotes":""},"class_list":["post-1274","page","type-page","status-publish","hentry"],"_links":{"self":[{"href":"https:\/\/suma-ev.de\/en\/wp-json\/wp\/v2\/pages\/1274","targetHints":{"allow":["GET"]}}],"collection":[{"href":"https:\/\/suma-ev.de\/en\/wp-json\/wp\/v2\/pages"}],"about":[{"href":"https:\/\/suma-ev.de\/en\/wp-json\/wp\/v2\/types\/page"}],"author":[{"embeddable":true,"href":"https:\/\/suma-ev.de\/en\/wp-json\/wp\/v2\/users\/4"}],"replies":[{"embeddable":true,"href":"https:\/\/suma-ev.de\/en\/wp-json\/wp\/v2\/comments?post=1274"}],"version-history":[{"count":1,"href":"https:\/\/suma-ev.de\/en\/wp-json\/wp\/v2\/pages\/1274\/revisions"}],"predecessor-version":[{"id":1275,"href":"https:\/\/suma-ev.de\/en\/wp-json\/wp\/v2\/pages\/1274\/revisions\/1275"}],"up":[{"embeddable":true,"href":"https:\/\/suma-ev.de\/en\/wp-json\/wp\/v2\/pages\/265"}],"wp:attachment":[{"href":"https:\/\/suma-ev.de\/en\/wp-json\/wp\/v2\/media?parent=1274"}],"curies":[{"name":"wp","href":"https:\/\/api.w.org\/{rel}","templated":true}]}}