{"id":1277,"date":"2019-06-24T12:56:53","date_gmt":"2019-06-24T10:56:53","guid":{"rendered":"https:\/\/beta.suma-ev.de\/?page_id=1277"},"modified":"2019-06-24T12:56:53","modified_gmt":"2019-06-24T10:56:53","slug":"made-in-germany-sicher-suchen-und-finden-mit-metager","status":"publish","type":"page","link":"https:\/\/suma-ev.de\/en\/pressemitteilungen\/made-in-germany-sicher-suchen-und-finden-mit-metager\/","title":{"rendered":"Made in Germany: Sicher suchen UND finden mit MetaGer"},"content":{"rendered":"\n<h2 class=\"wp-block-heading\">Made in Germany: Sicher suchen UND finden mit MetaGer<\/h2>\n\n\n\n<p>Wer anonym und sicher im Netz finden will, hat jetzt alle M\u00f6glichkeiten dazu.  <a href=\"http:\/\/metager.de\">MetaGer<\/a>, die f\u00fchrende deutsche Suchmaschine, hat ihre Sicherheitsfeatures erweitert.  \u00dcber einen Anonymisierungsserver (Proxy) k\u00f6nnen jetzt ganz einfach die Suchergebnisse angeklickt werden, ohne dass pers\u00f6nliche Daten preisgegeben werden m\u00fcssen.<\/p>\n\n\n\n<p>Und so geht es: Klicken Sie nach erfolgreicher MetaGer-Suche auf den rechts neben dem Ergebnislink befindlichen &#8222;anonym \u00f6ffnen&#8220; Link.  Prompt \u00f6ffnet sich die entsprechende Verbindung, ohne dass der Zielserver erkennen kann, von wem die Anfrage kommt.  Die Webseite und alle diesem Klick folgenden erhalten keine Daten von Ihnen, sondern nur die entsprechenden MetaGer Stellvertreter\/Proxy Daten.  Proxy hei\u00dft englisch &#8222;Stellvertreter&#8220; und ist der Fachausdruck f\u00fcr einen auf diese Art anonymisierenden Server.<\/p>\n\n\n\n<p>&#8220;&#8217;Sechs Kriterien f\u00fcr abh\u00f6rsicheres Finden jetzt erf\u00fcllt&#8220;&#8216;<\/p>\n\n\n\n<p>Sechs Kriterien sollten Suchmaschinen erf\u00fcllen, um anonym und ohne Datenaussp\u00e4hung finden zu k\u00f6nnen. <\/p>\n\n\n\n<p>1) Zuallererst m\u00fcssen der Betreiber und seine Eigentumsverh\u00e4ltnisse   transparent sein. <a href=\"http:\/\/metager.de\">MetaGer<\/a> wird betrieben und weiterentwickelt vom  gemeinn\u00fctzigen Verein SUMA-EV in Kooperation mit der Leibniz  Universit\u00e4t Hannover.<\/p>\n\n\n\n<p>2) Dann m\u00fcssen alle Server in einem Land stehen, welches nicht dem US-Patriot-Act oder vergleichbaren Geheimdienst-Gesetzen unterliegt. Denn sonst haben Geheimdienste per Recht und Gesetz Zugriff auf alle gew\u00fcnschten Daten &#8211; unabh\u00e4ngig von den technischen Ma\u00dfnahmen der Suchmaschinenbetreiber.<\/p>\n\n\n\n<p>3) Die IP-Adressen d\u00fcrfen seitens des Suchmaschinenbetreibers nicht erfasst werden.<\/p>\n\n\n\n<p>4) Cookies und Nutzer-Tracking (Verfolgung der Bewegungen im Internet) d\u00fcrfen nicht angewandt werden.<\/p>\n\n\n\n<p>5) Der Zugriff auf die Suchmaschine muss auch \u00fcber ein anonymisierendes Netz, wie z.B. das TOR-Netzwerk m\u00f6glich sein (<a href=\"http:\/\/forum.suma-ev.de\/viewtopic.php?f=3&amp;t=43&amp;sid=c994b628153235dfef098ba6fea3d60e\">MetaGer: TOR-hidden Service<\/a>).<\/p>\n\n\n\n<p>6) Der Zugriff auf die Ergebnisse muss auch ohne ein f\u00fcr Laien    komplizierteres weiteres Netzwerk anonym erfolgen k\u00f6nnen.  Dieses   Kriterium erf\u00fcllt MetaGer jetzt ebenfalls mit dem neuen Link &#8222;anonym    \u00f6ffnen&#8220;. Nach Anklicken dieses Links bleiben auch alle weiteren   Klicks anonym. F\u00fcr Ihre gesamten folgenden Bewegungen im Netz werden Ihre pers\u00f6nlichen Daten ab jetzt ausgeblendet.<\/p>\n\n\n\n<p><strong>Seit Langem engagiert f\u00fcr datensichere Suche<\/strong><\/p>\n\n\n\n<p>Seit 2007 bereits werden bei [http:\/\/metager,de|MetaGer] die Internet-Adressen der Nutzer anonymisiert.  Der Zugang zu MetaGer erfolgt dar\u00fcber hinaus ausschlie\u00dflich \u00fcber das verschl\u00fcsselnde https-Protokoll; der unverschl\u00fcsselte Zugang ist auch versehentlich gar nicht mehr m\u00f6glich.  Im Dezember 2013 wurde der Zugang \u00fcber das anonyme Tor-Netzwerk eingerichtet; eine detaillierte Beschreibung zur Nutzung finden Sie unter <a href=\"http:\/\/metager.to\/tor\">http:\/\/metager.to\/tor<\/a>.<\/p>\n\n\n\n<p>Seit kurzem gibt es die neue, die Privatsph\u00e4re auf einfache Art und Weise sch\u00fctzende M\u00f6glichkeit: \u00fcber den anonymisierenden &#8222;Stellvertreter&#8220;\/Proxy-Server von MetaGer\/SUMA-EV auf die Suchergebnisse zuzugreifen.  Denn bei &#8222;normalen&#8220; Klicks auf die Ergebnisse von Suchmaschinen werden immer die Nutzerdaten zum Zielserver \u00fcbertragen.  Hiergegen hilft der &#8222;Stellvertreter&#8220;\/Proxy: Ihre Daten bleiben damit bei Ihnen!       <\/p>\n\n\n\n<p>Aber auch Wermutstropfen sollen dabei nicht verschwiegen werden:  Der Zugriff kann dadurch verlangsamt werden, und die Ergebnis Webseite kann ver\u00e4ndert dargestellt werden &#8211; je \u00e4lter oder exotischer der Browser, desto eher k\u00f6nnen solche Ver\u00e4nderungen auftreten.  F\u00fcr eine echte Anonymisierung m\u00fcssen auch JavaSkript und andere Skriptsprachen ausgeschaltet sein.  Sie k\u00f6nnen sie durch Klicken auf &#8222;Skripte zulassen&#8220; zwar jederzeit wieder einschalten, wodurch aber die Anonymisierung u.U.  eingeschr\u00e4nkt wird.  Auch die Original-Darstellung kann jederzeit wieder erreicht werden, wenn Sie &#8222;Proxy ausschalten&#8220; klicken.  Dann werden allerdings auch Ihre pers\u00f6nlichen Daten zu der gew\u00e4hlten Webseite \u00fcbertragen.  Solange Sie diese beiden Schalter nicht bet\u00e4tigen, bleiben Ihre Daten auf diesem Klickweg f\u00fcr alle Folgeklicks gesch\u00fctzt.<\/p>\n\n\n\n<p>Mit den beschriebenen Ma\u00dfnahmen bietet MetaGer ein Sicherheitskonzept, das allen sechs Kriterien f\u00fcr sicheres Suchen UND Finden gen\u00fcgt und einfach zu bedienen ist.  <a href=\"http:\/\/metager.de\">MetaGer<\/a> ist weltweit die erste und einzige Suchmaschine, die alle diese Kriterien umgesetzt hat.<\/p>\n\n\n\n<p><strong>Medienkontakt<\/strong>:<\/p>\n\n\n\n<p><a href=\"http:\/\/metager.de\/team\">MetaGer-Team<\/a><\/p>\n\n\n\n<p>\nSUMA-EV Gesch\u00e4ftsstelle:<br>\nR\u00f6selerstr. 3, 30159 Hannover<br>\nTel: 0511 &#8211; 34 00 00 70<br>\neMail: office@suma-ev.de\n<\/p>\n\n\n\n<p>Gesch\u00e4ftsf\u00fchrendes Vorstandsmitglied:<\/p>\n\n\n\n<p><a href=\"http:\/\/de.wikipedia.org\/wiki\/Wolfgang_Sander-Beuermann\">Dr. Wolfgang Sander-Beuermann<\/a><\/p>\n\n\n\n<p>\n0511-34000071<br>\nE-Mail: wsb@suma-ev.de<\/p>\n","protected":false},"excerpt":{"rendered":"<p>Made in Germany: Sicher suchen UND finden mit MetaGer Wer anonym und sicher im Netz finden will, hat jetzt alle M\u00f6glichkeiten dazu. MetaGer, die&#8230;<\/p>","protected":false},"author":4,"featured_media":0,"parent":265,"menu_order":0,"comment_status":"closed","ping_status":"closed","template":"","meta":{"footnotes":""},"class_list":["post-1277","page","type-page","status-publish","hentry"],"_links":{"self":[{"href":"https:\/\/suma-ev.de\/en\/wp-json\/wp\/v2\/pages\/1277","targetHints":{"allow":["GET"]}}],"collection":[{"href":"https:\/\/suma-ev.de\/en\/wp-json\/wp\/v2\/pages"}],"about":[{"href":"https:\/\/suma-ev.de\/en\/wp-json\/wp\/v2\/types\/page"}],"author":[{"embeddable":true,"href":"https:\/\/suma-ev.de\/en\/wp-json\/wp\/v2\/users\/4"}],"replies":[{"embeddable":true,"href":"https:\/\/suma-ev.de\/en\/wp-json\/wp\/v2\/comments?post=1277"}],"version-history":[{"count":1,"href":"https:\/\/suma-ev.de\/en\/wp-json\/wp\/v2\/pages\/1277\/revisions"}],"predecessor-version":[{"id":1278,"href":"https:\/\/suma-ev.de\/en\/wp-json\/wp\/v2\/pages\/1277\/revisions\/1278"}],"up":[{"embeddable":true,"href":"https:\/\/suma-ev.de\/en\/wp-json\/wp\/v2\/pages\/265"}],"wp:attachment":[{"href":"https:\/\/suma-ev.de\/en\/wp-json\/wp\/v2\/media?parent=1277"}],"curies":[{"name":"wp","href":"https:\/\/api.w.org\/{rel}","templated":true}]}}