{"id":1280,"date":"2019-06-24T12:59:09","date_gmt":"2019-06-24T10:59:09","guid":{"rendered":"https:\/\/beta.suma-ev.de\/?page_id=1280"},"modified":"2019-06-24T12:59:09","modified_gmt":"2019-06-24T10:59:09","slug":"besser-und-sicher-suchen-mit-metager","status":"publish","type":"page","link":"https:\/\/suma-ev.de\/en\/pressemitteilungen\/besser-und-sicher-suchen-mit-metager\/","title":{"rendered":"Besser und sicher suchen mit MetaGer"},"content":{"rendered":"\n<h2 class=\"wp-block-heading\">Besser und sicher suchen mit MetaGer<\/h2>\n\n\n\n<p>Wer gut und wirklich sicher im Netz suchen will, hat jetzt mit dem neuen MetaGer eine brandneue Alternative.  MetaGer, die f\u00fchrende deutsche Suchmaschine, ist die weltweit einzige Suchmaschine, die alle sechs Kriterien f\u00fcr eine sichere und abh\u00f6rsichere Suche erf\u00fcllt.  Die Metasuchmaschine hat die Technik verbessert, die Optik \u00fcberarbeitet und ist jetzt dabei, in einer Betaphase die Meinungen seiner Nutzer einzuholen:<\/p>\n\n\n\n<p><a href=\"https:\/\/metager.de\/beta\">https:\/\/metager.de\/beta<\/a><\/p>\n\n\n\n<p>\n&#8222;Wir haben in den vergangenen 12 Monaten ca. 500 Arbeitsstunden darin investiert, um alle sechs Kriterien f\u00fcr sichere und abh\u00f6rsichere Suche zu erf\u00fcllen&#8220;, so Wolfgang Sander-Beuermann vom gemeinn\u00fctzigen Verein &#8222;SUMA-EV&#8220;, Verein f\u00fcr freien Wissenszugang.  Der SUMA-EV arbeitet seit \u00fcber zehn Jahren auf Basis freiwilliger Spenden und ohne \u00f6ffentliche F\u00f6rderung: &#8222;Da sto\u00dfen wir langsam an eine Grenze&#8220;, so der gesch\u00e4ftsf\u00fchrende Vorsitzende Sander-Beuermann w\u00f6rtlich.  Die Suchmaschine arbeitet pr\u00e4zise, weil sie sich aus verschiedenen Suchmaschinen speist, sie arbeitet sicher, weil sie keine Daten preisgibt, sie arbeitet abh\u00f6rsicher, weil auch Laien ohne Datenspuren im Netz Suchanfragen stellen k\u00f6nnen.\n<\/p>\n\n\n\n<p><strong>Die sicherste Suchmaschine der Welt<\/strong><\/p>\n\n\n\n<p>Es mag sich \u00fcbertrieben anh\u00f6ren, aber es ist so: MetaGer ist damit die erste Suchmaschine weltweit, welche die sechs Kriterien f\u00fcr eine sichere Suche im Netz erf\u00fcllt:  Der Betreiber SUMA-EV hat als gemeinn\u00fctziger Verein eine vollst\u00e4ndig offene und transparente Struktur (1), so dass sich Nutzer selbst ein Bild von den Zielen und der Integrit\u00e4t des Betreibers machen k\u00f6nnen.  Kein Server der Suchmaschine (2) wird in einem Land betrieben, welches dem US-Patriot-Act oder \u00e4hnlichen Gesetzen unterworfen ist; es werden (3) keine IP-Adressen oder Browser-Kennungen erfasst, es erfolgt (4) kein Nutzertracking und insbesondere auf Cookies wird verzichtet, der abh\u00f6rsichere Zugriff kann f\u00fcr Experten (5) \u00fcber das TOR-Netzwerk, aber auch (6) f\u00fcr Laien ohne gro\u00dfen Aufwand \u00fcber einen Link &#8222;anonym \u00f6ffnen&#8220; erfolgen.<\/p>\n\n\n\n<p><strong>Bedienerfreundlichkeit jetzt auch f\u00fcr Laien<\/strong><\/p>\n\n\n\n<p>\u00dcberarbeitet wurde die Weboberfl\u00e4che, die an \u00dcbersichtlichkeit gewonnen hat.  Die neuen Features machen die Suche noch komfortabler.  <\/p>\n\n\n\n<p>Eingabemenue: \u00dcber das Tropfensymbol links der Sucheingabe l\u00e4sst sich eine von sechs Hintergrundfarben ausw\u00e4hlen.  Die Einstellungsfunktion rechts neben dem Tropfen, erm\u00f6glicht weitere Voreinstellungen bez\u00fcglich der Suche.  Die Suchergebnisse lassen sich spezifizieren.  In den Kategorien &#8222;Deutsch&#8220;, &#8222;International&#8220;, &#8222;Wissenschaft&#8220;, &#8222;Shopping&#8220;, &#8222;News\/Bild\/Video&#8220; l\u00e4sst sich die Suchmaschinenauswahl jeweils individualisieren.<\/p>\n\n\n\n<p>Durch das klare und einfach strukturierte Design ist MetaGer jetzt auch f\u00fcr mobile Ger\u00e4te die bevorzugte Suchmaschine.  Unter 6 Hintergrundfarben kann sich der Nutzer den ihm genehmen Hintergrund anpassen.<\/p>\n\n\n\n<p><strong>Schnelle Suche in Ergebnisliste<\/strong><\/p>\n\n\n\n<p>Spezifizierung der Suchergebnisse: Nach erfolgter Suchabfrage k\u00f6nnen die Suchergebnisse in Echtzeit bereits w\u00e4hrend derEingabe weiter eingeschr\u00e4nkt werden. Ein Klick auf das Suchsymbol rechts startet sofort eine neue Suchabfrage mit bestehenden und\/oder neu eingegebenen Begriffen. <\/p>\n\n\n\n<p><strong>Anonymer Zugriff auch auf gefundene Seiten<\/strong><\/p>\n\n\n\n<p>Suchergebnisse: Bei den angezeigten Suchergebnissen l\u00e4sst sich durch Klick auf das &#8222;i&#8220; rechts neben der Webadresse die Suche speziell auf dem jeweiligen Server fortf\u00fchren.  Neben dem Click auf die Webadresse, der den User (f\u00fcr diese Webseite sichtbar) direkt auf den jeweiligen Server leitet, kann der User auch den Link &#8222;anonym \u00f6ffnen&#8220; nutzen, um keine Spuren im Netz zu hinterlassen. S\u00e4mtliche Folgeklicks bleiben danach ebenfalls anonym.<\/p>\n\n\n\n<p><strong>Bessere Ergebnisse durch R\u00fcckgriff auf noch mehr Suchmaschinen<\/strong><\/p>\n\n\n\n<p>Derzeit werden in der Standard-Voreinstellung die Ergebnisse von 7 deutschsprachigen, 4 internationalen, 6 wissenschaftlichen, 3 Shoppingsuchmaschinen und 3 News\/Bilder\/Videosuchmaschinen ber\u00fccksichtigt.  Hinter jeder dieser einstellbaren Suchen sind bis zu 3 weitere im Hintergrund zusammengefasst, sodass eine Abfrage hiermit auf bis zu insgesamt 50 Suchmaschinen zugreift.  Bei Bedarf sind weitere zuschaltbar.<\/p>\n\n\n\n<p>Die Entwickler haben dabei den Ranking-Algorithmus verbessert.  Jede Datenbank wird nach Qualit\u00e4t bewertet, dieser Qualit\u00e4tsindex flie\u00dft in das jeweilige Ranking ein.<\/p>\n\n\n\n<p><strong>MetaGer sucht Tester<\/strong><\/p>\n\n\n\n<p>MetaGer ruft dazu auf, die neue Suche zu testen: <\/p>\n\n\n\n<p><a href=\"https:\/\/metager.de\/beta\">https:\/\/metager.de\/beta<\/a><\/p>\n\n\n\n<p>\nNutzer k\u00f6nnen sich hierzu als Beta-Tester registrieren lassen. Dazu gen\u00fcgt eine formlose EMail an  <br>\n   office@suma-ev.de<br>\nmit dem Betreff &#8222;Beta-Tester&#8220;.  Nutzer k\u00f6nnen nat\u00fcrlich auch einfach ohne Registrierung ihre Meinung an office@suma-ev.de schreiben.  Eine Registrierung empfiehlt sich, wenn Interesse besteht, auch \u00fcber zuk\u00fcnftige Entwicklungen stetig informiert zu werden.\n<\/p>\n\n\n\n<p><strong>Medienkontakt<\/strong><\/p>\n\n\n\n<p>SUMA-EV \/ MetaGer-Team<br>\nR\u00f6selerstr. 3, 30159 Hannover<br>\nTel: 0511 &#8211; 34 00 00 70<br>\neMail: office@suma-ev.de<br>\nhttps:\/\/metager.de\/team\/<\/p>\n\n\n\n<p><strong>\u00dcber SUMA-EV<\/strong><\/p>\n\n\n\n<p>SUMA steht f\u00fcr die Abk\u00fcrzung von Suchmaschine. Suchmaschinen sind im digitalen Zeitalter eine wichtige Form des Wissenszugangs.  Als eingetragener und gemeinn\u00fctziger Verein engagiert sich SUMA-EV seit dem Jahr 2004 f\u00fcr einen freien Wissenszugang: unzensiert, ungefiltert und ohne kommerzielle oder staatliche Kontrollinstanzen.  SUMA-EV betreibt unter anderem die Meta-Suchmaschine MetaGer.de und f\u00f6rdert Alternativen zu den marktbeherrschenden Konzernen.  Der seit 2007 j\u00e4hrlich verliehene SUMA Award pr\u00e4miert Projekte und Arbeiten, die Herausragendes f\u00fcr die Zukunft des digitalen Wissens leisten.  Einreichungen f\u00fcr den diesj\u00e4hrigen SUMA Award k\u00f6nnen bis zum 31.10.2014 erfolgen (Details unter: [http:\/\/suma-awards.de]).<\/p>\n","protected":false},"excerpt":{"rendered":"<p>Besser und sicher suchen mit MetaGer Wer gut und wirklich sicher im Netz suchen will, hat jetzt mit dem neuen MetaGer eine brandneue Alternative&#8230;.<\/p>","protected":false},"author":4,"featured_media":0,"parent":265,"menu_order":0,"comment_status":"closed","ping_status":"closed","template":"","meta":{"footnotes":""},"class_list":["post-1280","page","type-page","status-publish","hentry"],"_links":{"self":[{"href":"https:\/\/suma-ev.de\/en\/wp-json\/wp\/v2\/pages\/1280","targetHints":{"allow":["GET"]}}],"collection":[{"href":"https:\/\/suma-ev.de\/en\/wp-json\/wp\/v2\/pages"}],"about":[{"href":"https:\/\/suma-ev.de\/en\/wp-json\/wp\/v2\/types\/page"}],"author":[{"embeddable":true,"href":"https:\/\/suma-ev.de\/en\/wp-json\/wp\/v2\/users\/4"}],"replies":[{"embeddable":true,"href":"https:\/\/suma-ev.de\/en\/wp-json\/wp\/v2\/comments?post=1280"}],"version-history":[{"count":1,"href":"https:\/\/suma-ev.de\/en\/wp-json\/wp\/v2\/pages\/1280\/revisions"}],"predecessor-version":[{"id":1281,"href":"https:\/\/suma-ev.de\/en\/wp-json\/wp\/v2\/pages\/1280\/revisions\/1281"}],"up":[{"embeddable":true,"href":"https:\/\/suma-ev.de\/en\/wp-json\/wp\/v2\/pages\/265"}],"wp:attachment":[{"href":"https:\/\/suma-ev.de\/en\/wp-json\/wp\/v2\/media?parent=1280"}],"curies":[{"name":"wp","href":"https:\/\/api.w.org\/{rel}","templated":true}]}}