{"id":1283,"date":"2019-06-24T13:00:11","date_gmt":"2019-06-24T11:00:11","guid":{"rendered":"https:\/\/beta.suma-ev.de\/?page_id=1283"},"modified":"2019-06-24T13:00:11","modified_gmt":"2019-06-24T11:00:11","slug":"internet-im-zeitalter-von-ueberwachung-und-manipulation","status":"publish","type":"page","link":"https:\/\/suma-ev.de\/en\/pressemitteilungen\/internet-im-zeitalter-von-ueberwachung-und-manipulation\/","title":{"rendered":"Internet im Zeitalter von \u00dcberwachung und Manipulation"},"content":{"rendered":"\n<h2 class=\"wp-block-heading\">Internet im Zeitalter von \u00dcberwachung und Manipulation<\/h2>\n\n\n\n<p>F\u00fcr Mittwoch, den 11. Februar 2015, laden der SUMA-EV und die Hochschule f\u00fcr Angewandte Wissenschaften in Hamburg (HAW), Department Information, ein zum Kongress:<\/p>\n\n\n\n<p>&#8220;&#8217;Das Internet im Zeitalter von \u00dcberwachung und Manipulation<\/p>\n\n\n\n<ul class=\"wp-block-list\"><li>Der Offene Web-Index und andere Gegenmittel -&#8220;&#8216;<\/li><\/ul>\n\n\n\n<p>Seit Juni 2013 wissen wir, vor allem durch Edward Snowden, dass das Internet ein \u00dcberwachungsnetz ist.  Inwieweit es ein manipuliertes Netz ist, in dem uns Monopole eine ihnen genehme und kommerziell lukrative &#8222;Wirklichkeit&#8220; vorgaukeln, ahnen wir vielleicht &#8211; eine Beweisf\u00fchrung ist schwer, in Kartellverfahren klingt sie an.<\/p>\n\n\n\n<p>Die entscheidende Frage muss sein: Was k\u00f6nnen wir gegen \u00dcberwachung und Manipulation tun?  Oder: Wie kann das Netz &#8222;repariert&#8220; werden?<\/p>\n\n\n\n<p>Der diesj\u00e4hrige Kongress des SUMA-EV widmet sich genau diesen Fragen und wird aus gutem Grund zusammen mit der Hochschule f\u00fcr Angewandte Wissenschaften in Hamburg (HAW) veranstaltet.  Im Forschungsbereich &#8222;Searchstudies&#8220; wird dort unter der Leitung von Prof. Dirk Lewandowski zusammen mit dem SUMA-EV und weiteren Organisatoren der Plan f\u00fcr einen wesentlichen &#8222;Reparatur-Baustein&#8220; des Internet entwickelt: der Offene Web-Index (OWI).<\/p>\n\n\n\n<p>Anl\u00e4sslich dieses Kongresses wird zum siebten Mal auch der SUMA Award 2014\/15 verliehen (<a href=\"http:\/\/suma-awards.de\">http:\/\/suma-awards.de<\/a>).  Weiteres und das detaillierte Programm siehe: <a href=\"http:\/\/www.searchstudies.org\/de\/suma2015.html\">www.searchstudies.org\/de\/suma2015.html<\/a>.<\/p>\n\n\n\n<p>Bitte informieren Sie uns, wenn Sie den SUMA-Kongress als Journalist im Rahmen Ihrer Berichterstattung besuchen m\u00f6chten (kurze, formlose EMail an anmeldung@suma ev.de).  Bei Berichterstattung freuen wir uns \u00fcber ein Belegexemplar.<\/p>\n\n\n\n<p>Zeit: Mittwoch, 11. Februar 2015 von 10 bis 18 Uhr<\/p>\n\n\n\n<p>Ort:  Kunst- und Mediencampus Hamburg, Finkenau 35, 22081 Hamburg, Karl.-H.-Ditze-H\u00f6rsaal. Eine genaue Anfahrtsbeschreibung finden Sie [www.searchstudies.org\/tl_files\/Publikationen_PDFs\/Anfahrtsbeschreibung_Finkenau.pdf|hier].<\/p>\n\n\n\n<p>Teilnahmegeb\u00fchren:<\/p>\n\n\n\n<ul class=\"wp-block-list\"><li>f\u00fcr Fr\u00fchanmelder bis 31.12.2014: 30,-EUR<\/li><li>f\u00fcr Anmeldungen 1.1. bis 1.2.15: 60,-EUR<\/li><li>f\u00fcr Sp\u00e4tanmelder nach 1.2.2015: 90,-EUR &#8211; Studenten, Sch\u00fcler usw. und SUMA-EV Mitglieder jeweils die H\u00e4lfte<br>\nBankverbindung:<br>\nIBAN: DE64 4306 0967 4075 0332 01<br>\nBIC: GENODEM1GLS<br>\n(Konto-Nr.: 4075 0332 01, BLZ: 43060967)<br>\nGLS Gemeinschaftsbank, Bochum <\/li><\/ul>\n\n\n\n<p>Ansprechpartner und Anmeldung:<br>\n      SUMA-EV &amp; MetaGer-Team<br>\n      Dr. Wolfgang Sander-Beuermann<br>\n      R\u00f6selerstr. 3<br>\n      30159 Hannover<br>\n      Tel: 0511 &#8211; 34 00 00 71<br>\n      EMail: anmeldung@suma-ev.de<\/p>\n","protected":false},"excerpt":{"rendered":"<p>Internet im Zeitalter von \u00dcberwachung und Manipulation F\u00fcr Mittwoch, den 11. Februar 2015, laden der SUMA-EV und die Hochschule f\u00fcr Angewandte Wissenschaften in Hamburg&#8230;<\/p>","protected":false},"author":4,"featured_media":0,"parent":265,"menu_order":0,"comment_status":"closed","ping_status":"closed","template":"","meta":{"footnotes":""},"class_list":["post-1283","page","type-page","status-publish","hentry"],"_links":{"self":[{"href":"https:\/\/suma-ev.de\/en\/wp-json\/wp\/v2\/pages\/1283","targetHints":{"allow":["GET"]}}],"collection":[{"href":"https:\/\/suma-ev.de\/en\/wp-json\/wp\/v2\/pages"}],"about":[{"href":"https:\/\/suma-ev.de\/en\/wp-json\/wp\/v2\/types\/page"}],"author":[{"embeddable":true,"href":"https:\/\/suma-ev.de\/en\/wp-json\/wp\/v2\/users\/4"}],"replies":[{"embeddable":true,"href":"https:\/\/suma-ev.de\/en\/wp-json\/wp\/v2\/comments?post=1283"}],"version-history":[{"count":1,"href":"https:\/\/suma-ev.de\/en\/wp-json\/wp\/v2\/pages\/1283\/revisions"}],"predecessor-version":[{"id":1284,"href":"https:\/\/suma-ev.de\/en\/wp-json\/wp\/v2\/pages\/1283\/revisions\/1284"}],"up":[{"embeddable":true,"href":"https:\/\/suma-ev.de\/en\/wp-json\/wp\/v2\/pages\/265"}],"wp:attachment":[{"href":"https:\/\/suma-ev.de\/en\/wp-json\/wp\/v2\/media?parent=1283"}],"curies":[{"name":"wp","href":"https:\/\/api.w.org\/{rel}","templated":true}]}}