{"id":1286,"date":"2019-06-24T13:02:33","date_gmt":"2019-06-24T11:02:33","guid":{"rendered":"https:\/\/beta.suma-ev.de\/?page_id=1286"},"modified":"2019-06-24T13:03:35","modified_gmt":"2019-06-24T11:03:35","slug":"ausbruch-aus-der-monokultur-12-ter-suma-ev-kongress","status":"publish","type":"page","link":"https:\/\/suma-ev.de\/en\/pressemitteilungen\/ausbruch-aus-der-monokultur-12-ter-suma-ev-kongress\/","title":{"rendered":"Ausbruch aus der Monokultur, 12-ter SUMA-EV Kongress"},"content":{"rendered":"\n<h2 class=\"wp-block-heading\">Ausbruch aus der Monokultur, 12-ter SUMA-EV Kongress<\/h2>\n\n\n\n<p>Der 12-te SUMA-EV Kongress 2015 debattiert \u00fcber Offenen Web-Index und neue Wege, der Netz\u00fcberwachung zu entkommen<\/p>\n\n\n\n<p>Auf dem 12-ten SUMA Kongress 2015 an der Hochschule f\u00fcr Angewandte Wissenschaften Hamburg (HAW) l\u00e4utet der SUMA-EV eine neue Phase konstruktiver Auseinandersetzung mit dem Ph\u00e4nomen Google ein.  Von der \u00d6ffentlichkeit noch kaum erkannt, sehen Experten, dass Googles  Dienstleistung f\u00fcr \u00f6ffentliches  Finden von Webinformationen inzwischen deutliche Schw\u00e4chen zeigt.  Der Strategiewechsel des Unternehmens er\u00f6ffnet  Spielr\u00e4ume.  Der Offene Web-Index, das wurde auch in der Diskussion deutlich, k\u00f6nnte ein Ansatz sein, aus Europa in einen konstruktiven Wettstreit um bessere L\u00f6sungen einzutreten.  Der SUMA-EV, so deren gesch\u00e4ftsf\u00fchrender Vorstand Dr. Wolfgang Sander-Beuermann, wird diesen Ansatzpunkt weiter verfolgen.<\/p>\n\n\n\n<p><strong>Google-Bashing war gestern<\/strong><\/p>\n\n\n\n<p>Unter dem Titel &#8222;Das Internet im Zeitalter von \u00dcberwachung und Manipulation &#8211; Der Offene Web-Index und andere Gegenmittel&#8220; diskutierte der 12-te SUMA-Kongress am 11.2.2015 in Hamburg \u00fcber ganz konkrete Pfade, die Google-Monokultur zu \u00fcberwinden.  Klar wurde: Das Google von heute ist nicht mehr das Google von gestern.  Und statt Google-Bashing will man k\u00fcnftig dar\u00fcber reden, wie man die Google Monokultur \u00fcberwinden kann.  Der Offene Web-Index, das konnte Prof. Dirk Lewandowski zeigen, kann ein Weg sein, mit dem die DNA der Wissensgesellschaft als \u00f6ffentliche Infrastruktur gesichert werden k\u00f6nnte und mit dem statt einer Google dominierten Monokultur verschiedene Wege, Webwissen auffindbar zu machen, entwickelt werden k\u00f6nnen.<\/p>\n\n\n\n<p>W\u00e4hrend die \u00d6ffentlichkeit sich eine Webwelt jenseits von Google kaum mehr vorstellen kann, nehmen Experten l\u00e4ngst Differenzierungen wahr.  &#8222;Wer ist David, wer ist Goliath&#8220; fragte Prof.  Karsten Weber von der Brandenburgischen Technischen Universit\u00e4t Cottbus Senftenberg er\u00f6ffnete eine sehr differenzierte Bilanzierung.  Disruptive Interventionen konstatierte der Hamburger Datenschutzbeauftragte Prof. Johannes Caspar anhand der Rechtssprechung des europ\u00e4ischen Gerichtshofs zu Google Spain. <br><\/p>\n\n\n\n<figure class=\"wp-block-image\"><img decoding=\"async\" src=\"https:\/\/suma-ev.de\/bilder\/SUMA2015-Caspar.jpg\" alt=\"SUMA2015-Caspar.jpg\"\/><\/figure>\n\n\n\n<p><br> In den Bann schlug der Journalist Joachim Jacobs, als er auf die Frage, was das Internet der (infizierten) Dinge mit den Profilen von Personen und Personen macht.  Die simple Antwort: All, what you could expect. Wissenschaftlich differenziert setzte sich der Mainzer  Publizistikwissenschaftler Pascal J\u00fcrgens mit dem Thema auseinander.  Unter dem Titel &#8222;Besser alleine als in schlechter Gesellschaft&#8220; trug er Erkenntnisse und Studien \u00fcber Userverhalten und seine Folgen zusammen. Konkret zeigte der Berliner Journalist Albrecht Ude, welche Spuren jeder von uns bei Google hinterl\u00e4sst und was jeder Einzelne heute schon tun kann.         <\/p>\n\n\n\n<p><strong>Freenetproject.org gewinnt 7-ten SUMA-Award mit \u00fcberwachungs- und zensursicherer Internetl\u00f6sung<\/strong><\/p>\n\n\n\n<p>Auch der bereits zum 7. Mal verliehene SUMA-Award war der Frage der L\u00f6sungen verpflichtet.  Der Preistr\u00e4ger des mit 2500 \u20ac dotierten Preises, [http:\/\/freenetproject.org|freenetproject.org] hat eine L\u00f6sung geschaffen, wie auch in Zeiten totaler Transparenz der Netzkommunikation Vertraulichkeit und Datensicherheit m\u00f6glich sind.  Der Preis, so Arne Babenhauserheide, der ihn stellvertretend f\u00fcr das Projekt entgegennahm, wird es erm\u00f6glichen, den Programmierer f\u00fcr ein oder zwei Monate weiter zu finanzieren.<\/p>\n\n\n\n<p><a href=\"http:\/\/freenetproject.org\">http:\/\/freenetproject.org<\/a><\/p>\n\n\n\n<p> hat eine freie Software entwickelt, die es erm\u00f6glicht, anonym zu surfen, Freeseiten und Dateien zu ver\u00f6ffentlichen und sich zu unterhalten, ohne \u00dcberwachung und Zensur f\u00fcrchten zu m\u00fcssen.  Freenet ist dezentral organisiert, um es resistenter gegen Angriffe zu machen und im &#8222;Darknet&#8220;-Modus sehr schwer zu entdecken, da sich Nutzer dann nur mit ihren Freunden verbinden.\n<\/p>\n\n\n\n<p><strong>There is an Alternative!<\/strong><\/p>\n\n\n\n<p>Mit konkreten L\u00f6sungen besch\u00e4ftigten sich die Nachmittagsreferenten.  Michael Nebel, IT-Berater, Softwareentwickler und SUMA-EV Vorstandsmitglied, besch\u00e4ftigte sich mit den technischen Voraussetzungen eines globalen, offenen Web-Index. Konstantin Guratzsch f\u00fchrte eindrucksvoll vor, wie stark<br>\nsich die Google-Suche im Zeitverlauf ge\u00e4ndert hat.  Sein Titel &#8222;Mit Google Google finden&#8220; machte deutlich, dass das Unternehmen Google derzeit die Sicherung des eigenen Wettbewerbsvorteils gegen\u00fcber den nachgefragten Informationen sehr stark pr\u00e4feriert; und sich damit, auf dem H\u00f6hepunkt des Erfolgs, angreifbar macht.  Prof. Dirk Lewandowski beschrieb vier Probleme mit Google und wog sechs L\u00f6sungswege ab:<\/p>\n\n\n\n<ul class=\"wp-block-list\"><li>Problem Nr. 1, Google stellt nur einen von vielen L\u00f6sungswegen dar,        <\/li><li>Nr. 2 stellt die wachsende Bevorzugung des eigenen Contents dar, als  <\/li><li>Nr. 3 skizzierte er ein immanentes Problem der Google-Monokultur, n\u00e4mlich dass diese die Suchmaschinenoptimierung mitsamt ihren fatalen Folgen erst m\u00f6glich macht (bei der Existenz unterschiedlicher Suchmaschinen verl\u00f6ren Optimierungsstrategien ihre durchschlagende Wirkung.  Und schlie\u00dflich ist<\/li><li>Nr. 4 die Dominanz des Unternehmes bei der Online-Werbung.<br>\nVon den sechs debattierten L\u00f6sungsstrategien sind aus seiner Sicht f\u00fcnf mit gro\u00dfer Sicherheit unwirksam:<\/li><\/ul>\n\n\n\n<p>1) &#8222;Der Markt wird&#8217;s richten&#8220;, hat nicht funktioniert, die Eintrittsschwelle f\u00fcr Unternehmen ist bei dieser Marktmacht und dem technologischen Vorsprung zu gro\u00df.<\/p>\n\n\n\n<p>2) Die Idee, Google zu fairer Ergebnisanzeige zu verpflichten, w\u00fcrde zu  einem komplizierten Konstrukt von Beir\u00e4ten f\u00fchren.<\/p>\n\n\n\n<p>3) Die Frage, &#8222;wollt ihr eine neue \u00f6ffentlich-rechtliche           Rundfunkkonstruktion&#8220;, wurde von vielen Zuh\u00f6rern spontan verneint. <\/p>\n\n\n\n<p>4) Google zu zerschlagen, stellt eine nicht nur unrealistische, sondern auch destruktive Strategie dar; niemand stellt die technologische Kompetenz des Unternehmens in Frage.  Und die Idee<\/p>\n\n\n\n<p>5) eine alternative Suchmaschine, wie immer wieder gefordert, mit  Staatsmitteln aufzubauen, scheint schon aus Erfahrungen der j\u00fcngsten Vergangenheit nicht realistisch.<\/p>\n\n\n\n<p>Der Offene Webindex als eine \u00f6ffentlich finanzierte und bereitgestellte Infrastrukturleistung scheint da eine ebenso machbare wie wettbewerbsf\u00f6rdernde L\u00f6sung. <\/p>\n\n\n\n<p>In der abschlie\u00dfenden, sehr offenen Diskussion &#8222;Duchregulieren oder Liberalisieren; Wie sollte man mit Google &amp; Co umgehen?&#8220; wurde das Thema vom Wetttbewerbsrechtler Nikita Ivlev, Universit\u00e4t G\u00f6ttingen, Joachim Jacobs und Dirk Lewandowski kontrovers diskutiert. <br> <\/p>\n\n\n\n<figure class=\"wp-block-image\"><img decoding=\"async\" src=\"https:\/\/suma-ev.de\/bilder\/SUMA2015-Diskuss.jpg\" alt=\"SUMA2015-Diskuss.jpg\"\/><\/figure>\n\n\n\n<p><br> Nikita Ivlev warnte davor, das Kartellrecht \u00fcberzustrapazieren.  Jacobs pl\u00e4dierte daf\u00fcr, Google nicht zu zerschlagen, sondern auf neue technologische L\u00f6sungen zu setzen; Google dumm machen, so seine These, sei keine L\u00f6sung.  Prof. Dirk Lewandowski pl\u00e4dierte f\u00fcr Aufkl\u00e4rung, &#8222;es ist kein Verst\u00e4ndnis f\u00fcr das Thema Suche da&#8220;, bevor er abschlie\u00dfend ein umfassendes Pl\u00e4doyer f\u00fcr den Offenen Web-index formulierte: &#8222;Das europ\u00e4ische Gesellschaftsmodell steht hier in der Pflicht. Infrastruktur ist Kernaufgabe f\u00fcr die \u00f6ffentliche Hand.  Es geht um den  kulturellen Auftrag des Staates im Informationszeitalter: Es geht darum, die Struktur des Wissens \u00fcber die Welt als \u00f6ffentliche Aufgabe zu sichern; und damit den Wettbewerb um die beste M\u00f6glichkeit, es den Menschen zur Verf\u00fcgung zu stellen, neu zu er\u00f6ffnen.<\/p>\n\n\n\n<p>&#8222;Wir werden das Thema Offener Web-Index gemeinsam weiter ausarbeiten und detaillieren&#8220;, so Dr. Wolfgang Sander-Beuermann in seinem ersten Res\u00fcmee.  &#8222;Es ist ein realistisches Konzept, das die Tradition der europ\u00e4ischen Gesellschaft im Informationszeitalter intelligent interpretiert.&#8220; Der SUMA-EV wird dazu seine Zusammenarbeit mit der Hochschule f\u00fcr angewandte Wissenschaften Hamburg (HAW) fortsetzen.<\/p>\n\n\n\n<p><strong>Medienkontakt<\/strong>:<\/p>\n\n\n\n<p>SUMA-EV &#8211; Verein f\u00fcr freien Wissenszugang<br>\nR\u00f6selerstr. 3<br>\n30159 Hannover<br>\n0511 &#8211; 34 00 00 71<br>\nEMail: wsb@suma-ev.de<\/p>\n\n\n\n<p>Presse und Hauptstadtb\u00fcro:      <br>\nNikolaus Huss<br>\nGneisenaustr. 8<br>\n10961 Berlin<br>\n030 &#8211; 81827194              <br>\nMobil: 01577-1944544<br>\nEMail: huss@suma-ev.de<\/p>\n","protected":false},"excerpt":{"rendered":"<p>Ausbruch aus der Monokultur, 12-ter SUMA-EV Kongress Der 12-te SUMA-EV Kongress 2015 debattiert \u00fcber Offenen Web-Index und neue Wege, der Netz\u00fcberwachung zu entkommen Auf&#8230;<\/p>","protected":false},"author":4,"featured_media":0,"parent":265,"menu_order":0,"comment_status":"closed","ping_status":"closed","template":"","meta":{"footnotes":""},"class_list":["post-1286","page","type-page","status-publish","hentry"],"_links":{"self":[{"href":"https:\/\/suma-ev.de\/en\/wp-json\/wp\/v2\/pages\/1286","targetHints":{"allow":["GET"]}}],"collection":[{"href":"https:\/\/suma-ev.de\/en\/wp-json\/wp\/v2\/pages"}],"about":[{"href":"https:\/\/suma-ev.de\/en\/wp-json\/wp\/v2\/types\/page"}],"author":[{"embeddable":true,"href":"https:\/\/suma-ev.de\/en\/wp-json\/wp\/v2\/users\/4"}],"replies":[{"embeddable":true,"href":"https:\/\/suma-ev.de\/en\/wp-json\/wp\/v2\/comments?post=1286"}],"version-history":[{"count":1,"href":"https:\/\/suma-ev.de\/en\/wp-json\/wp\/v2\/pages\/1286\/revisions"}],"predecessor-version":[{"id":1287,"href":"https:\/\/suma-ev.de\/en\/wp-json\/wp\/v2\/pages\/1286\/revisions\/1287"}],"up":[{"embeddable":true,"href":"https:\/\/suma-ev.de\/en\/wp-json\/wp\/v2\/pages\/265"}],"wp:attachment":[{"href":"https:\/\/suma-ev.de\/en\/wp-json\/wp\/v2\/media?parent=1286"}],"curies":[{"name":"wp","href":"https:\/\/api.w.org\/{rel}","templated":true}]}}