{"id":1289,"date":"2019-06-24T13:05:31","date_gmt":"2019-06-24T11:05:31","guid":{"rendered":"https:\/\/beta.suma-ev.de\/?page_id=1289"},"modified":"2019-09-23T10:15:44","modified_gmt":"2019-09-23T08:15:44","slug":"neue-nsa-suche","status":"publish","type":"page","link":"https:\/\/suma-ev.de\/en\/pressemitteilungen\/neue-nsa-suche\/","title":{"rendered":"Neue NSA-Suche"},"content":{"rendered":"<h2 class=\"wp-block-heading\">Neue NSA-Suche<\/h2>\n\n\n\n<p>Pressemitteilung, 01.04.2015 &#8211; Sperrfrist: 0.00 Uhr<\/p>\n\n\n\n<p>Anmerkung: Bei dieser neuen Funktion handelte es sich um einen Aprilscherz.<\/p>\n\n\n\n<p>Die deutsche Suchmaschine MetaGer (http:\/\/metager.de) stellt der \u00d6ffentlichkeit ein neues Feature vor: die direkte Suche in den Datenbanken der National Security Agency (NSA) der USA.<\/p>\n\n\n\n<p>Seit den Enth\u00fcllungen von Edward Snowden fragen sich mehr und mehr B\u00fcrger auf der ganzen Welt, was in den Datenbanken der US-Geheimdienste \u00fcber sie gespeichert sein mag.  Die gesamte Menge der dort gespeicherten Informationen ist jetzt \u00fcber eine neue Schnittstelle unserer Suchmaschine MetaGer verf\u00fcgbar.<\/p>\n\n\n\n<p>Gehen Sie dazu mit Ihrem PC auf die neue MetaGer-Startseite http:\/\/metager.de und klicken Sie links neben dem Sucheingabefeld auf das Symbol der kleinen Weltkugel (dabei erscheint der Schriftzug &#8222;Suchfokus w\u00e4hlen&#8220;).  Dann wird unterhalb ein Feld &#8222;NSA-Akten&#8220; ge\u00f6ffnet.  Diesen Schalter klicken Sie an, geben daraufhin rechts Ihre Anfrage an die NSA ein und erhalten auf einen Blick alles, was dort \u00fcber Sie gespeichert ist.<\/p>\n\n\n\n<p>Medienkontakt:<br>\n      SUMA-EV &amp; MetaGer<br>\n      R\u00f6selerstr. 3 <br>\n      30159 Hannover<br>\n      Tel: 0511 &#8211; 34 00 00 70 <br>\n      EMail: office@suma-ev.de<\/p>","protected":false},"excerpt":{"rendered":"<p>Neue NSA-Suche Pressemitteilung, 01.04.2015 &#8211; Sperrfrist: 0.00 Uhr Anmerkung: Bei dieser neuen Funktion handelte es sich um einen Aprilscherz. Die deutsche Suchmaschine MetaGer (http:\/\/metager.de)&#8230;<\/p>","protected":false},"author":4,"featured_media":0,"parent":265,"menu_order":0,"comment_status":"closed","ping_status":"closed","template":"","meta":{"footnotes":""},"class_list":["post-1289","page","type-page","status-publish","hentry"],"_links":{"self":[{"href":"https:\/\/suma-ev.de\/en\/wp-json\/wp\/v2\/pages\/1289","targetHints":{"allow":["GET"]}}],"collection":[{"href":"https:\/\/suma-ev.de\/en\/wp-json\/wp\/v2\/pages"}],"about":[{"href":"https:\/\/suma-ev.de\/en\/wp-json\/wp\/v2\/types\/page"}],"author":[{"embeddable":true,"href":"https:\/\/suma-ev.de\/en\/wp-json\/wp\/v2\/users\/4"}],"replies":[{"embeddable":true,"href":"https:\/\/suma-ev.de\/en\/wp-json\/wp\/v2\/comments?post=1289"}],"version-history":[{"count":2,"href":"https:\/\/suma-ev.de\/en\/wp-json\/wp\/v2\/pages\/1289\/revisions"}],"predecessor-version":[{"id":2749,"href":"https:\/\/suma-ev.de\/en\/wp-json\/wp\/v2\/pages\/1289\/revisions\/2749"}],"up":[{"embeddable":true,"href":"https:\/\/suma-ev.de\/en\/wp-json\/wp\/v2\/pages\/265"}],"wp:attachment":[{"href":"https:\/\/suma-ev.de\/en\/wp-json\/wp\/v2\/media?parent=1289"}],"curies":[{"name":"wp","href":"https:\/\/api.w.org\/{rel}","templated":true}]}}