{"id":1292,"date":"2019-06-24T13:07:12","date_gmt":"2019-06-24T11:07:12","guid":{"rendered":"https:\/\/beta.suma-ev.de\/?page_id=1292"},"modified":"2019-06-24T13:07:12","modified_gmt":"2019-06-24T11:07:12","slug":"ein-erster-schritt-fuer-ein-offenes-netz","status":"publish","type":"page","link":"https:\/\/suma-ev.de\/en\/pressemitteilungen\/ein-erster-schritt-fuer-ein-offenes-netz\/","title":{"rendered":"Ein erster Schritt f\u00fcr ein offenes Netz"},"content":{"rendered":"<h2 class=\"wp-block-heading\">Ein erster Schritt f\u00fcr ein offenes Netz<\/h2>\n\n\n\n<p><strong>SUMA-EV begr\u00fc\u00dft Weichenstellung der EU<\/strong><\/p>\n\n\n\n<p>Als einen ersten Schritt f\u00fcr ein offenes und wettbewerbliches Internet sieht der SUMA-EV, Verein f\u00fcr freien Wissenszugang (1), die Ank\u00fcndigung der EU-Kommission, dem &#8222;Quasi-Monopol Google&#8220; k\u00fcnftig Auflagen zu machen.  &#8222;In einer freien Welt darf es nicht sein, dass die DNA der Wissensgesellschaft, n\u00e4mlich, das Wissen, wo was im Netz zu finden ist, in den H\u00e4nden nur eines Unternehmens liegt&#8220;, so Wolfgang Sander-Beuermann (2), gesch\u00e4ftsf\u00fchrender Vorstand des SUMA-EV.  Google habe sich seine f\u00fchrende Position durch eigene Leistung, eine kluge M&amp;A-Strategie und eine gut gef\u00fcllte Innovationspipeline erarbeitet.  &#8222;Inzwischen ist Google aber zu einer Marktabschottungsstrategie \u00fcbergegangen&#8220;, so Sander Beuermann weiter: &#8222;Wir sind gespannt, welche Auflagen die EU-Kommission im Einzelnen machen wird&#8220;.<\/p>\n\n\n\n<p>Die EU-Auflagen k\u00f6nnten aber nur ein erster Schritt sein. Der SUMA-EV, der vor einigen Monaten gemeinsam mit der Hochschule f\u00fcr Angewandte Wissenschaften Hamburg (HAW) einen Kongress zum Thema &#8222;Das Internet im Zeitalter von \u00dcberwachung und Manipulation &#8211; Der Offene Web-Index und andere Gegenmittel&#8220; (3) durchgef\u00fchrt hat, will gemeinsam mit Prof. Dirk Lewandowski (HAW), und anderen Initiativen noch vor der Sommerpause ein Konzept f\u00fcr einen Offenen Web-Index vorlegen.<\/p>\n\n\n\n<p>Mit dem Offenen Web-Index (4) k\u00f6nne es gelingen, sowohl dem Thema Suchen und Finden, als auch neuen und bahnbrechenden Anwendungen im Netz wieder Chancen und wettbewerbliche Impulse zu geben.  &#8222;Wir haben aus der Vergangenheit gelernt&#8220;, so Sander-Beuermann, der das Scheitern des mit EU-Mitteln gef\u00f6rderten deutsch-franz\u00f6sischen Suchmaschinen-Projektes Quaero (5) in den Jahren 2005 bis 2013 direkt mitverfolgt hat.  Die Dynamik des Netzes erfordert eine differenzierte Aufgabenteilung.  Ein \u00f6ffentlich verf\u00fcgbarer Web-Index k\u00f6nnte die L\u00f6sung sein, die &#8222;hoheitliche Aufgabe, zu wissen, wo Wissen zu finden ist&#8220;, allen zug\u00e4nglich zu machen.  Der Index k\u00f6nne dann und \u00fcber entsprechende Schnittstellen f\u00fcr Suchmaschinenbetreiber und andere Dienste, wie beispielsweise Geo-Location-Services, verf\u00fcgbar gemacht werden und damit die Perspektive \u00f6ffnen, auch g\u00e4nzliche neue Internetdienste disruptiv zu generieren.  &#8222;Ein Offener Web-Index ist ein Kreativit\u00e4tsgenerator: er erm\u00f6glicht Anwendungen, die wir uns heute noch gar nicht vorstellen k\u00f6nnen&#8220;, so Sander-Beuermann.<\/p>\n\n\n\n<p>Erste \u00dcberlegungen zur notwendigen Rechenkapazit\u00e4t wurden auf dem Kongress (3) bereits vorgetragen.  In weiteren Schritten sollen jetzt, so Sander-Beuermann abschlie\u00dfend, bis in den Sommer ein umsetzungsf\u00e4higes Konzept und eine Realisierungsroadmap erarbeitet werden, die dann Teil einer europ\u00e4ischen digitalen Agena sein k\u00f6nnte.<\/p>\n\n\n\n<p>Medienkontakt:<br>\nSUMA-EV<br>\nR\u00f6selerstr. 3<br>\n30159 Hannover<br>\nTel: 0511 &#8211; 34 00 00 70<br>\neMail: office@suma-ev.de <\/p>\n\n\n\n<p>Presse und Hauptstadtb\u00fcro:<br>\nNikolaus Huss<br>\nGneisenaustr. 8<br>\n10961 Berlin<br>\n030 &#8211; 81827194<br>\nMobil: 01577-1944544<br>\nEMail: huss@suma-ev.de <\/p>\n\n\n\n<p>Quellen:<br> (1) <a href=\"http:\/\/suma-ev.de\/en\/\">http:\/\/suma-ev.de<\/a><br> (2) <a href=\"http:\/\/de.wikipedia.org\/wiki\/Wolfgang_Sander-Beuermann\">http:\/\/de.wikipedia.org\/wiki\/Wolfgang_Sander-Beuermann<\/a><br> (3) <a href=\"http:\/\/searchstudies.org\/de\/suma2015.html\">http:\/\/searchstudies.org\/de\/suma2015.html<\/a><br> (4) <a href=\"http:\/\/openwebindex.eu\/\">http:\/\/openwebindex.eu\/<\/a><br> (5) <a href=\"http:\/\/de.wikipedia.org\/wiki\/Quaero\">http:\/\/de.wikipedia.org\/wiki\/Quaero<\/a><\/p>","protected":false},"excerpt":{"rendered":"<p>Ein erster Schritt f\u00fcr ein offenes Netz SUMA-EV begr\u00fc\u00dft Weichenstellung der EU Als einen ersten Schritt f\u00fcr ein offenes und wettbewerbliches Internet sieht der&#8230;<\/p>","protected":false},"author":4,"featured_media":0,"parent":265,"menu_order":0,"comment_status":"closed","ping_status":"closed","template":"","meta":{"footnotes":""},"class_list":["post-1292","page","type-page","status-publish","hentry"],"_links":{"self":[{"href":"https:\/\/suma-ev.de\/en\/wp-json\/wp\/v2\/pages\/1292","targetHints":{"allow":["GET"]}}],"collection":[{"href":"https:\/\/suma-ev.de\/en\/wp-json\/wp\/v2\/pages"}],"about":[{"href":"https:\/\/suma-ev.de\/en\/wp-json\/wp\/v2\/types\/page"}],"author":[{"embeddable":true,"href":"https:\/\/suma-ev.de\/en\/wp-json\/wp\/v2\/users\/4"}],"replies":[{"embeddable":true,"href":"https:\/\/suma-ev.de\/en\/wp-json\/wp\/v2\/comments?post=1292"}],"version-history":[{"count":1,"href":"https:\/\/suma-ev.de\/en\/wp-json\/wp\/v2\/pages\/1292\/revisions"}],"predecessor-version":[{"id":1293,"href":"https:\/\/suma-ev.de\/en\/wp-json\/wp\/v2\/pages\/1292\/revisions\/1293"}],"up":[{"embeddable":true,"href":"https:\/\/suma-ev.de\/en\/wp-json\/wp\/v2\/pages\/265"}],"wp:attachment":[{"href":"https:\/\/suma-ev.de\/en\/wp-json\/wp\/v2\/media?parent=1292"}],"curies":[{"name":"wp","href":"https:\/\/api.w.org\/{rel}","templated":true}]}}