{"id":1295,"date":"2019-06-24T13:09:56","date_gmt":"2019-06-24T11:09:56","guid":{"rendered":"https:\/\/beta.suma-ev.de\/?page_id=1295"},"modified":"2019-06-24T13:09:56","modified_gmt":"2019-06-24T11:09:56","slug":"europa-haengt-am-google-tropf","status":"publish","type":"page","link":"https:\/\/suma-ev.de\/en\/pressemitteilungen\/europa-haengt-am-google-tropf\/","title":{"rendered":"Europa h\u00e4ngt am Google-Tropf"},"content":{"rendered":"<h2 class=\"wp-block-heading\">Europa h\u00e4ngt am Google-Tropf<\/h2>\n\n\n\n<p>&#8220;&#8217;Gutachten der Monopolkommission springt in Sachen Digitaler<br>\nInfrastrukturkonzern Google zu kurz&#8220;&#8216;<\/p>\n\n\n\n<p>&#8222;Europa h\u00e4ngt am Google-Tropf&#8220; \u2013 und trotz 96% Marktanteil (Comscore 2013) schaut die deutsche Monopolkommission einfach nur zu, so die Initiative Open-Web-Index.  &#8222;Gut, dass die Monopolkommission sich mit dem Thema auseinandergesetzt hat; schlecht, dass sie dabei zu kurz gesprungen ist&#8220;, kommentiert der Hamburger Hochschulprofessor Dr. Dirk Lewandowski, Sprecher der Initiative, das <a href=\"http:\/\/www.monopolkommission.de\/images\/PDF\/SG\/SG68\/S68_volltext.pdf\">Gutachten<\/a>.  F\u00fcr ihn sind die Pr\u00e4missen zu vage.  Alleine im Suchmaschinenteil formulieren die Gutachter sechzehn Mal ein &#8222;d\u00fcrfte&#8220; als Voraussetzung, um dann zu dem doch verbl\u00fcffend eindeutigen Schluss zu kommen, es g\u00e4be kein Monopolproblem.  Noch deutlicher wird der zweite Sprecher, Dr. Wolfgang Sander-Beuermann vom SUMA-EV: &#8222;Wettbewerbshoffnungen stehen gegen Monopolisierungstatsachen.  Als zentraler digitaler Infrastrukturkonzern sitzt Google wie die Spinne im Netz.&#8220; F\u00fcr die Initiative ist jetzt Europa gefordert.  Mit einem offenen Web-Index k\u00f6nne Europa wieder zur\u00fcck ins Spiel kommen und den Startnachteil der europ\u00e4ischen Internetwirtschaft kompensieren helfen.  &#8222;Einen eigenen Web-Index aufzubauen, das schafft kein Unternehmen mehr aus eigener Kraft.  Europa ist gefordert&#8220;.  Die deutsche Monopolkommission hat gestern das Gutachten &#8222;Herausforderung Digitale M\u00e4rkte&#8220; der \u00d6ffentlichkeit vorgestellt.<\/p>\n\n\n\n<p><strong>Nur Europa schaut zu<\/strong><\/p>\n\n\n\n<p>Europa ist die einzige Wirtschaftsmacht, die darauf verzichtet, ihre eigene digitale Infrastruktur zu beherrschen.  Neben den USA, die mit Google und Microsoft\/Bing \u00fcber zwei Indexe verf\u00fcgen, haben China mit Baidoo und Russland mit Yandex ihren eigenen Index.  Nach Snowden und dem NSA-Skandal ist f\u00fcr die Sprecher der Initiative die Index-Sover\u00e4nit\u00e4t von europ\u00e4ischer Bedeutung.  Wie eine \u00f6ffentliche Bibliothek w\u00fcrde der Open-Web-Index erst die Voraussetzung f\u00fcr eine Nutzung der Daten des Web zum Nutzen aller schaffen.  Das Gutachten selbst ist daf\u00fcr Hinweis genug.  Aufgrund fehlender Daten und Informationen waren die Gutachter oftmals auf teils realit\u00e4tsferne Annahmen angewiesen.<\/p>\n\n\n\n<p><strong>Open Web Index schafft neue Impulse f\u00fcr die junge europ\u00e4ische Startupszene<\/strong><\/p>\n\n\n\n<p>Die Schaffung eines eigenen Web-Index ist nach Meinung der Initiative Open-Web-Index die einzig machbare Alternative.  &#8222;Wir wissen aus Gespr\u00e4chen mit Unternehmen, dass diese dringend auf eine Alternative warten, mit der sie arbeiten k\u00f6nnen.&#8220; Die jetzt in Europa entstehende Startupszene w\u00fcrde mit einem Open Web Index ebenfalls wichtige Wettbewerbsimpulse erhalten.<\/p>\n\n\n\n<p><strong>Jetzt ist G\u00fcnther Oettinger gefragt!<\/strong><\/p>\n\n\n\n<p>Die Hoffnung der Initiativen-Sprecher, dem Hamburger Hochschulprofessor Dr.  Dirk Lewandowski und dem Hannoveraner gesch\u00e4ftsf\u00fchrenden SUMA-EV Vorsitzenden Dr. Wolfgang Sander-Beuermann, richtet sich jetzt an die den f\u00fcr Internet-Wirtschaft verantwortlichen Kommissar G\u00fcnther Oettinger.  Die Initiative Open-Web-Index wird Ende Juni ihr Konzept einer kompetitiven europ\u00e4ischen Internet-Suchmaschinen-Strategie vorstellen, k\u00fcndigten sie in diesem Zusammenhang an.<\/p>\n\n\n\n<p><strong>Zur Initiative:<\/strong><\/p>\n\n\n\n<p>Die &#8222;Initiative Open-Web-Index&#8220; hat sich in der Vorbereitung des  SUMA-EV-Kongresses &#8222;Das Internet im Zeitalter von \u00dcberwachung und Manipulation &#8211; Der Offene Web-Index und andere Gegenmittel&#8220; an der Hochschule f\u00fcr Angewandte Wissenschaften in Hamburg (HAW) gegr\u00fcndet.  Als Sprecher agieren Dr. Dirk Lewandowki, Professor an der Hochschule Hamburg, Verfasser des k\u00fcrzlich erschienenen Lehrbuchs &#8222;Suchmachinen verstehen&#8220; sowie des Grundlagenwerkes &#8222;Handbuch Internet-Suchmaschinen&#8220; sowie Dr. Wolfgang Sander-Beuermann, SUMA-EV, der Betreiber von <a href=\"http:\/\/metager.de\">MetaGer<\/a>, der &#8222;<a href=\"https:\/\/beta.suma-ev.de\/index.php\/archiv\/pressemitteilungen\/made-in-germany-sicher-suchen-und-finden-mit-metager\/\">sichersten Suchmaschine der Welt<\/a>&#8222;, die zwar auch eigene Indexe besitzt, aber als prim\u00e4r Metasuchmaschine von den Suchalgorithmen anderer Betreiber abh\u00e4ngig ist.<\/p>\n\n\n\n<p>Das Open-Web-Index-Manifest: <a href=\"http:\/\/openwebindex.eu\/\">http:\/\/openwebindex.eu\/<\/a><\/p>\n\n\n\n<p>Die SUMA-EV Kongressdokumentation: <br> <a href=\"http:\/\/searchstudies.org\/de\/suma2015.html\">http:\/\/searchstudies.org\/de\/suma2015.html<\/a><\/p>\n\n\n\n<p><strong>Kontakte<\/strong>:<\/p>\n\n\n\n<p>Initiative &#8222;Open-Web-Index&#8220;<br>\nc\/o SUMA-EV &#8211; Verein f\u00fcr freien Wissenszugang<br>\nR\u00f6selerstr. 3, 30159 Hannover<br>\nTel: +49 (511) 34000071<br>\nFax: +49 (511) 34001023<br>\nEMail: office@suma-ev.de<\/p>\n\n\n\n<p>Hauptstadtb\u00fcro und Presse:<br>\nNikolaus Huss<br>\nGneisenaustr. 8<br>\n10961 Berlin<br>\nTel: +49 (30) 81827194              <br>\nFax: +49 (30) 8182 7193<br>\nMobil: +49(1577)1944544<br>\nEMail: huss@suma-ev.de<\/p>","protected":false},"excerpt":{"rendered":"<p>Europa h\u00e4ngt am Google-Tropf &#8220;&#8217;Gutachten der Monopolkommission springt in Sachen Digitaler Infrastrukturkonzern Google zu kurz&#8220;&#8216; &#8222;Europa h\u00e4ngt am Google-Tropf&#8220; \u2013 und trotz 96% Marktanteil&#8230;<\/p>","protected":false},"author":4,"featured_media":0,"parent":265,"menu_order":0,"comment_status":"closed","ping_status":"closed","template":"","meta":{"footnotes":""},"class_list":["post-1295","page","type-page","status-publish","hentry"],"_links":{"self":[{"href":"https:\/\/suma-ev.de\/en\/wp-json\/wp\/v2\/pages\/1295","targetHints":{"allow":["GET"]}}],"collection":[{"href":"https:\/\/suma-ev.de\/en\/wp-json\/wp\/v2\/pages"}],"about":[{"href":"https:\/\/suma-ev.de\/en\/wp-json\/wp\/v2\/types\/page"}],"author":[{"embeddable":true,"href":"https:\/\/suma-ev.de\/en\/wp-json\/wp\/v2\/users\/4"}],"replies":[{"embeddable":true,"href":"https:\/\/suma-ev.de\/en\/wp-json\/wp\/v2\/comments?post=1295"}],"version-history":[{"count":1,"href":"https:\/\/suma-ev.de\/en\/wp-json\/wp\/v2\/pages\/1295\/revisions"}],"predecessor-version":[{"id":1296,"href":"https:\/\/suma-ev.de\/en\/wp-json\/wp\/v2\/pages\/1295\/revisions\/1296"}],"up":[{"embeddable":true,"href":"https:\/\/suma-ev.de\/en\/wp-json\/wp\/v2\/pages\/265"}],"wp:attachment":[{"href":"https:\/\/suma-ev.de\/en\/wp-json\/wp\/v2\/media?parent=1295"}],"curies":[{"name":"wp","href":"https:\/\/api.w.org\/{rel}","templated":true}]}}