{"id":1298,"date":"2019-06-24T13:13:01","date_gmt":"2019-06-24T11:13:01","guid":{"rendered":"https:\/\/beta.suma-ev.de\/?page_id=1298"},"modified":"2019-06-24T13:13:01","modified_gmt":"2019-06-24T11:13:01","slug":"suchmaschine-metager-totgeklagt","status":"publish","type":"page","link":"https:\/\/suma-ev.de\/en\/pressemitteilungen\/suchmaschine-metager-totgeklagt\/","title":{"rendered":"Suchmaschine MetaGer totgeklagt?"},"content":{"rendered":"<h2 class=\"wp-block-heading\">Suchmaschine MetaGer totgeklagt?<\/h2>\n\n\n\n<p><strong>Der gemeinn\u00fctzigen Suchmaschine MetaGer droht der Ruin. <br> Und dem Internetstandort Deutschland das Aus.  <\/strong>&#8211; 10.12.2015<\/p>\n\n\n\n<p>Vergessen Sie jegliche Assoziationen!<\/p>\n\n\n\n<p>Digitale Agenda ade! Durch die Klage einer Rechtsanw\u00e4ltin aus Norddeutschland droht dem SUMA-EV, gemeinn\u00fctziger Betreiber Deutschlands gr\u00f6\u00dfter und sicherster Suchmaschine MetaGer.de, der Ruin.  Die Anw\u00e4ltin fordert, das Recht auf Vergessen auch auf Assoziationen zu den beanstandeten Begriffen, beispielsweise Namen, auszuweiten.  F\u00fcr Dr.  Wolfgang Sander-Beuermann, gesch\u00e4ftsf\u00fchrender Vorsitzender des SUMA-EV, ein Ding der Unm\u00f6glichkeit: &#8222;W\u00fcrde der Klage stattgegeben, w\u00e4re das das Aus f\u00fcr alle Suchmaschinen in Deutschland.  Eine Klageflut w\u00fcrde ihren Betrieb unm\u00f6glich machen&#8220;.  Verwundert zeigte sich auch der IT-Fachanwalt Thomas Feil aus Hannover, der SUMA-EV vor Gericht vertritt: &#8222;Wir haben eine sofortige Abweisung der Einstweiligen Verf\u00fcgung erwartet&#8220;.  Das Landgericht Hannover hat sich nach der m\u00fcndlichen Verhandlung zur Einstweiligen Verf\u00fcgung jedenfalls erstmal vertagt und will am 13.1.2016 sein Urteil verk\u00fcnden.<\/p>\n\n\n\n<p>Konkret klagt die Rechtsanw\u00e4ltin, Links zu l\u00f6schen, die auf Webseiten mit einem Namen zeigen, der dem ihren \u00c4HNLICH ist. L\u00e4sst man, so die Begr\u00fcndung der Einstweiligen Verf\u00fcgung, in dem Namen der Anw\u00e4ltin einen Buchstaben weg, so werden beim Suchen nach diesem Namen Ergebnisse angezeigt, die der Kl\u00e4gerin missfallen. Bezug genommen wird dabei auf das EuGH-Urteil vom 13.5.2014 zum Recht auf Vergessen.<\/p>\n\n\n\n<p>&#8222;Als wir diese Forderung zum ersten Mal sahen, haben wir nur gestaunt, auf welche Ideen man kommen kann&#8220;, so Dr. Wolfgang Sander-Beuermann.  &#8222;Wenn man solche Forderungen akzeptieren w\u00fcrde, dann w\u00e4ren Namensnennungen im Internet praktisch f\u00fcr ALLE Suchmaschinen unm\u00f6glich.  Zu jedem Namen gibt es Dutzende von \u00e4hnlichen Namen, die dann alle ein Recht auf L\u00f6schung h\u00e4tten. Der Betrieb von Suchmaschinen w\u00e4re generell infrage gestellt. Das k\u00f6nnen wir als SUMA-EV &#8211; Verein f\u00fcr freien Wissenszugang, nat\u00fcrlich \u00fcberhaupt nicht akzeptieren.&#8220;<\/p>\n\n\n\n<p>Den Streitwert hatte die Kl\u00e4gerin mit 120.000,-EUR angesetzt. &#8222;Sicherlich um uns als kleinen Suchmaschinenbetreiber zu erschrecken, und schon vorab zum Einknicken zu bewegen&#8220; vermutet Sander-Beuermann: &#8222;Wir halten das Recht auf Vergessen grunds\u00e4tzlich f\u00fcr eine gute Sache, aber hier wird es zum Exzess<br>\ngetrieben&#8220;. <\/p>\n\n\n\n<p>Die Urteilsverk\u00fcndung durch das Landgericht Hannover ist f\u00fcr den 13.1.2016 angesetzt.<\/p>\n\n\n\n<p><strong>Medienkontakte<\/strong>:<\/p>\n\n\n\n<p>SUMA-EV<br>\nR\u00f6selerstr. 3<br>\n30159 Hannover<br>\nTel: 0511 &#8211; 34 00 00 71<br>\neMail: office@suma-ev.de<\/p>\n\n\n\n<p>Presse und Hauptstadtb\u00fcro:<br>\nNikolaus Huss<br>\nGneisenaustr. 8<br>\n10961 Berlin<br>\n030 &#8211; 81827194<br>\nMobil: 01577-1944544<br>\nEMail: huss@suma-ev.de <\/p>\n\n\n\n<p><strong>Kurzupdate<\/strong> , 18.01.2016: Diese Klage im Eilverfahren wurde abgewiesen :-). <\/p>\n\n\n\n<p>Update 14.07.2016: Die Kl\u00e4gerin ging in Berufung beim OLG Celle. Auch diesen Proze\u00df hat MetaGer gewonnen.<\/p>\n\n\n\n<p><strong>Medienecho<\/strong>:<\/p>\n\n\n\n<ul class=\"wp-block-list\"><li><a href=\"http:\/\/www.heise.de\/ix\/meldung\/Recht-auf-Vergessen-MetaGer-befuerchtet-das-Ende-3041177.html\">http:\/\/www.heise.de\/ix\/meldung\/Recht-auf-Vergessen-MetaGer-befuerchtet-das-Ende-3041177.html<\/a><\/li><li><a href=\"http:\/\/t3n.de\/news\/metager-klage-suchmaschine-recht-auf-vergessen-664445\/\">http:\/\/t3n.de\/news\/metager-klage-suchmaschine-recht-auf-vergessen-664445\/<\/a><\/li><li><a href=\"http:\/\/www.mittelstandswiki.de\/2015\/12\/suchmaschinen-anwaeltin-fordert-recht-auf-vergessenwerden-auch-fuer-aehnlich-klingende-namen\/\">http:\/\/www.mittelstandswiki.de\/2015\/12\/suchmaschinen-anwaeltin-fordert-recht-auf-vergessenwerden-auch-fuer-aehnlich-klingende-namen\/<\/a><\/li><li><a href=\"http:\/\/winfuture.de\/news,90205.html\">http:\/\/winfuture.de\/news,90205.html<\/a><\/li><li><a href=\"https:\/\/blog.wdr.de\/digitalistan\/klage-gegen-metager-bedroht-existenz-der-suchmaschine\/\">https:\/\/blog.wdr.de\/digitalistan\/klage-gegen-metager-bedroht-existenz-der-suchmaschine\/<\/a><\/li><li><a href=\"http:\/\/www.schieb.de\/741303\/recht-auf-vergessen-auch-fuer-aehnliche-schreibweisen\">http:\/\/www.schieb.de\/741303\/recht-auf-vergessen-auch-fuer-aehnliche-schreibweisen<\/a><\/li><li><a href=\"http:\/\/www.heise.de\/forum\/iX\/News-Kommentare\/Recht-auf-Vergessen-MetaGer-befuerchtet-das-Ende\/forum-251200\/\">http:\/\/www.heise.de\/forum\/iX\/News-Kommentare\/Recht-auf-Vergessen-MetaGer-befuerchtet-das-Ende\/forum-251200\/<\/a><\/li><li><a href=\"http:\/\/www.haz.de\/Nachrichten\/Medien\/Netzwelt\/Klage-bedroht-Suchmaschine-Metager\">http:\/\/www.haz.de\/Nachrichten\/Medien\/Netzwelt\/Klage-bedroht-Suchmaschine-Metager<\/a><\/li><li><a href=\"http:\/\/www.pankower-allgemeine-zeitung.de\/2015\/12\/24\/deutsche-suchmaschine-metager-vor-dem-aus\/\">http:\/\/www.pankower-allgemeine-zeitung.de\/2015\/12\/24\/deutsche-suchmaschine-metager-vor-dem-aus\/<\/a><\/li><li><a href=\"http:\/\/www.industriejournalismus.de\/deutsche-suchmaschinen-aus-dem-markt-draengen\/\">http:\/\/www.industriejournalismus.de\/deutsche-suchmaschinen-aus-dem-markt-draengen\/<\/a><\/li><\/ul>\n\n\n\n<p><\/p>","protected":false},"excerpt":{"rendered":"<p>Suchmaschine MetaGer totgeklagt? Der gemeinn\u00fctzigen Suchmaschine MetaGer droht der Ruin. Und dem Internetstandort Deutschland das Aus. &#8211; 10.12.2015 Vergessen Sie jegliche Assoziationen! Digitale Agenda&#8230;<\/p>","protected":false},"author":4,"featured_media":0,"parent":265,"menu_order":0,"comment_status":"closed","ping_status":"closed","template":"","meta":{"footnotes":""},"class_list":["post-1298","page","type-page","status-publish","hentry"],"_links":{"self":[{"href":"https:\/\/suma-ev.de\/en\/wp-json\/wp\/v2\/pages\/1298","targetHints":{"allow":["GET"]}}],"collection":[{"href":"https:\/\/suma-ev.de\/en\/wp-json\/wp\/v2\/pages"}],"about":[{"href":"https:\/\/suma-ev.de\/en\/wp-json\/wp\/v2\/types\/page"}],"author":[{"embeddable":true,"href":"https:\/\/suma-ev.de\/en\/wp-json\/wp\/v2\/users\/4"}],"replies":[{"embeddable":true,"href":"https:\/\/suma-ev.de\/en\/wp-json\/wp\/v2\/comments?post=1298"}],"version-history":[{"count":1,"href":"https:\/\/suma-ev.de\/en\/wp-json\/wp\/v2\/pages\/1298\/revisions"}],"predecessor-version":[{"id":1299,"href":"https:\/\/suma-ev.de\/en\/wp-json\/wp\/v2\/pages\/1298\/revisions\/1299"}],"up":[{"embeddable":true,"href":"https:\/\/suma-ev.de\/en\/wp-json\/wp\/v2\/pages\/265"}],"wp:attachment":[{"href":"https:\/\/suma-ev.de\/en\/wp-json\/wp\/v2\/media?parent=1298"}],"curies":[{"name":"wp","href":"https:\/\/api.w.org\/{rel}","templated":true}]}}