{"id":130,"date":"2019-04-04T10:18:26","date_gmt":"2019-04-04T09:18:26","guid":{"rendered":"https:\/\/beta.suma-ev.de\/?page_id=130"},"modified":"2023-05-09T12:26:18","modified_gmt":"2023-05-09T10:26:18","slug":"medienresonanz","status":"publish","type":"page","link":"https:\/\/suma-ev.de\/en\/medienresonanz\/","title":{"rendered":"Media responses"},"content":{"rendered":"\n<figure class=\"wp-block-image stl-block-75b79a7\"><img loading=\"lazy\" decoding=\"async\" width=\"1024\" height=\"372\" src=\"https:\/\/suma-ev.de\/wp-content\/uploads\/2019\/06\/zeitung-1024x372.png\" alt=\"\" class=\"wp-image-1436\" srcset=\"https:\/\/suma-ev.de\/wp-content\/uploads\/2019\/06\/zeitung-1024x372.png 1024w, https:\/\/suma-ev.de\/wp-content\/uploads\/2019\/06\/zeitung-300x109.png 300w, https:\/\/suma-ev.de\/wp-content\/uploads\/2019\/06\/zeitung-768x279.png 768w, https:\/\/suma-ev.de\/wp-content\/uploads\/2019\/06\/zeitung.png 1920w\" sizes=\"auto, (max-width: 1024px) 100vw, 1024px\" \/><\/figure>\n\n\n\n<p class=\"has-drop-cap stl-block-77e0fc7\" style=\"font-size:17px\">Hier haben wir in umgekehrt chronologischer Reihenfolge Fundst\u00fccke aus dem Themenbereich \u00dcberwachung, Datenschutz, Privatsp\u00e4hrenschutz und Suchmaschinen gelistet. Auch k\u00f6nnen Sie hier Presseartikel finden, die sich mit der Arbeit von MetaGer und dem SUMA-EV auseinandersetzen, sowie Artikel, die wir als SUMA-EV in Presseerzeugnissen ver\u00f6ffentlicht haben.<\/p>\n\n\n\n<hr class=\"wp-block-separator has-css-opacity stl-block-7ec38a7\"\/>\n\n\n\n<h2 class=\"wp-block-heading stl-block-7091e57\">MetaGer in den Medien<\/h2>\n\n\n\n<ul class=\"wp-block-list\">\n<li><\/li>\n<\/ul>\n\n\n\n<p><\/p>\n\n\n\n<p>2023<\/p>\n\n\n\n<p><a href=\"https:\/\/www.heise.de\/news\/MetaGer-Kostenpflichtige-Suchmaschine-ohne-Werbung-und-Tracking-8979676.html\" data-type=\"URL\" data-id=\"https:\/\/www.heise.de\/news\/MetaGer-Kostenpflichtige-Suchmaschine-ohne-Werbung-und-Tracking-8979676.html\" target=\"_blank\" rel=\"noreferrer noopener\">Eva-Maria Wei\u00df: MetaGer: Kostenpflichtige Suchmaschine ohne Werbung und Tracking<\/a><\/p>\n\n\n\n<p><a href=\"https:\/\/www.heise.de\/hintergrund\/Missing-Link-Offener-Web-Index-soll-Europa-bei-der-Suche-unabhaengig-machen-7466867.html?fbclid=IwAR3SJyYhBof4-iLanIjpDcICa4YiZwSrnq0SyIVHehdTLv8FsH696hSOGfY\">Stefan Krempl: Missing Link: Offener Web-Index soll Europa bei der Suche unabh\u00e4ngig machen<\/a><\/p>\n\n\n\n<hr class=\"wp-block-separator has-alpha-channel-opacity\"\/>\n\n\n\n<p><li><p class=\"stl-block-713ad57\"><strong>2021<\/strong><\/p><\/li><\/p>\n\n\n\n<p class=\"stl-block-70ffc17\">Naomi Brockwell: &#8222;The Most PRIVATE Search Engine (2021)&#8220;\n<br><a rel=\"noreferrer noopener\" href=\"https:\/\/www.youtube.com\/watch?v=o4sMstvwi0I\" target=\"_blank\"><strong>https:\/\/www.youtube.com\/watch?v=o4sMstvwi0I<\/strong><\/a><\/p>\n\n\n\n<p class=\"stl-block-70ffc17\">Martin Schramm: &#8222;Suchen im Web [&#8230;]&#8220;\n<br><a rel=\"noreferrer noopener\" href=\"https:\/\/www.br.de\/mediathek\/podcast\/iq-wissenschaft-und-forschung\/suchen-im-web-wie-monopole-unsere-zukunft-gefaehrden\/1821928\" target=\"_blank\">https:\/\/www.br.de\/mediathek\/podcast&#8230;<\/a><\/p>\n\n\n\n<hr class=\"wp-block-separator has-css-opacity stl-block-7d84ee7\"\/>\n\n\n\n<p><li><p class=\"stl-block-713ad57\"><strong>2020<\/strong><\/p><\/li><\/p>\n\n\n\n<p class=\"stl-block-7759d87\">Digitale Verlustzone &#8211; Wie Deutschland den Anschluss verlor | Doku &amp; Reportage | NDR Doku <a href=\"https:\/\/www.youtube.com\/watch?v=g3ymPtG-DKI\">https:\/\/www.youtube.com\/watch?v=g3ymPtG-DKI<\/a><\/p>\n\n\n\n<p><\/p>\n\n\n\n<hr class=\"wp-block-separator has-css-opacity stl-block-7d84ee7\"\/>\n\n\n\n<p><li><p class=\"stl-block-7076847\"><strong>2019<\/strong><\/p><\/li><\/p>\n\n\n\n<p class=\"stl-block-742e727\"><a href=\"https:\/\/www.haz.de\/Nachrichten\/Digital\/Wer-kann-Google-vom-Suchmaschinen-Thron-stossen\" target=\"_blank\" rel=\"noreferrer noopener\">https:\/\/www.haz.de\/Nachrichten\/Digital\/Wer-kann-Google-vom-Suchmaschinen-Thron-stossen<\/a><\/p>\n\n\n\n<p class=\"stl-block-7b6a487\"><a href=\"https:\/\/netzpolitik.org\/2019\/leistungsschutzrecht-google-soll-zahlen-aber-es-trifft-alle-suchmaschinen\/\" target=\"_blank\" rel=\"noreferrer noopener\">https:\/\/netzpolitik.org\/2019\/leistungsschutzrecht-google-soll-zahlen-aber-es-trifft-alle-suchmaschinen\/<\/a><\/p>\n\n\n\n<p class=\"stl-block-7474307\"><a href=\"https:\/\/mobilsicher.de\/aktuelles\/metager-wird-noch-besser-update-nach-mobilsicher-de-berichterstattung\" target=\"_blank\" rel=\"noreferrer noopener\">https:\/\/mobilsicher.de\/aktuelles\/metager-wird-noch-besser-update-nach-mobilsicher-de-berichterstattung<\/a><\/p>\n\n\n\n<hr class=\"wp-block-separator has-css-opacity stl-block-7d84ee7\"\/>\n\n\n\n<p><li><p class=\"stl-block-714a317\"><strong>2018<\/strong><\/p><\/li><\/p>\n\n\n\n<p class=\"stl-block-70ffc17\">Dr. Sander-Beuermann: &#8222;Klartext&#8220;\n<br><a rel=\"noreferrer noopener\" href=\"https:\/\/klartext.unverschluesselt.net\/sander-beuermann\/\" target=\"_blank\">https:\/\/klartext.unverschluesselt.net\/sander-beuermann\/<\/a><\/p>\n\n\n\n<p class=\"stl-block-760b7f7\"><a href=\"http:\/\/www.schattenblick.de\/infopool\/bildkult\/report\/bkri0028.html\" target=\"_blank\" rel=\"noreferrer noopener\" aria-label=\" (\u00f6ffnet in neuem Tab)\">http:\/\/www.schattenblick.de\/infopool\/bildkult\/report\/bkri0028.html<\/a><\/p>\n\n\n\n<p class=\"stl-block-796d3b7\"><a href=\"http:\/\/www.password-online.de\/?wysija-page=1&amp;controller=email&amp;action=view&amp;email_id=288&amp;wysijap=subscriptions\" target=\"_blank\" rel=\"noreferrer noopener\">http:\/\/www.password-online.de\/?wysija-page=1&amp;controller=email&amp;action=view&amp;email_id=288&amp;wysijap=subscriptions<\/a><\/p>\n\n\n\n<hr class=\"wp-block-separator has-css-opacity stl-block-7137f17\"\/>\n\n\n\n<figure class=\"wp-block-image size-large stl-block-73474d7\"><img loading=\"lazy\" decoding=\"async\" width=\"1024\" height=\"372\" src=\"https:\/\/suma-ev.de\/wp-content\/uploads\/2019\/09\/web-kopf-1024x372.png\" alt=\"\" class=\"wp-image-2527\" srcset=\"https:\/\/suma-ev.de\/wp-content\/uploads\/2019\/09\/web-kopf-1024x372.png 1024w, https:\/\/suma-ev.de\/wp-content\/uploads\/2019\/09\/web-kopf-300x109.png 300w, https:\/\/suma-ev.de\/wp-content\/uploads\/2019\/09\/web-kopf-768x279.png 768w, https:\/\/suma-ev.de\/wp-content\/uploads\/2019\/09\/web-kopf.png 1920w\" sizes=\"auto, (max-width: 1024px) 100vw, 1024px\" \/><\/figure>\n\n\n\n<p><li><p class=\"stl-block-72349c7\"><strong>2017<\/strong><\/p><\/li><\/p>\n\n\n\n<p class=\"stl-block-7d01607\"><a href=\"https:\/\/www.mittelstandswiki.de\/wissen\/Open_Source:Open_Web_Index\" target=\"_blank\" rel=\"noreferrer noopener\">https:\/\/www.mittelstandswiki.de\/wissen\/Open_Source:Open_Web_Index<\/a><\/p>\n\n\n\n<hr class=\"wp-block-separator has-css-opacity stl-block-79ebc67\"\/>\n\n\n\n<p><li><p class=\"stl-block-7855677\"><strong>2016<\/strong><\/p><\/li><\/p>\n\n\n\n<p class=\"stl-block-70606c7\"><a href=\"https:\/\/www.golem.de\/news\/open-source-metager-veroeffentlicht-quellcode-fuer-suchmaschine-1608-122728.html\" target=\"_blank\" rel=\"noreferrer noopener\">https:\/\/www.golem.de\/news\/open-source-metager-veroeffentlicht-quellcode-fuer-suchmaschine-1608-122728.html<\/a><\/p>\n\n\n\n<p class=\"stl-block-7d7a887\"><a href=\"https:\/\/www.telespiegel.de\/news\/16\/2502-metager-suchmaschine\/\" target=\"_blank\" rel=\"noreferrer noopener\">https:\/\/www.telespiegel.de\/news\/16\/2502-metager-suchmaschine\/<\/a><\/p>\n\n\n\n<hr class=\"wp-block-separator has-css-opacity stl-block-7e8a4c7\"\/>\n\n\n\n<p><li><p class=\"stl-block-70d9df7\"><strong>2015<\/strong><\/p><\/li><\/p>\n\n\n\n<p class=\"stl-block-7717b97\"><a href=\"https:\/\/www.haz.de\/Nachrichten\/Digital\/Klage-bedroht-Suchmaschine-Metager\" target=\"_blank\" rel=\"noreferrer noopener\">https:\/\/www.haz.de\/Nachrichten\/Digital\/Klage-bedroht-Suchmaschine-Metager<\/a><\/p>\n\n\n\n<p class=\"stl-block-79fcce7\"><a href=\"http:\/\/www.schattenblick.de\/infopool\/bildkult\/report\/bkri0028.html\" target=\"_blank\" rel=\"noreferrer noopener\">http:\/\/www.schattenblick.de\/infopool\/bildkult\/report\/bkri0028.html<\/a><\/p>\n\n\n\n<p class=\"stl-block-7d61987\"><a href=\"https:\/\/www.zeit.de\/digital\/internet\/2015-03\/metager-suchmaschine-deutschland-update-datenschutz\" target=\"_blank\" rel=\"noreferrer noopener\">https:\/\/www.zeit.de\/digital\/internet\/2015-03\/metager-suchmaschine-deutschland-update-datenschutz<\/a><\/p>\n\n\n\n<p class=\"stl-block-7665dd7\"><\/p>\n\n\n\n<figure class=\"wp-block-image stl-block-70caff7\"><img loading=\"lazy\" decoding=\"async\" width=\"1024\" height=\"372\" src=\"https:\/\/suma-ev.de\/wp-content\/uploads\/2019\/09\/hacker-1024x372.png\" alt=\"\" class=\"wp-image-2694\" srcset=\"https:\/\/suma-ev.de\/wp-content\/uploads\/2019\/09\/hacker-1024x372.png 1024w, https:\/\/suma-ev.de\/wp-content\/uploads\/2019\/09\/hacker-300x109.png 300w, https:\/\/suma-ev.de\/wp-content\/uploads\/2019\/09\/hacker-768x279.png 768w, https:\/\/suma-ev.de\/wp-content\/uploads\/2019\/09\/hacker.png 1920w\" sizes=\"auto, (max-width: 1024px) 100vw, 1024px\" \/><\/figure>\n\n\n\n<p><li><p class=\"stl-block-7a360e7\"><strong>2014<\/strong><\/p><\/li><\/p>\n\n\n\n<p class=\"stl-block-78bc8f7\"><a href=\"https:\/\/www.heise.de\/newsticker\/meldung\/Suchmaschine-MetaGer-wird-nutzerfreundlicher-2297435.html\" target=\"_blank\" rel=\"noreferrer noopener\">https:\/\/www.heise.de\/newsticker\/meldung\/Suchmaschine-MetaGer-wird-nutzerfreundlicher-2297435.html<\/a><\/p>\n\n\n\n<p class=\"stl-block-7819d87\"><a href=\"https:\/\/www.netzwelt.de\/news\/129761-kommentar-metager-besser-google.html\" target=\"_blank\" rel=\"noreferrer noopener\">https:\/\/www.netzwelt.de\/news\/129761-kommentar-metager-besser-google.html<\/a><\/p>\n","protected":false},"excerpt":{"rendered":"<p>Hier haben wir in umgekehrt chronologischer Reihenfolge Fundst\u00fccke aus dem Themenbereich \u00dcberwachung, Datenschutz, Privatsp\u00e4hrenschutz und Suchmaschinen gelistet. Auch k\u00f6nnen Sie hier Presseartikel finden, die&#8230;<\/p>","protected":false},"author":4,"featured_media":0,"parent":0,"menu_order":0,"comment_status":"closed","ping_status":"closed","template":"","meta":{"footnotes":""},"class_list":["post-130","page","type-page","status-publish","hentry"],"_links":{"self":[{"href":"https:\/\/suma-ev.de\/en\/wp-json\/wp\/v2\/pages\/130","targetHints":{"allow":["GET"]}}],"collection":[{"href":"https:\/\/suma-ev.de\/en\/wp-json\/wp\/v2\/pages"}],"about":[{"href":"https:\/\/suma-ev.de\/en\/wp-json\/wp\/v2\/types\/page"}],"author":[{"embeddable":true,"href":"https:\/\/suma-ev.de\/en\/wp-json\/wp\/v2\/users\/4"}],"replies":[{"embeddable":true,"href":"https:\/\/suma-ev.de\/en\/wp-json\/wp\/v2\/comments?post=130"}],"version-history":[{"count":107,"href":"https:\/\/suma-ev.de\/en\/wp-json\/wp\/v2\/pages\/130\/revisions"}],"predecessor-version":[{"id":4422,"href":"https:\/\/suma-ev.de\/en\/wp-json\/wp\/v2\/pages\/130\/revisions\/4422"}],"wp:attachment":[{"href":"https:\/\/suma-ev.de\/en\/wp-json\/wp\/v2\/media?parent=130"}],"curies":[{"name":"wp","href":"https:\/\/api.w.org\/{rel}","templated":true}]}}