{"id":1301,"date":"2019-06-24T13:17:15","date_gmt":"2019-06-24T11:17:15","guid":{"rendered":"https:\/\/beta.suma-ev.de\/?page_id=1301"},"modified":"2019-06-24T13:17:15","modified_gmt":"2019-06-24T11:17:15","slug":"die-offene-web-gesellschaft","status":"publish","type":"page","link":"https:\/\/suma-ev.de\/en\/pressemitteilungen\/die-offene-web-gesellschaft\/","title":{"rendered":"Die Offene Web-Gesellschaft"},"content":{"rendered":"<h2 class=\"wp-block-heading\">Die Offene Web-Gesellschaft<\/h2>\n\n\n\n<p>F\u00fcr Mittwoch, den 2. M\u00e4rz 2016, laden der SUMA-EV und die Hochschule f\u00fcr Angewandte Wissenschaften in Hamburg (HAW), Department Information, ein zum:<br><strong> SUMA-Kongress 2016: Die Offene Web-Gesellschaft 4.0<br> Europ\u00e4ische Netzstrategien &#8211; Demokraten &#8211; Technokraten<\/strong><\/p>\n\n\n\n<p>Europa wacht auf. Die Europ\u00e4ischen Richter haben den Durchmarsch der Datensauger gestoppt.  Jetzt m\u00fcssen Politik und Wirtschaft liefern.  Die Zivilgesellschaft allein kann das nicht &#8211; ihr fehlt die Macht zur Umsetzung.   Wie sieht eine offene Web-Gesellschaft aus?  Ist Datenschutz tats\u00e4chlich ein Produktmerkmal?  Was geh\u00f6rt zur Inventarliste einer Offenen Web-Gesellschaft?  Wer gibt Gas?  Und wer zahlt wof\u00fcr.<\/p>\n\n\n\n<p><strong>Zeit<\/strong>: Mittwoch, den 2. M\u00e4rz 2016 von 10.00 bis 18.00 Uhr<\/p>\n\n\n\n<p><strong>Ort<\/strong>: Hochschule f\u00fcr Angewandte Wissenschaften in Hamburg (HAW), Department Information,  Finkenau 35, 22081 Hamburg<\/p>\n\n\n\n<p>Anmeldungen an: anmeldungen@suma-ev.de   <\/p>\n\n\n\n<p>Siehe auch: <a href=\"http:\/\/www.heise.de\/newsticker\/meldung\/Suma-Kongress-Die-De-Monopolisierung-des-Netzes-3098348.html\">http:\/\/www.heise.de\/newsticker\/meldung\/Suma-Kongress-Die-De-Monopolisierung-des-Netzes-3098348.html<\/a><\/p>\n\n\n\n<p>Anl\u00e4sslich dieses Kongresses wird zum achten Mal auch der SUMA Award verliehen; diesmal zum Thema &#8222;Stairways to heaven&#8220; <a href=\"http:\/\/www.suma-awards.de\">www.suma-awards.de<\/a><\/p>\n\n\n\n<p><strong>Programm SUMA-Kongress 2016<\/strong><br> (Stand der Planung vom 25.02.2016 &#8211; \u00c4nderungen vorbehalten)<\/p>\n\n\n\n<p><strong>10.00 Begr\u00fc\u00dfung und Er\u00f6ffnung<\/strong> &#8211; Prof. Dirk Lewandowski (HAW)<\/p>\n\n\n\n<p><strong>10.05 Gru\u00dfwort<\/strong> &#8211; Prof. Dorothea Wenzel<\/p>\n\n\n\n<p><strong>10.10 Er\u00f6ffnung des Kongresses<\/strong> &#8211; Dr. Wolfgang Sander-Beuermann (SUMA-EV &amp; MetaGer)<\/p>\n\n\n\n<p><strong>10:15 &#8222;Digitalisierung und Vernetzung \u2013 Was k\u00f6nnen technische Regeln leisten?&#8220;<\/strong> Dr. Christian Grugel (Ministerialdirektor a. D. im Bundesministerium der Justiz und f\u00fcr Verbraucherschutz \/ BMJV)   <\/p>\n\n\n\n<p><strong>11:00 &#8222;Grundlagen, Strukturen und Entwicklung des offenen Web-Index.&#8220;<\/strong>  Prof. Dirk Lewandowski (Hochschule f\u00fcr Angewandte Wissenschaften Hamburg \/ HAW)<\/p>\n\n\n\n<p><strong>11.45<\/strong> Kaffeepause<\/p>\n\n\n\n<p><strong>12:15 &#8222;Mobile Betriebssysteme, Browser, Suche &#8211; Konsequenzen des derzeitigen Ecosystems f\u00fcr den Nutzer, und Entwicklung einer   innovativen Kombination aus Browser und Suchmaschine.&#8220;<\/strong>  Dr. Marc Al-Hames (Cliqz GmbH \/ Hubert Burda Media)   <\/p>\n\n\n\n<p><strong>13:00<\/strong> Mittagspause (Mittagessen im Kostenbeitrag inbegriffen)<\/p>\n\n\n\n<p><strong>14:00 &#8222;Wie LiquidFeedback die Demokratie lebendiger macht&#8220;<\/strong>     Axel Kistner (Interaktive Demokratie e.V. &#8211; Gewinner des SUMA Award 2011)<\/p>\n\n\n\n<p><strong>14:45 Verleihung der <a href=\"http:\/\/www.suma-awards.de\">SUMA-Awards 2016<\/a><\/strong><\/p>\n\n\n\n<p><strong>15:15 &#8222;Is there a choice? The role of national Search Engines in 2017&#8220;  <\/strong>Arkady Borkovsky (Co-Founder of the russian search engine Yandex, Vice President and CTO of Yandex USA)<\/p>\n\n\n\n<p><strong>16.00<\/strong> <strong>Kaffeepause<\/strong><\/p>\n\n\n\n<p><strong>16.30 &#8222;Bericht zum Stand Klage zum &#8218;Recht auf Vergessen bei \u00e4hnlichen Namen&#8216; gegen MetaGer&#8220;<\/strong>  Dr. Wolfgang Sander-Beuermann (SUMA-EV &amp; MetaGer)<\/p>\n\n\n\n<p><strong>17.00 Podiums- und Plenumsdiskussion: &#8222;Is there a European Way?&#8220;<\/strong><\/p>\n\n\n\n<p>Europa pocht auf Datenschutz und B\u00fcrgerrechte. Aber gelingt es uns auch, die Digital Gap zu den USA zu \u00fcberwinden?  Wer muss was tun? Und was sollten wir lassen?<\/p>\n\n\n\n<p>Moderation: Christian St\u00f6cker (Der SPIEGEL)          <br>\n      Teilnehmer:<br>\n      Dr. Christian Grugel (ehemals BMJV)<br>\n      Dr. Wolfgang Sander-Beuermann (SUMA-EV)<br>\n      Dr. Marc Al-Hames (Cliqz GmbH \/ Hubert Burda Media)<\/p>\n\n\n\n<p><strong>18.00 Abschluss<\/strong><br> Ab ca. 18.15 Uhr: Gemeinsames Abendessen &#8211; gesonderte Anmeldung am Veranstaltungstag<\/p>\n\n\n\n<p><strong>Kostenbeitrag<\/strong>:<\/p>\n\n\n\n<ul class=\"wp-block-list\"><li>Fr\u00fchanmelder bis 15.01.2016: 50,-EUR<\/li><li>Anmeldungen bis 19.02.2016: 100,-EUR<\/li><li>Sp\u00e4tanmelder ab 20.02.2016: 150,-EUR<br>\nF\u00fcr SUMA-EV Mitglieder jeweils die H\u00e4lfte (ebenso f\u00fcr Sch\u00fcler,  <br>\nStudenten usw). F\u00fcr Ihre Anmeldung schreiben Sie bitte eine formlose Mail an anmeldungen@suma-ev.de und \u00fcberweisen den o.g. Kostenbeitrag. Nach Eingang Ihrer \u00dcberweisung erhalten Sie per EMail die Anmeldebest\u00e4tigung.\nBankverbindung:<br>\nSUMA-EV<br>\nIBAN: DE64 4306 0967 4075 0332 01<br>\nBIC: GENODEM1GLS<br>\n(Konto-Nr.: 4075 0332 01, BLZ: 43060967)<br>\nGLS Gemeinschaftsbank, Bochum<br>\n&#8220;&#8217;Ansprechpartner und Anmeldung:&#8220;&#8216;\nSUMA-EV &amp; MetaGer-Team<br>\nDr. Wolfgang Sander-Beuermann<br>\nR\u00f6selerstr. 3<br>\n30159 Hannover<br>\nTel: 0511 &#8211; 34 00 00 71<br>\nEMail: anmeldungen@suma-ev.de<\/li><\/ul>","protected":false},"excerpt":{"rendered":"<p>Die Offene Web-Gesellschaft F\u00fcr Mittwoch, den 2. M\u00e4rz 2016, laden der SUMA-EV und die Hochschule f\u00fcr Angewandte Wissenschaften in Hamburg (HAW), Department Information, ein&#8230;<\/p>","protected":false},"author":4,"featured_media":0,"parent":265,"menu_order":0,"comment_status":"closed","ping_status":"closed","template":"","meta":{"footnotes":""},"class_list":["post-1301","page","type-page","status-publish","hentry"],"_links":{"self":[{"href":"https:\/\/suma-ev.de\/en\/wp-json\/wp\/v2\/pages\/1301","targetHints":{"allow":["GET"]}}],"collection":[{"href":"https:\/\/suma-ev.de\/en\/wp-json\/wp\/v2\/pages"}],"about":[{"href":"https:\/\/suma-ev.de\/en\/wp-json\/wp\/v2\/types\/page"}],"author":[{"embeddable":true,"href":"https:\/\/suma-ev.de\/en\/wp-json\/wp\/v2\/users\/4"}],"replies":[{"embeddable":true,"href":"https:\/\/suma-ev.de\/en\/wp-json\/wp\/v2\/comments?post=1301"}],"version-history":[{"count":2,"href":"https:\/\/suma-ev.de\/en\/wp-json\/wp\/v2\/pages\/1301\/revisions"}],"predecessor-version":[{"id":1352,"href":"https:\/\/suma-ev.de\/en\/wp-json\/wp\/v2\/pages\/1301\/revisions\/1352"}],"up":[{"embeddable":true,"href":"https:\/\/suma-ev.de\/en\/wp-json\/wp\/v2\/pages\/265"}],"wp:attachment":[{"href":"https:\/\/suma-ev.de\/en\/wp-json\/wp\/v2\/media?parent=1301"}],"curies":[{"name":"wp","href":"https:\/\/api.w.org\/{rel}","templated":true}]}}