{"id":1351,"date":"2019-06-26T09:42:27","date_gmt":"2019-06-26T07:42:27","guid":{"rendered":"https:\/\/beta.suma-ev.de\/?page_id=1351"},"modified":"2019-06-26T09:42:27","modified_gmt":"2019-06-26T07:42:27","slug":"urteil-zur-klage-gegen-metager","status":"publish","type":"page","link":"https:\/\/suma-ev.de\/en\/pressemitteilungen\/urteil-zur-klage-gegen-metager\/","title":{"rendered":"Urteil zur Klage gegen MetaGer"},"content":{"rendered":"<h2 class=\"wp-block-heading\">Urteil zur Klage gegen MetaGer<\/h2>\n\n\n\n<p><strong>Ein Etappensieg, nicht mehr<\/strong>. &#8211; 19.01.2016<\/p>\n\n\n\n<p>Muss der SUMA-EV bald f\u00fcr nicht Beabsichtigtes haften?<\/p>\n\n\n\n<p>Einen Etappensieg konnte der SUMA-EV beim Landgericht Hannover erzielen. Das Gericht hat die Eilbed\u00fcrftigkeit des Anliegens abgewiesen und die Kl\u00e4gerin zur \u00dcbernahme der Kosten verpflichtet.  Die klagende Anw\u00e4ltin fordert, das Recht auf Vergessen auch auf Assoziationen zu beanstandeten Begriffen, beispielsweise Namen, auszuweiten (siehe hierzu SUMA-EV Pressemitteilung vom 10.12.2015, <a href=\"http:\/\/suma-ev.de\/en\/presse\/Suchmaschine-MetaGer-totgeklagt.html\/\">http:\/\/suma-ev.de\/presse\/Suchmaschine-MetaGer-totgeklagt.html<\/a>).<\/p>\n\n\n\n<p>Damit w\u00fcrde der Betrieb von Suchmaschinen unkalkulierbaren Risiken ausgesetzt.  Schlie\u00dflich sind die Zahl der Tippfehler oder Abweichungen von Originalbegriffen un\u00fcbersehbar.<\/p>\n\n\n\n<p>SUMA-EV ist Betreiber der Suchmaschine MetaGer: Die Gefahr f\u00fcr den MetaGer-Betrieb ist aber nicht gebannt. Die bisherige Gerichtsentscheidung lehnt die Klage nur aufgrund mangelnder Eilbed\u00fcrftigkeit ab; eine Entscheidung in der Sache liegt nicht vor. Wenn die Kl\u00e4gerin in die Berufung oder ins Hauptverfahren geht, dann kann das Verfahren auch ganz anders ausgehen. Eine Entscheidung gegen MetaGer w\u00fcrde den Betrieb aller Suchmaschinen in Deutschland gef\u00e4hrden. Das Internet in Deutschland w\u00e4re kaum mehr nutzbar, die Digitale Agenda w\u00e4re Makulatur.<\/p>\n\n\n\n<p><strong>Update<\/strong> 14.07.2016: Die Kl\u00e4gerin ging in Berufung beim OLG Celle. Auch diesen Proze\u00df hat MetaGer gewonnen.<\/p>\n\n\n\n<p><strong>Medienkontakte<\/strong>:<\/p>\n\n\n\n<p>SUMA-EV<br>\nR\u00f6selerstr. 3<br>\n30159 Hannover<br>\nTel: 0511 &#8211; 34 00 00 71<br>\neMail: office@suma-ev.de<\/p>\n\n\n\n<p>Presse und Hauptstadtb\u00fcro:<br>\nNikolaus Huss<br>\nGneisenaustr. 8<br>\n10961 Berlin<br>\n030 &#8211; 81827194<br>\nMobil: 01577-1944544<br>\nEMail: huss@suma-ev.de <\/p>\n\n\n\n<p><strong>Medienecho<\/strong>:<\/p>\n\n\n\n<ul class=\"wp-block-list\"><li><a href=\"https:\/\/schneeschmelze.wordpress.com\/2016\/01\/19\/metager-obsiegt-im-eilverfahren\/\">https:\/\/schneeschmelze.wordpress.com\/2016\/01\/19\/metager-obsiegt-im-eilverfahren\/<\/a><\/li><li><a href=\"https:\/\/albatros.antville.org\/stories\/2234623\/\">https:\/\/albatros.antville.org\/stories\/2234623\/<\/a><\/li><li><a href=\"http:\/\/www.golem.de\/news\/recht-auf-vergessenwerden-klage-wegen-aehnlicher-suchergebnisse-vorerst-abgewiesen-1601-118696.html\">http:\/\/www.golem.de\/news\/recht-auf-vergessenwerden-klage-wegen-aehnlicher-suchergebnisse-vorerst-abgewiesen-1601-118696.html<\/a><\/li><li><a href=\"http:\/\/www.industriejournalismus.de\/1-urteil-zur-klage-gegen-metager\/\">http:\/\/www.industriejournalismus.de\/1-urteil-zur-klage-gegen-metager\/<\/a><\/li><\/ul>","protected":false},"excerpt":{"rendered":"<p>Urteil zur Klage gegen MetaGer Ein Etappensieg, nicht mehr. &#8211; 19.01.2016 Muss der SUMA-EV bald f\u00fcr nicht Beabsichtigtes haften? Einen Etappensieg konnte der SUMA-EV&#8230;<\/p>","protected":false},"author":4,"featured_media":0,"parent":265,"menu_order":0,"comment_status":"closed","ping_status":"closed","template":"","meta":{"footnotes":""},"class_list":["post-1351","page","type-page","status-publish","hentry"],"_links":{"self":[{"href":"https:\/\/suma-ev.de\/en\/wp-json\/wp\/v2\/pages\/1351","targetHints":{"allow":["GET"]}}],"collection":[{"href":"https:\/\/suma-ev.de\/en\/wp-json\/wp\/v2\/pages"}],"about":[{"href":"https:\/\/suma-ev.de\/en\/wp-json\/wp\/v2\/types\/page"}],"author":[{"embeddable":true,"href":"https:\/\/suma-ev.de\/en\/wp-json\/wp\/v2\/users\/4"}],"replies":[{"embeddable":true,"href":"https:\/\/suma-ev.de\/en\/wp-json\/wp\/v2\/comments?post=1351"}],"version-history":[{"count":2,"href":"https:\/\/suma-ev.de\/en\/wp-json\/wp\/v2\/pages\/1351\/revisions"}],"predecessor-version":[{"id":1356,"href":"https:\/\/suma-ev.de\/en\/wp-json\/wp\/v2\/pages\/1351\/revisions\/1356"}],"up":[{"embeddable":true,"href":"https:\/\/suma-ev.de\/en\/wp-json\/wp\/v2\/pages\/265"}],"wp:attachment":[{"href":"https:\/\/suma-ev.de\/en\/wp-json\/wp\/v2\/media?parent=1351"}],"curies":[{"name":"wp","href":"https:\/\/api.w.org\/{rel}","templated":true}]}}