{"id":1359,"date":"2019-06-26T09:52:12","date_gmt":"2019-06-26T07:52:12","guid":{"rendered":"https:\/\/beta.suma-ev.de\/?page_id=1359"},"modified":"2019-06-26T09:52:12","modified_gmt":"2019-06-26T07:52:12","slug":"von-russland-lernen-heisst-siegen-lernen-auch-im-netz","status":"publish","type":"page","link":"https:\/\/suma-ev.de\/en\/pressemitteilungen\/von-russland-lernen-heisst-siegen-lernen-auch-im-netz\/","title":{"rendered":"&#8222;Von Russland lernen hei\u00dft siegen lernen!&#8220; Auch im Netz."},"content":{"rendered":"<h2 class=\"wp-block-heading\">&#8222;Von Russland lernen hei\u00dft siegen lernen!&#8220; Auch im Netz.<\/h2>\n\n\n\n<p>S<strong>UMA-EV CEO Wolfgang Sander-Beuermann wird zum Kongress &#8222;Die offene Web-Gesellschaft 4.0&#8220; am 2. M\u00e4rz 2016 europ\u00e4isches Totalversagen zur Sprache bringen.<\/strong><\/p>\n\n\n\n<p>(Hannnover, 14.2.2016) Au\u00dfer Spesen nichts gewesen, lautet die Zwischenbilanz von Wolfgang Sander-Beuermann vom SUMA-EV in Sachen Netzpolitik. Die europ\u00e4ische Digitale Agenda ist eine einzige Luftblase, die Europ\u00e4ische Kommission musste erst von den Gerichtsh\u00f6fen dazu gezwungen werden, in Sachen &#8222;Safe Harbour&#8220; klare Kante zu zeigen. Europa bleibt der einzige Kontinent ohne eigenen Web-Index. Und Edward Snowden hockt weiter in Russland: &#8222;Die Feinde der offenen Gesellschaft sind ihre besten Freunde, und umgekehrt.&#8220; <\/p>\n\n\n\n<p>Sander-Beuermann hat gute Gr\u00fcnde f\u00fcr seine Zwischenbilanz: Ohne Putin w\u00e4re Snowden l\u00e4ngst an die USA ausgeliefert, mit Yandex verf\u00fcgt Russland, wie sonst nur noch die USA und China \u00fcber einen eigenen Web-Index, den Europa nicht hat, auf den Computern russischer Beh\u00f6rden wird k\u00fcnftig Linux und nicht mehr Microsofts &#8222;Windows&#8220; laufen. Der letzte Coup: Russlands Wettbewerbsh\u00fcter werfen Google vor, seine Marktmacht mit Android missbraucht zu haben. Es droht eine unangenehme Strafe. <\/p>\n\n\n\n<p>Der SUMA-CEO will, dass auf dem kommenden <strong>SUMA-Kongress<\/strong> &#8222;Die offene Web-Gesellschaft 4.0&#8243; am 2. M\u00e4rz 2016&#8220;&#8216; auf dem Kunst- und Mediencampus der <strong>Hochschule f\u00fcr Angewandte Wissenschaften in Hamburg (HAW)<\/strong> Klartext geredet wird. Christian Grugel als ehemaliger politischer Beamter des <strong>Bundesjustizministeriums<\/strong> und der <strong>Abgeordnete des Europ\u00e4ischen Parlamentes Andreas Schwab<\/strong> werden kritische Fragen stellen. Tut Europa genug, um Innovation zu befeuern und offene und demokratische Standards durchzusetzen? Erstmals tritt <strong>Arkady Borkovsky, Mitgr\u00fcnder der russischen Suchmaschine Yandex<\/strong> unter dem Titel &#8222;Is there a choice? The role of national Search Engines in 2017&#8220; auf einem europ\u00e4ischen Podium auf. Der russische Marktf\u00fchrer Yandex zeigt sich mit dem Urteil der russischen Kartellbeh\u00f6rde FAS zufrieden, die \u2013 anders als die europ\u00e4ischen Kartellbeh\u00f6rden \u2013 konkret gegen Internet-Monopole nicht nur reden, sondern handeln.<\/p>\n\n\n\n<p>Der Kongress zeigt aber auch <strong>L\u00f6sungen<\/strong> auf: Prof. Dirk Lewandowski pr\u00e4sentiert den europ\u00e4ischen &#8222;<strong>Open Web-Index<\/strong>&#8220; Burda-Startup Cliqz stellt seinen Ansatz einer innovativen Kombination aus Browser und Suchmaschine vor. <\/p>\n\n\n\n<p>Aus aktuellem Anlass wollen die Veranstalter auch die Verfasser des j\u00fcngst im Spektrum der Wissenschaft 01\/2016 ver\u00f6ffentlichten &#8222;Internet-Manifestes&#8220;, eine Gruppe europ\u00e4ischer Experten und Wissenschaftler, zur abschlie\u00dfenden Podiumsdiskussion laden. Auch sie fordern ein st\u00e4rkeres Engagement f\u00fcr ein offenes europ\u00e4isches Web. <\/p>\n\n\n\n<p>Der Kongress findet gemeinsam mit dem Department Information der Hochschule f\u00fcr Angewandte Wissenschaften Hamburg (HAW) statt. Kongress-Programm und die Anmeldemodalit\u00e4ten unter: http:\/\/suma-ev.de\/presse\/Die-Offene-Web-Gesellschaft.html.<\/p>\n\n\n\n<p>Interviewanfragen an SUMA-EV CEO Wolfgang Sander-Beuermann \u00fcber: <br>\nEMail: wsb@suma-ev.de    Fon: 0511 \u2013 34000071 (Office)  oder 01520-2883048 (mobil)<\/p>\n\n\n\n<p>Kostenbeitrag: (Anmeldungen per EMail an: anmeldungen@suma-ev.de)<\/p>\n\n\n\n<ul class=\"wp-block-list\"><li>Anmeldungen bis 19.02.2016: 100,-EUR <\/li><li>Sp\u00e4tanmelder ab 20.02.2016: 150,-EUR <\/li><li>Akkreditierung f\u00fcr Journalisten kostenfrei<br> <strong>Quellenangaben<\/strong>: <\/li><\/ul>\n\n\n\n<p>1) <a href=\"https:\/\/sajonara.de\/2016\/02\/10\/russland-fordert-von-apple-und-google-hoehere-steuern\/\">https:\/\/sajonara.de\/2016\/02\/10\/russland-fordert-von-apple-und-google-hoehere-steuern\/<\/a><br> &#8222;Als ein Ergebnis dieses Vertrauensbruchs w\u00fcrde Russland nun Microsoft Windows von seinen Beh\u00f6rden-Computern entfernen und zu Linux wechseln. 22.000 lokale Regierungsbezirke seien vorbereitet, den Schritt bald zu vollziehen, so Klimenko laut Bloomberg.&#8220;<\/p>\n\n\n\n<p>2) <a href=\"https:\/\/www.android-user.de\/google-in-russland-wegen-machtmissbrauch-fuer-schuldig-gesprochen\/\">https:\/\/www.android-user.de\/google-in-russland-wegen-machtmissbrauch-fuer-schuldig-gesprochen\/<\/a><br> &#8222;Genauer gesagt geht es um die vorinstallierten Google Mobile Services Anwendungen samt dem Google Play Store. Laut der FAS soll Google das Gesetz von bestimmten vorinstallierten Apps auf mobilen Ger\u00e4ten verletzt haben.<br> Sollte der Internetkonzern aus den USA den Forderungen nicht nachkommen und nicht damit aufh\u00f6ren die eigenen Apps als Standard auf russischen Android-Ger\u00e4ten festzulegen, um daraus eine vorteilhafte Position zu erreichen, droht eine Geldstrafe in H\u00f6he von insgesamt 15 Prozent der Einnahmen 2014 aus dem russischen Markt. Der Marktf\u00fchrer Yandex best\u00e4tigte die Verst\u00f6\u00dfe und teilte mit, dass sie mit dem Urteil zufrieden sind und die Entscheidung der FAS begr\u00fc\u00dfe.&#8220;<\/p>\n\n\n\n<p>3) Eine Strategie f\u00fcr das digitale Zeitalter: <a href=\"http:\/\/www.spektrum.de\/news\/eine-strategie-fuer-das-digitale-zeitalter\/1376083\">http:\/\/www.spektrum.de\/news\/eine-strategie-fuer-das-digitale-zeitalter\/1376083<\/a> <a href=\"http:\/\/www.spektrum.de\/news\/wie-algorithmen-und-big-data-unsere-zukunft-bestimmen\/1375933\">http:\/\/www.spektrum.de\/news\/wie-algorithmen-und-big-data-unsere-zukunft-bestimmen\/1375933<\/a><\/p>\n\n\n\n<p><strong>SUMA-EV Hauptstadtb\u00fcro und Presse: <\/strong><br> Nikolaus Huss <br> Gneisenaustr. 8 <br> 10961 Berlin <br> Tel: +49 (30) 81827194 <br> Fax: +49 (30) 8182 7193 <br> Mobil: +49(1577)1944544 <br> EMail: huss@suma-ev.de <\/p>","protected":false},"excerpt":{"rendered":"<p>&#8222;Von Russland lernen hei\u00dft siegen lernen!&#8220; Auch im Netz. SUMA-EV CEO Wolfgang Sander-Beuermann wird zum Kongress &#8222;Die offene Web-Gesellschaft 4.0&#8220; am 2. M\u00e4rz 2016&#8230;<\/p>","protected":false},"author":4,"featured_media":0,"parent":265,"menu_order":0,"comment_status":"closed","ping_status":"closed","template":"","meta":{"footnotes":""},"class_list":["post-1359","page","type-page","status-publish","hentry"],"_links":{"self":[{"href":"https:\/\/suma-ev.de\/en\/wp-json\/wp\/v2\/pages\/1359","targetHints":{"allow":["GET"]}}],"collection":[{"href":"https:\/\/suma-ev.de\/en\/wp-json\/wp\/v2\/pages"}],"about":[{"href":"https:\/\/suma-ev.de\/en\/wp-json\/wp\/v2\/types\/page"}],"author":[{"embeddable":true,"href":"https:\/\/suma-ev.de\/en\/wp-json\/wp\/v2\/users\/4"}],"replies":[{"embeddable":true,"href":"https:\/\/suma-ev.de\/en\/wp-json\/wp\/v2\/comments?post=1359"}],"version-history":[{"count":1,"href":"https:\/\/suma-ev.de\/en\/wp-json\/wp\/v2\/pages\/1359\/revisions"}],"predecessor-version":[{"id":1360,"href":"https:\/\/suma-ev.de\/en\/wp-json\/wp\/v2\/pages\/1359\/revisions\/1360"}],"up":[{"embeddable":true,"href":"https:\/\/suma-ev.de\/en\/wp-json\/wp\/v2\/pages\/265"}],"wp:attachment":[{"href":"https:\/\/suma-ev.de\/en\/wp-json\/wp\/v2\/media?parent=1359"}],"curies":[{"name":"wp","href":"https:\/\/api.w.org\/{rel}","templated":true}]}}