{"id":1362,"date":"2019-06-26T09:54:47","date_gmt":"2019-06-26T07:54:47","guid":{"rendered":"https:\/\/beta.suma-ev.de\/?page_id=1362"},"modified":"2019-06-26T09:54:47","modified_gmt":"2019-06-26T07:54:47","slug":"nur-daten-die-nicht-gesammelt-sind-sind-auch-tatsaechlich-sicher","status":"publish","type":"page","link":"https:\/\/suma-ev.de\/en\/pressemitteilungen\/nur-daten-die-nicht-gesammelt-sind-sind-auch-tatsaechlich-sicher\/","title":{"rendered":"&#8222;Nur Daten, die nicht gesammelt sind, sind auch tats\u00e4chlich sicher&#8220;"},"content":{"rendered":"<h2 class=\"wp-block-heading\">&#8222;Nur Daten, die nicht gesammelt sind, sind auch tats\u00e4chlich sicher&#8220;<\/h2>\n\n\n\n<p>Die Idee, wie der Open-Web-Index Teil einer &#8222;Privacy-respektierenden&#8220; Webinfrastruktur werden kann, ist auf dem diesj\u00e4hrigen SUMA-EV-Kongress konkreter geworden. <\/p>\n\n\n\n<p>Neue Ans\u00e4tze standen im Mittelpunkt des 14. SUMA-EV-Kongresses am 2.3.2016 in Hamburg. &#8222;Die offene Web-Gesellschaft&#8220;, unter diesem Titel berieten rund 100 Teilnehmer \u00fcber europ\u00e4ische Netz-Strategien. Weiterer H\u00f6hepunkt: Die Pr\u00e4mierungen zum 8. deutschen SUMA-Award standen noch ganz im Banne des NSA-Skandals: der 1. Preis ging an <a href=\"https:\/\/de.wikipedia.org\/wiki\/Edward_Snowden\">Edward Snowden<\/a>, der 2. an pEp (\u201epretty easy privacy foundation\u201c, <a href=\"https:\/\/pep-project.org\">https:\/\/pep-project.org<\/a>) und  der 3. an PRISM Break (<a href=\"https:\/\/prism-break.org\/de\/\">https:\/\/prism-break.org\/de<\/a>). Sie zeigten gleichzeitig, dass l\u00e4ngst zahlreiche Initiativen aktiv sind, um Datenschutz und Privacy &#8211; die Grundlagen f\u00fcr Meinungsfreiheit und Wettbewerb &#8211; wieder herzustellen. <\/p>\n\n\n\n<p>Dr. Christian Grugel, bis vor Kurzem im Bundesjustizministerium t\u00e4tig, betrachtete das Internet in historischer Distanz und skizzierte technische und regulative Ans\u00e4tze, die eine europ\u00e4ische digitale Initiative politisch flankieren k\u00f6nnten. Prof. Dirk Lewandowski, HAW Hamburg, gab einen \u00dcberblick \u00fcber den aktuellen Stand der Diskussionen \u00fcber den Open-Web-Index.<\/p>\n\n\n\n<p>Alternativen sind nicht nur machbar, Dr. Marc Al-Hames von der Hubert- Burda-Media-Tochter Cliqz und Arkady Borkovsky, Co-Founder der russischen Suchmaschine Yandex gaben Einblick in ihre eigenen Aktivit\u00e4ten. <\/p>\n\n\n\n<p><strong>Es tut sich was im Suchmaschinenmarkt<\/strong><\/p>\n\n\n\n<p>Das von anderen Suchmaschinen stark unterscheidende Konzept einer Browser-Suchmaschine, in Deutschland bisher kaum beachtet, sorgte f\u00fcr lebhafte Diskussionen. Der Ansatz von Cliqz, keine personenbezogenen Daten zu sammeln, ist f\u00fcr Dr. Marc Al-Hames die einzige M\u00f6glichkeit, der Verlockung der Datennutzung zu widerstehen \u2013 Zitat Al-Hames:\u201c Nur Daten, die nicht gesammelt sind, sind auch tats\u00e4chlich sicher\u201c. Das Projekt ist Hochtechnologie-getrieben. Untersuchungen von Cliqz haben ergeben, dass 80 Prozent der Suchanfragen auf 10.000 Websites konzentriert sind. Mit seiner Browsersuche will Cliqz einen Beitrag dazu leisten, dass eben diese 80% Suchanfragen direkt zu den relevanten Ergebnissen geleitet werden und sich nicht erst im Nirvana \u00fcberfl\u00fcssiger Werbeplatzierungen auf irgendwelchen Startseiten verfangen. Verbl\u00fcffende Marktdaten konnte Al-Hames ebenfalls pr\u00e4sentieren. Die Marketingaufwendungen von Google, so konnte er zeigen, liegen in etwa doppelt so hoch wie die Aufwendungen f\u00fcr Forschung und Entwicklung. <\/p>\n\n\n\n<p><strong>Alternativen sind m\u00f6glich. Yandex ist in Russland und  der T\u00fcrkei erfolgreich<\/strong><\/p>\n\n\n\n<p>Erfolgreich ist auch die russische Suchmaschine Yandex, die auf dem Heimatmarkt auf einen Marktanteil von ca. 60 Prozent kommt. Auch in anderen L\u00e4ndern ist Yandex erfolgreich. &#8222;All about Money&#8220; ist f\u00fcr Arkady Borkovsky die richtige Schlu\u00dffolgerung. Wie schwer es ist, Marktanteile zu gewinnen, veranschaulichte Borkovsky am Beispielmarkt T\u00fcrkei. Das Rezept, binnen zwei Monaten von 2 auf 7 Prozent zu wachsen bestand darin, sich als voreingestellte Suchmaschine in den Mozilla Firefox einzukaufen &#8211; eine Strategie, die allerdings nur funktionieren kann, wenn ein erstklassiges Produkt vorliegt. Selbstbewu\u00dft verweist Yandex dabei auf seine Forschungseinrichtungen in verschiedenen L\u00e4ndern, u.a. dem Silicon Valley. Deutschland sei f\u00fcr ihn, so Borkovsky abschlie\u00dfend, nur dann ein Markt, wenn ein potenter Investor bereit st\u00fcnde. <\/p>\n\n\n\n<p>In Deutschland stellt die g\u00e4nzlich runderneuerte Suche mit <a href=\"http:\/\/www.metager.de\">MetaGer<\/a>, in die auch Ergebnisse von Yandex einfliessen, im 20-ten Jahr ihres Betriebes die datensichere Alternative dar. Die stetig steigenden Nutzerzahlen zeigen auch bei MetaGer den zunehmenden Bedarf der User nach datensicheren Wegen im Web.<\/p>\n\n\n\n<p><strong>Die Erfolgsgeschichte &#8222;SUMA-Award&#8220;<\/strong><\/p>\n\n\n\n<p>Konkrete Projekte zu f\u00f6rdern ist eines der Ziele des SUMA-Award, der seit 2008 j\u00e4hrlich vergeben wurde. Axel Kistner (Interaktive Demokratie e. V.) nutzte die M\u00f6glichkeit, die Erfolgsgeschichte der Partizipationssoftware LiquidFeedback, SUMA-Award Preistr\u00e4ger des Jahres 2011, zu skizzieren. Die freie Software, die von vielen mit den Piraten verbunden wurde, ist tats\u00e4chlich unabh\u00e4ngig davon und wird l\u00e4ngst f\u00fcr regionale, aber auch weltweite Konsultationsprozesse genutzt (<a href=\"http:\/\/www.liquidfeedback.org\">www.liquidfeedback.org<\/a>). Wie der SUMA-EV das Preisgeld von 3.000 Euro in Snowdens Moskauer Asyl transferieren m\u00f6chte, ist noch offen &#8211; die SUMA-EV-Mitglieder hatten in einem Voting f\u00fcr Snowden entschieden. Einen Scheck f\u00fcr den 2. Preis \u00fcber 1.500 Euro konnte Volker Birk von der \u201epretty easy privacy foundation\u201c gleich mitnehmen. Die Stiftung will &#8222;easy to use&#8220; L\u00f6sungen f\u00fcr Privacy im Netz entwickeln. Das Thema Netzsicherheit bildet auch die Klammer zu prism-break.org, einer weltweit aktiven Initiative, die dazu beitragen will, &#8222;prism-sicher&#8220; im Netz zu kommunizieren. Sie gibt dazu Empfehlungen f\u00fcr verschiedenste Softwarel\u00f6sungen ab. <\/p>\n\n\n\n<p><strong>Offener Web-Index auch k\u00fcnftiger Arbeitsschwerpunkt<\/strong><\/p>\n\n\n\n<p>Einigkeit zeigten die Diskutanten der Abschlu\u00dfrunde unter der Leitung von Spiegel-Online Redakteur Dr. Christian St\u00f6cker. Ein offener Web-Index ist ein wichtiger Baustein f\u00fcr einen Neustart Europas ins Netzzeitalter. <\/p>\n\n\n\n<p>Ans\u00e4tze dazu sind vorhanden. Die Open-Web-Index-Initiative wird die Idee der \u00f6ffentlichen Dateninfrastruktur als N\u00e4hrboden f\u00fcr das Bl\u00fchen von Startups auch im laufenden Jahr zum inhaltlichen Schwerpunkt machen.<\/p>\n\n\n\n<p><strong>Medienkontakte:<\/strong><\/p>\n\n\n\n<p>SUMA-EV<br>\nR\u00f6selerstr. 3<br>\n30159 Hannover<br>\nTel: 0511 &#8211; 34 00 00 71<br>\neMail: office@suma-ev.de<\/p>\n\n\n\n<p>Presse und Hauptstadtb\u00fcro:<br>\nNikolaus Huss<br>\nGneisenaustr. 8<br>\n10961 Berlin<br>\n030 &#8211; 81827194<br>\nMobil: 01577-1944544<br>\nEMail: huss@suma-ev.de<\/p>\n\n\n\n<p><strong>Medienecho:<\/strong><\/p>\n\n\n\n<p><a href=\"http:\/\/heise.de\/-3126886\">http:\/\/heise.de\/-3126886<\/a><\/p>","protected":false},"excerpt":{"rendered":"<p>&#8222;Nur Daten, die nicht gesammelt sind, sind auch tats\u00e4chlich sicher&#8220; Die Idee, wie der Open-Web-Index Teil einer &#8222;Privacy-respektierenden&#8220; Webinfrastruktur werden kann, ist auf dem&#8230;<\/p>","protected":false},"author":4,"featured_media":0,"parent":265,"menu_order":0,"comment_status":"closed","ping_status":"closed","template":"","meta":{"footnotes":""},"class_list":["post-1362","page","type-page","status-publish","hentry"],"_links":{"self":[{"href":"https:\/\/suma-ev.de\/en\/wp-json\/wp\/v2\/pages\/1362","targetHints":{"allow":["GET"]}}],"collection":[{"href":"https:\/\/suma-ev.de\/en\/wp-json\/wp\/v2\/pages"}],"about":[{"href":"https:\/\/suma-ev.de\/en\/wp-json\/wp\/v2\/types\/page"}],"author":[{"embeddable":true,"href":"https:\/\/suma-ev.de\/en\/wp-json\/wp\/v2\/users\/4"}],"replies":[{"embeddable":true,"href":"https:\/\/suma-ev.de\/en\/wp-json\/wp\/v2\/comments?post=1362"}],"version-history":[{"count":1,"href":"https:\/\/suma-ev.de\/en\/wp-json\/wp\/v2\/pages\/1362\/revisions"}],"predecessor-version":[{"id":1364,"href":"https:\/\/suma-ev.de\/en\/wp-json\/wp\/v2\/pages\/1362\/revisions\/1364"}],"up":[{"embeddable":true,"href":"https:\/\/suma-ev.de\/en\/wp-json\/wp\/v2\/pages\/265"}],"wp:attachment":[{"href":"https:\/\/suma-ev.de\/en\/wp-json\/wp\/v2\/media?parent=1362"}],"curies":[{"name":"wp","href":"https:\/\/api.w.org\/{rel}","templated":true}]}}