{"id":1367,"date":"2019-06-26T09:56:13","date_gmt":"2019-06-26T07:56:13","guid":{"rendered":"https:\/\/beta.suma-ev.de\/?page_id=1367"},"modified":"2019-06-26T09:56:13","modified_gmt":"2019-06-26T07:56:13","slug":"bildung-im-cyberspace","status":"publish","type":"page","link":"https:\/\/suma-ev.de\/en\/pressemitteilungen\/bildung-im-cyberspace\/","title":{"rendered":"Bildung im Cyberspace"},"content":{"rendered":"<h2 class=\"wp-block-heading\">Bildung im Cyberspace<\/h2>\n\n\n\n<p><strong>SUMA-EV:  Deutschlands Bildung wird auch im Cyberspace verteidigt!<\/strong><\/p>\n\n\n\n<p>Hannover 6.\/7. Juni: Medienkompetenz gilt als Kernkompetenz. Wenn es um die Zukunft der Kinder und Jugendlichen geht, spielt die St\u00e4rkung von IT-F\u00e4higkeiten eine gro\u00dfe Rolle.  Die Vermittlung dieser Inhalte soll in den Schulen verwirklicht werden.  Oftmals liegt der Fokus dort auf der Vermittlung von reinen Anwendungskompetenzen.<\/p>\n\n\n\n<p>Das ist gut, reicht aber nicht aus. Wir vom SUMA-EV haben uns deshalb gefragt, welchen Beitrag wir als Betreiber der maximal datensicheren Suchmaschine MetaGer leisten k\u00f6nnen, um die Medienkompetenz junger Menschen zu st\u00e4rken.<\/p>\n\n\n\n<p>Ein Schwerpunkt unserer Vereinsarbeit liegt in der Aufkl\u00e4rung \u00fcber die undurchsichtige Organisation und die Verschleierung \u00f6konomischen Handelns im Internet.  Die scheinbar kostenlose Nutzung vieler Apps und Programme verleitet viele Menschen zum Ausverkauf pers\u00f6nlicher Daten.<\/p>\n\n\n\n<p>Daher haben wir uns zum Ziel gesetzt, jungen Menschen die Werthaltigkeit ihres pers\u00f6nlichen Lebensbereiches (und eben ihrer pers\u00f6nlichen Daten) vor Augen zu f\u00fchren und ihnen Mittel an die Hand zu geben, ihre pers\u00f6nlichen Daten zu sch\u00fctzen.  Jugendliche sollen fundierte Kenntnisse \u00fcber die Funktionsweise von Suchmaschinen und Datenschutz gewinnen.<\/p>\n\n\n\n<p>Um dieses Ziel zu realisieren, haben wir eine Zusammenarbeit des SUMA-EV mit der Auerbach Stiftung (Tettnang) und der IGS Hannover M\u00fchlenberg initiiert. An der IGS wird am 6.  und 7.  Juni 2016 im Rahmen einer Projektwoche ein Pilotprojekt f\u00fcr zwei 9.  Klassen durchgef\u00fchrt, das diese Ziele mithilfe unseres expertenbasierten Konzeptes verwirklichen soll.  Im Rahmen einer zweit\u00e4gigen Veranstaltungsreihe wurden die von uns definierten Themenbereiche vermittelt.<\/p>\n\n\n\n<p>Detaillierte Informationen dazu finden Sie hier:<br><a href=\"http:\/\/suma-ev.de\/en\/aktivitaeten\/medienkompetenz-an-schulen.html\/\">http:\/\/suma-ev.de\/aktivitaeten\/medienkompetenz-an-schulen.html<\/a><\/p>\n\n\n\n<p><strong>Medienkontakt:<\/strong><\/p>\n\n\n\n<p>SUMA-EV, Verein f\u00fcr freien Wissenszugang,<br>\nProjektteam Medienkompetenz<br>\nR\u00f6selerstr. 3,<br>\n30159 Hannover<br>\nMail: office@suma-ev.de<br>\nTelefon: 0511 &#8211; 34 0000 70<br>\nhttp:\/\/suma-ev.de\/<\/p>","protected":false},"excerpt":{"rendered":"<p>Bildung im Cyberspace SUMA-EV: Deutschlands Bildung wird auch im Cyberspace verteidigt! Hannover 6.\/7. Juni: Medienkompetenz gilt als Kernkompetenz. Wenn es um die Zukunft der&#8230;<\/p>","protected":false},"author":4,"featured_media":0,"parent":265,"menu_order":0,"comment_status":"closed","ping_status":"closed","template":"","meta":{"footnotes":""},"class_list":["post-1367","page","type-page","status-publish","hentry"],"_links":{"self":[{"href":"https:\/\/suma-ev.de\/en\/wp-json\/wp\/v2\/pages\/1367","targetHints":{"allow":["GET"]}}],"collection":[{"href":"https:\/\/suma-ev.de\/en\/wp-json\/wp\/v2\/pages"}],"about":[{"href":"https:\/\/suma-ev.de\/en\/wp-json\/wp\/v2\/types\/page"}],"author":[{"embeddable":true,"href":"https:\/\/suma-ev.de\/en\/wp-json\/wp\/v2\/users\/4"}],"replies":[{"embeddable":true,"href":"https:\/\/suma-ev.de\/en\/wp-json\/wp\/v2\/comments?post=1367"}],"version-history":[{"count":1,"href":"https:\/\/suma-ev.de\/en\/wp-json\/wp\/v2\/pages\/1367\/revisions"}],"predecessor-version":[{"id":1368,"href":"https:\/\/suma-ev.de\/en\/wp-json\/wp\/v2\/pages\/1367\/revisions\/1368"}],"up":[{"embeddable":true,"href":"https:\/\/suma-ev.de\/en\/wp-json\/wp\/v2\/pages\/265"}],"wp:attachment":[{"href":"https:\/\/suma-ev.de\/en\/wp-json\/wp\/v2\/media?parent=1367"}],"curies":[{"name":"wp","href":"https:\/\/api.w.org\/{rel}","templated":true}]}}