{"id":1370,"date":"2019-06-26T09:58:08","date_gmt":"2019-06-26T07:58:08","guid":{"rendered":"https:\/\/beta.suma-ev.de\/?page_id=1370"},"modified":"2019-06-26T09:58:08","modified_gmt":"2019-06-26T07:58:08","slug":"metager-jetzt-standardsuche-an-der-uni-mainz","status":"publish","type":"page","link":"https:\/\/suma-ev.de\/en\/pressemitteilungen\/metager-jetzt-standardsuche-an-der-uni-mainz\/","title":{"rendered":"MetaGer jetzt Standardsuche an der Uni-Mainz"},"content":{"rendered":"<h2 class=\"wp-block-heading\">MetaGer jetzt Standardsuche an der Uni-Mainz<\/h2>\n\n\n\n<p>Hannover\/Mainz, 8.6.2016<\/p>\n\n\n\n<p>Die Johannes Gutenberg Universit\u00e4t Mainz setzt nach erfolgreichen vorherigen Tests f\u00fcr die Suche auf ihren Webseiten seit dem 1.6.2016 <a href=\"http:\/\/www.metager.de\">MetaGer.de<\/a> als Standard-Suchmaschine ein.  Wer auf der Startseite der Uni-Mainz (<a href=\"http:\/\/www.uni-mainz.de\">www.uni-mainz.de<\/a>) im Suchfeld rechts oben eine Sucheingabe macht, erh\u00e4lt die Ergebnisse von MetaGer.<\/p>\n\n\n\n<p>&#8222;Wir freuen uns au\u00dferordentlich, dass die Uni Mainz in Sachen Privatsph\u00e4re und Datenschutz ihrer Nutzer Ernst macht und voll auf MetaGer setzt&#8220;, so <a href=\"https:\/\/de.wikipedia.org\/wiki\/Wolfgang_Sander-Beuermann\">Dr.  Wolfgang Sander-Beuermann<\/a>, gesch\u00e4ftsf\u00fchrender Vorstand und CEO von MetaGer.  Hintergrund dieser Zusammenarbeit ist eine Vereinbarung zwischen dem SUMA-EV (<a href=\"https:\/\/suma-ev.de\/en\/\">www.suma-ev.de<\/a>) als Tr\u00e4gerverein von MetaGer und der Uni Mainz f\u00fcr die Bereitstellung einer angepassten und werbefreien Suche.  &#8222;Eine angepasste und kostenlose Suche kann sich jeder Nutzer von MetaGer mit unserem Widget selber einrichten&#8220;, so Sander-Beuermann weiter (Details unter <a href=\"https:\/\/metager.de\/widget\/\">https:\/\/metager.de\/widget\/<\/a>).  &#8222;Wenn diese Suche, wie hier f\u00fcr die Uni Mainz, auch werbefrei sein soll, dann k\u00f6nnen wir sie allerdings nicht mehr kostenlos anbieten, denn auch wir als gemeinn\u00fctziger Verein m\u00fcssen unseren Betrieb finanzieren&#8220;.  Der SUMA-EV weist darauf hin, dass alle Server der Suchmaschine MetaGer in Deutschland stehen, dem strikten deutschen Datenschutz verpflichtet sind, und die am weitesten gehenden Sicherheitsmechanismen implementiert haben.  Von den Nutzerdaten werden weder die IP-Adresse, noch der Browser Fingerabdruck gespeichert, und es werden keinerlei Tracking Mechanismen, Cookies o.\u00e4.  benutzt.  Zus\u00e4tzlich k\u00f6nnen sogar die von MetaGer gefundenen Webseiten \u00fcber einen Anonymisierungsserver angeklickt werden, sodass die Datenweitergabe auch an die Webserver der Ergebnisseiten unterbunden wird.  Auch der Hochsicherheits-Zugang zu Suchmaschinen und zu den Ergebnisseiten \u00fcber das TOR-Netzwerk ist bei MetaGer implementiert (Details unter: <a href=\"https:\/\/metager.de\/datenschutz\/\">https:\/\/metager.de\/datenschutz<\/a>).<\/p>\n\n\n\n<p><strong>\u00dcber MetaGer und SUMA-EV<\/strong><\/p>\n\n\n\n<p>SUMA steht f\u00fcr die Abk\u00fcrzung von Suchmaschine. Als eingetragener und gemeinn\u00fctziger Verein engagiert sich SUMA-EV seit dem Jahr 2004 f\u00fcr einen freien Wissenszugang: unzensiert, ungefiltert und ohne kommerzielle oder staatliche Kontrollinstanzen, bei gleichzeitig h\u00f6chstm\u00f6glicher Wahrung von Datenschutz und Privatshp\u00e4re.  SUMA-EV betreibt unter anderem die aus der Uni Hannover hervorgegangene Suchmaschine MetaGer.de und f\u00f6rdert Alternativen zu den marktbeherrschenden Konzernen.  Der seit 2007 vom SUMA-EV j\u00e4hrlich verliehene SUMA Award (<a href=\"http:\/\/www.suma-awards.de\">www.suma-awards.de<\/a>) pr\u00e4miert Projekte und Arbeiten, die Herausragendes f\u00fcr die Zukunft des digitalen Wissens leisten.<\/p>\n\n\n\n<p><strong>Medienkontakt<\/strong><\/p>\n\n\n\n<p>SUMA-EV Hauptstadtb\u00fcro und Presse<br>\nNikolaus Huss<br>\nGneisenaustr. 8<br>\n10961 Berlin<br>\nTel: +49 (30) 81827194<br>\nFax: +49 (30) 8182 7193<br>\nMobil: +49(1577)1944544<br>\nEMail: huss@suma-ev.de<\/p>\n\n\n\n<p>SUMA-EV \/ MetaGer-Team<br>\nR\u00f6selerstra\u00df3 3<br>\n30159 Hannover<br>\nTel: +49 (511) 34000070<br>\nTel: +49 (511) 34000071<br>\nFax: +49 (511) 34001023<br>\nEMail: office@suma-ev.de<\/p>","protected":false},"excerpt":{"rendered":"<p>MetaGer jetzt Standardsuche an der Uni-Mainz Hannover\/Mainz, 8.6.2016 Die Johannes Gutenberg Universit\u00e4t Mainz setzt nach erfolgreichen vorherigen Tests f\u00fcr die Suche auf ihren Webseiten&#8230;<\/p>","protected":false},"author":4,"featured_media":0,"parent":265,"menu_order":0,"comment_status":"closed","ping_status":"closed","template":"","meta":{"footnotes":""},"class_list":["post-1370","page","type-page","status-publish","hentry"],"_links":{"self":[{"href":"https:\/\/suma-ev.de\/en\/wp-json\/wp\/v2\/pages\/1370","targetHints":{"allow":["GET"]}}],"collection":[{"href":"https:\/\/suma-ev.de\/en\/wp-json\/wp\/v2\/pages"}],"about":[{"href":"https:\/\/suma-ev.de\/en\/wp-json\/wp\/v2\/types\/page"}],"author":[{"embeddable":true,"href":"https:\/\/suma-ev.de\/en\/wp-json\/wp\/v2\/users\/4"}],"replies":[{"embeddable":true,"href":"https:\/\/suma-ev.de\/en\/wp-json\/wp\/v2\/comments?post=1370"}],"version-history":[{"count":1,"href":"https:\/\/suma-ev.de\/en\/wp-json\/wp\/v2\/pages\/1370\/revisions"}],"predecessor-version":[{"id":1373,"href":"https:\/\/suma-ev.de\/en\/wp-json\/wp\/v2\/pages\/1370\/revisions\/1373"}],"up":[{"embeddable":true,"href":"https:\/\/suma-ev.de\/en\/wp-json\/wp\/v2\/pages\/265"}],"wp:attachment":[{"href":"https:\/\/suma-ev.de\/en\/wp-json\/wp\/v2\/media?parent=1370"}],"curies":[{"name":"wp","href":"https:\/\/api.w.org\/{rel}","templated":true}]}}