{"id":1375,"date":"2019-06-26T10:00:18","date_gmt":"2019-06-26T08:00:18","guid":{"rendered":"https:\/\/beta.suma-ev.de\/?page_id=1375"},"modified":"2019-06-26T10:00:18","modified_gmt":"2019-06-26T08:00:18","slug":"keine-chance-fuer-die-suchmaschinen-schnueffler","status":"publish","type":"page","link":"https:\/\/suma-ev.de\/en\/pressemitteilungen\/keine-chance-fuer-die-suchmaschinen-schnueffler\/","title":{"rendered":"Keine Chance f\u00fcr die Suchmaschinen-Schn\u00fcffler!"},"content":{"rendered":"<h2 class=\"wp-block-heading\">Keine Chance f\u00fcr die Suchmaschinen-Schn\u00fcffler!<\/h2>\n\n\n\n<p>In England ist ein Gesetz (das &#8222;Investigatory Powers Bill&#8220;) beschlossen, welches &#8222;alle bisherigen Eingriffe in Grundrechte in den Schatten&#8220; (1) stellt &#8211; der Orwellsche \u00dcberwachungsstaat mit extremer             Vorratsdatenspeicherung ist Realit\u00e4t geworden (2).  Auch hierzulande steht eine Neuauflage der Vorratsdatenspeicherung vor der T\u00fcr (3) und was die neue US-Regierung an \u00dcberwachung noch plant, kann man ahnen (4).  Gegen all&#8216; das bietet MetaGer optimale Schutzm\u00f6glichkeiten: mit unserem anonymisierenden Proxy, der auf der MetaGer Ergebnisseite durch den Klick auf &#8222;anonym \u00f6ffnen&#8220; genutzt wird und durch unseren Zugang \u00fcber das TOR-Netzwerk.<\/p>\n\n\n\n<p>Die dazu zusammen mit unserem englischen Partner One News Page Ltd (5) ver\u00f6ffentlichte Pressemitteilung finden Sie u.a.  hier:   <\/p>\n\n\n\n<p><a href=\"http:\/\/suma-ev.de\/en\/press\/Give-no-Chance-to-Search-Engine-Snoopers-MetaGer.Net.html\"><strong>http:\/\/suma-ev.de\/en\/press\/Give-no-Chance to-Search-Engine-Snoopers-MetaGer.Net.html<\/strong><\/a><\/p>\n\n\n\n<p><strong>Medienkontakt<\/strong>:<br>     SUMA-EV &amp; MetaGer-Team<br>     R\u00f6selerstr. 3<br>     30159 Hannover<br>     Tel: 0511 &#8211; 34 00 00 71<br>     EMail: office@suma-ev.de<br> SUMA-EV Newsletter und Pressemitteilungen k\u00f6nnen Sie abonnieren unter: <a href=\"https:\/\/suma-ev.de\/en\/kontakt\/suma-ev-newsletter-bestellen.html\/\">http:\/\/www.suma-ev.de\/kontakt\/suma-ev-newsletter bestellen.html<\/a> Zu einer Abbestellung gen\u00fcgt eine formlose kurze EMail an office@suma-ev.de<\/p>\n\n\n\n<p><strong>\u00dcber SUMA-EV:<\/strong><\/p>\n\n\n\n<p>Der SUMA-EV engagiert sich als eingetragener und gemeinn\u00fctziger Verein seit 2004 f\u00fcr einen freien Wissenszugang im Internet: unzensiert, ungefiltert und ohne kommerzielle oder staatliche Kontrollinstanzen. SUMA steht f\u00fcr die Abk\u00fcrzung von Suchmaschine. SUMA-EV betreibt unter anderem die Meta-Suchmaschine MetaGer.de und f\u00f6rdert Alternativen zu den marktbeherrschenden Konzernen. Der seit 2007 j\u00e4hrlich verliehene SUMA Award pr\u00e4miert Projekte und Arbeiten, die Herausragendes f\u00fcr die Zukunft des digitalen Wissens leisten.<\/p>\n\n\n\n<p><strong>Links:<\/strong><\/p>\n\n\n\n<p>(1) <a href=\"https:\/\/netzpolitik.org\/\/2016\/analyse-london-segnet-haertestes-ueberwachungsgesetz-einer-demokratie-ab\">https:\/\/netzpolitik.org\/\/2016\/analyse-london-segnet-haertestes-ueberwachungsgesetz-einer-demokratie-ab\/<\/a><\/p>\n\n\n\n<p>(2) <a href=\"http:\/\/www.golem.de\/news\/snoopers-charter-grossbritannien-bekommt-vorratsdatenspeicherung-auf-steroiden-1611-124598.html\">http:\/\/www.golem.de\/news\/snoopers-charter-grossbritannien-bekommt-vorratsdatenspeicherung-auf-steroiden-1611-124598.html<\/a><\/p>\n\n\n\n<p>(3) <a href=\"https:\/\/www.mittelstand-nachrichten.de\/technologie\/neuauflage-der-vorratsdatenspeicherung-20160414.html\">https:\/\/www.mittelstand-nachrichten.de\/technologie\/neuauflage-der-vorratsdatenspeicherung-20160414.html<\/a><\/p>\n\n\n\n<p>(4)  <a href=\"http:\/\/www.slate.com\/blogs\/future_tense\/2017\/01\/18\/future_tense_newsletter_worrisome_new_rules_about_raw_nsa_surveillance_data.html\">http:\/\/www.slate.com\/blogs\/future_tense\/2017\/01\/18\/future_tense_newsletter_worrisome_new_rules_about_raw_nsa_surveillance_data.html<\/a><\/p>\n\n\n\n<p>(5) <a href=\"http:\/\/www.onenewspage.com\">http:\/\/www.onenewspage.com<\/a><\/p>","protected":false},"excerpt":{"rendered":"<p>Keine Chance f\u00fcr die Suchmaschinen-Schn\u00fcffler! In England ist ein Gesetz (das &#8222;Investigatory Powers Bill&#8220;) beschlossen, welches &#8222;alle bisherigen Eingriffe in Grundrechte in den Schatten&#8220;&#8230;<\/p>","protected":false},"author":4,"featured_media":0,"parent":265,"menu_order":0,"comment_status":"closed","ping_status":"closed","template":"","meta":{"footnotes":""},"class_list":["post-1375","page","type-page","status-publish","hentry"],"_links":{"self":[{"href":"https:\/\/suma-ev.de\/en\/wp-json\/wp\/v2\/pages\/1375","targetHints":{"allow":["GET"]}}],"collection":[{"href":"https:\/\/suma-ev.de\/en\/wp-json\/wp\/v2\/pages"}],"about":[{"href":"https:\/\/suma-ev.de\/en\/wp-json\/wp\/v2\/types\/page"}],"author":[{"embeddable":true,"href":"https:\/\/suma-ev.de\/en\/wp-json\/wp\/v2\/users\/4"}],"replies":[{"embeddable":true,"href":"https:\/\/suma-ev.de\/en\/wp-json\/wp\/v2\/comments?post=1375"}],"version-history":[{"count":1,"href":"https:\/\/suma-ev.de\/en\/wp-json\/wp\/v2\/pages\/1375\/revisions"}],"predecessor-version":[{"id":1376,"href":"https:\/\/suma-ev.de\/en\/wp-json\/wp\/v2\/pages\/1375\/revisions\/1376"}],"up":[{"embeddable":true,"href":"https:\/\/suma-ev.de\/en\/wp-json\/wp\/v2\/pages\/265"}],"wp:attachment":[{"href":"https:\/\/suma-ev.de\/en\/wp-json\/wp\/v2\/media?parent=1375"}],"curies":[{"name":"wp","href":"https:\/\/api.w.org\/{rel}","templated":true}]}}