{"id":1378,"date":"2019-06-26T10:02:32","date_gmt":"2019-06-26T08:02:32","guid":{"rendered":"https:\/\/beta.suma-ev.de\/?page_id=1378"},"modified":"2019-10-07T09:35:03","modified_gmt":"2019-10-07T07:35:03","slug":"werbefreie-suche-mit-metager-de","status":"publish","type":"page","link":"https:\/\/suma-ev.de\/en\/pressemitteilungen\/werbefreie-suche-mit-metager-de\/","title":{"rendered":"Werbefreie Suche mit MetaGer.de"},"content":{"rendered":"<h2 class=\"wp-block-heading\">Werbefreie Suche mit MetaGer.de<\/h2>\n\n\n\n<p>Ab sofort bietet die deutsche Suchmaschine <a href=\"https:\/\/metager.org\">https:\/\/metager.org<\/a> werbefreie Suchergebnisse f\u00fcr alle Mitglieder des gemeinn\u00fctzigen MetaGer-Tr\u00e4gervereins SUMA-EV (<a href=\"https:\/\/suma-ev.de\/en\/\">https:\/\/suma-ev.de<\/a>).<\/p>\n\n\n\n<p>Um die werbefreie Suche zu aktivieren, muss in den Einstellungen auf der Startseite (das kleine Zahnradsymbol oberhalb der Sucheingabebox) in dem Feld &#8222;Schl\u00fcssel f\u00fcr werbefreie Suche&#8220; ein Schl\u00fcssel eingetragen werden, der an die Mitglieder versandt wird.  Durch den Algorithmus dieser Schl\u00fcsselvergabe wird dabei sichergestellt, dass die Suche trotzdem nicht auf einzelne Mitglieder zur\u00fcckverfolgt werden kann.<\/p>\n\n\n\n<p>Dar\u00fcber hinaus bietet MetaGer nat\u00fcrlich weiterhin die M\u00f6glichkeit, auch die Ergebnisseiten einer Suche mit dem Klick auf &#8222;anonym \u00f6ffnen&#8220; ohne R\u00fcckverfolgbarkeit zu erreichen.  Zus\u00e4tzlich gibt es wie bisher den anonymen Zugang \u00fcber das Tor-Netzwerk; MetaGer-TOR hidden-Zugang: Details siehe unter <a href=\"https:\/\/forum.suma-ev.de\/viewtopic.php?f=3&amp;t=43&amp;sid=c994b628153235dfef098ba6fea3d60e\">https:\/\/forum.suma-ev.de\/viewtopic.php?f=3&amp;t=43&amp;sid=c994b628153235dfef098ba6fea3d60e<\/a>.<\/p>\n\n\n\n<p>Das MetaGer-Entwicklerteam arbeitet stetig daran, digitale Demokratie in konkrete Werkzeuge umzusetzen; unser Slogan: \u201e<strong>Andere reden dar\u00fcber &#8211; wir handeln!<\/strong>\u201c.  <\/p>\n\n\n\n<p>Dazu geh\u00f6rt es, die anlasslose Total\u00fcberwachung der B\u00fcrger im Internet soweit als m\u00f6glich auszuschalten.  Vor diesem Hintergrund haben wir f\u00fcr die Routenplanung und als Kartendienst <a href=\"https:\/\/maps.metager.de\">https:\/\/maps.metager.de<\/a> entwickelt.  Wenn auch Sie Ihre Privatsph\u00e4re bei der Nutzung von Kartendiensten erhalten wollen, Ihren aktuellen Aufenthaltsort nicht jederzeit BigBrother mitteilen wollen, dann nutzen Sie <a href=\"https:\/\/maps.metager.de\">https:\/\/maps.metager.de<\/a>!  Demn\u00e4chst werden wir dazu auch noch einen Download der Karten anbieten.<\/p>\n\n\n\n<p><strong>Medienkontakt<\/strong>:<br>     SUMA-EV &amp; MetaGer-Team <br>     R\u00f6selerstr. 3<br>     30159 Hannover<br>     Tel: 0511 &#8211; 34 00 00 71<br>     EMail: office@suma-ev.de<br> SUMA-EV Newsletter und Pressemitteilungen k\u00f6nnen Sie abonnieren unter: <a href=\"https:\/\/suma-ev.de\/en\/kontakt\/suma-ev-newsletter-bestellen.html\/\">https:\/\/www.suma-ev.de\/kontakt\/suma-ev-newsletter-bestellen.html<\/a>. Zu einer Abbestellung gen\u00fcgt eine formlose kurze EMail an office@suma-ev.de<\/p>\n\n\n\n<p><strong>\u00dcber SUMA-EV:<\/strong><\/p>\n\n\n\n<p>Der SUMA-EV engagiert sich als eingetragener und gemeinn\u00fctziger Verein seit 2004 f\u00fcr einen freien Wissenszugang im Internet: unzensiert, ungefiltert und ohne kommerzielle oder staatliche Kontrollinstanzen. SUMA steht f\u00fcr die Abk\u00fcrzung von Suchmaschine. SUMA-EV betreibt unter anderem die Meta-Suchmaschine MetaGer.de und f\u00f6rdert Alternativen zu den                 marktbeherrschenden Konzernen. Der seit 2007 j\u00e4hrlich verliehene SUMA Award pr\u00e4miert Projekte und Arbeiten, die Herausragendes f\u00fcr die Zukunft des digitalen Wissens leisten. Im vorigen Jahr wurde der erste Preis an Edward Snowden verliehen.<\/p>","protected":false},"excerpt":{"rendered":"<p>Werbefreie Suche mit MetaGer.de Ab sofort bietet die deutsche Suchmaschine https:\/\/metager.de werbefreie Suchergebnisse f\u00fcr alle Mitglieder des gemeinn\u00fctzigen MetaGer-Tr\u00e4gervereins SUMA-EV (https:\/\/suma-ev.de). Um die werbefreie&#8230;<\/p>","protected":false},"author":4,"featured_media":0,"parent":265,"menu_order":0,"comment_status":"closed","ping_status":"closed","template":"","meta":{"footnotes":""},"class_list":["post-1378","page","type-page","status-publish","hentry"],"_links":{"self":[{"href":"https:\/\/suma-ev.de\/en\/wp-json\/wp\/v2\/pages\/1378","targetHints":{"allow":["GET"]}}],"collection":[{"href":"https:\/\/suma-ev.de\/en\/wp-json\/wp\/v2\/pages"}],"about":[{"href":"https:\/\/suma-ev.de\/en\/wp-json\/wp\/v2\/types\/page"}],"author":[{"embeddable":true,"href":"https:\/\/suma-ev.de\/en\/wp-json\/wp\/v2\/users\/4"}],"replies":[{"embeddable":true,"href":"https:\/\/suma-ev.de\/en\/wp-json\/wp\/v2\/comments?post=1378"}],"version-history":[{"count":2,"href":"https:\/\/suma-ev.de\/en\/wp-json\/wp\/v2\/pages\/1378\/revisions"}],"predecessor-version":[{"id":2791,"href":"https:\/\/suma-ev.de\/en\/wp-json\/wp\/v2\/pages\/1378\/revisions\/2791"}],"up":[{"embeddable":true,"href":"https:\/\/suma-ev.de\/en\/wp-json\/wp\/v2\/pages\/265"}],"wp:attachment":[{"href":"https:\/\/suma-ev.de\/en\/wp-json\/wp\/v2\/media?parent=1378"}],"curies":[{"name":"wp","href":"https:\/\/api.w.org\/{rel}","templated":true}]}}