{"id":1382,"date":"2019-06-26T10:03:32","date_gmt":"2019-06-26T08:03:32","guid":{"rendered":"https:\/\/beta.suma-ev.de\/?page_id=1382"},"modified":"2019-06-26T10:03:32","modified_gmt":"2019-06-26T08:03:32","slug":"google-strafzahlung-konstruktiv-nutzen","status":"publish","type":"page","link":"https:\/\/suma-ev.de\/en\/pressemitteilungen\/google-strafzahlung-konstruktiv-nutzen\/","title":{"rendered":"Google-Strafzahlung konstruktiv nutzen!"},"content":{"rendered":"<h2 class=\"wp-block-heading\">Google-Strafzahlung konstruktiv nutzen!<\/h2>\n\n\n\n<p>SUMA-EV fordert von der EU-Kommission, die 2,5 Mrd. EUR Strafzahlung von Google f\u00fcr den Aufbau eines eigenen europ\u00e4ischen Webindex zu nutzen.  Als Basis einer europ\u00e4ischen Daten-Infrastruktur. Als Antrieb und Motor einer neuen Startup-Kultur.<\/p>\n\n\n\n<p><strong>Wissenschaftler haben dazu bereits ein erstes Open-Web-Index-Konzept erarbeitet<\/strong><\/p>\n\n\n\n<p>Zur Entscheidung von EU-Wettbewerbskommssarin Margrethe Vestager, die Bevorzugung eigener Ergebnisse durch Google mit einer Strafe von 2,5 Mrd. Euro zu belegen, erkl\u00e4rt der gesch\u00e4ftsf\u00fchrende Vorstand des SUMA-EV, Wolfgang Sander-Beuermann:<\/p>\n\n\n\n<p>1) Die Entscheidung ist eine Z\u00e4sur. Europa zeigt, dass es Monopole auch in Zeiten der Plattform\u00f6konomie zur Einhaltung wettbewerblicher   Spielregeln zwingen kann.<\/p>\n\n\n\n<p>2) Sanktionen sind allerdings nur eine erste Ma\u00dfnahme. Besser als  Monopole in langwierigen Verfahren zu bestrafen, ist es, Vorkehrungen f\u00fcr Wettbewerb im Regime der europ\u00e4ischen Datenschutzgrundverordnung zu organisieren.<\/p>\n\n\n\n<p>3) Notwendig ist ein Neustart mit innovativen Konzepten auf Basis eines datensensiblen offenen Web-Index. <\/p>\n\n\n\n<p>4) Mit dem Konzept des OPEN-WEB-INDEX (<a href=\"http:\/\/openwebindex.eu\/\">http:\/\/openwebindex.eu<\/a>) haben europ\u00e4ische Wissenschaftler und Akteure ein erstes Rahmenkonzept vorgelegt.<\/p>\n\n\n\n<p>5) Ein offener Web-Index nach Ma\u00dfgabe der europ\u00e4ischen Datenschutzgrundverordnung vermeidet den Wettbewerbsnachteil einer &#8222;\u00f6ffentlich organisierten Suchmaschine&#8220;.  Stattdessen schafft er eine Plattform, auf der kreative und datenbewu\u00dfte Startup Enterpreneure und datenschutzsensible Unternehmen aufsetzen und g\u00e4nzlich neue Internet-Services und Gesch\u00e4ftsmodelle entwickeln k\u00f6nnen.  <\/p>\n\n\n\n<p>5) Europa ist stark. Wir wollen den Wettbewerb der Ideen, Konzepte und Gesch\u00e4ftsmodelle zum Nutzen der Verbraucher und der Gemeinschaft.  <\/p>\n\n\n\n<p><strong>Medienkontakt<\/strong>:<\/p>\n\n\n\n<p>SUMA-EV &amp; MetaGer<br>\nR\u00f6selerstr. 3<br>\n30159 Hannover                                        <br>\nTel: 0511 &#8211; 34 00 00 71    <br>\nEMail: office@suma-ev.de<\/p>","protected":false},"excerpt":{"rendered":"<p>Google-Strafzahlung konstruktiv nutzen! SUMA-EV fordert von der EU-Kommission, die 2,5 Mrd. EUR Strafzahlung von Google f\u00fcr den Aufbau eines eigenen europ\u00e4ischen Webindex zu nutzen&#8230;.<\/p>","protected":false},"author":4,"featured_media":0,"parent":265,"menu_order":0,"comment_status":"closed","ping_status":"closed","template":"","meta":{"footnotes":""},"class_list":["post-1382","page","type-page","status-publish","hentry"],"_links":{"self":[{"href":"https:\/\/suma-ev.de\/en\/wp-json\/wp\/v2\/pages\/1382","targetHints":{"allow":["GET"]}}],"collection":[{"href":"https:\/\/suma-ev.de\/en\/wp-json\/wp\/v2\/pages"}],"about":[{"href":"https:\/\/suma-ev.de\/en\/wp-json\/wp\/v2\/types\/page"}],"author":[{"embeddable":true,"href":"https:\/\/suma-ev.de\/en\/wp-json\/wp\/v2\/users\/4"}],"replies":[{"embeddable":true,"href":"https:\/\/suma-ev.de\/en\/wp-json\/wp\/v2\/comments?post=1382"}],"version-history":[{"count":1,"href":"https:\/\/suma-ev.de\/en\/wp-json\/wp\/v2\/pages\/1382\/revisions"}],"predecessor-version":[{"id":1383,"href":"https:\/\/suma-ev.de\/en\/wp-json\/wp\/v2\/pages\/1382\/revisions\/1383"}],"up":[{"embeddable":true,"href":"https:\/\/suma-ev.de\/en\/wp-json\/wp\/v2\/pages\/265"}],"wp:attachment":[{"href":"https:\/\/suma-ev.de\/en\/wp-json\/wp\/v2\/media?parent=1382"}],"curies":[{"name":"wp","href":"https:\/\/api.w.org\/{rel}","templated":true}]}}