{"id":1385,"date":"2019-06-26T10:07:23","date_gmt":"2019-06-26T08:07:23","guid":{"rendered":"https:\/\/beta.suma-ev.de\/?page_id=1385"},"modified":"2022-03-28T12:29:17","modified_gmt":"2022-03-28T12:29:17","slug":"suma-awards-werden-suma-stipendien","status":"publish","type":"page","link":"https:\/\/suma-ev.de\/en\/pressemitteilungen\/suma-awards-werden-suma-stipendien\/","title":{"rendered":"SUMA-Stipendien&#8211;????"},"content":{"rendered":"<h2 class=\"wp-block-heading\">SUMA-Awards werden SUMA-Stipendien<\/h2>\n\n\n\n<p>SUMA-Awards sind Preise des SUMA-EV. Sie sollen f\u00fcr die Entwicklung der Suchmaschinen-Technologie und der Vielfalt in der Informationsgewinnung wesentliche Impulse geben.<\/p>\n\n\n\n<p><strong>Das Wichtigste in K\u00fcrze vorweg<\/strong><\/p>\n\n\n\n<p>Der gemeinn\u00fctzige Verein SUMA-EV, Tr\u00e4gerverein der datengesch\u00fctzten Suchmaschine MetaGer (<a href=\"https:\/\/metager.de\/\">https:\/\/metager.org<\/a>), vergibt seine SUMA-Awards zuk\u00fcnftig auch als Stipendien.  Wenn Sie in Ihrem Studium in Deutschland eine Arbeit zum Thema &#8222;Suchmaschinen&#8220; machen, dann k\u00f6nnen Sie sich f\u00fcr diese Zeit um ein Stipendium bewerben. Das Stipendium kann mit maximal 1000,-EUR pro Monat f\u00fcr einen Zeitraum bis zu maximal einem Semester (6 Monate) bewilligt werden. Um sich f\u00fcr ein solches Stipendium zu bewerben, m\u00fcssen Sie eine Beschreibung Ihrer Arbeit, und einen kurzen Lebenslauf an die Adresse<a href=\"mailto:stipendien@suma-ev.de\"> stipendien@suma-ev.de<\/a>  einsenden.  Eine solche Bewerbung k\u00f6nnen Sie jederzeit einreichen.<\/p>\n\n\n\n<p>Sie sollten darin begr\u00fcnden, warum das Thema Ihrer Arbeit von genereller Bedeutung f\u00fcr die Suchmaschinen-Technologie ist, oder werden kann.  Ihre finanzielle und wirtschaftliche Situation spielt dabei keine Rolle; Sie k\u00f6nnen sich auch bewerben, wenn Sie bereits ein anderes Stipendium erhalten. <\/p>\n\n\n\n<p><strong>Hintergr\u00fcnde<\/strong><\/p>\n\n\n\n<p>Der SUMA-EV wurde 2004 gegr\u00fcndet, als absehbar war, dass die Zahl der Organisationen, die Suchmaschinen betreiben, drastisch geringer wird. Seit dem Jahr 2007 verleiht der SUMA-EV j\u00e4hrlich seine Awards, um durch kleine Finanzspritzen und PR-Arbeit die Suchmaschinen-Technologie zu f\u00f6rdern und die Wege zum Wissen m\u00f6glichst breit und offen zu halten.<\/p>\n\n\n\n<p>Generell hat sich der SUMA-EV zum Ziel gesetzt, dass bei der Informationsgewinnung und damit bei den Suchmaschinen die Vielfalt erhalten bleibt. Denn wenn sich alle Menschen nur noch bei einer einzigen Quelle informieren, dann werden bald alle die Welt nur noch mit dem einen Auge dieser Informationsquelle wahrnehmen.  Bei den Zeitungen w\u00e4re es unvorstellbar, dass es nur noch eine einzige auf der Welt gibt &#8211; bei den Suchmaschinen ist es nahezu Realit\u00e4t geworden.<\/p>\n\n\n\n<p>Darum unterst\u00fctzen wir auf unterschiedliche Arten alles, was daf\u00fcr sorgt, dass es viele Quellen zur Informationsgewinnung gibt und dass NEUE M\u00f6glichkeiten geschaffen werden. Gerade Menschen, die sich neu mit diesem Thema befassen, sehen oft Dinge und Wege, die andere Menschen nicht mehr  sehen. Diesen Blick wollen wir nutzen. Die thematische Ausrichtung Ihrer  wissenschaftlichen Arbeit sollte daher f\u00fcr die Entwicklung der Suchmaschinen-Technologie und der F\u00f6rderung des freien Wissenszugangs von genereller Bedeutung sein, oder sie sollte dieses Potenzial haben.<\/p>\n\n\n\n<p><strong>Vergabeverfahren<\/strong><\/p>\n\n\n\n<p>Sie k\u00f6nnen sich mit einem aussagekr\u00e4ftigen Expos\u00e9 sowie einem kurzen Lebenslauf jederzeit selber bewerben. Wenn der Ihre Arbeit betreuende Professor dazu ein unterst\u00fctzendes Statement schreibt, ist das hilfreich &#8211; aber es ist nicht zwingend erforderlich. Der SUMA-EV entscheidet nach Ma\u00dfgabe der vorhandenen Mittel in einer  intern eingerichteten Kommission \u00fcber die Vergabe der Stipendien. <\/p>\n\n\n\n<p><strong>Contact<\/strong><\/p>\n\n\n\n<p>SUMA-EV &amp; MetaGer-Team<br>\nR\u00f6selerstr. 3<br>\n30159 Hannover<br>\nE-Mail: office@suma-ev.de<\/p>\n\n\n\n<p><strong>Ansprechpartner<\/strong><\/p>\n\n\n\n<p>Manuela Branz<br>\nE-Mail: branz@suma-ev.de<br>\nInternet: suma-ev.de<\/p>\n\n\n\n<p>SUMA-EV Newsletter und Pressemitteilungen k\u00f6nnen Sie abonnieren unter: <a href=\"http:\/\/newsletter.metager3.de\/lists\/?p=subscribe&amp;id=1\">http:\/\/newsletter.metager3.de\/lists\/?p=subscribe&amp;id=1<\/a>; abbestellen k\u00f6nnen Sie unter: <a href=\"http:\/\/newsletter.metager3.de\/lists\/?p=unsubscribe&amp;id=1\">http:\/\/newsletter.metager3.de\/lists\/?p=unsubscribe&amp;id=1<\/a><\/p>\n\n\n\n<p><strong>\u00dcber SUMA-EV<\/strong><\/p>\n\n\n\n<p>Der SUMA-EV engagiert sich als eingetragener und gemeinn\u00fctziger Verein seit 2004 f\u00fcr einen freien Wissenszugang im Internet: unzensiert, ungefiltert und ohne kommerzielle oder staatliche Kontrollinstanzen.  SUMA steht f\u00fcr die Abk\u00fcrzung von Suchmaschine.  SUMA-EV betreibt unter anderem die Meta-Suchmaschine MetaGer.de und f\u00f6rdert Alternativen zu den    marktbeherrschenden Konzernen.  Der seit 2007 j\u00e4hrlich verliehene SUMA-Award pr\u00e4miert Projekte und Arbeiten, die Herausragendes f\u00fcr die Zukunft des digitalen Wissens leisten.<\/p>","protected":false},"excerpt":{"rendered":"<p>SUMA-Awards werden SUMA-Stipendien SUMA-Awards sind Preise des SUMA-EV. Sie sollen f\u00fcr die Entwicklung der Suchmaschinen-Technologie und der Vielfalt in der Informationsgewinnung wesentliche Impulse geben&#8230;.<\/p>","protected":false},"author":4,"featured_media":0,"parent":265,"menu_order":0,"comment_status":"closed","ping_status":"closed","template":"","meta":{"footnotes":""},"class_list":["post-1385","page","type-page","status-publish","hentry"],"_links":{"self":[{"href":"https:\/\/suma-ev.de\/en\/wp-json\/wp\/v2\/pages\/1385","targetHints":{"allow":["GET"]}}],"collection":[{"href":"https:\/\/suma-ev.de\/en\/wp-json\/wp\/v2\/pages"}],"about":[{"href":"https:\/\/suma-ev.de\/en\/wp-json\/wp\/v2\/types\/page"}],"author":[{"embeddable":true,"href":"https:\/\/suma-ev.de\/en\/wp-json\/wp\/v2\/users\/4"}],"replies":[{"embeddable":true,"href":"https:\/\/suma-ev.de\/en\/wp-json\/wp\/v2\/comments?post=1385"}],"version-history":[{"count":5,"href":"https:\/\/suma-ev.de\/en\/wp-json\/wp\/v2\/pages\/1385\/revisions"}],"predecessor-version":[{"id":4078,"href":"https:\/\/suma-ev.de\/en\/wp-json\/wp\/v2\/pages\/1385\/revisions\/4078"}],"up":[{"embeddable":true,"href":"https:\/\/suma-ev.de\/en\/wp-json\/wp\/v2\/pages\/265"}],"wp:attachment":[{"href":"https:\/\/suma-ev.de\/en\/wp-json\/wp\/v2\/media?parent=1385"}],"curies":[{"name":"wp","href":"https:\/\/api.w.org\/{rel}","templated":true}]}}