{"id":1388,"date":"2019-06-26T10:18:32","date_gmt":"2019-06-26T08:18:32","guid":{"rendered":"https:\/\/beta.suma-ev.de\/?page_id=1388"},"modified":"2020-01-07T16:19:25","modified_gmt":"2020-01-07T15:19:25","slug":"staatstrojaner-2018-reloaded-kommt-der-glaeserne-buerger-nun-auch-nach-niedersachsen","status":"publish","type":"page","link":"https:\/\/suma-ev.de\/en\/pressemitteilungen\/staatstrojaner-2018-reloaded-kommt-der-glaeserne-buerger-nun-auch-nach-niedersachsen\/","title":{"rendered":"Staatstrojaner 2018 reloaded &#8211; kommt der gl\u00e4serne B\u00fcrger nun auch  nach Niedersachsen?"},"content":{"rendered":"\n<h2 class=\"wp-block-heading\">Staatstrojaner 2018 reloaded &#8211; kommt der gl\u00e4serne B\u00fcrger nun auch  nach Niedersachsen?<\/h2>\n\n\n\n<p><strong>Stellungnahme des SUMA-EV<\/strong><\/p>\n\n\n\n<p>\u2026 zum &#8222;<a href=\"http:\/\/www.niedersachsen.de\/download\/109385\/Gesetzentwurf_zur_Aenderung_des_Niedersaechsischen_Gesetzes_ueber_die_oeffentliche_Sicherheit_und_Ordnung_und_anderer_Gesetze.pdf\">Reformgesetz zur \u00c4nderung des Nieders\u00e4chsischen Gesetzes \u00fcber die \u00f6ffentliche Sicherheit und Ordnung (NPOG) und anderer Gesetze<\/a>&#8222;, Entwurf vom 08.05.18, Drucksache 18\/850<\/p>\n\n\n\n<p>Der SUMA-EV sieht im Entwurf der Gesetzesnovelle des NPOG unverh\u00e4ltnism\u00e4\u00dfig hohe, massive Einschr\u00e4nkungen der Grundrechte. Insbesondere erschreckend halten wir aus Sicht unserer IT-Expertise den geplanten Einsatz von <a href=\"https:\/\/de.wikipedia.org\/wiki\/Online-Durchsuchung\">Staatstrojanern<\/a>; im aktuellen Gesetzentwurf hei\u00dft es dazu in $33 d unter der \u00dcberschrift &#8222;Verdeckter Eingriff in informationstechnische Systeme&#8220;: &#8222;Die Polizei kann mit technischen Mitteln in von der betroffenen Person genutzte informationstechnische Systeme eingreifen und aus ihnen Daten erheben&#8220;.<\/p>\n\n\n\n<p>Diesen Einsatz von &#8222;Staatstrojanern&#8220; lehnt der SUMA-EV entschieden ab. Denn diese Form von Software ist gleichzusetzen mit konventioneller, b\u00f6sartiger und krimineller Malware\/Schadsoftware und hebelt den Schutz von IT-Systemen aus. Sie stellt einen fundamentalen Eingriff in die digitale nationale Sicherheitsstruktur dar und kann bei nie auszuschlie\u00dfenden Programmierfehlern auch Nicht Ziel-Objekte in Mitleidenschaft ziehen. Zum Einsatz dieser Software werden zudem Sicherheitsl\u00fccken ausgenutzt, die vielmehr den jeweiligen Herstellern gemeldet und daraufhin geschlossen werden m\u00fcssen. Es besteht ansonsten das Risiko, dass zuk\u00fcnftig vermehrt Sicherheitsl\u00fccken &#8222;vorgehalten&#8220; und sogar &#8222;gehandelt&#8220; werden, welche die nationale IT-Infrastruktur dadurch effektiv verletzbarer machen. Insbesondere die M\u00f6glichkeit privater B\u00fcrgerinnen und B\u00fcrger zum effektiven Schutz ihrer eigenen Privatsph\u00e4re und ihrer digitalen Unversehrtheit durch Firewalls, regelm\u00e4\u00dfige  Systemaktualisierungen,Verschl\u00fcsselungssoftware usw. w\u00fcrde durch  den Staat selber untergraben. Allein die Existenz von Staatstrojanern wird dazu f\u00fchren, dass diese eingesetzt werden &#8211; vor allem aber von Kriminellen. Diese staatliche &#8222;Hilfestellung&#8220; durch Verbreitung von Sicherheitsl\u00fccken und dazu passende Software darf keinesfalls umgesetzt werden!<\/p>\n\n\n\n<p>Der SUMA-EV begr\u00fc\u00dft den effektiven Schutz der B\u00fcrgerinnen und B\u00fcrger sowie staatlicher und anderer Einrichtungen ausdr\u00fccklich. Er h\u00e4lt den aktuellen Entwurf des NPOG jedoch aufgrund der oben erhobenen Kritik f\u00fcr dringend \u00fcberarbeitungsw\u00fcrdig.<\/p>\n\n\n\n<p>Unsere Kollegen von [www.digitalcourage.de|Digitalcourage] rufen mit einem \u00f6ffentlichen Appell gegen den Staatstrojaner auf; wir unterst\u00fctzen das. Bitte unterschreiben Sie: <a href=\"https:\/\/digitalcourage.de\/staatstrojaner-stoppen\">Ihre Unterschrift zur Verfassungsklage gegen Staatstrojaner<\/a>.<\/p>\n\n\n\n<p>Der Vorstand im SUMA-EV:<br> Prof.Dr. Nils Jensen, Dominik Hebeler, Dr. Wolfgang Sander-Beuermann,<br> SUMA-EV R\u00f6selerstr. 3, D-30159 Hannover<br> <\/p>\n\n\n\n<p> <a href=\"http:\/\/suma-ev.de\">http:\/\/suma-ev.de<\/a> &#8211; vorstand@suma-ev.de<\/p>\n","protected":false},"excerpt":{"rendered":"<p>Staatstrojaner 2018 reloaded &#8211; kommt der gl\u00e4serne B\u00fcrger nun auch nach Niedersachsen? Stellungnahme des SUMA-EV \u2026 zum &#8222;Reformgesetz zur \u00c4nderung des Nieders\u00e4chsischen Gesetzes \u00fcber&#8230;<\/p>","protected":false},"author":4,"featured_media":0,"parent":265,"menu_order":0,"comment_status":"closed","ping_status":"closed","template":"","meta":{"footnotes":""},"class_list":["post-1388","page","type-page","status-publish","hentry"],"_links":{"self":[{"href":"https:\/\/suma-ev.de\/en\/wp-json\/wp\/v2\/pages\/1388","targetHints":{"allow":["GET"]}}],"collection":[{"href":"https:\/\/suma-ev.de\/en\/wp-json\/wp\/v2\/pages"}],"about":[{"href":"https:\/\/suma-ev.de\/en\/wp-json\/wp\/v2\/types\/page"}],"author":[{"embeddable":true,"href":"https:\/\/suma-ev.de\/en\/wp-json\/wp\/v2\/users\/4"}],"replies":[{"embeddable":true,"href":"https:\/\/suma-ev.de\/en\/wp-json\/wp\/v2\/comments?post=1388"}],"version-history":[{"count":2,"href":"https:\/\/suma-ev.de\/en\/wp-json\/wp\/v2\/pages\/1388\/revisions"}],"predecessor-version":[{"id":3040,"href":"https:\/\/suma-ev.de\/en\/wp-json\/wp\/v2\/pages\/1388\/revisions\/3040"}],"up":[{"embeddable":true,"href":"https:\/\/suma-ev.de\/en\/wp-json\/wp\/v2\/pages\/265"}],"wp:attachment":[{"href":"https:\/\/suma-ev.de\/en\/wp-json\/wp\/v2\/media?parent=1388"}],"curies":[{"name":"wp","href":"https:\/\/api.w.org\/{rel}","templated":true}]}}