{"id":1895,"date":"2019-07-30T10:52:13","date_gmt":"2019-07-30T08:52:13","guid":{"rendered":"https:\/\/beta.suma-ev.de\/?page_id=1895"},"modified":"2025-02-13T11:59:27","modified_gmt":"2025-02-13T10:59:27","slug":"satzung","status":"publish","type":"page","link":"https:\/\/suma-ev.de\/en\/satzung\/","title":{"rendered":"Statutes"},"content":{"rendered":"<figure class=\"wp-block-image size-large\"><a href=\"https:\/\/suma-ev.de\/wp-content\/uploads\/2019\/07\/paragraph.png\"><img decoding=\"async\" src=\"https:\/\/suma-ev.de\/wp-content\/uploads\/2025\/02\/AlterAktenordner-800-290.png\" alt=\"\"\/><\/a><\/figure>\n\n\n\n<h2 class=\"wp-block-heading\"><strong>Satzung des SUMA-EV vom 08.11.2024<\/strong><\/h2>\n\n\n\n<p><\/p>\n\n\n\n<p><strong>Pr\u00e4ambel<br><\/strong><\/p>\n\n\n\n<p>Das \u201eWissen der Welt\u201c, dessen gedruckte Repr\u00e4sentationen in den vergangenen Jahrhunderten in Bibliotheken mit staatlich garantierter Zugangsfreiheit f\u00fcr jeden erreichbar waren, wandert im digitalen Zeitalter mehr und mehr \u00fcber digitale Medien in Datennetze, vor allem in das Internet und dann von dort zu den Wissen-suchenden Menschen. Es ist abzusehen, dass das im Internet vorhandene Wissen bald gr\u00f6\u00dfer sein wird als das gedruckte; aktueller ist es in vielen Bereichen bereits jetzt schon.<br><\/p>\n\n\n\n<p>Der Zugang zu dem im Internet gespeicherten Wissen erfolgt vorwiegend \u00fcber die so genannten Suchmaschinen. Um den freien Zugang zu diesem Wissen f\u00fcr m\u00f6glichst viele Menschen zu erm\u00f6glichen, ist es daher von entscheidender Bedeutung, die dahinterstehende Technologie, die Suchmaschinentechnologie, zu entwickeln und zu f\u00f6rdern \u2013 auch und gerade in Deutschland.<br><br>Die weitergehende Motivation zu dieser Vereinsgr\u00fcndung ist in einem Anhang detaillierter beschrieben.<br><br><\/p>\n\n\n\n<p><strong>A. Name, Sitz, Gesch\u00e4ftsjahr<\/strong><\/p>\n\n\n\n<ol class=\"wp-block-list\">\n<li>Der Verein f\u00fchrt den Namen: SUMA-EV \u2013 Verein f\u00fcr freien Wissenszugang. Der Verein ist eingetragen in das Vereinsregister beim Amtsgericht Hannover unter VR200033.<\/li>\n\n\n\n<li>Der Verein hat seinen Sitz in Hannover.<\/li>\n\n\n\n<li>Das Gesch\u00e4ftsjahr ist das Kalenderjahr.<\/li>\n<\/ol>\n\n\n\n<p><strong>B. Aufgaben und Arbeitsweise<br><\/strong><\/p>\n\n\n\n<p><strong>Zweck des Vereins ist die F\u00f6rderung von Wissenschaft und Forschung sowie der Bildung<\/strong><\/p>\n\n\n\n<p>Die Aufgaben des Vereins sind folgende:<br><\/p>\n\n\n\n<ol class=\"wp-block-list\">\n<li>Veranstaltung von Workshops und Tagungen zur Suchmaschinentechnologie.<\/li>\n\n\n\n<li>Ma\u00dfnahmen zur Aus- und Fortbildung in der Benutzung von Suchmaschinentechnologie<\/li>\n\n\n\n<li>Begegnungen und Informationsgespr\u00e4che auf regionaler, nationaler und internationaler Ebene.<\/li>\n\n\n\n<li>F\u00f6rderung sowie Durchf\u00fchrung von ausgew\u00e4hlten Projekten zur Entwicklung der Suchmaschinentechnologie oder des freien Wissenszugangs.<\/li>\n\n\n\n<li>Zusammenarbeit mit Vereinigungen, die \u00e4hnliche Ziele verfolgen.<\/li>\n\n\n\n<li>Der Verein arbeitet \u00fcberparteilich und \u00fcberkonfessionell.<\/li>\n\n\n\n<li>Vergabe von Stipendien<\/li>\n\n\n\n<li>\u00d6ffentlichkeitsarbeit<\/li>\n<\/ol>\n\n\n\n<p><strong><strong>C. Gemeinn\u00fctzigkeit<\/strong><\/strong><\/p>\n\n\n\n<ol class=\"wp-block-list\">\n<li>Der Verein verfolgt ausschlie\u00dflich und unmittelbar gemeinn\u00fctzige Zwecke im Sinne des Abschnitts \u201eSteuerbeg\u00fcnstigte Zwecke\u201c der Abgabenordnung. Zweck des Vereins ist die F\u00f6rderung von wissenschaftlichen Fortschritten im Bereich der Suchmaschinentechnologie und des freien Wissenszugangs.<\/li>\n\n\n\n<li>Der Verein ist selbstlos t\u00e4tig; er verfolgt nicht in erster Linie eigenwirtschaftliche Zwecke.<\/li>\n\n\n\n<li>Mittel des Vereins d\u00fcrfen nur f\u00fcr satzungsm\u00e4\u00dfige Zwecke verwendet werden. Die Mitglieder erhalten keine Zuwendungen aus Mitteln des Vereins.<\/li>\n\n\n\n<li>Es darf keine Person durch Ausgaben, die dem Zweck des Vereins fremd sind, oder durch unverh\u00e4ltnism\u00e4\u00dfig hohe Verg\u00fctungen beg\u00fcnstigt werden.<\/li>\n<\/ol>\n\n\n\n<p><strong>D. Mitglieder<\/strong><\/p>\n\n\n\n<p>Mitglieder k\u00f6nnen sein:<br><\/p>\n\n\n\n<p>\u2013 Einzelmitglieder, Privatpersonen,<br>\u2013 Firmen, Institutionen, Einrichtungen.<\/p>\n\n\n\n<ol class=\"wp-block-list\">\n<li>\u00dcber Aufnahmeantr\u00e4ge, Ausschl\u00fcsse und F\u00f6rderungen entscheidet der Vorstand. Der Vorstand kann die Entscheidung der Mitgliederversammlung \u00fcbertragen.<\/li>\n\n\n\n<li>Die Mitglieder sind zur Zahlung der Mitgliederbeitr\u00e4ge im Voraus verpflichtet. Der Vorstand beschlie\u00dft eine Beitragsordnung. Diese wird auf der Vereinswebseite ver\u00f6ffentlicht. Die H\u00f6he des Beitrages legt jedes Mitglied selbst fest, dabei darf jedoch ein Mindestbeitrag nicht unterschritten werden.<\/li>\n\n\n\n<li>Die Mitgliedschaft erlischt durch Austrittserkl\u00e4rung in Textform mit vier Wochen Frist zum Ende des jeweiligen Beitragsintervalls oder durch Tod. Ein Ausschluss erfolgt nur bei vereinssch\u00e4digendem Verhalten.<\/li>\n<\/ol>\n\n\n\n<p><strong>E. Organe<\/strong><\/p>\n\n\n\n<p>Die Organe des Vereins sind:<br><br>\u2013 Die Mitgliederversammlung,<br>\u2013 Der Vorstand.<\/p>\n\n\n\n<p>1. Die Mitgliederversammlung wird durch den Vorstand j\u00e4hrlich mindestens einmal einberufen. Die Einladung erfolgt schriftlich oder per E-Mail mindestens zwei Wochen vorher zusammen mit der Bekanntgabe der Tagesordnung. Jede Mitgliederversammlung ist unabh\u00e4ngig von der Zahl der erschienenen Mitglieder beschlussf\u00e4hig. Einfache Stimmenmehrheit entscheidet mit Ausnahme der gesondert festgelegten F\u00e4lle.<\/p>\n\n\n\n<p>Der Vorstand kann Beschl\u00fcsse per E-Mail herbeif\u00fchren, sofern nicht mindestens 3 Mitglieder binnen einer Woche nach Einleitung des Verfahrens widersprechen.<br><br><\/p>\n\n\n\n<p>2. Der Vorstand f\u00fchrt die laufenden Gesch\u00e4fte des Vereins. Er besteht aus mindestens 3 Personen. Ein Vorstandsmitglied wird vom Vorstand zum Gesch\u00e4ftsf\u00fchrer bestimmt. F\u00fcr Vorstandsbeschl\u00fcsse ist stets die einfache Mehrheit erforderlich. Bei Stimmengleichheit entscheidet die Stimme des Gesch\u00e4ftsf\u00fchrers. Vorstandsbeschl\u00fcsse k\u00f6nnen auch per E-Mail herbeigef\u00fchrt werden. Der Vorstand kann Vorstandsmitglieder im Rahmen eines Gesch\u00e4ftsverteilungsplans erm\u00e4chtigen, bestimmte Rechtsgesch\u00e4fte selbst\u00e4ndig vorzunehmen. Der Vorstand kann einen Beirat berufen.<\/p>\n\n\n\n<p>3. Die Vorstands- und Beiratsmitglieder f\u00fchren ihr Amt ehrenamtlich, doch k\u00f6nnen Aufwandsentsch\u00e4digungen f\u00fcr Auslagen auch pauschal bewilligt werden. Die Wahl der Vorstandsmitglieder erfolgt in der Mitgliederversammlung. Der Vorstand wird f\u00fcr drei Jahre gew\u00e4hlt. Blockwahl ist zul\u00e4ssig.<\/p>\n\n\n\n<p>Bei vorzeitigem Ausscheiden von Vorstandsmitgliedern haben die noch verbleibenden Vorstandsmitglieder das Recht, f\u00fcr die Ausgeschiedenen Nachfolger zu w\u00e4hlen. Eine Amtsperiode verl\u00e4ngert sich bei Zustimmung der gew\u00e4hlten Person einmalig automatisch um zwei Jahre.<br><br><strong>F. Aufl\u00f6sung des Vereins<\/strong><\/p>\n\n\n\n<p>Die Aufl\u00f6sung des Vereins kann durch eine 4\/5 Mehrheit einer au\u00dferordentlichen Mitgliederversammlung beschlossen werden, bei der mindestens 4\/5 aller Mitglieder anwesend sind. Bei Aufl\u00f6sung des Vereins oder bei Wegfall steuerbeg\u00fcnstigter Zwecke f\u00e4llt das Verm\u00f6gen des Vereins an eine juristische Person des \u00f6ffentlichen Rechts oder eine andere steuerbeg\u00fcnstigte K\u00f6rperschaft zwecks Verwendung zur F\u00f6rderung von wissenschaftlichen Zwecken im Bereich der Suchmaschinen-Technologie oder des freien Wissenszugangs. Beschl\u00fcsse \u00fcber die k\u00fcnftige Verwendung des Verm\u00f6gens d\u00fcrfen erst nach Einwilligung des Finanzamtes ausgef\u00fchrt werden.<br><br><\/p>\n\n\n\n<p><strong>Hannover, den 08.11.2024<\/strong><br>&nbsp;<br>&nbsp;<\/p>\n\n\n\n<h2 class=\"wp-block-heading\"><a href=\"https:\/\/suma-ev.de\/wp-content\/uploads\/2025\/02\/2025-02-06-Beitragsordnung.pdf\">Beitragsordnung (PDF)<\/a><\/h2>\n\n\n\n<p><\/p>\n\n\n\n<p><\/p>\n\n\n\n<p><\/p>\n\n\n\n<p><\/p>","protected":false},"excerpt":{"rendered":"<p>Satzung des SUMA-EV vom 08.11.2024 Pr\u00e4ambel Das \u201eWissen der Welt\u201c, dessen gedruckte Repr\u00e4sentationen in den vergangenen Jahrhunderten in Bibliotheken mit staatlich garantierter Zugangsfreiheit f\u00fcr&#8230;<\/p>","protected":false},"author":3,"featured_media":0,"parent":0,"menu_order":0,"comment_status":"closed","ping_status":"closed","template":"","meta":{"footnotes":""},"class_list":["post-1895","page","type-page","status-publish","hentry"],"_links":{"self":[{"href":"https:\/\/suma-ev.de\/en\/wp-json\/wp\/v2\/pages\/1895","targetHints":{"allow":["GET"]}}],"collection":[{"href":"https:\/\/suma-ev.de\/en\/wp-json\/wp\/v2\/pages"}],"about":[{"href":"https:\/\/suma-ev.de\/en\/wp-json\/wp\/v2\/types\/page"}],"author":[{"embeddable":true,"href":"https:\/\/suma-ev.de\/en\/wp-json\/wp\/v2\/users\/3"}],"replies":[{"embeddable":true,"href":"https:\/\/suma-ev.de\/en\/wp-json\/wp\/v2\/comments?post=1895"}],"version-history":[{"count":18,"href":"https:\/\/suma-ev.de\/en\/wp-json\/wp\/v2\/pages\/1895\/revisions"}],"predecessor-version":[{"id":4667,"href":"https:\/\/suma-ev.de\/en\/wp-json\/wp\/v2\/pages\/1895\/revisions\/4667"}],"wp:attachment":[{"href":"https:\/\/suma-ev.de\/en\/wp-json\/wp\/v2\/media?parent=1895"}],"curies":[{"name":"wp","href":"https:\/\/api.w.org\/{rel}","templated":true}]}}